{"id":2049,"date":"2021-04-17T20:41:28","date_gmt":"2021-04-17T18:41:28","guid":{"rendered":"https:\/\/agora.xtec.cat\/iescarrascobarcelona\/?page_id=2049"},"modified":"2026-04-23T07:29:36","modified_gmt":"2026-04-23T05:29:36","slug":"treball-globalitzat-2n-deso","status":"publish","type":"page","link":"https:\/\/agora.xtec.cat\/iescarrascobarcelona\/treball-globalitzat-2n-deso\/","title":{"rendered":"Erasmus+"},"content":{"rendered":"<p><span style=\"font-weight: 400;\">L&#8217;Erasmus+ \u00e9s un programa subvencionat per la Uni\u00f3 Europea que promou l&#8217;intercanvi i la mobilitat educativa per enriquir l&#8217;aprenentatge dels estudiants i professors. En el marc del projecte KA122, els instituts poden realitzar mobilitats de curta durada a l&#8217;estranger per fomentar la formaci\u00f3, les compet\u00e8ncies ling\u00fc\u00edstiques i el creixement personal dels participants. A m\u00e9s, contribueix a la internacionalitzaci\u00f3 i innovaci\u00f3 de l&#8217;institut en l&#8217;\u00e0mbit educatiu.<\/span><\/p>\n<table>\n<tbody>\n<tr>\n<td colspan=\"2\"><span style=\"font-weight: 400;\">Membres de la Comissi\u00f3<\/span><\/td>\n<\/tr>\n<tr>\n<td><span style=\"font-weight: 400;\">Tess Hill<\/span><span style=\"font-weight: 400;\">Coordinadora Erasmus+<\/span><\/td>\n<td><a href=\"mailto:thill@inscarrasco.cat\"><span style=\"font-weight: 400;\">thill@inscarrasco.cat<\/span><\/a><\/td>\n<\/tr>\n<tr>\n<td><span style=\"font-weight: 400;\">Arturo Mu\u00f1oz<\/span><span style=\"font-weight: 400;\">Responsable Mobilitat Fran\u00e7a 3r d\u2019ESO<\/span><\/p>\n<p><i><span style=\"font-weight: 400;\">Objectiu: compet\u00e8ncia ling\u00fc\u00edstica<\/span><\/i><\/td>\n<td><a href=\"mailto:amunoz99@inscarrasco.cat\"><span style=\"font-weight: 400;\">amunoz99@inscarrasco.cat<\/span><\/a><\/td>\n<\/tr>\n<tr>\n<td><span style=\"font-weight: 400;\">Anna Marcer<\/span><span style=\"font-weight: 400;\">Responsable Mobilitat Frankfurt 2n d\u2019ESO<\/span><\/p>\n<p><i><span style=\"font-weight: 400;\">Objectiu: Igualtat de g\u00e8nere<\/span><\/i><\/td>\n<td><a href=\"mailto:amarcer@inscarrasco.cat\"><span style=\"font-weight: 400;\">amarcer@inscarrasco.cat<\/span><\/a><\/td>\n<\/tr>\n<tr>\n<td><span style=\"font-weight: 400;\">Yolanda Torres<\/span><span style=\"font-weight: 400;\">Responsable Mobilitat Brussel\u00b7les<\/span><\/p>\n<p><i><span style=\"font-weight: 400;\">Objectiu: Participaci\u00f3 democr\u00e0tica<\/span><\/i><\/td>\n<td><a href=\"mailto:ytorres@inscarrasco.cat\"><span style=\"font-weight: 400;\">ytorres@inscarrasco.cat<\/span><\/a><\/td>\n<\/tr>\n<tr>\n<td><span style=\"font-weight: 400;\">Carme Clar\u00f3s<\/span><\/p>\n<p>Responsable Intercanvi Alguer<\/p>\n<p><i><span style=\"font-weight: 400;\">Objectiu: compet\u00e8ncia ling\u00fc\u00edstica<\/span><\/i><\/td>\n<td><a href=\"cclaros@inscarrasco.cat\"><span style=\"font-weight: 400;\">cclaros@inscarrasco.cat<\/span><\/a><\/td>\n<\/tr>\n<\/tbody>\n<\/table>\n<table style=\"width: 100%; height: 383px;\">\n<tbody>\n<tr style=\"height: 23px;\">\n<td style=\"height: 23px;\" colspan=\"2\"><span style=\"font-weight: 400;\">Viatges i Mobilitats 2025-2026:<\/span><\/td>\n<\/tr>\n<tr style=\"height: 24px;\">\n<td style=\"height: 34px;\" rowspan=\"2\"><b>1r d&#8217;ESO<\/b><\/p>\n<p><span style=\"font-family: inherit; font-size: inherit; font-weight: inherit; background-color: rgba(0, 0, 0, 0);\">Intercanvi a l&#8217;Alguer<\/span><\/td>\n<td style=\"height: 24px;\"><span style=\"font-weight: 400;\">Rebuda: del <i>23 al 25 d&#8217;abril<\/i><\/span><\/td>\n<\/tr>\n<tr style=\"height: 10px;\">\n<td style=\"height: 10px;\"><span style=\"font-weight: 400;\">Visita: del 19 al 21 de maig<\/span><\/td>\n<\/tr>\n<tr style=\"height: 48px;\">\n<td style=\"height: 96px;\" rowspan=\"2\"><b>2n d\u2019ESO<\/b><span style=\"font-weight: 400;\">Intercanvi a Frankfurt<\/span><\/td>\n<td style=\"height: 48px;\"><span style=\"font-weight: 400;\">Rebuda: <\/span><i><span style=\"font-weight: 400;\">del 18 al 24 de mar\u00e7<\/span><\/i><\/td>\n<\/tr>\n<tr style=\"height: 48px;\">\n<td style=\"height: 48px;\"><span style=\"font-weight: 400;\">Visita: <\/span><i><span style=\"font-weight: 400;\">del 23 al 29 d&#8217;abril<\/span><\/i><\/td>\n<\/tr>\n<tr style=\"height: 84px;\">\n<td style=\"height: 128px;\" rowspan=\"2\"><b>3r d\u2019ESO<\/b><span style=\"font-weight: 400;\">Intercanvi a Castelnau de M\u00e9doc<\/span><\/td>\n<td style=\"height: 84px;\"><span style=\"font-weight: 400;\">Rebuda: 17 al 22 de Novembre 2025<\/span><\/td>\n<\/tr>\n<tr style=\"height: 44px;\">\n<td style=\"height: 44px;\"><span style=\"font-weight: 400;\">Visita: 20 de Mar\u00e7 al 5 d\u2019Abril<\/span><\/td>\n<\/tr>\n<tr>\n<td rowspan=\"2\"><b>1r de Batxillerat<\/b><\/p>\n<p><b>Intercanvi a Paderborn<\/b><\/td>\n<td><span style=\"font-weight: 400;\">Rebuda: del 24 al 29 de setembre de 2025<\/span><\/td>\n<\/tr>\n<tr>\n<td><span style=\"font-weight: 400;\">Visita: del 15 al 20 de juny<\/span><\/td>\n<\/tr>\n<tr style=\"height: 102px;\">\n<td style=\"height: 102px;\"><b>Delegats per la democr\u00e0cia<\/b><span style=\"font-weight: 400;\">Viatge a Brussel\u00b7les<\/span><\/td>\n<td style=\"height: 102px;\"><span style=\"font-weight: 400;\">del 18 al 21 de Maig\u00a0<\/span><\/td>\n<\/tr>\n<\/tbody>\n<\/table>\n","protected":false},"excerpt":{"rendered":"<p>L&#8217;Erasmus+ \u00e9s un programa subvencionat per la Uni\u00f3 Europea que promou l&#8217;intercanvi i la mobilitat educativa per enriquir l&#8217;aprenentatge dels estudiants i professors. En el marc del projecte KA122, els instituts poden realitzar mobilitats de curta durada a l&#8217;estranger per fomentar la formaci\u00f3, les compet\u00e8ncies ling\u00fc\u00edstiques i el creixement personal dels participants. A m\u00e9s, contribueix [&hellip;]<\/p>\n","protected":false},"author":1,"featured_media":0,"parent":0,"menu_order":0,"comment_status":"closed","ping_status":"closed","template":"","meta":{"_bbp_topic_count":0,"_bbp_reply_count":0,"_bbp_total_topic_count":0,"_bbp_total_reply_count":0,"_bbp_voice_count":0,"_bbp_anonymous_reply_count":0,"_bbp_topic_count_hidden":0,"_bbp_reply_count_hidden":0,"_bbp_forum_subforum_count":0,"site-sidebar-layout":"default","site-content-layout":"","ast-site-content-layout":"default","site-content-style":"default","site-sidebar-style":"default","ast-global-header-display":"","ast-banner-title-visibility":"","ast-main-header-display":"","ast-hfb-above-header-display":"","ast-hfb-below-header-display":"","ast-hfb-mobile-header-display":"","site-post-title":"","ast-breadcrumbs-content":"","ast-featured-img":"","footer-sml-layout":"","theme-transparent-header-meta":"","adv-header-id-meta":"","stick-header-meta":"","header-above-stick-meta":"","header-main-stick-meta":"","header-below-stick-meta":"","astra-migrate-meta-layouts":"set","ast-page-background-enabled":"default","ast-page-background-meta":{"desktop":{"background-color":"var(--ast-global-color-4)","background-image":"","background-repeat":"repeat","background-position":"center center","background-size":"auto","background-attachment":"scroll","background-type":"","background-media":"","overlay-type":"","overlay-color":"","overlay-opacity":"","overlay-gradient":""},"tablet":{"background-color":"","background-image":"","background-repeat":"repeat","background-position":"center center","background-size":"auto","background-attachment":"scroll","background-type":"","background-media":"","overlay-type":"","overlay-color":"","overlay-opacity":"","overlay-gradient":""},"mobile":{"background-color":"","background-image":"","background-repeat":"repeat","background-position":"center center","background-size":"auto","background-attachment":"scroll","background-type":"","background-media":"","overlay-type":"","overlay-color":"","overlay-opacity":"","overlay-gradient":""}},"ast-content-background-meta":{"desktop":{"background-color":"var(--ast-global-color-5)","background-image":"","background-repeat":"repeat","background-position":"center center","background-size":"auto","background-attachment":"scroll","background-type":"","background-media":"","overlay-type":"","overlay-color":"","overlay-opacity":"","overlay-gradient":""},"tablet":{"background-color":"var(--ast-global-color-5)","background-image":"","background-repeat":"repeat","background-position":"center center","background-size":"auto","background-attachment":"scroll","background-type":"","background-media":"","overlay-type":"","overlay-color":"","overlay-opacity":"","overlay-gradient":""},"mobile":{"background-color":"var(--ast-global-color-5)","background-image":"","background-repeat":"repeat","background-position":"center center","background-size":"auto","background-attachment":"scroll","background-type":"","background-media":"","overlay-type":"","overlay-color":"","overlay-opacity":"","overlay-gradient":""}},"footnotes":""},"class_list":["post-2049","page","type-page","status-publish","hentry"],"post_mailing_queue_ids":[],"_links":{"self":[{"href":"https:\/\/agora.xtec.cat\/iescarrascobarcelona\/wp-json\/wp\/v2\/pages\/2049","targetHints":{"allow":["GET"]}}],"collection":[{"href":"https:\/\/agora.xtec.cat\/iescarrascobarcelona\/wp-json\/wp\/v2\/pages"}],"about":[{"href":"https:\/\/agora.xtec.cat\/iescarrascobarcelona\/wp-json\/wp\/v2\/types\/page"}],"author":[{"embeddable":true,"href":"https:\/\/agora.xtec.cat\/iescarrascobarcelona\/wp-json\/wp\/v2\/users\/1"}],"replies":[{"embeddable":true,"href":"https:\/\/agora.xtec.cat\/iescarrascobarcelona\/wp-json\/wp\/v2\/comments?post=2049"}],"version-history":[{"count":5,"href":"https:\/\/agora.xtec.cat\/iescarrascobarcelona\/wp-json\/wp\/v2\/pages\/2049\/revisions"}],"predecessor-version":[{"id":3471,"href":"https:\/\/agora.xtec.cat\/iescarrascobarcelona\/wp-json\/wp\/v2\/pages\/2049\/revisions\/3471"}],"wp:attachment":[{"href":"https:\/\/agora.xtec.cat\/iescarrascobarcelona\/wp-json\/wp\/v2\/media?parent=2049"}],"curies":[{"name":"wp","href":"https:\/\/api.w.org\/{rel}","templated":true}]}}