{"id":1780,"date":"2015-01-23T15:20:22","date_gmt":"2015-01-23T14:20:22","guid":{"rendered":"http:\/\/blocs.xtec.cat\/insmanuelcarrasco\/?page_id=481"},"modified":"2025-01-31T11:09:17","modified_gmt":"2025-01-31T10:09:17","slug":"portes-obertes-2015-2","status":"publish","type":"page","link":"https:\/\/agora.xtec.cat\/iescarrascobarcelona\/secretaria\/portes-obertes-2015-2\/","title":{"rendered":"Portes obertes 2025"},"content":{"rendered":"<p>Us convidem a la celebraci\u00f3 de la <strong>Jornada de Portes Obertes ESO<\/strong>\u00a0del nostre centre, que tindr\u00e0 lloc el proper<br \/>\n<strong>dissabte 8 de mar\u00e7, de 10:00h a 13:00h.<\/strong><br \/>\nUs presentarem el nostre Projecte educatiu, podrem resoldre els vostres dubtes i podreu con\u00e8ixer les nostres<br \/>\ninstal\u00b7lacions i propostes educatives.<br \/>\n<strong>Important<\/strong>: \u00e9s necess\u00e0ria la inscripci\u00f3 a la Jornada de Portes Obertes per assistir-hi.<br \/>\nPodeu fer la inscripci\u00f3 mitjan\u00e7ant l\u2019enlla\u00e7 al <a href=\"https:\/\/forms.gle\/M31QoxYS1D2CZDgy9\">formulari<\/a><br \/>\nUs hi esperem!<\/p>\n<p><a href=\"https:\/\/agora.xtec.cat\/iescarrascobarcelona\/wp-content\/uploads\/usu2495\/2025\/01\/Jornada-de-portes-obertes.jpg\"><img loading=\"lazy\" decoding=\"async\" class=\"wp-image-3131 aligncenter\" src=\"https:\/\/agora.xtec.cat\/iescarrascobarcelona\/wp-content\/uploads\/usu2495\/2025\/01\/Jornada-de-portes-obertes-724x1024.jpg\" alt=\"\" width=\"358\" height=\"507\" srcset=\"https:\/\/agora.xtec.cat\/iescarrascobarcelona\/wp-content\/uploads\/usu2495\/2025\/01\/Jornada-de-portes-obertes-724x1024.jpg 724w, https:\/\/agora.xtec.cat\/iescarrascobarcelona\/wp-content\/uploads\/usu2495\/2025\/01\/Jornada-de-portes-obertes-212x300.jpg 212w, https:\/\/agora.xtec.cat\/iescarrascobarcelona\/wp-content\/uploads\/usu2495\/2025\/01\/Jornada-de-portes-obertes-768x1086.jpg 768w, https:\/\/agora.xtec.cat\/iescarrascobarcelona\/wp-content\/uploads\/usu2495\/2025\/01\/Jornada-de-portes-obertes-1086x1536.jpg 1086w, https:\/\/agora.xtec.cat\/iescarrascobarcelona\/wp-content\/uploads\/usu2495\/2025\/01\/Jornada-de-portes-obertes-1448x2048.jpg 1448w, https:\/\/agora.xtec.cat\/iescarrascobarcelona\/wp-content\/uploads\/usu2495\/2025\/01\/Jornada-de-portes-obertes.jpg 1587w\" sizes=\"auto, (max-width: 358px) 100vw, 358px\" \/><\/a><\/p>\n<p>Us animem a visitar el nostre PADLET d&#8217;ESO per con\u00e8ixer el nostre projecte educatiu:<\/p>\n<p><a href=\"https:\/\/es.padlet.com\/insmanuelcarrasco\/uaea2kmn0iyxhesx\"><img loading=\"lazy\" decoding=\"async\" class=\"alignnone wp-image-1752 size-full\" src=\"https:\/\/agora.xtec.cat\/iescarrascobarcelona\/wp-content\/uploads\/usu2495\/2015\/01\/padlet_p.jpg\" alt=\"\" width=\"916\" height=\"483\" srcset=\"https:\/\/agora.xtec.cat\/iescarrascobarcelona\/wp-content\/uploads\/usu2495\/2015\/01\/padlet_p.jpg 916w, https:\/\/agora.xtec.cat\/iescarrascobarcelona\/wp-content\/uploads\/usu2495\/2015\/01\/padlet_p-300x158.jpg 300w, https:\/\/agora.xtec.cat\/iescarrascobarcelona\/wp-content\/uploads\/usu2495\/2015\/01\/padlet_p-768x405.jpg 768w\" sizes=\"auto, (max-width: 916px) 100vw, 916px\" \/><\/a><\/p>\n<p>Tamb\u00e9 podeu visitar el nostre PADLET BATXILLERAT per con\u00e8ixer el nostre projecte educatiu a batxillerat.<\/p>\n<p><a href=\"https:\/\/padlet.com\/insmanuelcarrasco\/hz8h2h81c0u94eas\" target=\"_blank\" rel=\"noopener noreferrer\"><img loading=\"lazy\" decoding=\"async\" class=\"alignnone size-full wp-image-2111\" src=\"https:\/\/agora.xtec.cat\/iescarrascobarcelona\/wp-content\/uploads\/usu2495\/2021\/05\/padlet_batx_p.jpg\" alt=\"\" width=\"916\" height=\"486\" srcset=\"https:\/\/agora.xtec.cat\/iescarrascobarcelona\/wp-content\/uploads\/usu2495\/2021\/05\/padlet_batx_p.jpg 916w, https:\/\/agora.xtec.cat\/iescarrascobarcelona\/wp-content\/uploads\/usu2495\/2021\/05\/padlet_batx_p-300x159.jpg 300w, https:\/\/agora.xtec.cat\/iescarrascobarcelona\/wp-content\/uploads\/usu2495\/2021\/05\/padlet_batx_p-768x407.jpg 768w\" sizes=\"auto, (max-width: 916px) 100vw, 916px\" \/><\/a><\/p>\n<p>Tamb\u00e9 us convidem a veure l&#8217;exposici\u00f3 dels millors treballs de recerca que els nostres alumnes de batxillerat han fet al llarg dels darrers anys.<\/p>\n<p><a href=\"https:\/\/padlet.com\/insmanuelcarrasco\/9q2gb361lyi4wxju\" target=\"_blank\" rel=\"noopener noreferrer\"><img loading=\"lazy\" decoding=\"async\" class=\"alignnone size-full wp-image-2113\" src=\"https:\/\/agora.xtec.cat\/iescarrascobarcelona\/wp-content\/uploads\/usu2495\/2021\/05\/TR_p.jpg\" alt=\"\" width=\"800\" height=\"427\" srcset=\"https:\/\/agora.xtec.cat\/iescarrascobarcelona\/wp-content\/uploads\/usu2495\/2021\/05\/TR_p.jpg 800w, https:\/\/agora.xtec.cat\/iescarrascobarcelona\/wp-content\/uploads\/usu2495\/2021\/05\/TR_p-300x160.jpg 300w, https:\/\/agora.xtec.cat\/iescarrascobarcelona\/wp-content\/uploads\/usu2495\/2021\/05\/TR_p-768x410.jpg 768w\" sizes=\"auto, (max-width: 800px) 100vw, 800px\" \/><\/a><\/p>\n<p>&nbsp;<\/p>\n","protected":false},"excerpt":{"rendered":"<p>Us convidem a la celebraci\u00f3 de la Jornada de Portes Obertes ESO\u00a0del nostre centre, que tindr\u00e0 lloc el proper dissabte 8 de mar\u00e7, de 10:00h a 13:00h. Us presentarem el nostre Projecte educatiu, podrem resoldre els vostres dubtes i podreu con\u00e8ixer les nostres instal\u00b7lacions i propostes educatives. Important: \u00e9s necess\u00e0ria la inscripci\u00f3 a la Jornada [&hellip;]<\/p>\n","protected":false},"author":1,"featured_media":0,"parent":81,"menu_order":3,"comment_status":"closed","ping_status":"closed","template":"page-templates\/side-menu.php","meta":{"_bbp_topic_count":0,"_bbp_reply_count":0,"_bbp_total_topic_count":0,"_bbp_total_reply_count":0,"_bbp_voice_count":0,"_bbp_anonymous_reply_count":0,"_bbp_topic_count_hidden":0,"_bbp_reply_count_hidden":0,"_bbp_forum_subforum_count":0,"site-sidebar-layout":"default","site-content-layout":"","ast-site-content-layout":"","site-content-style":"default","site-sidebar-style":"default","ast-global-header-display":"","ast-banner-title-visibility":"","ast-main-header-display":"","ast-hfb-above-header-display":"","ast-hfb-below-header-display":"","ast-hfb-mobile-header-display":"","site-post-title":"","ast-breadcrumbs-content":"","ast-featured-img":"","footer-sml-layout":"","theme-transparent-header-meta":"","adv-header-id-meta":"","stick-header-meta":"","header-above-stick-meta":"","header-main-stick-meta":"","header-below-stick-meta":"","astra-migrate-meta-layouts":"default","ast-page-background-enabled":"default","ast-page-background-meta":{"desktop":{"background-color":"var(--ast-global-color-4)","background-image":"","background-repeat":"repeat","background-position":"center center","background-size":"auto","background-attachment":"scroll","background-type":"","background-media":"","overlay-type":"","overlay-color":"","overlay-opacity":"","overlay-gradient":""},"tablet":{"background-color":"","background-image":"","background-repeat":"repeat","background-position":"center center","background-size":"auto","background-attachment":"scroll","background-type":"","background-media":"","overlay-type":"","overlay-color":"","overlay-opacity":"","overlay-gradient":""},"mobile":{"background-color":"","background-image":"","background-repeat":"repeat","background-position":"center center","background-size":"auto","background-attachment":"scroll","background-type":"","background-media":"","overlay-type":"","overlay-color":"","overlay-opacity":"","overlay-gradient":""}},"ast-content-background-meta":{"desktop":{"background-color":"var(--ast-global-color-5)","background-image":"","background-repeat":"repeat","background-position":"center center","background-size":"auto","background-attachment":"scroll","background-type":"","background-media":"","overlay-type":"","overlay-color":"","overlay-opacity":"","overlay-gradient":""},"tablet":{"background-color":"var(--ast-global-color-5)","background-image":"","background-repeat":"repeat","background-position":"center center","background-size":"auto","background-attachment":"scroll","background-type":"","background-media":"","overlay-type":"","overlay-color":"","overlay-opacity":"","overlay-gradient":""},"mobile":{"background-color":"var(--ast-global-color-5)","background-image":"","background-repeat":"repeat","background-position":"center center","background-size":"auto","background-attachment":"scroll","background-type":"","background-media":"","overlay-type":"","overlay-color":"","overlay-opacity":"","overlay-gradient":""}},"footnotes":""},"class_list":["post-1780","page","type-page","status-publish","hentry"],"post_mailing_queue_ids":[],"_links":{"self":[{"href":"https:\/\/agora.xtec.cat\/iescarrascobarcelona\/wp-json\/wp\/v2\/pages\/1780","targetHints":{"allow":["GET"]}}],"collection":[{"href":"https:\/\/agora.xtec.cat\/iescarrascobarcelona\/wp-json\/wp\/v2\/pages"}],"about":[{"href":"https:\/\/agora.xtec.cat\/iescarrascobarcelona\/wp-json\/wp\/v2\/types\/page"}],"author":[{"embeddable":true,"href":"https:\/\/agora.xtec.cat\/iescarrascobarcelona\/wp-json\/wp\/v2\/users\/1"}],"replies":[{"embeddable":true,"href":"https:\/\/agora.xtec.cat\/iescarrascobarcelona\/wp-json\/wp\/v2\/comments?post=1780"}],"version-history":[{"count":6,"href":"https:\/\/agora.xtec.cat\/iescarrascobarcelona\/wp-json\/wp\/v2\/pages\/1780\/revisions"}],"predecessor-version":[{"id":3139,"href":"https:\/\/agora.xtec.cat\/iescarrascobarcelona\/wp-json\/wp\/v2\/pages\/1780\/revisions\/3139"}],"up":[{"embeddable":true,"href":"https:\/\/agora.xtec.cat\/iescarrascobarcelona\/wp-json\/wp\/v2\/pages\/81"}],"wp:attachment":[{"href":"https:\/\/agora.xtec.cat\/iescarrascobarcelona\/wp-json\/wp\/v2\/media?parent=1780"}],"curies":[{"name":"wp","href":"https:\/\/api.w.org\/{rel}","templated":true}]}}