{"id":1772,"date":"2013-11-24T22:29:26","date_gmt":"2013-11-24T22:29:26","guid":{"rendered":"http:\/\/insmanuelcarrascoiformiguera.wordpress.com\/?page_id=100"},"modified":"2025-01-10T10:23:39","modified_gmt":"2025-01-10T09:23:39","slug":"_ambit-artistic","status":"publish","type":"page","link":"https:\/\/agora.xtec.cat\/iescarrascobarcelona\/04-departaments\/_ambit-artistic\/","title":{"rendered":"\u00c0mbit d&#8217;Expressi\u00f3"},"content":{"rendered":"<p><a href=\"https:\/\/agora.xtec.cat\/iescarrascobarcelona\/wp-content\/uploads\/usu2495\/2024\/03\/ambit-artistic.jpg\"><img loading=\"lazy\" decoding=\"async\" class=\"alignnone size-large wp-image-3067\" src=\"https:\/\/agora.xtec.cat\/iescarrascobarcelona\/wp-content\/uploads\/usu2495\/2024\/03\/ambit-artistic-1024x114.jpg\" alt=\"\" width=\"1024\" height=\"114\" srcset=\"https:\/\/agora.xtec.cat\/iescarrascobarcelona\/wp-content\/uploads\/usu2495\/2024\/03\/ambit-artistic-1024x114.jpg 1024w, https:\/\/agora.xtec.cat\/iescarrascobarcelona\/wp-content\/uploads\/usu2495\/2024\/03\/ambit-artistic-300x33.jpg 300w, https:\/\/agora.xtec.cat\/iescarrascobarcelona\/wp-content\/uploads\/usu2495\/2024\/03\/ambit-artistic-768x86.jpg 768w, https:\/\/agora.xtec.cat\/iescarrascobarcelona\/wp-content\/uploads\/usu2495\/2024\/03\/ambit-artistic.jpg 1050w\" sizes=\"auto, (max-width: 1024px) 100vw, 1024px\" \/><\/a><\/p>\n<p><span data-sheets-formula-bar-text-style=\"font-size:15px;color:#000000;font-weight:normal;text-decoration:none;font-family:'Arial';font-style:normal;text-decoration-skip-ink:none;\">Des del <\/span><strong>Departament d&#8217;Educaci\u00f3 F\u00edsica<\/strong><span data-sheets-formula-bar-text-style=\"font-size:15px;color:#000000;font-weight:normal;text-decoration:none;font-family:'Arial';font-style:normal;text-decoration-skip-ink:none;\"> volem potenciar una educaci\u00f3 integral a trav\u00e9s de l&#8217;activitat f\u00edsica i l&#8217;esport en la recerca d&#8217;h\u00e0bits saludables i que l&#8217;alumnat sigui m\u00e9s aut\u00f2nom en la seva pr\u00e0ctica d&#8217;aquestes activitats en el seu temps de lleure. Aquests aprenentatges seran significatius i permanents al llarg de la seva vida.<\/span><\/p>\n<p>Des del <strong>Departament de M\u00fasica<\/strong> potenciem l&#8217;expressi\u00f3 musical vocal i instrumental. L&#8217;alumnat li permetr\u00e0 tenir coneixements del llenguatge espec\u00edfic de la mat\u00e8ria i tamb\u00e9 desenvolupar un criteri personal com a oient.<\/p>\n<p><span data-sheets-formula-bar-text-style=\"font-size:15px;color:#000000;font-weight:normal;text-decoration:none;font-family:'Arial';font-style:normal;text-decoration-skip-ink:none;\">Des del<\/span><strong> Departament de Dibuix <\/strong><span data-sheets-formula-bar-text-style=\"font-size:15px;color:#000000;font-weight:normal;text-decoration:none;font-family:'Arial';font-style:normal;text-decoration-skip-ink:none;\">es potencia l&#8217;expressi\u00f3 visual i pl\u00e0stica a trav\u00e9s del coneixement de les diferents t\u00e8cniques i materials pel desenvolupament d&#8217;una sensibilitat art\u00edstica i del m\u00f3n visual. <\/span><\/p>\n<p>\u00c0mbit d&#8217;expressi\u00f3 curs 2024-25<\/p>\n<table dir=\"ltr\" style=\"width: 93.8647%;\" border=\"1\" cellspacing=\"0\" cellpadding=\"0\" data-sheets-root=\"1\">\n<colgroup>\n<col width=\"240\" \/>\n<col width=\"215\" \/>\n<col width=\"181\" \/>\n<col width=\"268\" \/><\/colgroup>\n<tbody>\n<tr>\n<td style=\"width: 18.7142%;\" data-sheets-value=\"{&quot;1&quot;:2,&quot;2&quot;:&quot;PROFESSORAT&quot;}\"><strong>PROFESSORAT<\/strong><\/td>\n<td style=\"width: 20.4698%;\" data-sheets-value=\"{&quot;1&quot;:2,&quot;2&quot;:&quot;CONTACTE&quot;}\"><strong>CONTACTE<\/strong><\/td>\n<td style=\"width: 12.7873%;\" data-sheets-value=\"{&quot;1&quot;:2,&quot;2&quot;:&quot;ESPECIALITAT&quot;}\"><strong>ESPECIALITAT<\/strong><\/td>\n<td style=\"width: 82.5822%;\" data-sheets-value=\"{&quot;1&quot;:2,&quot;2&quot;:&quot;MAT\u00c8RIES IMPARTIDES&quot;}\"><strong>MAT\u00c8RIES IMPARTIDES<\/strong><\/td>\n<\/tr>\n<tr>\n<td style=\"width: 18.7142%;\" data-sheets-value=\"{&quot;1&quot;:2,&quot;2&quot;:&quot;Mart\u00ed Graells (Cap d\u2019\u00c0mbit)&quot;}\">Bienve G\u00f3mez (Cap d\u2019\u00c0mbit)<\/td>\n<td style=\"width: 20.4698%;\" data-sheets-value=\"{&quot;1&quot;:2,&quot;2&quot;:&quot;mgraells@inscarrasco.cat&quot;}\">bgomez9@inscarrasco.cat<\/td>\n<td style=\"width: 12.7873%;\" data-sheets-value=\"{&quot;1&quot;:2,&quot;2&quot;:&quot;Educaci\u00f3 f\u00edsica&quot;}\">Educaci\u00f3 f\u00edsica<\/td>\n<td style=\"width: 82.5822%;\" data-sheets-value=\"{&quot;1&quot;:2,&quot;2&quot;:&quot;Educaci\u00f3 F\u00edsica 1r, 3r i 1r Batxillerat. Tutor i Autonomia Personal 1r ESOB&quot;}\">Educaci\u00f3 F\u00edsica 1r, 3r i 1r Batxillerat. Tutor i Autonomia Personal 1r ESO B<\/td>\n<\/tr>\n<tr>\n<td style=\"width: 18.7142%;\" data-sheets-value=\"{&quot;1&quot;:2,&quot;2&quot;:&quot;Juan Manuel Granda&quot;}\">Sigfrid Domingo<\/td>\n<td style=\"width: 20.4698%;\" data-sheets-value=\"{&quot;1&quot;:2,&quot;2&quot;:&quot;jgranda@inscarrasco.cat&quot;}\">sdomingo@inscarrasco.cat<\/td>\n<td style=\"width: 12.7873%;\" data-sheets-value=\"{&quot;1&quot;:2,&quot;2&quot;:&quot;M\u00fasica&quot;}\">M\u00fasica<\/td>\n<td style=\"width: 82.5822%;\" data-sheets-value=\"{&quot;1&quot;:2,&quot;2&quot;:&quot;M\u00fasica 1r i 2n, Art &amp; Music 2n&quot;}\">M\u00fasica 1r i 2n<\/td>\n<\/tr>\n<tr>\n<td style=\"width: 18.7142%;\" data-sheets-value=\"{&quot;1&quot;:2,&quot;2&quot;:&quot;Claudia Figueroa&quot;}\">Mart\u00ed Graells<\/td>\n<td style=\"width: 20.4698%;\" data-sheets-value=\"{&quot;1&quot;:2,&quot;2&quot;:&quot;cfigueroa@inscarrasco.cat&quot;}\">mgraells@inscarrasco.cat<\/td>\n<td style=\"width: 12.7873%;\" data-sheets-value=\"{&quot;1&quot;:2,&quot;2&quot;:&quot;Educaci\u00f3 F\u00edsica&quot;}\">Educaci\u00f3 F\u00edsica<\/td>\n<td style=\"width: 82.5822%;\" data-sheets-value=\"{&quot;1&quot;:2,&quot;2&quot;:&quot;Educaci\u00f3 F\u00edsica 2n i 4t ESO&quot;}\">Educaci\u00f3 F\u00edsica 2n i 4t ESO<\/td>\n<\/tr>\n<tr>\n<td style=\"width: 18.7142%;\" data-sheets-value=\"{&quot;1&quot;:2,&quot;2&quot;:&quot;Tess Hill&quot;}\">Tess Hill<\/td>\n<td style=\"width: 20.4698%;\" data-sheets-value=\"{&quot;1&quot;:2,&quot;2&quot;:&quot;thill@inscarrasco.cat&quot;}\">thill@inscarrasco.cat<\/td>\n<td style=\"width: 12.7873%;\" data-sheets-value=\"{&quot;1&quot;:2,&quot;2&quot;:&quot;Visual i pl\u00e0stica&quot;}\">Visual i pl\u00e0stica<\/td>\n<td style=\"width: 82.5822%;\" data-sheets-value=\"{&quot;1&quot;:2,&quot;2&quot;:&quot;Dibuix 1r, 3r, Batxillerat. Dibuix t\u00e8cnic: 4t. Art &amp; Music 2n&quot;}\">Dibuix 1r, 3r i 4t. Dibuix t\u00e8cnic: 1r i 2n Batxillerat.<\/td>\n<\/tr>\n<\/tbody>\n<\/table>\n<p>&nbsp;<\/p>\n<table dir=\"ltr\" style=\"width: 93.2637%;\" border=\"1\" cellspacing=\"0\" cellpadding=\"0\" data-sheets-root=\"1\">\n<colgroup>\n<col width=\"240\" \/>\n<col width=\"215\" \/>\n<col width=\"181\" \/>\n<col width=\"268\" \/><\/colgroup>\n<tbody>\n<tr>\n<td style=\"width: 85.2098%;\" colspan=\"3\" data-sheets-value=\"{&quot;1&quot;:2,&quot;2&quot;:&quot;ACTIVITATS, TALLERS I SORTIDES ORGANITZADES PER \u00c0MBIT:&quot;}\"><strong>ACTIVITATS, TALLERS I SORTIDES ORGANITZADES PER \u00c0MBIT:<\/strong><\/td>\n<td style=\"width: 51.766%;\"><\/td>\n<\/tr>\n<tr>\n<td style=\"width: 26.4901%;\" data-sheets-value=\"{&quot;1&quot;:2,&quot;2&quot;:&quot;CURS&quot;}\"><strong>CURS<\/strong><\/td>\n<td style=\"width: 34.7682%;\" data-sheets-value=\"{&quot;1&quot;:2,&quot;2&quot;:&quot;SORTIDA, ACTIVITAT o TALLER&quot;}\"><strong>SORTIDA, ACTIVITAT o TALLER<\/strong><\/td>\n<td style=\"width: 23.9515%;\" data-sheets-value=\"{&quot;1&quot;:2,&quot;2&quot;:&quot;MAT\u00c8RIA&quot;}\"><strong>MAT\u00c8RIA<\/strong><\/td>\n<td style=\"width: 51.766%;\" data-sheets-value=\"{&quot;1&quot;:2,&quot;2&quot;:&quot;DATA&quot;}\"><strong>DATA<\/strong><\/td>\n<\/tr>\n<tr>\n<td style=\"width: 26.4901%;\" rowspan=\"5\" data-sheets-value=\"{&quot;1&quot;:2,&quot;2&quot;:&quot;1r d'ESO&quot;}\">\n<div>1r d&#8217;ESO<\/div>\n<\/td>\n<td style=\"width: 34.7682%;\" data-sheets-value=\"{&quot;1&quot;:2,&quot;2&quot;:&quot;Concert de Nadal&quot;}\">Concert de Nadal<\/td>\n<td style=\"width: 23.9515%;\" data-sheets-value=\"{&quot;1&quot;:2,&quot;2&quot;:&quot;M\u00fasica&quot;}\">M\u00fasica<\/td>\n<td style=\"width: 51.766%;\" data-sheets-value=\"{&quot;1&quot;:2,&quot;2&quot;:&quot;1r Trimestre&quot;}\">1r Trimestre<\/td>\n<\/tr>\n<tr>\n<td style=\"width: 34.7682%;\" data-sheets-value=\"{&quot;1&quot;:2,&quot;2&quot;:&quot;Descobriu com assaja l'OBC&quot;}\">La Torre dels Somnis. Liceu<\/td>\n<td style=\"width: 23.9515%;\" data-sheets-value=\"{&quot;1&quot;:2,&quot;2&quot;:&quot;M\u00fasica&quot;}\">M\u00fasica<\/td>\n<td style=\"width: 51.766%;\" data-sheets-value=\"{&quot;1&quot;:2,&quot;2&quot;:&quot;2n Trimestre&quot;}\">2n Trimestre<\/td>\n<\/tr>\n<tr>\n<td style=\"width: 34.7682%;\" data-sheets-value=\"{&quot;1&quot;:2,&quot;2&quot;:&quot;Carnaval&quot;}\">Carnaval<\/td>\n<td style=\"width: 23.9515%;\" data-sheets-value=\"{&quot;1&quot;:2,&quot;2&quot;:&quot;Educaci\u00f3 F\u00edsica \/ Dibuix&quot;}\">Educaci\u00f3 F\u00edsica \/ M\u00fasica \/ Dibuix<\/td>\n<td style=\"width: 51.766%;\" data-sheets-value=\"{&quot;1&quot;:2,&quot;2&quot;:&quot;2n Trimestre&quot;}\">2n Trimestre<\/td>\n<\/tr>\n<tr>\n<td style=\"width: 34.7682%;\" data-sheets-value=\"{&quot;1&quot;:2,&quot;2&quot;:&quot;Cursa d'Orientaci\u00f3&quot;}\">Cursa d&#8217;Orientaci\u00f3<\/td>\n<td style=\"width: 23.9515%;\" data-sheets-value=\"{&quot;1&quot;:2,&quot;2&quot;:&quot;Educaci\u00f3 F\u00edsica&quot;}\">Educaci\u00f3 F\u00edsica<\/td>\n<td style=\"width: 51.766%;\" data-sheets-value=\"{&quot;1&quot;:2,&quot;2&quot;:&quot;3r Trimestre&quot;}\">2n Trimestre<\/td>\n<\/tr>\n<tr>\n<td style=\"width: 34.7682%;\" data-sheets-value=\"{&quot;1&quot;:2,&quot;2&quot;:&quot;C\u00e0mara Obscura. Can Bast\u00e9&quot;}\">C\u00e0mara Obscura. Can Bast\u00e9<\/td>\n<td style=\"width: 23.9515%;\" data-sheets-value=\"{&quot;1&quot;:2,&quot;2&quot;:&quot;Dibuix&quot;}\">Dibuix<\/td>\n<td style=\"width: 51.766%;\" data-sheets-value=\"{&quot;1&quot;:2,&quot;2&quot;:&quot;2n Trimestre&quot;}\">2n Trimestre<\/td>\n<\/tr>\n<tr>\n<td style=\"width: 26.4901%;\" rowspan=\"3\" data-sheets-value=\"{&quot;1&quot;:2,&quot;2&quot;:&quot;2n d'ESO&quot;}\">\n<div>2n d&#8217;ESO<\/div>\n<\/td>\n<td style=\"width: 34.7682%;\" data-sheets-value=\"{&quot;1&quot;:2,&quot;2&quot;:&quot;Descobriu com assaja l'OBC&quot;}\">El conte de Nadal de Charles Dickens. Liceu<\/td>\n<td style=\"width: 23.9515%;\" data-sheets-value=\"{&quot;1&quot;:2,&quot;2&quot;:&quot;M\u00fasica&quot;}\">M\u00fasica<\/td>\n<td style=\"width: 51.766%;\" data-sheets-value=\"{&quot;1&quot;:2,&quot;2&quot;:&quot;2n Trimestre&quot;}\">1r Trimestre<\/td>\n<\/tr>\n<tr>\n<td style=\"width: 34.7682%;\" data-sheets-value=\"{&quot;1&quot;:2,&quot;2&quot;:&quot;Carnaval&quot;}\">Carnaval<\/td>\n<td style=\"width: 23.9515%;\" data-sheets-value=\"{&quot;1&quot;:2,&quot;2&quot;:&quot;Educaci\u00f3 F\u00edsica \/ Dibuix&quot;}\">Educaci\u00f3 F\u00edsica \/ M\u00fasica \/ Dibuix<\/td>\n<td style=\"width: 51.766%;\" data-sheets-value=\"{&quot;1&quot;:2,&quot;2&quot;:&quot;2n Trimestre&quot;}\">2n Trimestre<\/td>\n<\/tr>\n<tr>\n<td style=\"width: 34.7682%;\" data-sheets-value=\"{&quot;1&quot;:2,&quot;2&quot;:&quot;Street B\u00e0squet&quot;}\">StreetBall<\/td>\n<td style=\"width: 23.9515%;\" data-sheets-value=\"{&quot;1&quot;:2,&quot;2&quot;:&quot;Educaci\u00f3 F\u00edsica&quot;}\">Educaci\u00f3 F\u00edsica<\/td>\n<td style=\"width: 51.766%;\" data-sheets-value=\"{&quot;1&quot;:2,&quot;2&quot;:&quot;2n Trimestre&quot;}\">1r Trimestre<\/td>\n<\/tr>\n<tr>\n<td style=\"width: 26.4901%;\" rowspan=\"4\" data-sheets-value=\"{&quot;1&quot;:2,&quot;2&quot;:&quot;3r d'ESO&quot;}\">\n<div>3r d&#8217;ESO<\/div>\n<\/td>\n<td style=\"width: 34.7682%;\" data-sheets-value=\"{&quot;1&quot;:2,&quot;2&quot;:&quot;Taller Artefacte: mil tentacles&quot;}\">Taller Dissens. Centre C\u00edvic Guinard\u00f3<\/td>\n<td style=\"width: 23.9515%;\" data-sheets-value=\"{&quot;1&quot;:2,&quot;2&quot;:&quot;Dibuix&quot;}\">Dibuix<\/td>\n<td style=\"width: 51.766%;\" data-sheets-value=\"{&quot;1&quot;:2,&quot;2&quot;:&quot;3r Trimestre&quot;}\">1r Trimestre<\/td>\n<\/tr>\n<tr>\n<td style=\"width: 34.7682%;\" data-sheets-value=\"{&quot;1&quot;:2,&quot;2&quot;:&quot;Dist\u00e0ncia Curta Des de la frontera&quot;}\">World Press Photo. CCCB<\/td>\n<td style=\"width: 23.9515%;\" data-sheets-value=\"{&quot;1&quot;:2,&quot;2&quot;:&quot;Dibuix&quot;}\">Dibuix<\/td>\n<td style=\"width: 51.766%;\" data-sheets-value=\"{&quot;1&quot;:2,&quot;2&quot;:&quot;3r Trimestre&quot;}\">1r Trimestre<\/td>\n<\/tr>\n<tr>\n<td style=\"width: 34.7682%;\" data-sheets-value=\"{&quot;1&quot;:2,&quot;2&quot;:&quot;Carnaval&quot;}\">Carnaval<\/td>\n<td style=\"width: 23.9515%;\" data-sheets-value=\"{&quot;1&quot;:2,&quot;2&quot;:&quot;Educaci\u00f3 F\u00edsica &quot;}\">Educaci\u00f3 F\u00edsica \/ M\u00fasica \/ Dibuix<\/td>\n<td style=\"width: 51.766%;\" data-sheets-value=\"{&quot;1&quot;:2,&quot;2&quot;:&quot;2n Trimestre&quot;}\">2n Trimestre<\/td>\n<\/tr>\n<tr>\n<td style=\"width: 34.7682%;\" data-sheets-value=\"{&quot;1&quot;:2,&quot;2&quot;:&quot;De Marxa Fent Esport&quot;}\">De Marxa Fent Esport<\/td>\n<td style=\"width: 23.9515%;\" data-sheets-value=\"{&quot;1&quot;:2,&quot;2&quot;:&quot;Educaci\u00f3 F\u00edsica&quot;}\">Educaci\u00f3 F\u00edsica<\/td>\n<td style=\"width: 51.766%;\" data-sheets-value=\"{&quot;1&quot;:2,&quot;2&quot;:&quot;2n Trimestre&quot;}\">2n Trimestre<\/td>\n<\/tr>\n<tr>\n<td style=\"width: 26.4901%;\" rowspan=\"3\" data-sheets-value=\"{&quot;1&quot;:2,&quot;2&quot;:&quot;4t d'ESO&quot;}\">\n<div>4t d&#8217;ESO<\/div>\n<\/td>\n<td style=\"width: 34.7682%;\" data-sheets-value=\"{&quot;1&quot;:2,&quot;2&quot;:&quot;Carnaval&quot;}\">Carnaval<\/td>\n<td style=\"width: 23.9515%;\" data-sheets-value=\"{&quot;1&quot;:2,&quot;2&quot;:&quot;Educaci\u00f3 F\u00edsica &quot;}\">Educaci\u00f3 F\u00edsica \/ M\u00fasica \/ Dibuix<\/td>\n<td style=\"width: 51.766%;\" data-sheets-value=\"{&quot;1&quot;:2,&quot;2&quot;:&quot;2n Trimestre&quot;}\">2n Trimestre<\/td>\n<\/tr>\n<tr>\n<td style=\"width: 34.7682%;\" data-sheets-value=\"{&quot;1&quot;:2,&quot;2&quot;:&quot;Esport per a tothom&quot;}\">Esport per a tothom<\/td>\n<td style=\"width: 23.9515%;\" data-sheets-value=\"{&quot;1&quot;:2,&quot;2&quot;:&quot;Educaci\u00f3 F\u00edsica&quot;}\">Educaci\u00f3 F\u00edsica<\/td>\n<td style=\"width: 51.766%;\" data-sheets-value=\"{&quot;1&quot;:2,&quot;2&quot;:&quot;3r Trimestre&quot;}\">3r Trimestre<\/td>\n<\/tr>\n<tr>\n<td style=\"width: 34.7682%;\" data-sheets-value=\"{&quot;1&quot;:2,&quot;2&quot;:&quot;Triatl\u00f3&quot;}\">Triatl\u00f3<\/td>\n<td style=\"width: 23.9515%;\" data-sheets-value=\"{&quot;1&quot;:2,&quot;2&quot;:&quot;Educaci\u00f3 F\u00edsica&quot;}\">Educaci\u00f3 F\u00edsica<\/td>\n<td style=\"width: 51.766%;\" data-sheets-value=\"{&quot;1&quot;:2,&quot;2&quot;:&quot;3r Trimestre&quot;}\">3r Trimestre<\/td>\n<\/tr>\n<tr>\n<td style=\"width: 26.4901%;\" rowspan=\"2\" data-sheets-value=\"{&quot;1&quot;:2,&quot;2&quot;:&quot;BATXILLERAT&quot;}\">\n<div>BATXILLERAT<\/div>\n<\/td>\n<td style=\"width: 34.7682%;\" data-sheets-value=\"{&quot;1&quot;:2,&quot;2&quot;:&quot;Carnaval&quot;}\">Carnaval<\/td>\n<td style=\"width: 23.9515%;\" data-sheets-value=\"{&quot;1&quot;:2,&quot;2&quot;:&quot;Educaci\u00f3 F\u00edsica &quot;}\">Educaci\u00f3 F\u00edsica \/ M\u00fasica \/ Dibuix<\/td>\n<td style=\"width: 51.766%;\" data-sheets-value=\"{&quot;1&quot;:2,&quot;2&quot;:&quot;2n Trimestre&quot;}\">2n Trimestre<\/td>\n<\/tr>\n<tr>\n<td style=\"width: 34.7682%;\" data-sheets-value=\"{&quot;1&quot;:2,&quot;2&quot;:&quot;Esport a la platja&quot;}\">Esport a la platja<\/td>\n<td style=\"width: 23.9515%;\" data-sheets-value=\"{&quot;1&quot;:2,&quot;2&quot;:&quot;Educaci\u00f3 F\u00edsica&quot;}\">Educaci\u00f3 F\u00edsica<\/td>\n<td style=\"width: 51.766%;\" data-sheets-value=\"{&quot;1&quot;:2,&quot;2&quot;:&quot;3r Trimestre&quot;}\">3r Trimestre<\/td>\n<\/tr>\n<\/tbody>\n<\/table>\n<p><a href=\"https:\/\/agora.xtec.cat\/iescarrascobarcelona\/wp-content\/uploads\/usu2495\/2024\/03\/ambit-artistic.jpg\"><img loading=\"lazy\" decoding=\"async\" class=\"alignnone size-large wp-image-3067\" src=\"https:\/\/agora.xtec.cat\/iescarrascobarcelona\/wp-content\/uploads\/usu2495\/2024\/03\/ambit-artistic-1024x114.jpg\" alt=\"\" width=\"1024\" height=\"114\" srcset=\"https:\/\/agora.xtec.cat\/iescarrascobarcelona\/wp-content\/uploads\/usu2495\/2024\/03\/ambit-artistic-1024x114.jpg 1024w, https:\/\/agora.xtec.cat\/iescarrascobarcelona\/wp-content\/uploads\/usu2495\/2024\/03\/ambit-artistic-300x33.jpg 300w, https:\/\/agora.xtec.cat\/iescarrascobarcelona\/wp-content\/uploads\/usu2495\/2024\/03\/ambit-artistic-768x86.jpg 768w, https:\/\/agora.xtec.cat\/iescarrascobarcelona\/wp-content\/uploads\/usu2495\/2024\/03\/ambit-artistic.jpg 1050w\" sizes=\"auto, (max-width: 1024px) 100vw, 1024px\" \/><\/a><\/p>\n<p>&nbsp;<\/p>\n<p>&nbsp;<\/p>\n","protected":false},"excerpt":{"rendered":"<p>Des del Departament d&#8217;Educaci\u00f3 F\u00edsica volem potenciar una educaci\u00f3 integral a trav\u00e9s de l&#8217;activitat f\u00edsica i l&#8217;esport en la recerca d&#8217;h\u00e0bits saludables i que l&#8217;alumnat sigui m\u00e9s aut\u00f2nom en la seva pr\u00e0ctica d&#8217;aquestes activitats en el seu temps de lleure. Aquests aprenentatges seran significatius i permanents al llarg de la seva vida. Des del Departament [&hellip;]<\/p>\n","protected":false},"author":1,"featured_media":0,"parent":1761,"menu_order":0,"comment_status":"closed","ping_status":"closed","template":"page-templates\/side-menu.php","meta":{"_bbp_topic_count":0,"_bbp_reply_count":0,"_bbp_total_topic_count":0,"_bbp_total_reply_count":0,"_bbp_voice_count":0,"_bbp_anonymous_reply_count":0,"_bbp_topic_count_hidden":0,"_bbp_reply_count_hidden":0,"_bbp_forum_subforum_count":0,"site-sidebar-layout":"default","site-content-layout":"","ast-site-content-layout":"","site-content-style":"default","site-sidebar-style":"default","ast-global-header-display":"","ast-banner-title-visibility":"","ast-main-header-display":"","ast-hfb-above-header-display":"","ast-hfb-below-header-display":"","ast-hfb-mobile-header-display":"","site-post-title":"","ast-breadcrumbs-content":"","ast-featured-img":"","footer-sml-layout":"","theme-transparent-header-meta":"","adv-header-id-meta":"","stick-header-meta":"","header-above-stick-meta":"","header-main-stick-meta":"","header-below-stick-meta":"","astra-migrate-meta-layouts":"default","ast-page-background-enabled":"default","ast-page-background-meta":{"desktop":{"background-color":"var(--ast-global-color-4)","background-image":"","background-repeat":"repeat","background-position":"center center","background-size":"auto","background-attachment":"scroll","background-type":"","background-media":"","overlay-type":"","overlay-color":"","overlay-opacity":"","overlay-gradient":""},"tablet":{"background-color":"","background-image":"","background-repeat":"repeat","background-position":"center center","background-size":"auto","background-attachment":"scroll","background-type":"","background-media":"","overlay-type":"","overlay-color":"","overlay-opacity":"","overlay-gradient":""},"mobile":{"background-color":"","background-image":"","background-repeat":"repeat","background-position":"center center","background-size":"auto","background-attachment":"scroll","background-type":"","background-media":"","overlay-type":"","overlay-color":"","overlay-opacity":"","overlay-gradient":""}},"ast-content-background-meta":{"desktop":{"background-color":"var(--ast-global-color-5)","background-image":"","background-repeat":"repeat","background-position":"center center","background-size":"auto","background-attachment":"scroll","background-type":"","background-media":"","overlay-type":"","overlay-color":"","overlay-opacity":"","overlay-gradient":""},"tablet":{"background-color":"var(--ast-global-color-5)","background-image":"","background-repeat":"repeat","background-position":"center center","background-size":"auto","background-attachment":"scroll","background-type":"","background-media":"","overlay-type":"","overlay-color":"","overlay-opacity":"","overlay-gradient":""},"mobile":{"background-color":"var(--ast-global-color-5)","background-image":"","background-repeat":"repeat","background-position":"center center","background-size":"auto","background-attachment":"scroll","background-type":"","background-media":"","overlay-type":"","overlay-color":"","overlay-opacity":"","overlay-gradient":""}},"footnotes":""},"class_list":["post-1772","page","type-page","status-publish","hentry"],"post_mailing_queue_ids":[],"_links":{"self":[{"href":"https:\/\/agora.xtec.cat\/iescarrascobarcelona\/wp-json\/wp\/v2\/pages\/1772","targetHints":{"allow":["GET"]}}],"collection":[{"href":"https:\/\/agora.xtec.cat\/iescarrascobarcelona\/wp-json\/wp\/v2\/pages"}],"about":[{"href":"https:\/\/agora.xtec.cat\/iescarrascobarcelona\/wp-json\/wp\/v2\/types\/page"}],"author":[{"embeddable":true,"href":"https:\/\/agora.xtec.cat\/iescarrascobarcelona\/wp-json\/wp\/v2\/users\/1"}],"replies":[{"embeddable":true,"href":"https:\/\/agora.xtec.cat\/iescarrascobarcelona\/wp-json\/wp\/v2\/comments?post=1772"}],"version-history":[{"count":6,"href":"https:\/\/agora.xtec.cat\/iescarrascobarcelona\/wp-json\/wp\/v2\/pages\/1772\/revisions"}],"predecessor-version":[{"id":3125,"href":"https:\/\/agora.xtec.cat\/iescarrascobarcelona\/wp-json\/wp\/v2\/pages\/1772\/revisions\/3125"}],"up":[{"embeddable":true,"href":"https:\/\/agora.xtec.cat\/iescarrascobarcelona\/wp-json\/wp\/v2\/pages\/1761"}],"wp:attachment":[{"href":"https:\/\/agora.xtec.cat\/iescarrascobarcelona\/wp-json\/wp\/v2\/media?parent=1772"}],"curies":[{"name":"wp","href":"https:\/\/api.w.org\/{rel}","templated":true}]}}