{"id":1767,"date":"2013-11-24T22:26:42","date_gmt":"2013-11-24T22:26:42","guid":{"rendered":"http:\/\/insmanuelcarrascoiformiguera.wordpress.com\/?page_id=90"},"modified":"2024-10-29T09:08:45","modified_gmt":"2024-10-29T08:08:45","slug":"ciencies-socials","status":"publish","type":"page","link":"https:\/\/agora.xtec.cat\/iescarrascobarcelona\/04-departaments\/ciencies-socials\/","title":{"rendered":"\u00c0mbit Social"},"content":{"rendered":"<p><a href=\"https:\/\/agora.xtec.cat\/iescarrascobarcelona\/wp-content\/uploads\/usu2495\/2024\/03\/ambit-social.jpg\"><img loading=\"lazy\" decoding=\"async\" class=\"alignnone size-large wp-image-3063\" src=\"https:\/\/agora.xtec.cat\/iescarrascobarcelona\/wp-content\/uploads\/usu2495\/2024\/03\/ambit-social-1024x114.jpg\" alt=\"\" width=\"1024\" height=\"114\" srcset=\"https:\/\/agora.xtec.cat\/iescarrascobarcelona\/wp-content\/uploads\/usu2495\/2024\/03\/ambit-social-1024x114.jpg 1024w, https:\/\/agora.xtec.cat\/iescarrascobarcelona\/wp-content\/uploads\/usu2495\/2024\/03\/ambit-social-300x33.jpg 300w, https:\/\/agora.xtec.cat\/iescarrascobarcelona\/wp-content\/uploads\/usu2495\/2024\/03\/ambit-social-768x86.jpg 768w, https:\/\/agora.xtec.cat\/iescarrascobarcelona\/wp-content\/uploads\/usu2495\/2024\/03\/ambit-social.jpg 1050w\" sizes=\"auto, (max-width: 1024px) 100vw, 1024px\" \/><\/a><\/p>\n<p><span style=\"font-weight: 400;\">Des de l\u2019\u00e0mbit Social s\u2019imparteixen aquelles mat\u00e8ries relacionades amb la geografia, la hist\u00f2ria, la hist\u00f2ria de l\u2019art, la filosofia i els reptes actuals.<\/span><\/p>\n<p>&nbsp;<\/p>\n<p>&nbsp;<\/p>\n<p><span style=\"font-weight: 400;\">El curs 2024-25 la distribuci\u00f3 de mat\u00e8ries \u00e9s el seg\u00fcent:<\/span><\/p>\n<p><span style=\"font-family: inherit; font-size: 1em;\">\u00a0<\/span><\/p>\n<table>\n<tbody>\n<tr>\n<td><span style=\"font-weight: 400;\">1r ESO<\/span><\/td>\n<td><span style=\"font-weight: 400;\">Ci\u00e8ncies Socials<\/span><\/p>\n<p><span style=\"font-weight: 400;\">Treball globalitzat<\/span><\/td>\n<td><\/td>\n<\/tr>\n<tr>\n<td><span style=\"font-weight: 400;\">2n ESO<\/span><\/td>\n<td><span style=\"font-weight: 400;\">Ci\u00e8ncies Socials<\/span><\/p>\n<p><span style=\"font-weight: 400;\">Treball globalitzat<\/span><\/td>\n<td><\/td>\n<\/tr>\n<tr>\n<td><span style=\"font-weight: 400;\">3r ESO<\/span><\/td>\n<td><span style=\"font-weight: 400;\">Ci\u00e8ncies Socials<\/span><\/p>\n<p><span style=\"font-weight: 400;\">APS<\/span><\/td>\n<td><\/td>\n<\/tr>\n<tr>\n<td><span style=\"font-weight: 400;\">4t ESO<\/span><\/td>\n<td><span style=\"font-weight: 400;\">Ci\u00e8ncies Socials<\/span><\/p>\n<p><span style=\"font-weight: 400;\">Filosofia<\/span><\/p>\n<p><span style=\"font-weight: 400;\">APS<\/span><\/td>\n<td><\/td>\n<\/tr>\n<tr>\n<td><span style=\"font-weight: 400;\">1r Batxillerat HS<\/span><\/td>\n<td><span style=\"font-weight: 400;\">Filosofia <\/span><span style=\"font-weight: 400;\"><br \/>\n<\/span><span style=\"font-weight: 400;\">Hist\u00f2ria del M\u00f3n Contemporani\u00a0<\/span><\/td>\n<td rowspan=\"2\"><span style=\"font-weight: 400;\">Problem\u00e0tiques socials (optativa)<\/span><\/p>\n<p><span style=\"font-weight: 400;\">Ciutadania, pol\u00edtica i dret (optativa)<\/span><\/p>\n<p><span style=\"font-weight: 400;\">Comunicaci\u00f3 audiovisual (optativa)<\/span><\/td>\n<\/tr>\n<tr>\n<td><span style=\"font-weight: 400;\">1r Batxillerat CT<\/span><\/td>\n<td><span style=\"font-weight: 400;\">Filosofia<\/span><\/td>\n<\/tr>\n<tr>\n<td><span style=\"font-weight: 400;\">2n Batxillerat HS<\/span><\/td>\n<td><span style=\"font-weight: 400;\">Geografia<\/span><\/p>\n<p><span style=\"font-weight: 400;\">Hist\u00f2ria de l\u2019art<\/span><\/td>\n<td rowspan=\"2\"><span style=\"font-weight: 400;\">Hist\u00f2ria d\u2019Espanya<\/span><\/p>\n<p><span style=\"font-weight: 400;\">Hist\u00f2ria de la filosofia<\/span><\/td>\n<\/tr>\n<tr>\n<td><span style=\"font-weight: 400;\">2n Batxillerat CT<\/span><\/td>\n<td><\/td>\n<\/tr>\n<\/tbody>\n<\/table>\n<p>&nbsp;<\/p>\n<p>&nbsp;<\/p>\n<p><b>Qui som?<\/b><\/p>\n<p><span style=\"font-weight: 400;\">L\u2019\u00e0mbit de Ci\u00e8ncies Socials est\u00e0 format pel professorat de les mat\u00e8ries de Ci\u00e8ncies Socials i Filosofia. En formen part els\/les seg\u00fcents professors\/es:\u00a0<\/span><\/p>\n<p><span style=\"font-family: inherit; font-size: 1em;\">\u00a0<\/span><\/p>\n<table>\n<tbody>\n<tr>\n<td><b>Xavier Mar\u00edn<\/b><\/p>\n<p><span style=\"font-weight: 400;\">xmarin3<\/span><a href=\"mailto:eaguila1@inscarrasco.cat\"><span style=\"font-weight: 400;\">@inscarrasco.cat<\/span><\/a><\/td>\n<td>\n<ul>\n<li style=\"font-weight: 400;\" aria-level=\"1\"><span style=\"font-weight: 400;\">Ci\u00e8ncies Socials de 4t<\/span><\/li>\n<li style=\"font-weight: 400;\" aria-level=\"1\"><span style=\"font-weight: 400;\">Geografia<\/span><\/li>\n<li style=\"font-weight: 400;\" aria-level=\"1\"><span style=\"font-weight: 400;\">Problem\u00e0tiques socials de 1r Batxillerat<\/span><\/li>\n<\/ul>\n<\/td>\n<\/tr>\n<tr>\n<td><b>Xavier Calahorro \/ Marta Farr\u00e0s<\/b><\/p>\n<p><a href=\"mailto:xcalahorra@inscarrasco.cat\"><span style=\"font-weight: 400;\">xcalahorra@inscarrasco.cat<\/span><\/a><\/p>\n<p><a href=\"mailto:mfarras@inscarrasco.cat\"><span style=\"font-weight: 400;\">mfarras@inscarrasco.cat<\/span><\/a><\/td>\n<td>\n<ul>\n<li style=\"font-weight: 400;\" aria-level=\"1\"><span style=\"font-weight: 400;\">Ci\u00e8ncies Socials de 1r<\/span><\/li>\n<li style=\"font-weight: 400;\" aria-level=\"1\"><span style=\"font-weight: 400;\">Ci\u00e8ncies Socials de 3r<\/span><\/li>\n<li style=\"font-weight: 400;\" aria-level=\"1\"><span style=\"font-weight: 400;\">Treball Globalitzat de 1r d\u2019ESO<\/span><\/li>\n<li style=\"font-weight: 400;\" aria-level=\"1\"><span style=\"font-weight: 400;\">Problem\u00e0tiques Socials de 1r de Batxillerat<\/span><\/li>\n<\/ul>\n<\/td>\n<\/tr>\n<tr>\n<td><b>Fran Fern\u00e1ndez\u00a0<\/b><\/p>\n<p><a href=\"mailto:fferna30@inscarrasco.cat\"><span style=\"font-weight: 400;\">fferna30@inscarrasco.cat<\/span><\/a><\/td>\n<td>\n<ul>\n<li style=\"font-weight: 400;\" aria-level=\"1\"><span style=\"font-weight: 400;\">Filosofia de 1r de Batxillerat<\/span><\/li>\n<\/ul>\n<ul>\n<li style=\"font-weight: 400;\" aria-level=\"1\"><span style=\"font-weight: 400;\">Psicologia de 1r\u00a0<\/span><\/li>\n<li style=\"font-weight: 400;\" aria-level=\"1\"><span style=\"font-weight: 400;\">Ciutadania, Pol\u00edtica i Dret de 1r de Batxillerat<\/span><\/li>\n<li style=\"font-weight: 400;\" aria-level=\"1\"><span style=\"font-weight: 400;\">Hist\u00f2ria de la filosofia de 2n de Batxillerat<\/span><\/li>\n<\/ul>\n<\/td>\n<\/tr>\n<tr>\n<td><b>Miquel Chico<\/b><\/p>\n<p><span style=\"font-weight: 400;\">mchico@inscarrasco.cat<\/span><\/td>\n<td>\n<ul>\n<li style=\"font-weight: 400;\" aria-level=\"1\"><span style=\"font-weight: 400;\">Hist\u00f2ria d\u2019Espanya de 2n de Batxillerat<\/span><\/li>\n<\/ul>\n<ul>\n<li style=\"font-weight: 400;\" aria-level=\"1\"><span style=\"font-weight: 400;\">Ci\u00e8ncies Socials de 4t d\u2019ESO<\/span><\/li>\n<li style=\"font-weight: 400;\" aria-level=\"1\"><span style=\"font-weight: 400;\">APS 4t d\u2019ESO<\/span><\/li>\n<\/ul>\n<\/td>\n<\/tr>\n<tr>\n<td><b>Mireia Rigau<\/b><span style=\"font-weight: 400;\"><br \/>\n<\/span><a href=\"mailto:mrigau@inscarrasco.cat\"><span style=\"font-weight: 400;\">mrigau@inscarrasco.cat<\/span><\/a><span style=\"font-weight: 400;\">\u00a0<\/span><\/td>\n<td>\n<ul>\n<li style=\"font-weight: 400;\" aria-level=\"1\"><span style=\"font-weight: 400;\">Ci\u00e8ncies Socials 2n d\u2019ESO<\/span><\/li>\n<li style=\"font-weight: 400;\" aria-level=\"1\"><span style=\"font-weight: 400;\">Treball Globalitzat de 2n d\u2019ESO<\/span><\/li>\n<li style=\"font-weight: 400;\" aria-level=\"1\"><span style=\"font-weight: 400;\">Hist\u00f2ria del M\u00f3n Contemporani de 1r de Batxillerat<\/span><\/li>\n<li style=\"font-weight: 400;\" aria-level=\"1\"><span style=\"font-weight: 400;\">Hist\u00f2ria de l\u2019art de 2n de Batxillerat<\/span><\/li>\n<\/ul>\n<\/td>\n<\/tr>\n<\/tbody>\n<\/table>\n<p><span style=\"font-family: inherit; font-size: 1em;\">\u00a0<\/span><\/p>\n<p><span style=\"font-weight: 400;\">Sortides d\u2019\u00e0mbit<\/span><\/p>\n<p><span style=\"font-family: inherit; font-size: 1em;\">\u00a0<\/span><\/p>\n<table>\n<tbody>\n<tr>\n<td><span style=\"font-weight: 400;\">1r d\u2019ESO<\/span><\/td>\n<td>\n<ul>\n<li style=\"font-weight: 400;\" aria-level=\"1\"><span style=\"font-weight: 400;\">Jaciment arqueol\u00f2gic Grecorom\u00e0 d\u2019Emp\u00faries<\/span><\/li>\n<\/ul>\n<\/td>\n<\/tr>\n<tr>\n<td><span style=\"font-weight: 400;\">2n d\u2019ESO<\/span><\/td>\n<td>\n<ul>\n<li style=\"font-weight: 400;\" aria-level=\"1\"><span style=\"font-weight: 400;\">Visita a la col\u00b7lecci\u00f3 d\u2019art rom\u00e0nic del MNAC<\/span><\/li>\n<\/ul>\n<\/td>\n<\/tr>\n<tr>\n<td><span style=\"font-weight: 400;\">3r d\u2019ESO<\/span><\/td>\n<td>\n<ul>\n<li style=\"font-weight: 400;\" aria-level=\"1\"><span style=\"font-weight: 400;\">Visita al Parlament de Catalunya<\/span><\/li>\n<\/ul>\n<\/td>\n<\/tr>\n<tr>\n<td><span style=\"font-weight: 400;\">4t d\u2019ESO<\/span><\/td>\n<td>\n<ul>\n<li style=\"font-weight: 400;\" aria-level=\"1\"><span style=\"font-weight: 400;\">Ruta de l\u2019exili: Maternitat d\u2019Elna i Museu de l\u2019exili\u00a0<\/span><\/li>\n<li style=\"font-weight: 400;\" aria-level=\"1\"><span style=\"font-weight: 400;\">Visita a l\u2019antiaeri del Tur\u00f3 de la Rovira i al refugi de la Pla\u00e7a del Diamant.<\/span><\/li>\n<\/ul>\n<\/td>\n<\/tr>\n<tr>\n<td><span style=\"font-weight: 400;\">1r de batxillerat<\/span><\/td>\n<td>\n<ul>\n<li style=\"font-weight: 400;\" aria-level=\"1\"><span style=\"font-weight: 400;\">CCCB World Press Photo<\/span><\/li>\n<li style=\"font-weight: 400;\" aria-level=\"1\"><span style=\"font-weight: 400;\">CCCB Visita Exposici\u00f3 tem\u00e0tica anual<\/span><\/li>\n<\/ul>\n<\/td>\n<\/tr>\n<tr>\n<td><span style=\"font-weight: 400;\">2n de batxillerat<\/span><\/td>\n<td>\n<ul>\n<li style=\"font-weight: 400;\" aria-level=\"1\"><span style=\"font-weight: 400;\">Ruta art\u00edstica Barcelona (MNAC, Pavell\u00f3 Mies van der Rohe, Arquitectura Modernista\u2026)<\/span><\/li>\n<\/ul>\n<\/td>\n<\/tr>\n<\/tbody>\n<\/table>\n<p><span style=\"font-family: inherit; font-size: 1em;\">Us convidem a visitar el mur digital o padlet de l&#8217;\u00e0mbit social:<\/span><\/p>\n<p><a href=\"https:\/\/padlet.com\/mrigau2\/padlet-de-l-mbit-social-ewp4f432plb2o4bv95\/2024\/02\/padlet_ambit_social.jpg\" target=\"_blank\" rel=\"noopener\"><img loading=\"lazy\" decoding=\"async\" class=\"alignnone wp-image-3015 size-large\" src=\"https:\/\/agora.xtec.cat\/iescarrascobarcelona\/wp-content\/uploads\/usu2495\/2024\/02\/padlet_ambit_social-1024x562.jpg\" alt=\"\" width=\"1024\" height=\"562\" srcset=\"https:\/\/agora.xtec.cat\/iescarrascobarcelona\/wp-content\/uploads\/usu2495\/2024\/02\/padlet_ambit_social-1024x562.jpg 1024w, https:\/\/agora.xtec.cat\/iescarrascobarcelona\/wp-content\/uploads\/usu2495\/2024\/02\/padlet_ambit_social-300x165.jpg 300w, https:\/\/agora.xtec.cat\/iescarrascobarcelona\/wp-content\/uploads\/usu2495\/2024\/02\/padlet_ambit_social-768x421.jpg 768w, https:\/\/agora.xtec.cat\/iescarrascobarcelona\/wp-content\/uploads\/usu2495\/2024\/02\/padlet_ambit_social.jpg 1229w\" sizes=\"auto, (max-width: 1024px) 100vw, 1024px\" \/><\/a><\/p>\n<p>Des de l\u2019\u00e0mbit Social s\u2019imparteixen aquelles mat\u00e8ries relacionades amb la geografia, la hist\u00f2ria, la hist\u00f2ria de l\u2019art, la filosofia i els reptes actuals.<\/p>\n<p><a href=\"https:\/\/agora.xtec.cat\/iescarrascobarcelona\/wp-content\/uploads\/usu2495\/2024\/03\/ambit-social.jpg\"><img loading=\"lazy\" decoding=\"async\" class=\"alignnone size-large wp-image-3063\" src=\"https:\/\/agora.xtec.cat\/iescarrascobarcelona\/wp-content\/uploads\/usu2495\/2024\/03\/ambit-social-1024x114.jpg\" alt=\"\" width=\"1024\" height=\"114\" srcset=\"https:\/\/agora.xtec.cat\/iescarrascobarcelona\/wp-content\/uploads\/usu2495\/2024\/03\/ambit-social-1024x114.jpg 1024w, https:\/\/agora.xtec.cat\/iescarrascobarcelona\/wp-content\/uploads\/usu2495\/2024\/03\/ambit-social-300x33.jpg 300w, https:\/\/agora.xtec.cat\/iescarrascobarcelona\/wp-content\/uploads\/usu2495\/2024\/03\/ambit-social-768x86.jpg 768w, https:\/\/agora.xtec.cat\/iescarrascobarcelona\/wp-content\/uploads\/usu2495\/2024\/03\/ambit-social.jpg 1050w\" sizes=\"auto, (max-width: 1024px) 100vw, 1024px\" \/><\/a><\/p>\n<p><b>ELS NOSTRES RECURSOS DIGITALS (en edici\u00f3)<\/b><\/p>\n<p><a href=\"https:\/\/www.sapiens.cat\/\"><span style=\"font-weight: 400;\">https:\/\/www.sapiens.cat\/<\/span><\/a><\/p>\n<p>&nbsp;<\/p>\n","protected":false},"excerpt":{"rendered":"<p>Des de l\u2019\u00e0mbit Social s\u2019imparteixen aquelles mat\u00e8ries relacionades amb la geografia, la hist\u00f2ria, la hist\u00f2ria de l\u2019art, la filosofia i els reptes actuals. &nbsp; &nbsp; El curs 2024-25 la distribuci\u00f3 de mat\u00e8ries \u00e9s el seg\u00fcent: \u00a0 1r ESO Ci\u00e8ncies Socials Treball globalitzat 2n ESO Ci\u00e8ncies Socials Treball globalitzat 3r ESO Ci\u00e8ncies Socials APS 4t ESO [&hellip;]<\/p>\n","protected":false},"author":1,"featured_media":0,"parent":1761,"menu_order":0,"comment_status":"closed","ping_status":"closed","template":"page-templates\/side-menu.php","meta":{"_bbp_topic_count":0,"_bbp_reply_count":0,"_bbp_total_topic_count":0,"_bbp_total_reply_count":0,"_bbp_voice_count":0,"_bbp_anonymous_reply_count":0,"_bbp_topic_count_hidden":0,"_bbp_reply_count_hidden":0,"_bbp_forum_subforum_count":0,"site-sidebar-layout":"default","site-content-layout":"","ast-site-content-layout":"","site-content-style":"default","site-sidebar-style":"default","ast-global-header-display":"","ast-banner-title-visibility":"","ast-main-header-display":"","ast-hfb-above-header-display":"","ast-hfb-below-header-display":"","ast-hfb-mobile-header-display":"","site-post-title":"","ast-breadcrumbs-content":"","ast-featured-img":"","footer-sml-layout":"","theme-transparent-header-meta":"","adv-header-id-meta":"","stick-header-meta":"","header-above-stick-meta":"","header-main-stick-meta":"","header-below-stick-meta":"","astra-migrate-meta-layouts":"default","ast-page-background-enabled":"default","ast-page-background-meta":{"desktop":{"background-color":"var(--ast-global-color-4)","background-image":"","background-repeat":"repeat","background-position":"center center","background-size":"auto","background-attachment":"scroll","background-type":"","background-media":"","overlay-type":"","overlay-color":"","overlay-opacity":"","overlay-gradient":""},"tablet":{"background-color":"","background-image":"","background-repeat":"repeat","background-position":"center center","background-size":"auto","background-attachment":"scroll","background-type":"","background-media":"","overlay-type":"","overlay-color":"","overlay-opacity":"","overlay-gradient":""},"mobile":{"background-color":"","background-image":"","background-repeat":"repeat","background-position":"center center","background-size":"auto","background-attachment":"scroll","background-type":"","background-media":"","overlay-type":"","overlay-color":"","overlay-opacity":"","overlay-gradient":""}},"ast-content-background-meta":{"desktop":{"background-color":"var(--ast-global-color-5)","background-image":"","background-repeat":"repeat","background-position":"center center","background-size":"auto","background-attachment":"scroll","background-type":"","background-media":"","overlay-type":"","overlay-color":"","overlay-opacity":"","overlay-gradient":""},"tablet":{"background-color":"var(--ast-global-color-5)","background-image":"","background-repeat":"repeat","background-position":"center center","background-size":"auto","background-attachment":"scroll","background-type":"","background-media":"","overlay-type":"","overlay-color":"","overlay-opacity":"","overlay-gradient":""},"mobile":{"background-color":"var(--ast-global-color-5)","background-image":"","background-repeat":"repeat","background-position":"center center","background-size":"auto","background-attachment":"scroll","background-type":"","background-media":"","overlay-type":"","overlay-color":"","overlay-opacity":"","overlay-gradient":""}},"footnotes":""},"class_list":["post-1767","page","type-page","status-publish","hentry"],"post_mailing_queue_ids":[],"_links":{"self":[{"href":"https:\/\/agora.xtec.cat\/iescarrascobarcelona\/wp-json\/wp\/v2\/pages\/1767","targetHints":{"allow":["GET"]}}],"collection":[{"href":"https:\/\/agora.xtec.cat\/iescarrascobarcelona\/wp-json\/wp\/v2\/pages"}],"about":[{"href":"https:\/\/agora.xtec.cat\/iescarrascobarcelona\/wp-json\/wp\/v2\/types\/page"}],"author":[{"embeddable":true,"href":"https:\/\/agora.xtec.cat\/iescarrascobarcelona\/wp-json\/wp\/v2\/users\/1"}],"replies":[{"embeddable":true,"href":"https:\/\/agora.xtec.cat\/iescarrascobarcelona\/wp-json\/wp\/v2\/comments?post=1767"}],"version-history":[{"count":7,"href":"https:\/\/agora.xtec.cat\/iescarrascobarcelona\/wp-json\/wp\/v2\/pages\/1767\/revisions"}],"predecessor-version":[{"id":3104,"href":"https:\/\/agora.xtec.cat\/iescarrascobarcelona\/wp-json\/wp\/v2\/pages\/1767\/revisions\/3104"}],"up":[{"embeddable":true,"href":"https:\/\/agora.xtec.cat\/iescarrascobarcelona\/wp-json\/wp\/v2\/pages\/1761"}],"wp:attachment":[{"href":"https:\/\/agora.xtec.cat\/iescarrascobarcelona\/wp-json\/wp\/v2\/media?parent=1767"}],"curies":[{"name":"wp","href":"https:\/\/api.w.org\/{rel}","templated":true}]}}