{"id":8482,"date":"2025-01-29T23:15:24","date_gmt":"2025-01-29T22:15:24","guid":{"rendered":"https:\/\/agora.xtec.cat\/iescarlesrahola\/?page_id=8482"},"modified":"2025-02-14T17:28:00","modified_gmt":"2025-02-14T16:28:00","slug":"contingut-de-les-proves-geso-2025","status":"publish","type":"page","link":"https:\/\/agora.xtec.cat\/iescarlesrahola\/estudis\/eso-2\/contingut-de-les-proves-geso-2025\/","title":{"rendered":"CONTINGUT DE LES PROVES GESO 2025"},"content":{"rendered":"<ul>\n<li style=\"text-align: left;\"><em><strong><a href=\"https:\/\/drive.google.com\/file\/d\/1WV1vRNPDCYfmJ5r-ee0tgaTxBR41AKj3\/view?usp=drive_link\" target=\"_blank\" rel=\"noopener\">Llengua catalana<\/a><\/strong><\/em><\/li>\n<li style=\"text-align: left;\"><em><strong><a href=\"https:\/\/drive.google.com\/file\/d\/1cVcuZC1ydzOPyw8klIxuqxYd_0jeEvID\/view?usp=drive_link\" target=\"_blank\" rel=\"noopener\">Llengua castellana<\/a><\/strong><\/em><\/li>\n<li style=\"text-align: left;\"><em><strong><a href=\"https:\/\/drive.google.com\/file\/d\/18Y2XMJEBzY7TO5Dh_fxbuYv4zo8Vnth5\/view?usp=drive_link\" target=\"_blank\" rel=\"noopener\">Llengua anglesa<\/a><\/strong><\/em><\/li>\n<li style=\"text-align: left;\"><em><strong><a href=\"https:\/\/drive.google.com\/file\/d\/1PF70XibGTPlg71sN-6ZB8CDJxVhepLJi\/view?usp=drive_link\" target=\"_blank\" rel=\"noopener\">Llengua francesa<\/a><\/strong><\/em><\/li>\n<li style=\"text-align: left;\"><em><strong><a href=\"https:\/\/drive.google.com\/file\/d\/1reRo0uEt-KW4eMHbaFegXSdfLT6s_txx\/view?usp=drive_link\" target=\"_blank\" rel=\"noopener\">Matem\u00e0tiques<\/a><\/strong><\/em><\/li>\n<li style=\"text-align: left;\"><em><strong><a href=\"https:\/\/drive.google.com\/file\/d\/1ivctAZoupwj56efVx83gWQPUHb8PjoZ1\/view?usp=drive_link\" target=\"_blank\" rel=\"noopener\">Biologia i geologia<\/a><\/strong><\/em><\/li>\n<li style=\"text-align: left;\"><strong><em><a href=\"https:\/\/drive.google.com\/file\/d\/1N0PrbteHa5oInEabdRjWJGo-p__Kawfj\/view?usp=drive_link\" target=\"_blank\" rel=\"noopener\">F\u00edsica i qu\u00edmica<\/a><\/em><\/strong><\/li>\n<li style=\"text-align: left;\"><strong><em><a href=\"https:\/\/drive.google.com\/file\/d\/1qcVxNmDZZR_s9CfRYFJGUi5RtjVoL8ic\/view?usp=drive_link\" target=\"_blank\" rel=\"noopener\">Socials<\/a><\/em><\/strong><\/li>\n<li style=\"text-align: left;\"><em><strong><a href=\"https:\/\/drive.google.com\/file\/d\/1kozMkA3qrQWTEazj2isbedHyusvQpt7Y\/view?usp=drive_link\" target=\"_blank\" rel=\"noopener\">Tecnologia<\/a><\/strong><\/em><\/li>\n<li style=\"text-align: left;\"><em><strong><a href=\"https:\/\/drive.google.com\/file\/d\/1un42djS8Bfm3A2DLKmqJ8ZqLYZ90L7d0\/view?usp=drive_link\" target=\"_blank\" rel=\"noopener\">Filosofia<\/a><\/strong><\/em><\/li>\n<li style=\"text-align: left;\"><em><strong><a href=\"https:\/\/drive.google.com\/file\/d\/1sWI61yOrNx1O-D4ssGC-Z1LCKIDAJNCG\/view?usp=drive_link\" target=\"_blank\" rel=\"noopener\">Expressi\u00f3 art\u00edstica &#8211; Visual i pl\u00e0stica<\/a><\/strong><\/em><\/li>\n<li><strong><a href=\"https:\/\/drive.google.com\/file\/d\/1VJFCL9jIzzPCFdsTujugCzeptXhYTmxW\/view?usp=drive_link\" target=\"_blank\" rel=\"noopener\"><em>Economia<\/em><\/a><\/strong><\/li>\n<li><em><strong><a href=\"https:\/\/drive.google.com\/file\/d\/1zKgZABVuuZ6YPX-mblatH0JiEs_7dRBj\/view?usp=drive_link\" target=\"_blank\" rel=\"noopener\">Educaci\u00f3 f\u00edsica<\/a><\/strong><\/em><\/li>\n<li><em><strong><a href=\"https:\/\/drive.google.com\/file\/d\/15yrH9DekKCr240pHlP6fN7evfKwZmIUD\/view?usp=drive_link\" target=\"_blank\" rel=\"noopener\">Llat\u00ed<\/a><\/strong><\/em><\/li>\n<li><em><strong><a href=\"https:\/\/drive.google.com\/file\/d\/1bButFebyVwZGunLzgD_0LCTGPXSUF4pf\/view?usp=drive_link\" target=\"_blank\" rel=\"noopener\">Cultura i valors<\/a><\/strong><\/em><\/li>\n<\/ul>\n<p>&nbsp;<\/p>\n","protected":false},"excerpt":{"rendered":"<ul>\n<li style=\"text-align: left;\"><a href=\"https:\/\/drive.google.com\/file\/d\/1WV1vRNPDCYfmJ5r-ee0tgaTxBR41AKj3\/view?usp=drive_link\" target=\"_blank\" rel=\"noopener\">Llengua catalana<\/a><\/li>\n<li style=\"text-align: left;\"><a href=\"https:\/\/drive.google.com\/file\/d\/1cVcuZC1ydzOPyw8klIxuqxYd_0jeEvID\/view?usp=drive_link\" target=\"_blank\" rel=\"noopener\">Llengua castellana<\/a><\/li>\n<li style=\"text-align: left;\"><a href=\"https:\/\/drive.google.com\/file\/d\/18Y2XMJEBzY7TO5Dh_fxbuYv4zo8Vnth5\/view?usp=drive_link\" target=\"_blank\" rel=\"noopener\">Llengua anglesa<\/a><\/li>\n<li style=\"text-align: left;\"><a href=\"https:\/\/drive.google.com\/file\/d\/1PF70XibGTPlg71sN-6ZB8CDJxVhepLJi\/view?usp=drive_link\" target=\"_blank\" rel=\"noopener\">Llengua francesa<\/a><\/li>\n<li style=\"text-align: left;\"><a href=\"https:\/\/drive.google.com\/file\/d\/1reRo0uEt-KW4eMHbaFegXSdfLT6s_txx\/view?usp=drive_link\" target=\"_blank\" rel=\"noopener\">Matem\u00e0tiques<\/a><\/li>\n<li style=\"text-align: left;\"><a href=\"https:\/\/drive.google.com\/file\/d\/1ivctAZoupwj56efVx83gWQPUHb8PjoZ1\/view?usp=drive_link\" target=\"_blank\" rel=\"noopener\">Biologia i geologia<\/a><\/li>\n<li style=\"text-align: left;\"><a href=\"https:\/\/drive.google.com\/file\/d\/1N0PrbteHa5oInEabdRjWJGo-p__Kawfj\/view?usp=drive_link\" target=\"_blank\" rel=\"noopener\">F\u00edsica i qu\u00edmica<\/a><\/li>\n<li style=\"text-align:&hellip;  <a href=\"https:\/\/agora.xtec.cat\/iescarlesrahola\/estudis\/eso-2\/contingut-de-les-proves-geso-2025\/\" title=\"Read CONTINGUT DE LES PROVES GESO 2025\">Llegeix m\u00e9s\u00bb<\/a><br \/>\n","protected":false},"author":1,"featured_media":0,"parent":1225,"menu_order":121,"comment_status":"closed","ping_status":"closed","template":"page-templates\/side-menu.php","meta":{"_bbp_topic_count":0,"_bbp_reply_count":0,"_bbp_total_topic_count":0,"_bbp_total_reply_count":0,"_bbp_voice_count":0,"_bbp_anonymous_reply_count":0,"_bbp_topic_count_hidden":0,"_bbp_reply_count_hidden":0,"_bbp_forum_subforum_count":0,"footnotes":""},"class_list":["post-8482","page","type-page","status-publish","hentry"],"post_mailing_queue_ids":[],"_links":{"self":[{"href":"https:\/\/agora.xtec.cat\/iescarlesrahola\/wp-json\/wp\/v2\/pages\/8482","targetHints":{"allow":["GET"]}}],"collection":[{"href":"https:\/\/agora.xtec.cat\/iescarlesrahola\/wp-json\/wp\/v2\/pages"}],"about":[{"href":"https:\/\/agora.xtec.cat\/iescarlesrahola\/wp-json\/wp\/v2\/types\/page"}],"author":[{"embeddable":true,"href":"https:\/\/agora.xtec.cat\/iescarlesrahola\/wp-json\/wp\/v2\/users\/1"}],"replies":[{"embeddable":true,"href":"https:\/\/agora.xtec.cat\/iescarlesrahola\/wp-json\/wp\/v2\/comments?post=8482"}],"version-history":[{"count":6,"href":"https:\/\/agora.xtec.cat\/iescarlesrahola\/wp-json\/wp\/v2\/pages\/8482\/revisions"}],"predecessor-version":[{"id":8575,"href":"https:\/\/agora.xtec.cat\/iescarlesrahola\/wp-json\/wp\/v2\/pages\/8482\/revisions\/8575"}],"up":[{"embeddable":true,"href":"https:\/\/agora.xtec.cat\/iescarlesrahola\/wp-json\/wp\/v2\/pages\/1225"}],"wp:attachment":[{"href":"https:\/\/agora.xtec.cat\/iescarlesrahola\/wp-json\/wp\/v2\/media?parent=8482"}],"curies":[{"name":"wp","href":"https:\/\/api.w.org\/{rel}","templated":true}]}}