{"id":8477,"date":"2025-01-29T23:07:06","date_gmt":"2025-01-29T22:07:06","guid":{"rendered":"https:\/\/agora.xtec.cat\/iescarlesrahola\/?page_id=8477"},"modified":"2026-01-21T08:29:31","modified_gmt":"2026-01-21T07:29:31","slug":"proves-per-obtenir-el-titol-de-graduat-ada-en-eso","status":"publish","type":"page","link":"https:\/\/agora.xtec.cat\/iescarlesrahola\/estudis\/eso-2\/proves-per-obtenir-el-titol-de-graduat-ada-en-eso\/","title":{"rendered":"Proves per obtenir el t\u00edtol de graduat\/ada en ESO"},"content":{"rendered":"<p style=\"text-align: justify;\"><span style=\"color: #808080;\">Cada any es convoca la prova per a l&#8217;obtenci\u00f3 del t\u00edtol de graduat o graduada en educaci\u00f3 secund\u00e0ria obligat\u00f2ria (GESO), per als alumnes que no l&#8217;hagin obtingut en finalitzar l&#8217;etapa. Per poder-s\u2019hi presentar l\u2019alumne o alumna ha d\u2019haver finalitzat l\u2019etapa durant un dels dos cursos anteriors al qual es presenti a la prova.<\/span><br \/>\n<span style=\"color: #808080;\">En aquest apartat hi trobareu tota la informaci\u00f3 necess\u00e0ria per a l\u2019organitzaci\u00f3 d\u2019aquestes proves.<\/span><\/p>\n<h4 style=\"text-align: justify;\"><span style=\"color: #808080;\">Alumnes que poden presentar-s\u2019hi<\/span><\/h4>\n<p style=\"text-align: justify;\"><span style=\"color: #808080;\">Els alumnes han de complir els dos requisits seg\u00fcents per poder presentar-se a aquesta prova l\u2019any 2026:<\/span><\/p>\n<p style=\"text-align: justify;\"><span style=\"color: #808080;\">1. Tenir almenys 18 anys o complir-los dins de l&#8217;any 2026. L\u2019edat requerida es podr\u00e0 rebaixar fins als setze anys sempre que l\u2019alumne o alumna compleixi alguna de les condicions seg\u00fcents:<\/span><\/p>\n<ul>\n<li><span style=\"color: #808080;\">Tenir un contracte laboral que l\u2019impedeixi assistir al centre en r\u00e8gim ordinari.<\/span><\/li>\n<li><span style=\"color: #808080;\">Trobar-se en proc\u00e9s d&#8217;obtenci\u00f3 d&#8217;un perm\u00eds de treball.<\/span><\/li>\n<li><span style=\"color: #808080;\">Ser esportista d&#8217;alt rendiment. En aquest cas, caldr\u00e0 presentar una certificaci\u00f3 del Consell Catal\u00e0 de l\u2019Esport que acrediti que aquests esportistes figuren en el programa de tecnificaci\u00f3 (ARC) de la federaci\u00f3 catalana corresponent.<\/span><\/li>\n<li><span style=\"color: #808080;\">Tenir un expedient d\u2019homologaci\u00f3 obert d\u2019estudis estrangers al t\u00edtol de GESO.<\/span><\/li>\n<\/ul>\n<p style=\"text-align: justify;\"><span style=\"color: #808080;\">2. Haver finalitzat l\u2019ESO l\u2019any 2024 o 2025 sense haver obtingut el t\u00edtol o haver finalitzat l\u2019equivalent del quart curs de l\u2019educaci\u00f3 secund\u00e0ria obligat\u00f2ria en un sistema educatiu estranger amb mat\u00e8ries amb avaluaci\u00f3 negativa en cursos anteriors.<\/span><br \/>\n<span style=\"color: #808080;\">De manera excepcional, tamb\u00e9 s&#8217;hi poden acollir alumnes amb informe de reconeixement de necessitats educatives especials, em\u00e8s per l&#8217;equip <\/span><span style=\"color: #808080;\">d&#8217;assessorament psicopedag\u00f2gic (EAP), per als quals es va elaborar un pla de suport individualitzat durant el per\u00edode compr\u00e8s entre els cursos 2017-2018 i 2022-2023.<\/span><br \/>\n<span style=\"color: #808080;\">En aplicaci\u00f3 d\u2019aquests requisits, queden exclosos de la prova els alumnes <\/span><span style=\"color: #808080;\">inscrits per repetir quart d\u2019ESO en el present curs 2025-2026.<\/span><br \/>\n<span style=\"color: #808080;\">D\u2019altra banda, els alumnes que estan matriculats en ensenyaments d&#8217;adults o a <\/span><span style=\"color: #808080;\">l&#8217;Institut Obert de Catalunya hi poden conc\u00f3rrer, sempre que compleixin els <\/span><span style=\"color: #808080;\">requisits abans esmentats.<\/span><\/p>\n<table style=\"border-collapse: collapse; width: 100%; height: 494px;\">\n<tbody>\n<tr style=\"height: 32px;\">\n<td style=\"width: 50%; height: 32px;\">\n<h4><span style=\"color: #808080;\">Calendari<\/span><\/h4>\n<\/td>\n<td style=\"width: 50%; height: 32px;\"><\/td>\n<\/tr>\n<tr style=\"height: 63px;\">\n<td style=\"width: 50%; height: 63px;\"><span style=\"color: #808080;\">Els centres informen, per mitj\u00e0 dels canals<\/span><br \/>\n<span style=\"color: #808080;\">que tinguin establerts, del curr\u00edculum de<\/span><br \/>\n<span style=\"color: #808080;\">cadascuna de les mat\u00e8ries.<\/span><\/td>\n<td style=\"width: 50%; height: 63px;\"><span style=\"color: #808080;\">Abans d&#8217;obrir-se el per\u00edode d&#8217;inscripci\u00f3<\/span><\/td>\n<\/tr>\n<tr style=\"height: 48px;\">\n<td style=\"width: 50%; height: 48px;\"><span style=\"color: #808080;\">Termini de presentaci\u00f3 de sol\u00b7licituds<\/span><br \/>\n<span style=\"color: #808080;\">d&#8217;inscripci\u00f3<\/span><\/td>\n<td style=\"width: 50%; height: 48px;\"><span style=\"color: #808080;\">Entre el 2 i el 13 de febrer de 2026<\/span><br \/>\n<em><strong><a href=\"https:\/\/drive.google.com\/file\/d\/11jTQOcas9bVhihPF5o7-T8Keeu1_VC9e\/view?usp=drive_link\" target=\"_blank\" rel=\"noopener\">Impr\u00e8s de sol\u00b7licitud<\/a><\/strong><\/em><\/td>\n<\/tr>\n<tr style=\"height: 95px;\">\n<td style=\"width: 50%; height: 95px;\"><span style=\"color: #808080;\">Els centres publiquen, per mitj\u00e0 dels canals<\/span><br \/>\n<span style=\"color: #808080;\">que tinguin establerts, el calendari de<\/span><br \/>\n<span style=\"color: #808080;\">realitzaci\u00f3 de la prova i la relaci\u00f3 d&#8217;admesos,<\/span><br \/>\n<span style=\"color: #808080;\">amb les mat\u00e8ries objecte de la prova, i<\/span><br \/>\n<span style=\"color: #808080;\">d\u2019exclosos<\/span><\/td>\n<td style=\"width: 50%; height: 95px;\"><span style=\"color: #808080;\">Fins el 2 de mar\u00e7 de 2026<\/span><\/td>\n<\/tr>\n<tr style=\"height: 32px;\">\n<td style=\"width: 50%; height: 32px;\"><span style=\"color: #808080;\">Termini de presentaci\u00f3 de reclamacions a la<\/span><br \/>\n<span style=\"color: #808080;\">relaci\u00f3 d\u2019admesos i exclosos.<\/span><\/td>\n<td style=\"width: 50%; height: 32px;\"><span style=\"color: #808080;\">Del 3 al 5 de mar\u00e7 de 2026<\/span><\/td>\n<\/tr>\n<tr style=\"height: 32px;\">\n<td style=\"width: 50%; height: 32px;\"><span style=\"color: #808080;\">Realitzaci\u00f3 de la prova<\/span><\/td>\n<td style=\"width: 50%; height: 32px;\"><span style=\"color: #808080;\">Durant el mes de mar\u00e7 de 2026<\/span><\/td>\n<\/tr>\n<tr style=\"height: 32px;\">\n<td style=\"width: 50%; height: 32px;\"><span style=\"color: #808080;\">Relaci\u00f3 d\u2019alumnes presentats i de les<\/span><br \/>\n<span style=\"color: #808080;\">qualificacions obtingudes<\/span><\/td>\n<td style=\"width: 50%; height: 32px;\"><span style=\"color: #808080;\">Deu dies lectius seg\u00fcents a la<\/span><br \/>\n<span style=\"color: #808080;\">realitzaci\u00f3 de la prova<\/span><\/td>\n<\/tr>\n<tr style=\"height: 32px;\">\n<td style=\"width: 50%; height: 32px;\"><span style=\"color: #808080;\">Termini de presentaci\u00f3 de reclamacions a<\/span><br \/>\n<span style=\"color: #808080;\">les qualificacions obtingudes<\/span><\/td>\n<td style=\"width: 50%; height: 32px;\"><span style=\"color: #808080;\">Durant els tres dies h\u00e0bils seg\u00fcents a<\/span><br \/>\n<span style=\"color: #808080;\">la data d\u2019informaci\u00f3 dels resultats<\/span><br \/>\n<span style=\"color: #808080;\">obtinguts<\/span><\/td>\n<\/tr>\n<tr style=\"height: 32px;\">\n<td style=\"width: 50%; height: 32px;\"><span style=\"color: #808080;\">Si hi ha reclamacions, la direcci\u00f3 del centre<\/span><br \/>\n<span style=\"color: #808080;\">convoca una reuni\u00f3 extraordin\u00e0ria de la<\/span><br \/>\n<span style=\"color: #808080;\">sessi\u00f3 d\u2019avaluaci\u00f3<\/span><\/td>\n<td style=\"width: 50%; height: 32px;\"><span style=\"color: #808080;\">En un termini de 48 hores despr\u00e9s<\/span><br \/>\n<span style=\"color: #808080;\">que acabi el termini de presentaci\u00f3 de<\/span><br \/>\n<span style=\"color: #808080;\">reclamacions<\/span><\/td>\n<\/tr>\n<tr style=\"height: 32px;\">\n<td style=\"width: 50%; height: 32px;\"><span style=\"color: #808080;\">Contingut de les proves<\/span><\/td>\n<td style=\"width: 50%; height: 32px;\"><em><strong><a href=\"https:\/\/agora.xtec.cat\/iescarlesrahola\/?page_id=8482&amp;preview=true\">Temari proves<\/a><\/strong><\/em><\/td>\n<\/tr>\n<tr style=\"height: 32px;\">\n<td style=\"width: 50%; height: 32px;\"><span style=\"color: #808080;\">Horari proves de compleci\u00f3<\/span><\/td>\n<td style=\"width: 50%; height: 32px;\">Horari (properament)<\/td>\n<\/tr>\n<\/tbody>\n<\/table>\n<p>&nbsp;<\/p>\n<p style=\"text-align: justify;\">\n","protected":false},"excerpt":{"rendered":"<p>Cada any es convoca la prova per a l&#8217;obtenci\u00f3 del t\u00edtol de graduat o graduada en educaci\u00f3 secund\u00e0ria obligat\u00f2ria (GESO), per als alumnes que no l&#8217;hagin obtingut en finalitzar l&#8217;etapa. Per poder-s\u2019hi presentar l\u2019alumne o alumna ha d\u2019haver finalitzat l\u2019etapa durant un dels dos cursos&hellip;  <a href=\"https:\/\/agora.xtec.cat\/iescarlesrahola\/estudis\/eso-2\/proves-per-obtenir-el-titol-de-graduat-ada-en-eso\/\" title=\"Read Proves per obtenir el t\u00edtol de graduat\/ada en ESO\">Llegeix m\u00e9s\u00bb<\/a><\/p>\n","protected":false},"author":1,"featured_media":0,"parent":1225,"menu_order":120,"comment_status":"closed","ping_status":"closed","template":"page-templates\/side-menu.php","meta":{"_bbp_topic_count":0,"_bbp_reply_count":0,"_bbp_total_topic_count":0,"_bbp_total_reply_count":0,"_bbp_voice_count":0,"_bbp_anonymous_reply_count":0,"_bbp_topic_count_hidden":0,"_bbp_reply_count_hidden":0,"_bbp_forum_subforum_count":0,"footnotes":""},"class_list":["post-8477","page","type-page","status-publish","hentry"],"post_mailing_queue_ids":[],"_links":{"self":[{"href":"https:\/\/agora.xtec.cat\/iescarlesrahola\/wp-json\/wp\/v2\/pages\/8477","targetHints":{"allow":["GET"]}}],"collection":[{"href":"https:\/\/agora.xtec.cat\/iescarlesrahola\/wp-json\/wp\/v2\/pages"}],"about":[{"href":"https:\/\/agora.xtec.cat\/iescarlesrahola\/wp-json\/wp\/v2\/types\/page"}],"author":[{"embeddable":true,"href":"https:\/\/agora.xtec.cat\/iescarlesrahola\/wp-json\/wp\/v2\/users\/1"}],"replies":[{"embeddable":true,"href":"https:\/\/agora.xtec.cat\/iescarlesrahola\/wp-json\/wp\/v2\/comments?post=8477"}],"version-history":[{"count":6,"href":"https:\/\/agora.xtec.cat\/iescarlesrahola\/wp-json\/wp\/v2\/pages\/8477\/revisions"}],"predecessor-version":[{"id":9068,"href":"https:\/\/agora.xtec.cat\/iescarlesrahola\/wp-json\/wp\/v2\/pages\/8477\/revisions\/9068"}],"up":[{"embeddable":true,"href":"https:\/\/agora.xtec.cat\/iescarlesrahola\/wp-json\/wp\/v2\/pages\/1225"}],"wp:attachment":[{"href":"https:\/\/agora.xtec.cat\/iescarlesrahola\/wp-json\/wp\/v2\/media?parent=8477"}],"curies":[{"name":"wp","href":"https:\/\/api.w.org\/{rel}","templated":true}]}}