{"id":7723,"date":"2023-09-26T13:36:25","date_gmt":"2023-09-26T11:36:25","guid":{"rendered":"https:\/\/agora.xtec.cat\/iescarlesrahola\/?page_id=7723"},"modified":"2023-10-05T16:00:55","modified_gmt":"2023-10-05T14:00:55","slug":"proves-pau","status":"publish","type":"page","link":"https:\/\/agora.xtec.cat\/iescarlesrahola\/estudis\/batxillerat\/proves-pau\/","title":{"rendered":"Proves Pau"},"content":{"rendered":"<div class=\"entry-content\">\n<h3><span style=\"color: #808080;\">Geologia i Medi Ambient<\/span><\/h3>\n<p><a href=\"https:\/\/universitats.gencat.cat\/web\/.content\/01_acces_i_admissio\/accesnet_CENTRES\/Orientacions-Geologia-i-Medi-Ambient-PAU-2024.pdf\" target=\"_blank\" rel=\"noopener\">Orientacions al curr\u00edculum de Geologia i Medi Ambient. PAU 2024<\/a><\/p>\n<h3><span style=\"color: #808080;\">Qu\u00edmica<\/span><\/h3>\n<p><a href=\"https:\/\/universitats.gencat.cat\/web\/.content\/01_acces_i_admissio\/accesnet_CENTRES\/Orientacions-Quimica-PAU-2024.pdf\" target=\"_blank\" rel=\"noopener\">Orientacions al curr\u00edculum de Qu\u00edmica. PAU 2024<\/a><\/p>\n<hr \/>\n<div>\n<p><span style=\"color: #808080;\"><em><strong>Not\u00edcies anteriors<\/strong><\/em><\/span><\/p>\n<hr \/>\n<h4><span style=\"color: #808080;\">Informaci\u00f3 sobre la Prova d\u2019Acc\u00e9s a la Universitat a Catalunya \u2013 PAU 2024<\/span><\/h4>\n<p style=\"text-align: justify;\"><span style=\"color: #808080;\">D\u2019acord amb l\u2019anunci del Ministeri d\u2019Educaci\u00f3 i Formaci\u00f3 Professional del passat 1 de setembre, sobre l\u2019ajornament de la normativa de les proves d\u2019acc\u00e9s a la universitat, us informem que les PAU 2024 mantindran la mateixa estructura que fins ara, per\u00f2 amb les adaptacions de contingut corresponents al nou curr\u00edculum del batxillerat LOMLOE publicat en el Decret 171\/2022, de 20 de setembre, d\u2019ordenaci\u00f3 dels ensenyaments de batxillerat. Disposeu del comunicat<\/span> \u2018<a href=\"https:\/\/documents.espai.educacio.gencat.cat\/documents_publics\/Centres\/20230915-informacio-pau2024.pdf\" target=\"_blank\" rel=\"noopener\">Informaci\u00f3 sobre la prova d\u2019acc\u00e9s a la universitat a Catalunya -PAU 2024<\/a>\u2019 <span style=\"color: #808080;\">on trobareu tota la informaci\u00f3.<\/span><\/p>\n<hr \/>\n<p><span style=\"color: #808080;\"><em><strong>Not\u00edcies anteriors<\/strong><\/em><\/span><\/p>\n<hr \/>\n<h3><span style=\"color: #808080;\">Biologia<\/span><\/h3>\n<p><a href=\"https:\/\/universitats.gencat.cat\/web\/.content\/01_acces_i_admissio\/accesnet_CENTRES\/Orientacions_curriculum_biologia.pdf\" target=\"_blank\" rel=\"noopener\">Orientacions al curr\u00edculum de Biologia PAU 2024<\/a><\/p>\n<h3><span style=\"color: #808080;\">F\u00edsica<\/span><\/h3>\n<p><a href=\"https:\/\/universitats.gencat.cat\/web\/.content\/01_acces_i_admissio\/accesnet_CENTRES\/Fisica_Orientacions_PAU_2024.pdf\" target=\"_blank\" rel=\"noopener\">Relaci\u00f3 de conceptes que seran objecte d\u2019avaluaci\u00f3 a les proves PAU de F\u00edsica PAU 2024<\/a><\/p>\n<p style=\"text-align: justify;\"><a href=\"https:\/\/universitats.gencat.cat\/web\/.content\/01_acces_i_admissio\/accesnet_CENTRES\/nota_complementaria_orientacio_fisica.pdf\" target=\"_blank\" rel=\"noopener\">Nota complementaria al document \u2018Relaci\u00f3 de conceptes que seran objecte d\u2019avaluaci\u00f3 a les proves PAU de F\u00edsica\u2019 <\/a><\/p>\n<h3><span style=\"color: #808080;\">Funcionament de l\u2019Empresa i disseny de models de negoci<\/span><\/h3>\n<p><a href=\"https:\/\/universitats.gencat.cat\/web\/.content\/01_acces_i_admissio\/accesnet_CENTRES\/Orientacions_Empresa_disseny_models_negoci_PAU2024.pdf\" target=\"_blank\" rel=\"noopener\">Orientacions Funcionament de l\u2019empresa i disseny de models de negoci PAU 2024<\/a><\/p>\n<h3><span style=\"color: #808080;\">Matem\u00e0tiques i Matem\u00e0tiques Aplicades a les Ci\u00e8ncies Socials<\/span><\/h3>\n<p><a href=\"https:\/\/universitats.gencat.cat\/web\/.content\/01_acces_i_admissio\/accesnet_CENTRES\/Orientacions-Matematiques-PAU-2024.pdf\" target=\"_blank\" rel=\"noopener\">Orientaci\u00f3 Matem\u00e0tiques PAU 2024<\/a><\/p>\n<p><a href=\"https:\/\/universitats.gencat.cat\/web\/.content\/01_acces_i_admissio\/accesnet_CENTRES\/Orientacions-MACS-PAU-2024.pdf\" target=\"_blank\" rel=\"noopener\">Orientaci\u00f3 Matem\u00e0tiques Aplicades a les Ci\u00e8ncies Socials PAU 2024<\/a><\/p>\n<p style=\"text-align: justify;\"><span style=\"color: #808080;\">En aquests documents, elaborats per l\u2019equip responsable de les mat\u00e8ries de Matem\u00e0tiques i Mat. apl. CCSS de la PAU, trobareu l\u2019adaptaci\u00f3 d\u2019aquestes mat\u00e8ries al nou curr\u00edculum de Batxillerat de cara a la PAU 2024 i exemples de preguntes de la nova part del curr\u00edculum (heu de tenir en compte que NO s\u00f3n exemples de preguntes PAU).<\/span><\/p>\n<h3><span style=\"color: #808080;\">Llat\u00ed<\/span><\/h3>\n<p><a href=\"https:\/\/universitats.gencat.cat\/web\/.content\/01_acces_i_admissio\/accesnet_CENTRES\/Lectures-obligatories-Llati.-PAU-2024.pdf\" target=\"_blank\" rel=\"noopener\">Lectures obligat\u00f2ries Llat\u00ed. PAU 2024<\/a><\/p>\n<h3><span style=\"color: #808080;\">Hist\u00f2ria de la filosofia\u00a0<\/span><\/h3>\n<\/div>\n<p><a href=\"https:\/\/universitats.gencat.cat\/ca\/proves-acces-PAU-PAP\/preparat-PAU\/materies-PAU\/historia-filosofia\/index.html\">Criteris i estructura de l&#8217;examen<\/a><\/p>\n<div>\n<p><span style=\"color: #808080; font-size: 1.6875em; font-weight: bold;\">Hist\u00f2ria de l\u2019Art<\/span><\/p>\n<\/div>\n<div>\n<p><a href=\"https:\/\/universitats.gencat.cat\/web\/.content\/01_acces_i_admissio\/accesnet_CENTRES\/Obres-titulars-exercicis.-Historia-de-lArt.-PAU-2024.pdf\" target=\"_blank\" rel=\"noopener\">Obres titulars de la mat\u00e8ria d\u2019Hist\u00f2ria de l\u2019Art. PAU 2024<\/a><\/p>\n<h3><span style=\"color: #808080;\">Comunicat lectures per a la PAU. Ll. Catalana i Literatura, Ll. Castellana i Literatura, Literatura Catalana i Literatura Castellana<\/span><\/h3>\n<p><span style=\"color: #808080;\">(comunicat enviat als centres de batxillerat per correu electr\u00f2nic el 18.05.2023)<\/span><\/p>\n<p style=\"text-align: justify;\"><span style=\"color: #808080;\">Amb relaci\u00f3 a les lectures obligades en les proves d\u2019acc\u00e9s a la universitat del proper curs, convocat\u00f2ria PAU 2024, de les mat\u00e8ries de Llengua catalana i literatura, Llengua castellana i literatura, Literatura catalana i Literatura castellana, us traslladem que l\u2019exist\u00e8ncia de lectures concretes a PAU, en aquestes mat\u00e8ries, ha estat motivada per l\u2019exist\u00e8ncia de lectures prescriptives al batxillerat, les quals eren fixades pel Departament d\u2019Educaci\u00f3, per\u00f2 fins ara, en el context del nou batxillerat, no han estat fixades aquestes lectures.<\/span><\/p>\n<p style=\"text-align: justify;\"><span style=\"color: #808080;\">D\u2019altra banda, la normativa general sobre PAU 2024 no ha estat encara publicada i caldr\u00e0 con\u00e8ixer quines s\u00f3n les directrius generals dels models d\u2019examen de les distintes mat\u00e8ries, referents a estructura, continguts, opcionalitat, durada de la prova\u2026, per poder definir els nous models o adaptar-ne els actuals.<\/span><\/p>\n<\/div>\n<\/div>\n","protected":false},"excerpt":{"rendered":"<p>Geologia i Medi Ambient<br \/>\n<a href=\"https:\/\/universitats.gencat.cat\/web\/.content\/01_acces_i_admissio\/accesnet_CENTRES\/Orientacions-Geologia-i-Medi-Ambient-PAU-2024.pdf\" target=\"_blank\" rel=\"noopener\">Orientacions al curr\u00edculum de Geologia i Medi Ambient. PAU 2024<\/a><br \/>\nQu\u00edmica<br \/>\n<a href=\"https:\/\/universitats.gencat.cat\/web\/.content\/01_acces_i_admissio\/accesnet_CENTRES\/Orientacions-Quimica-PAU-2024.pdf\" target=\"_blank\" rel=\"noopener\">Orientacions al curr\u00edculum de Qu\u00edmica. PAU 2024<\/a><\/p>\n<p>Not\u00edcies anteriors<\/p>\n<p>Informaci\u00f3 sobre la Prova d\u2019Acc\u00e9s a la Universitat a Catalunya \u2013 PAU 2024<br \/>\nD\u2019acord amb l\u2019anunci del Ministeri d\u2019Educaci\u00f3 i Formaci\u00f3&hellip;  <a href=\"https:\/\/agora.xtec.cat\/iescarlesrahola\/estudis\/batxillerat\/proves-pau\/\" title=\"Read Proves Pau\">Llegeix m\u00e9s\u00bb<\/a><\/p>\n","protected":false},"author":1,"featured_media":0,"parent":1228,"menu_order":30,"comment_status":"closed","ping_status":"closed","template":"page-templates\/side-menu.php","meta":{"_bbp_topic_count":0,"_bbp_reply_count":0,"_bbp_total_topic_count":0,"_bbp_total_reply_count":0,"_bbp_voice_count":0,"_bbp_anonymous_reply_count":0,"_bbp_topic_count_hidden":0,"_bbp_reply_count_hidden":0,"_bbp_forum_subforum_count":0,"footnotes":""},"class_list":["post-7723","page","type-page","status-publish","hentry"],"post_mailing_queue_ids":[],"_links":{"self":[{"href":"https:\/\/agora.xtec.cat\/iescarlesrahola\/wp-json\/wp\/v2\/pages\/7723","targetHints":{"allow":["GET"]}}],"collection":[{"href":"https:\/\/agora.xtec.cat\/iescarlesrahola\/wp-json\/wp\/v2\/pages"}],"about":[{"href":"https:\/\/agora.xtec.cat\/iescarlesrahola\/wp-json\/wp\/v2\/types\/page"}],"author":[{"embeddable":true,"href":"https:\/\/agora.xtec.cat\/iescarlesrahola\/wp-json\/wp\/v2\/users\/1"}],"replies":[{"embeddable":true,"href":"https:\/\/agora.xtec.cat\/iescarlesrahola\/wp-json\/wp\/v2\/comments?post=7723"}],"version-history":[{"count":4,"href":"https:\/\/agora.xtec.cat\/iescarlesrahola\/wp-json\/wp\/v2\/pages\/7723\/revisions"}],"predecessor-version":[{"id":7754,"href":"https:\/\/agora.xtec.cat\/iescarlesrahola\/wp-json\/wp\/v2\/pages\/7723\/revisions\/7754"}],"up":[{"embeddable":true,"href":"https:\/\/agora.xtec.cat\/iescarlesrahola\/wp-json\/wp\/v2\/pages\/1228"}],"wp:attachment":[{"href":"https:\/\/agora.xtec.cat\/iescarlesrahola\/wp-json\/wp\/v2\/media?parent=7723"}],"curies":[{"name":"wp","href":"https:\/\/api.w.org\/{rel}","templated":true}]}}