{"id":7699,"date":"2023-09-21T16:06:29","date_gmt":"2023-09-21T14:06:29","guid":{"rendered":"https:\/\/agora.xtec.cat\/iescarlesrahola\/?page_id=7699"},"modified":"2023-09-21T16:33:15","modified_gmt":"2023-09-21T14:33:15","slug":"limitar-lacces-a-continguts","status":"publish","type":"page","link":"https:\/\/agora.xtec.cat\/iescarlesrahola\/families\/limitar-lacces-a-continguts\/","title":{"rendered":"Limitar l&#8217;acc\u00e9s a continguts"},"content":{"rendered":"<h3 style=\"text-align: justify;\"><span style=\"font-weight: 400; color: #808080;\">Com limito l\u2019acc\u00e9s a continguts inadequats?<\/span><\/h3>\n<p style=\"text-align: justify;\"><span style=\"color: #808080;\"><span style=\"font-weight: 400;\">El <\/span><i><span style=\"font-weight: 400;\">control parental<\/span><\/i><span style=\"font-weight: 400;\"> \u00e9s el conjunt d\u2019accions de les fam\u00edlies per limitar les opcions dels dispositius digitals dels infants i joves. Es basa en la configuraci\u00f3 dels dispositius i en la instal\u00b7laci\u00f3 d\u2019aplicacions de control parental. Als seg\u00fcents enlla\u00e7os trobareu informaci\u00f3 de com fer-ho:<\/span><\/span><\/p>\n<ul>\n<li style=\"font-weight: 400;\" aria-level=\"1\"><a href=\"https:\/\/internetsegura.cat\/control-parental-facil\/\" target=\"_blank\" rel=\"noopener\"><span style=\"font-weight: 400;\">Internet Segura (Ag\u00e8ncia de Ciberseguretat de Catalunya, Generalitat de Catalunya)<\/span><\/a><\/li>\n<li style=\"font-weight: 400;\" aria-level=\"1\"><a href=\"https:\/\/www.educac.cat\/sites\/default\/files\/Infografia_Control_parental_INFINIT.pdf\" target=\"_blank\" rel=\"noopener\"><span style=\"font-weight: 400;\">EduCAC (Consell de l\u2019Audiovisual de Catalunya)<\/span><\/a><\/li>\n<li style=\"font-weight: 400;\" aria-level=\"1\"><a href=\"https:\/\/www.incibe.es\/menores\/familias\/control-parental\" target=\"_blank\" rel=\"noopener\"><span style=\"font-weight: 400;\">IS4K (Instituto Nacional de Ciberseguridad, Gobierno de Espa\u00f1a)<\/span><\/a><\/li>\n<li style=\"font-weight: 400;\" aria-level=\"1\"><a href=\"https:\/\/families.google.com\/familylink\/\" target=\"_blank\" rel=\"noopener\"><span style=\"font-weight: 400;\">Family Link (Google)<\/span><\/a><\/li>\n<\/ul>\n","protected":false},"excerpt":{"rendered":"<p>Com limito l\u2019acc\u00e9s a continguts inadequats?<br \/>\nEl control parental \u00e9s el conjunt d\u2019accions de les fam\u00edlies per limitar les opcions dels dispositius digitals dels infants i joves. Es basa en la configuraci\u00f3 dels dispositius i en la instal\u00b7laci\u00f3 d\u2019aplicacions de control parental. Als seg\u00fcents enlla\u00e7os trobareu&hellip;  <a href=\"https:\/\/agora.xtec.cat\/iescarlesrahola\/families\/limitar-lacces-a-continguts\/\" title=\"Read Limitar l&#8217;acc\u00e9s a continguts\">Llegeix m\u00e9s\u00bb<\/a><\/p>\n","protected":false},"author":1,"featured_media":0,"parent":7139,"menu_order":20,"comment_status":"closed","ping_status":"closed","template":"page-templates\/side-menu.php","meta":{"_bbp_topic_count":0,"_bbp_reply_count":0,"_bbp_total_topic_count":0,"_bbp_total_reply_count":0,"_bbp_voice_count":0,"_bbp_anonymous_reply_count":0,"_bbp_topic_count_hidden":0,"_bbp_reply_count_hidden":0,"_bbp_forum_subforum_count":0,"footnotes":""},"class_list":["post-7699","page","type-page","status-publish","hentry"],"post_mailing_queue_ids":[],"_links":{"self":[{"href":"https:\/\/agora.xtec.cat\/iescarlesrahola\/wp-json\/wp\/v2\/pages\/7699","targetHints":{"allow":["GET"]}}],"collection":[{"href":"https:\/\/agora.xtec.cat\/iescarlesrahola\/wp-json\/wp\/v2\/pages"}],"about":[{"href":"https:\/\/agora.xtec.cat\/iescarlesrahola\/wp-json\/wp\/v2\/types\/page"}],"author":[{"embeddable":true,"href":"https:\/\/agora.xtec.cat\/iescarlesrahola\/wp-json\/wp\/v2\/users\/1"}],"replies":[{"embeddable":true,"href":"https:\/\/agora.xtec.cat\/iescarlesrahola\/wp-json\/wp\/v2\/comments?post=7699"}],"version-history":[{"count":2,"href":"https:\/\/agora.xtec.cat\/iescarlesrahola\/wp-json\/wp\/v2\/pages\/7699\/revisions"}],"predecessor-version":[{"id":7713,"href":"https:\/\/agora.xtec.cat\/iescarlesrahola\/wp-json\/wp\/v2\/pages\/7699\/revisions\/7713"}],"up":[{"embeddable":true,"href":"https:\/\/agora.xtec.cat\/iescarlesrahola\/wp-json\/wp\/v2\/pages\/7139"}],"wp:attachment":[{"href":"https:\/\/agora.xtec.cat\/iescarlesrahola\/wp-json\/wp\/v2\/media?parent=7699"}],"curies":[{"name":"wp","href":"https:\/\/api.w.org\/{rel}","templated":true}]}}