{"id":7139,"date":"2023-01-17T23:57:20","date_gmt":"2023-01-17T22:57:20","guid":{"rendered":"https:\/\/agora.xtec.cat\/iescarlesrahola\/?page_id=7139"},"modified":"2023-09-21T16:23:27","modified_gmt":"2023-09-21T14:23:27","slug":"families","status":"publish","type":"page","link":"https:\/\/agora.xtec.cat\/iescarlesrahola\/families\/","title":{"rendered":"Fam\u00edlies"},"content":{"rendered":"<p style=\"text-align: justify;\"><span style=\"color: #808080;\">La pres\u00e8ncia de les tecnologies digitals a les nostres vides ha generat una nova realitat social i educativa, que ofereix a docents, alumnat i fam\u00edlies noves possibilitats de relacionar-se i aprendre. Malauradament, l\u2019\u00fas de dispositius digitals per infants i joves pot ser una font important de conflictes amb la fam\u00edlia i al centre educatiu.<\/span><\/p>\n<p style=\"text-align: justify;\"><span style=\"color: #808080;\">Cal que les fam\u00edlies, com a part important de la comunitat educativa, tingueu els recursos, les habilitats i compet\u00e8ncies necess\u00e0ries per garantir un acompanyament \u00f2ptim en el proc\u00e9s d\u2019aprenentatge dels infants i joves. En aquest apartat trobareu assessorament per ensenyar als vostres fills a fer una utilitzaci\u00f3 segura, equilibrada, intel\u00b7ligent i positiva dels dispositius digitals.<\/span><\/p>\n<h4 style=\"text-align: justify;\"><a href=\"https:\/\/agora.xtec.cat\/iescarlesrahola\/families\/establer-normes-dels-dispositius\/\">Com estableixo les normes dels dispositius digitals a casa?<\/a><\/h4>\n<h4><a href=\"https:\/\/agora.xtec.cat\/iescarlesrahola\/families\/limitar-lacces-a-continguts\/\">Com limito l\u2019acc\u00e9s a continguts inadequats a casa?<\/a><\/h4>\n<h4><a href=\"https:\/\/agora.xtec.cat\/iescarlesrahola\/families\/actuar-davant-un-ciberassetjament\/\">Com actuo davant un ciberassetjament?<\/a><\/h4>\n<p>&nbsp;<\/p>\n<hr \/>\n<h4><\/h4>\n<h4><a href=\"https:\/\/agora.xtec.cat\/iescarlesrahola\/families\/comunicacio-amb-el-centre\/\">Comunicaci\u00f3 amb el centre<\/a><\/h4>\n<h4><a href=\"https:\/\/agora.xtec.cat\/iescarlesrahola\/documents-de-centre\/\" target=\"_blank\" rel=\"noopener\">Documentaci\u00f3 i protocols de centre<\/a><\/h4>\n<p>&nbsp;<\/p>\n<hr \/>\n<p>&nbsp;<\/p>\n<h4><a href=\"https:\/\/agora.xtec.cat\/iescarlesrahola\/estudis\/video-tutorials\/\" target=\"_blank\" rel=\"noopener\">V\u00eddeo tutorials<\/a><\/h4>\n<h4><\/h4>\n<p>&nbsp;<\/p>\n<p>&nbsp;<\/p>\n","protected":false},"excerpt":{"rendered":"<p>La pres\u00e8ncia de les tecnologies digitals a les nostres vides ha generat una nova realitat social i educativa, que ofereix a docents, alumnat i fam\u00edlies noves possibilitats de relacionar-se i aprendre. Malauradament, l\u2019\u00fas de dispositius digitals per infants i joves pot ser una font important&hellip;  <a href=\"https:\/\/agora.xtec.cat\/iescarlesrahola\/families\/\" title=\"Read Fam\u00edlies\">Llegeix m\u00e9s\u00bb<\/a><\/p>\n","protected":false},"author":1,"featured_media":0,"parent":0,"menu_order":0,"comment_status":"closed","ping_status":"closed","template":"page-templates\/side-menu.php","meta":{"_bbp_topic_count":0,"_bbp_reply_count":0,"_bbp_total_topic_count":0,"_bbp_total_reply_count":0,"_bbp_voice_count":0,"_bbp_anonymous_reply_count":0,"_bbp_topic_count_hidden":0,"_bbp_reply_count_hidden":0,"_bbp_forum_subforum_count":0,"footnotes":""},"class_list":["post-7139","page","type-page","status-publish","hentry"],"post_mailing_queue_ids":[],"_links":{"self":[{"href":"https:\/\/agora.xtec.cat\/iescarlesrahola\/wp-json\/wp\/v2\/pages\/7139","targetHints":{"allow":["GET"]}}],"collection":[{"href":"https:\/\/agora.xtec.cat\/iescarlesrahola\/wp-json\/wp\/v2\/pages"}],"about":[{"href":"https:\/\/agora.xtec.cat\/iescarlesrahola\/wp-json\/wp\/v2\/types\/page"}],"author":[{"embeddable":true,"href":"https:\/\/agora.xtec.cat\/iescarlesrahola\/wp-json\/wp\/v2\/users\/1"}],"replies":[{"embeddable":true,"href":"https:\/\/agora.xtec.cat\/iescarlesrahola\/wp-json\/wp\/v2\/comments?post=7139"}],"version-history":[{"count":3,"href":"https:\/\/agora.xtec.cat\/iescarlesrahola\/wp-json\/wp\/v2\/pages\/7139\/revisions"}],"predecessor-version":[{"id":7709,"href":"https:\/\/agora.xtec.cat\/iescarlesrahola\/wp-json\/wp\/v2\/pages\/7139\/revisions\/7709"}],"wp:attachment":[{"href":"https:\/\/agora.xtec.cat\/iescarlesrahola\/wp-json\/wp\/v2\/media?parent=7139"}],"curies":[{"name":"wp","href":"https:\/\/api.w.org\/{rel}","templated":true}]}}