{"id":636,"date":"2017-10-15T14:06:26","date_gmt":"2017-10-15T12:06:26","guid":{"rendered":"http:\/\/agora.xtec.cat\/iescarlesrahola\/?page_id=636"},"modified":"2018-09-23T14:21:04","modified_gmt":"2018-09-23T12:21:04","slug":"projecte-singular","status":"publish","type":"page","link":"https:\/\/agora.xtec.cat\/iescarlesrahola\/projectes\/projecte-singular\/","title":{"rendered":"Projecte Singular: Esqueix"},"content":{"rendered":"<p style=\"text-align: justify;\"><span style=\"color: #808080;\">Com un esqueix que s&#8217;arrela per donar par a una planta nova, el nostre projecte vol ser una oportunitat per a tot aquell alumnat que, amb un curr\u00edculum diversificat, tenen al seu abast assolir el graduat d&#8217;educaci\u00f3 secund\u00e0ria. <\/span><\/p>\n<p style=\"text-align: justify;\"><span style=\"color: #808080;\">El projecte ESQUEIX \u00e9s el projecte singular de l&#8217;institut Carles Rahola adre\u00e7at a alumnes de 4t d&#8217;ESO. Els projectes singulars s\u00f3n una de les modalitats dels programes de diversificaci\u00f3 curricular a secund\u00e0ria consistents en una mesura espec\u00edfica d&#8217;atenci\u00f3 a la diversitat de l&#8217;alumnat de segon cicle d&#8217;ESO en risc de frac\u00e0s escolar. <\/span><\/p>\n<p style=\"text-align: justify;\"><span style=\"color: #808080;\">En aquests projectes es compaginen les tasques acad\u00e8miques a l&#8217;institut i hores de pr\u00e0ctiques a l&#8217;empresa. Aquests programes es duen a terme mitjan\u00e7ant un conveni establert entre l&#8217;Ajuntament de Girona, el Departament d&#8217;Ensenyament i els centres educatius de secund\u00e0ria de la ciutat.<\/span><\/p>\n<p style=\"text-align: left;\"><img loading=\"lazy\" decoding=\"async\" class=\"alignleft wp-image-1287 size-medium\" src=\"http:\/\/agora.xtec.cat\/iescarlesrahola\/wp-content\/uploads\/usu1066\/2017\/10\/PROJECTE-ESQUEIX-300x300.jpeg\" alt=\"\" width=\"300\" height=\"300\" srcset=\"https:\/\/agora.xtec.cat\/iescarlesrahola\/wp-content\/uploads\/usu1066\/2017\/10\/PROJECTE-ESQUEIX-300x300.jpeg 300w, https:\/\/agora.xtec.cat\/iescarlesrahola\/wp-content\/uploads\/usu1066\/2017\/10\/PROJECTE-ESQUEIX-150x150.jpeg 150w, https:\/\/agora.xtec.cat\/iescarlesrahola\/wp-content\/uploads\/usu1066\/2017\/10\/PROJECTE-ESQUEIX.jpeg 524w\" sizes=\"auto, (max-width: 300px) 100vw, 300px\" \/><\/p>\n<p>&nbsp;<\/p>\n<p>&nbsp;<\/p>\n<p>&nbsp;<\/p>\n<p>&nbsp;<\/p>\n<p>&nbsp;<\/p>\n<p>&nbsp;<\/p>\n<p>&nbsp;<\/p>\n","protected":false},"excerpt":{"rendered":"<p>Com un esqueix que s&#8217;arrela per donar par a una planta nova, el nostre projecte vol ser una oportunitat per a tot aquell alumnat que, amb un curr\u00edculum diversificat, tenen al seu abast assolir el graduat d&#8217;educaci\u00f3 secund\u00e0ria.<br \/>\nEl projecte ESQUEIX \u00e9s el projecte singular&hellip;  <a href=\"https:\/\/agora.xtec.cat\/iescarlesrahola\/projectes\/projecte-singular\/\" title=\"Read Projecte Singular: Esqueix\">Llegeix m\u00e9s\u00bb<\/a><\/p>\n","protected":false},"author":1,"featured_media":0,"parent":642,"menu_order":20,"comment_status":"closed","ping_status":"closed","template":"page-templates\/side-menu.php","meta":{"_bbp_topic_count":0,"_bbp_reply_count":0,"_bbp_total_topic_count":0,"_bbp_total_reply_count":0,"_bbp_voice_count":0,"_bbp_anonymous_reply_count":0,"_bbp_topic_count_hidden":0,"_bbp_reply_count_hidden":0,"_bbp_forum_subforum_count":0,"footnotes":""},"class_list":["post-636","page","type-page","status-publish","hentry"],"post_mailing_queue_ids":[],"_links":{"self":[{"href":"https:\/\/agora.xtec.cat\/iescarlesrahola\/wp-json\/wp\/v2\/pages\/636","targetHints":{"allow":["GET"]}}],"collection":[{"href":"https:\/\/agora.xtec.cat\/iescarlesrahola\/wp-json\/wp\/v2\/pages"}],"about":[{"href":"https:\/\/agora.xtec.cat\/iescarlesrahola\/wp-json\/wp\/v2\/types\/page"}],"author":[{"embeddable":true,"href":"https:\/\/agora.xtec.cat\/iescarlesrahola\/wp-json\/wp\/v2\/users\/1"}],"replies":[{"embeddable":true,"href":"https:\/\/agora.xtec.cat\/iescarlesrahola\/wp-json\/wp\/v2\/comments?post=636"}],"version-history":[{"count":3,"href":"https:\/\/agora.xtec.cat\/iescarlesrahola\/wp-json\/wp\/v2\/pages\/636\/revisions"}],"predecessor-version":[{"id":1278,"href":"https:\/\/agora.xtec.cat\/iescarlesrahola\/wp-json\/wp\/v2\/pages\/636\/revisions\/1278"}],"up":[{"embeddable":true,"href":"https:\/\/agora.xtec.cat\/iescarlesrahola\/wp-json\/wp\/v2\/pages\/642"}],"wp:attachment":[{"href":"https:\/\/agora.xtec.cat\/iescarlesrahola\/wp-json\/wp\/v2\/media?parent=636"}],"curies":[{"name":"wp","href":"https:\/\/api.w.org\/{rel}","templated":true}]}}