{"id":634,"date":"2017-10-15T14:06:03","date_gmt":"2017-10-15T12:06:03","guid":{"rendered":"http:\/\/agora.xtec.cat\/iescarlesrahola\/?page_id=634"},"modified":"2018-10-02T19:15:32","modified_gmt":"2018-10-02T17:15:32","slug":"intercanvi-internacional","status":"publish","type":"page","link":"https:\/\/agora.xtec.cat\/iescarlesrahola\/projectes\/intercanvi-internacional\/","title":{"rendered":"Intercanvi Internacional"},"content":{"rendered":"<p style=\"text-align: justify;\"><img loading=\"lazy\" decoding=\"async\" class=\"alignleft size-medium wp-image-1285\" src=\"http:\/\/agora.xtec.cat\/iescarlesrahola\/wp-content\/uploads\/usu1066\/2017\/10\/Intercanvi-internacional-_965886_f35a19-300x300.png\" alt=\"\" width=\"300\" height=\"300\" srcset=\"https:\/\/agora.xtec.cat\/iescarlesrahola\/wp-content\/uploads\/usu1066\/2017\/10\/Intercanvi-internacional-_965886_f35a19-300x300.png 300w, https:\/\/agora.xtec.cat\/iescarlesrahola\/wp-content\/uploads\/usu1066\/2017\/10\/Intercanvi-internacional-_965886_f35a19-150x150.png 150w, https:\/\/agora.xtec.cat\/iescarlesrahola\/wp-content\/uploads\/usu1066\/2017\/10\/Intercanvi-internacional-_965886_f35a19-768x768.png 768w, https:\/\/agora.xtec.cat\/iescarlesrahola\/wp-content\/uploads\/usu1066\/2017\/10\/Intercanvi-internacional-_965886_f35a19-1024x1024.png 1024w, https:\/\/agora.xtec.cat\/iescarlesrahola\/wp-content\/uploads\/usu1066\/2017\/10\/Intercanvi-internacional-_965886_f35a19.png 1200w\" sizes=\"auto, (max-width: 300px) 100vw, 300px\" \/><span style=\"color: #808080;\">El nostre centre, l\u2019INS <em>Carles Rahola i Llorens<\/em>, fa dos anys que organitza i promou un intercanvi cultural a 1r de Batxillerat amb alumnes d\u2019un institut ubicat a Skanderborg (Dinamarca), l\u2019<a style=\"color: #808080;\" href=\"https:\/\/www.skanderborg-gym.dk\/\" target=\"_blank\" rel=\"noopener\"><em>Skanderborg Gymnasium<\/em><\/a>.<\/span><\/p>\n<p style=\"text-align: justify;\"><span style=\"color: #808080;\">Considerem aquesta activitat molt profitosa per als alumnes perqu\u00e8 els acosta a una altra cultura i els permet fer coneixences directes i sovint estretes amb els alumnes de l\u2019altre pa\u00eds. Aix\u00ed mateix, \u00e9s altament benefici\u00f3s poder-se comunicar-se en angl\u00e8s, tant en l\u2019entorn familiar com en l\u2019educatiu, perqu\u00e8 millora la seva comprensi\u00f3 i expressi\u00f3 oral.<\/span><\/p>\n<p style=\"text-align: justify;\"><span style=\"color: #808080;\">Tamb\u00e9 \u00e9s interessant en un pla maduratiu. L\u2019experi\u00e8ncia posa l\u2019alumne davant una situaci\u00f3 que li requereix autonomia perqu\u00e8 est\u00e0 sol amb la fam\u00edlia que l\u2019acull, tot i que hi ha la pres\u00e8ncia del professorat per si cal. Aix\u00ed mateix, fa d\u2019amfitri\u00f3 de l\u2019estudiant dan\u00e8s, tot presentant-li la seva fam\u00edlia, el nostre institut, la nostra ciutat i la nostra cultura.\u00a0\u00a0<\/span><\/p>\n<p style=\"text-align: justify;\"><span style=\"color: #808080;\">L\u2019activitat permet crear un coneixement de la realitat de la Uni\u00f3 Europea fent sentir l\u2019alumne part de la mateixa i, per tant, ciutad\u00e0 europeu de ple dret amb capacitat de formar-ne part activament. M\u00e9s europeus per\u00f2 lligats al barri.<\/span><\/p>\n<p style=\"text-align: justify;\"><span style=\"color: #808080;\">L\u2019intercanvi, viatge i estan\u00e7a, l\u2019organitza \u00edntegrament el nostre centre. Tant la durada, com el mitj\u00e0 del transport i la fam\u00edlia acollidora es coneixen amb antelaci\u00f3 suficient. Els alumnes poden establir un primer contacte entre ells via correu electr\u00f2nic de manera que estan engrescats abans de la sortida, la qual cosa fa que puguin treure el m\u00e0xim profit de l\u2019experi\u00e8ncia amb la confian\u00e7a necess\u00e0ria.<\/span><\/p>\n<p style=\"text-align: justify;\"><span style=\"color: #808080;\">Tant els alumnes que han participat en el projecte aix\u00ed com les seves fam\u00edlies aquests dos anys, han valorat l\u2019experi\u00e8ncia com a enriquidora i molt positiva.<\/span><\/p>\n<p>&nbsp;<\/p>\n","protected":false},"excerpt":{"rendered":"<p>El nostre centre, l\u2019INS Carles Rahola i Llorens, fa dos anys que organitza i promou un intercanvi cultural a 1r de Batxillerat amb alumnes d\u2019un institut ubicat a Skanderborg (Dinamarca), l\u2019<a style=\"color: #808080;\" href=\"https:\/\/www.skanderborg-gym.dk\/\" target=\"_blank\" rel=\"noopener\">Skanderborg Gymnasium<\/a>.<br \/>\nConsiderem aquesta activitat molt profitosa per als alumnes perqu\u00e8&hellip;  <a href=\"https:\/\/agora.xtec.cat\/iescarlesrahola\/projectes\/intercanvi-internacional\/\" title=\"Read Intercanvi Internacional\">Llegeix m\u00e9s\u00bb<\/a><\/p>\n","protected":false},"author":1,"featured_media":0,"parent":642,"menu_order":50,"comment_status":"closed","ping_status":"closed","template":"page-templates\/side-menu.php","meta":{"_bbp_topic_count":0,"_bbp_reply_count":0,"_bbp_total_topic_count":0,"_bbp_total_reply_count":0,"_bbp_voice_count":0,"_bbp_anonymous_reply_count":0,"_bbp_topic_count_hidden":0,"_bbp_reply_count_hidden":0,"_bbp_forum_subforum_count":0,"footnotes":""},"class_list":["post-634","page","type-page","status-publish","hentry"],"post_mailing_queue_ids":[],"_links":{"self":[{"href":"https:\/\/agora.xtec.cat\/iescarlesrahola\/wp-json\/wp\/v2\/pages\/634","targetHints":{"allow":["GET"]}}],"collection":[{"href":"https:\/\/agora.xtec.cat\/iescarlesrahola\/wp-json\/wp\/v2\/pages"}],"about":[{"href":"https:\/\/agora.xtec.cat\/iescarlesrahola\/wp-json\/wp\/v2\/types\/page"}],"author":[{"embeddable":true,"href":"https:\/\/agora.xtec.cat\/iescarlesrahola\/wp-json\/wp\/v2\/users\/1"}],"replies":[{"embeddable":true,"href":"https:\/\/agora.xtec.cat\/iescarlesrahola\/wp-json\/wp\/v2\/comments?post=634"}],"version-history":[{"count":3,"href":"https:\/\/agora.xtec.cat\/iescarlesrahola\/wp-json\/wp\/v2\/pages\/634\/revisions"}],"predecessor-version":[{"id":1887,"href":"https:\/\/agora.xtec.cat\/iescarlesrahola\/wp-json\/wp\/v2\/pages\/634\/revisions\/1887"}],"up":[{"embeddable":true,"href":"https:\/\/agora.xtec.cat\/iescarlesrahola\/wp-json\/wp\/v2\/pages\/642"}],"wp:attachment":[{"href":"https:\/\/agora.xtec.cat\/iescarlesrahola\/wp-json\/wp\/v2\/media?parent=634"}],"curies":[{"name":"wp","href":"https:\/\/api.w.org\/{rel}","templated":true}]}}