{"id":632,"date":"2017-10-15T14:05:35","date_gmt":"2017-10-15T12:05:35","guid":{"rendered":"http:\/\/agora.xtec.cat\/iescarlesrahola\/?page_id=632"},"modified":"2018-07-31T09:51:08","modified_gmt":"2018-07-31T07:51:08","slug":"gep","status":"publish","type":"page","link":"https:\/\/agora.xtec.cat\/iescarlesrahola\/projectes\/gep\/","title":{"rendered":"GEP"},"content":{"rendered":"<p style=\"text-align: left;\"><span style=\"font-weight: 400;\">El nostre Institut \u00e9s un dels centres de Catalunya que, amb la tutela del Departament d\u2019Ensenyament forma part del <\/span><a style=\"color: #808080;\" href=\"http:\/\/xtec.gencat.cat\/ca\/projectes\/plurilinguisme\/programes\/pluri\/gep\/\" target=\"_blank\" rel=\"noopener noreferrer\"><b>Grup d\u2019Experimentaci\u00f3 per al Pluriling\u00fcisme (GEP)<\/b><\/a><span style=\"font-weight: 400;\">. \u00a0En aquest projecte s\u2019incrementa l\u2019exposici\u00f3 a la llengua anglesa en el context escolar i fora del context escolar ja que implica relacions personals amb alumnes d\u2019altres pa\u00efsos.<\/span><\/p>\n<p style=\"text-align: justify;\"><span style=\"color: #333333;\"><span style=\"font-weight: 400;\">Aquest ser\u00e0 el quart curs d&#8217;aplicaci\u00f3 d&#8217;aquesta nova i engrescadora metodologia que comen\u00e7a a donar fruits.<\/span><\/span><\/p>\n<p style=\"text-align: justify;\">\n<p style=\"text-align: justify;\"><span style=\"color: #333333;\"><span style=\"font-weight: 400;\">\u00a0<\/span><\/span><\/p>\n","protected":false},"excerpt":{"rendered":"<p>El nostre Institut \u00e9s un dels centres de Catalunya que, amb la tutela del Departament d\u2019Ensenyament forma part del <a style=\"color: #808080;\" href=\"http:\/\/xtec.gencat.cat\/ca\/projectes\/plurilinguisme\/programes\/pluri\/gep\/\" target=\"_blank\" rel=\"noopener noreferrer\">Grup d\u2019Experimentaci\u00f3 per al Pluriling\u00fcisme (GEP)<\/a>. \u00a0En aquest projecte s\u2019incrementa l\u2019exposici\u00f3 a la llengua anglesa en el context escolar i&hellip;  <a href=\"https:\/\/agora.xtec.cat\/iescarlesrahola\/projectes\/gep\/\" title=\"Read GEP\">Llegeix m\u00e9s\u00bb<\/a><\/p>\n","protected":false},"author":1,"featured_media":0,"parent":642,"menu_order":40,"comment_status":"closed","ping_status":"closed","template":"page-templates\/side-menu.php","meta":{"_bbp_topic_count":0,"_bbp_reply_count":0,"_bbp_total_topic_count":0,"_bbp_total_reply_count":0,"_bbp_voice_count":0,"_bbp_anonymous_reply_count":0,"_bbp_topic_count_hidden":0,"_bbp_reply_count_hidden":0,"_bbp_forum_subforum_count":0,"footnotes":""},"class_list":["post-632","page","type-page","status-publish","hentry"],"post_mailing_queue_ids":[],"_links":{"self":[{"href":"https:\/\/agora.xtec.cat\/iescarlesrahola\/wp-json\/wp\/v2\/pages\/632","targetHints":{"allow":["GET"]}}],"collection":[{"href":"https:\/\/agora.xtec.cat\/iescarlesrahola\/wp-json\/wp\/v2\/pages"}],"about":[{"href":"https:\/\/agora.xtec.cat\/iescarlesrahola\/wp-json\/wp\/v2\/types\/page"}],"author":[{"embeddable":true,"href":"https:\/\/agora.xtec.cat\/iescarlesrahola\/wp-json\/wp\/v2\/users\/1"}],"replies":[{"embeddable":true,"href":"https:\/\/agora.xtec.cat\/iescarlesrahola\/wp-json\/wp\/v2\/comments?post=632"}],"version-history":[{"count":3,"href":"https:\/\/agora.xtec.cat\/iescarlesrahola\/wp-json\/wp\/v2\/pages\/632\/revisions"}],"predecessor-version":[{"id":1638,"href":"https:\/\/agora.xtec.cat\/iescarlesrahola\/wp-json\/wp\/v2\/pages\/632\/revisions\/1638"}],"up":[{"embeddable":true,"href":"https:\/\/agora.xtec.cat\/iescarlesrahola\/wp-json\/wp\/v2\/pages\/642"}],"wp:attachment":[{"href":"https:\/\/agora.xtec.cat\/iescarlesrahola\/wp-json\/wp\/v2\/media?parent=632"}],"curies":[{"name":"wp","href":"https:\/\/api.w.org\/{rel}","templated":true}]}}