{"id":5957,"date":"2021-11-23T18:40:40","date_gmt":"2021-11-23T17:40:40","guid":{"rendered":"https:\/\/agora.xtec.cat\/iescarlesrahola\/?page_id=5957"},"modified":"2021-11-25T11:53:42","modified_gmt":"2021-11-25T10:53:42","slug":"usapp","status":"publish","type":"page","link":"https:\/\/agora.xtec.cat\/iescarlesrahola\/projectes\/salut-i-escola\/usapp\/","title":{"rendered":"UsApp"},"content":{"rendered":"<p>&nbsp;<\/p>\n<p><img loading=\"lazy\" decoding=\"async\" class=\"size-medium wp-image-5958 alignnone\" src=\"https:\/\/agora.xtec.cat\/iescarlesrahola\/wp-content\/uploads\/usu1066\/2021\/11\/logoAppDones-300x300.jpg\" alt=\"\" width=\"300\" height=\"300\" srcset=\"https:\/\/agora.xtec.cat\/iescarlesrahola\/wp-content\/uploads\/usu1066\/2021\/11\/logoAppDones-300x300.jpg 300w, https:\/\/agora.xtec.cat\/iescarlesrahola\/wp-content\/uploads\/usu1066\/2021\/11\/logoAppDones-150x150.jpg 150w, https:\/\/agora.xtec.cat\/iescarlesrahola\/wp-content\/uploads\/usu1066\/2021\/11\/logoAppDones-768x766.jpg 768w, https:\/\/agora.xtec.cat\/iescarlesrahola\/wp-content\/uploads\/usu1066\/2021\/11\/logoAppDones.jpg 815w\" sizes=\"auto, (max-width: 300px) 100vw, 300px\" \/><\/p>\n<p>&nbsp;<\/p>\n<p><strong><span style=\"color: #808080;\">ACC\u00c9S A L\u2019APLICACI\u00d3 INFORM\u00c0TICA:<\/span><\/strong>\u00a0<a href=\"https:\/\/usav.educacio.gencat.cat\/\" target=\"_blank\" rel=\"noopener\"><strong>UsApps<\/strong><\/a>.<\/p>\n<p><strong><span style=\"color: #808080;\">TEL\u00c8FON: 900 92 30 98<\/span><\/strong><\/p>\n<p style=\"text-align: justify;\"><span style=\"color: #808080;\">Qu\u00e8 \u00e9s i com funciona la\u00a0<strong>UsApps<\/strong>?<\/span><\/p>\n<p style=\"text-align: justify;\"><span style=\"color: #808080;\">\u00c9s una aplicaci\u00f3 web del Departament d\u2019Educaci\u00f3 per comunicar situacions de viol\u00e8ncia que pot viure tot l\u2019alumnat de Catalunya d\u2019una forma f\u00e0cil, intu\u00eftiva i efica\u00e7.<\/span><\/p>\n<p style=\"text-align: justify;\"><span style=\"color: #808080;\">La pot utilitzar l\u2019alumnat, ex-alumnat i tota la comunitat educativa, tant si \u00e9s una persona que viu directament una situaci\u00f3 de viol\u00e8ncia com si n\u2019\u00e9s testimoni.<\/span><\/p>\n<p style=\"text-align: justify;\"><span style=\"color: #808080;\">La <strong>UsApps<\/strong> t\u00e9 l\u2019objectiu de donar veu a les persones afectades, trencar el silenci i l\u2019a\u00efllament en qu\u00e8 viuen, garantir la confidencialitat i iniciar la intervenci\u00f3 espec\u00edfica.<\/span><\/p>\n<p style=\"text-align: justify;\"><span style=\"color: #808080;\">Darrere de la\u00a0<strong>UsApps<\/strong>\u00a0hi ha la\u00a0<strong>Unitat de Suport a l\u2019Alumnat en Situaci\u00f3 de Viol\u00e8ncia<\/strong>\u00a0(<strong>USAV<\/strong>), un equip de professionals que acollir\u00e0 la den\u00fancia o malestar, gestionar\u00e0 el cas de viol\u00e8ncia, en coordinar\u00e0 l\u2019abordatge. Aquest equip dur\u00e0 a terme una escolta activa de les v\u00edctimes i treballar\u00e0 per facilitar una actuaci\u00f3 sense demora treballant conjuntament amb els i les referents de la xarxa de coordinaci\u00f3 territorial\u00a0de les Escoles lliures de viol\u00e8ncies i amb els centres educatius, fent les derivacions oportunes als circuits d\u2019abordatge de les viol\u00e8ncies a Catalunya.<\/span><\/p>\n<p><img loading=\"lazy\" decoding=\"async\" class=\"aligncenter  wp-image-5983\" src=\"https:\/\/agora.xtec.cat\/iescarlesrahola\/wp-content\/uploads\/usu1066\/2021\/11\/Infografia-213x300.jpg\" alt=\"\" width=\"494\" height=\"695\" srcset=\"https:\/\/agora.xtec.cat\/iescarlesrahola\/wp-content\/uploads\/usu1066\/2021\/11\/Infografia-213x300.jpg 213w, https:\/\/agora.xtec.cat\/iescarlesrahola\/wp-content\/uploads\/usu1066\/2021\/11\/Infografia-728x1024.jpg 728w, https:\/\/agora.xtec.cat\/iescarlesrahola\/wp-content\/uploads\/usu1066\/2021\/11\/Infografia-768x1080.jpg 768w, https:\/\/agora.xtec.cat\/iescarlesrahola\/wp-content\/uploads\/usu1066\/2021\/11\/Infografia-1093x1536.jpg 1093w, https:\/\/agora.xtec.cat\/iescarlesrahola\/wp-content\/uploads\/usu1066\/2021\/11\/Infografia-1457x2048.jpg 1457w, https:\/\/agora.xtec.cat\/iescarlesrahola\/wp-content\/uploads\/usu1066\/2021\/11\/Infografia-scaled.jpg 1821w\" sizes=\"auto, (max-width: 494px) 100vw, 494px\" \/><\/p>\n<p>&nbsp;<\/p>\n<p><iframe loading=\"lazy\" title=\"YouTube video player\" src=\"https:\/\/www.youtube.com\/embed\/nkgENcCaHH8\" width=\"1120\" height=\"630\" frameborder=\"0\" allowfullscreen=\"allowfullscreen\"><span style=\"display: inline-block; width: 0px; overflow: hidden; line-height: 0;\" data-mce-type=\"bookmark\" class=\"mce_SELRES_start\">\ufeff<\/span><\/iframe><\/p>\n<p>&nbsp;<\/p>\n<p>&nbsp;<\/p>\n<p>&nbsp;<\/p>\n<p>&nbsp;<\/p>\n","protected":false},"excerpt":{"rendered":"<p>&nbsp;<\/p>\n<p>&nbsp;<br \/>\nACC\u00c9S A L\u2019APLICACI\u00d3 INFORM\u00c0TICA:\u00a0<a href=\"https:\/\/usav.educacio.gencat.cat\/\" target=\"_blank\" rel=\"noopener\">UsApps<\/a>.<br \/>\nTEL\u00c8FON: 900 92 30 98<br \/>\nQu\u00e8 \u00e9s i com funciona la\u00a0UsApps?<br \/>\n\u00c9s una aplicaci\u00f3 web del Departament d\u2019Educaci\u00f3 per comunicar situacions de viol\u00e8ncia que pot viure tot l\u2019alumnat de Catalunya d\u2019una forma f\u00e0cil, intu\u00eftiva i efica\u00e7.<br \/>\nLa pot utilitzar l\u2019alumnat, ex-alumnat i&hellip;  <a href=\"https:\/\/agora.xtec.cat\/iescarlesrahola\/projectes\/salut-i-escola\/usapp\/\" title=\"Read UsApp\">Llegeix m\u00e9s\u00bb<\/a><\/p>\n","protected":false},"author":1,"featured_media":0,"parent":638,"menu_order":40,"comment_status":"closed","ping_status":"closed","template":"page-templates\/side-menu.php","meta":{"_bbp_topic_count":0,"_bbp_reply_count":0,"_bbp_total_topic_count":0,"_bbp_total_reply_count":0,"_bbp_voice_count":0,"_bbp_anonymous_reply_count":0,"_bbp_topic_count_hidden":0,"_bbp_reply_count_hidden":0,"_bbp_forum_subforum_count":0,"footnotes":""},"class_list":["post-5957","page","type-page","status-publish","hentry"],"post_mailing_queue_ids":[],"_links":{"self":[{"href":"https:\/\/agora.xtec.cat\/iescarlesrahola\/wp-json\/wp\/v2\/pages\/5957","targetHints":{"allow":["GET"]}}],"collection":[{"href":"https:\/\/agora.xtec.cat\/iescarlesrahola\/wp-json\/wp\/v2\/pages"}],"about":[{"href":"https:\/\/agora.xtec.cat\/iescarlesrahola\/wp-json\/wp\/v2\/types\/page"}],"author":[{"embeddable":true,"href":"https:\/\/agora.xtec.cat\/iescarlesrahola\/wp-json\/wp\/v2\/users\/1"}],"replies":[{"embeddable":true,"href":"https:\/\/agora.xtec.cat\/iescarlesrahola\/wp-json\/wp\/v2\/comments?post=5957"}],"version-history":[{"count":3,"href":"https:\/\/agora.xtec.cat\/iescarlesrahola\/wp-json\/wp\/v2\/pages\/5957\/revisions"}],"predecessor-version":[{"id":5986,"href":"https:\/\/agora.xtec.cat\/iescarlesrahola\/wp-json\/wp\/v2\/pages\/5957\/revisions\/5986"}],"up":[{"embeddable":true,"href":"https:\/\/agora.xtec.cat\/iescarlesrahola\/wp-json\/wp\/v2\/pages\/638"}],"wp:attachment":[{"href":"https:\/\/agora.xtec.cat\/iescarlesrahola\/wp-json\/wp\/v2\/media?parent=5957"}],"curies":[{"name":"wp","href":"https:\/\/api.w.org\/{rel}","templated":true}]}}