{"id":5829,"date":"2021-10-04T12:32:56","date_gmt":"2021-10-04T10:32:56","guid":{"rendered":"https:\/\/agora.xtec.cat\/iescarlesrahola\/?page_id=5829"},"modified":"2025-09-20T19:02:01","modified_gmt":"2025-09-20T17:02:01","slug":"1r-batxillerat","status":"publish","type":"page","link":"https:\/\/agora.xtec.cat\/iescarlesrahola\/estudis\/batxillerat\/1r-batxillerat\/","title":{"rendered":"1r Batxillerat"},"content":{"rendered":"<p>&nbsp;<\/p>\n<p><img loading=\"lazy\" decoding=\"async\" class=\"aligncenter wp-image-5852\" src=\"https:\/\/agora.xtec.cat\/iescarlesrahola\/wp-content\/uploads\/usu1066\/2021\/10\/1rBatx-300x300.jpg\" alt=\"\" width=\"172\" height=\"172\" srcset=\"https:\/\/agora.xtec.cat\/iescarlesrahola\/wp-content\/uploads\/usu1066\/2021\/10\/1rBatx.jpg 300w, https:\/\/agora.xtec.cat\/iescarlesrahola\/wp-content\/uploads\/usu1066\/2021\/10\/1rBatx-150x150.jpg 150w\" sizes=\"auto, (max-width: 172px) 100vw, 172px\" \/><\/p>\n<table style=\"border-collapse: collapse; width: 24.0635%;\">\n<tbody>\n<tr>\n<td style=\"width: 100%;\"><span style=\"color: #808080;\"><strong>Llibres curs 2025 &#8211; 2026<\/strong><\/span><\/td>\n<\/tr>\n<tr>\n<td style=\"width: 100%;\"><a href=\"https:\/\/drive.google.com\/file\/d\/1coOps58l9KWMD31y7FWeSAYQ46Mzx1cR\/view?usp=drive_link\" target=\"_blank\" rel=\"noopener\">1r Batxillerat<\/a><\/td>\n<\/tr>\n<\/tbody>\n<\/table>\n<p><strong><span style=\"color: #808080;\">Informaci\u00f3 de les distribu\u00efdores on es poden comprar:<\/span><\/strong><\/p>\n<ul>\n<li><a href=\"https:\/\/drive.google.com\/file\/d\/1WjP5FqZ5YxLrNBrv9oUzj18h6DXPmJbn\/view?usp=drive_link\" target=\"_blank\" rel=\"noopener\">Iddink<\/a><\/li>\n<li><a href=\"https:\/\/drive.google.com\/file\/d\/1jLHt1HR1Ra6wJN1B3aFacZR1cYbq58nh\/view?usp=drive_link\" target=\"_blank\" rel=\"noopener\">Comercial Girona de Llibres<\/a><\/li>\n<\/ul>\n<p>&nbsp;<\/p>\n<h4>Mat\u00e8ries comunes i de modalitat de 1r de Batxillerat (21 h lectives)<\/h4>\n<table style=\"width: 100%;\" border=\"1\">\n<tbody>\n<tr>\n<td style=\"width: 20%;\" colspan=\"2\">21 hores lectives<\/td>\n<td style=\"text-align: center; width: 40%;\" colspan=\"2\">MODALITAT DE CI\u00c8NCIES I TECNOLOGIA<\/td>\n<td style=\"text-align: center; width: 40%;\" colspan=\"2\">MODALITAT D&#8217;HUMANITATS I CI\u00c8NCIES SOCIALS<\/td>\n<\/tr>\n<tr>\n<td style=\"width: 10%;\" rowspan=\"4\">Primer curs<\/td>\n<td style=\"width: 10%; text-align: center;\">Mat\u00e8ries comunes<\/td>\n<td style=\"text-align: center; width: 80%;\" colspan=\"4\">\n<ul>\n<li>Llengua catalana i literatura (2h)<\/li>\n<li>Llengua castellana i literatura (2h)<\/li>\n<li>Llengua anglesa (3h)<\/li>\n<li>Filosofia (2h)<\/li>\n<li>Educaci\u00f3 f\u00edsica (2h)<\/li>\n<li>Tutoria (1h)<\/li>\n<\/ul>\n<\/td>\n<\/tr>\n<tr>\n<td style=\"width: 10%;\">ITINERARI<\/td>\n<td style=\"width: 20%; text-align: center;\">CI\u00c8NCIES<\/td>\n<td style=\"width: 20%; text-align: center;\">ENGINYERIA I ARQUITECTURA<\/td>\n<td style=\"width: 20%; text-align: center;\">HUMANITATS<\/td>\n<td style=\"width: 20%; text-align: center;\">CI\u00c8NCIES SOCIALS I JUR\u00cdDIQUES<\/td>\n<\/tr>\n<tr>\n<td style=\"width: 10%; text-align: center;\">Mat\u00e8ria obligada<\/td>\n<td style=\"text-align: center; width: 40%;\" colspan=\"2\">Matem\u00e0tiques (3h)<\/td>\n<td style=\"width: 20%; text-align: center;\">Llat\u00ed (3h)<\/td>\n<td style=\"width: 20%; text-align: center;\">Matem\u00e0tiques aplicades CS o Matem\u00e0tiques (3h)<\/td>\n<\/tr>\n<tr>\n<td style=\"width: 10%; text-align: center;\">Mat\u00e8ries de modalitat<\/td>\n<td style=\"width: 20%;\">Qu\u00edmica (3h)<\/p>\n<p>Biologia (3h)<\/td>\n<td style=\"width: 20%;\">Dibuix t\u00e8cnic (3h)<\/p>\n<p>Tecnologia i enginyeria (3h)<\/td>\n<td style=\"width: 20%;\">Grec I (3h)<\/p>\n<p>Literatura universal (3h)<\/td>\n<td style=\"width: 20%;\">Economia (3h)<\/p>\n<p>Hist\u00f2ria del m\u00f3n contemporani (3h)<\/td>\n<\/tr>\n<tr>\n<td style=\"text-align: center; width: 100%;\" colspan=\"6\">Treball de Recerca (entre 1r i 2n de Batxillerat) &#8211; 10% de la nota de Batxillerat<\/p>\n<p>Sense assignaci\u00f3 hor\u00e0ria. Previsi\u00f3 de 70 h<\/td>\n<\/tr>\n<\/tbody>\n<\/table>\n<p>&nbsp;<\/p>\n<h4>Mat\u00e8ries optatives de 1r de Batxillerat (9 h lectives)<\/h4>\n<table border=\"1\">\n<tbody>\n<tr>\n<td style=\"width: 10.115%;\">Franja 1<\/td>\n<td style=\"width: 21.7524%;\">\n<p style=\"text-align: center;\">Optativa anual<\/p>\n<p style=\"text-align: center;\">(3h)<\/p>\n<\/td>\n<td style=\"width: 51.7254%;\">\n<ul>\n<li><strong>Funcionament de l&#8217;empresa<\/strong><\/li>\n<li><strong>M\u00f3n cl\u00e0ssic<\/strong><\/li>\n<li><strong>Geologia i ci\u00e8ncies ambientals<\/strong><\/li>\n<li><strong>F\u00edsica I<\/strong><\/li>\n<\/ul>\n<\/td>\n<td style=\"width: 16.4073%; text-align: center;\">Cal triar una mat\u00e8ria optativa anual<\/td>\n<\/tr>\n<tr>\n<td style=\"width: 10.115%;\">Franja 2<\/td>\n<td style=\"width: 21.7524%;\">\n<p style=\"text-align: center;\">Optativa trimestral (Aquest curs seran anuals)<\/p>\n<p style=\"text-align: center;\">(3h)<\/p>\n<\/td>\n<td style=\"width: 51.7254%;\">\n<ul style=\"list-style-type: circle;\">\n<li>Biomedecina<\/li>\n<li>Programaci\u00f3<\/li>\n<li>Creaci\u00f3 liter\u00e0ria (llegua catalana)<\/li>\n<li>Franc\u00e8s<\/li>\n<\/ul>\n<\/td>\n<td style=\"width: 16.4073%; text-align: center;\">Aquest any cal triar una optativa anual<\/td>\n<\/tr>\n<tr>\n<td style=\"width: 10.115%;\">Franja 3<\/td>\n<td style=\"width: 21.7524%;\">\n<p style=\"text-align: center;\">Optativa Trimestral (Aquest curs seran anuals)<\/p>\n<p style=\"text-align: center;\">(3h)<\/p>\n<\/td>\n<td style=\"width: 51.7254%;\">\n<ul style=\"list-style-type: square;\">\n<li>Psicologia<\/li>\n<li>Reptes cient\u00edfics actuals (Bio i Geo)<\/li>\n<li>Ciutadania, pol\u00edtica i dret<\/li>\n<li>Rob\u00f2tica<\/li>\n<\/ul>\n<\/td>\n<td style=\"width: 16.4073%; text-align: center;\">Aquest any cal triar una optativa anual<\/td>\n<\/tr>\n<\/tbody>\n<\/table>\n<p>&nbsp;<\/p>\n<ul>\n<li><a href=\"https:\/\/drive.google.com\/file\/d\/1o37iJGV5m2CSv038GB3wQatdenLiNO7l\/view?usp=sharing\" target=\"_blank\" rel=\"noopener\">Informaci\u00f3 de les optatives del curs 2025-2026<\/a><\/li>\n<li><a href=\"https:\/\/docs.google.com\/presentation\/d\/1JvaoaWyDm30WKDluoAJCFbeqnwVXYbm3\/edit#slide=id.p1\" target=\"_blank\" rel=\"noopener\">Reuni\u00f3 informativa 1r Bat Curs 2024-2025<\/a><\/li>\n<li><a href=\"https:\/\/drive.google.com\/file\/d\/1R-MlhJI8ixK96XVo87jBe60ZRnG9E91m\/view?usp=drive_link\" target=\"_blank\" rel=\"noopener\">Equip docent curs (2025-2026)<\/a><\/li>\n<\/ul>\n","protected":false},"excerpt":{"rendered":"<p>&nbsp;<\/p>\n<p>Llibres curs 2025 &#8211; 2026<\/p>\n<p><a href=\"https:\/\/drive.google.com\/file\/d\/1coOps58l9KWMD31y7FWeSAYQ46Mzx1cR\/view?usp=drive_link\" target=\"_blank\" rel=\"noopener\">1r Batxillerat<\/a><\/p>\n<p>Informaci\u00f3 de les distribu\u00efdores on es poden comprar:<\/p>\n<ul>\n<li><a href=\"https:\/\/drive.google.com\/file\/d\/1WjP5FqZ5YxLrNBrv9oUzj18h6DXPmJbn\/view?usp=drive_link\" target=\"_blank\" rel=\"noopener\">Iddink<\/a><\/li>\n<li><a href=\"https:\/\/drive.google.com\/file\/d\/1jLHt1HR1Ra6wJN1B3aFacZR1cYbq58nh\/view?usp=drive_link\" target=\"_blank\" rel=\"noopener\">Comercial Girona de Llibres<\/a><\/li>\n<\/ul>\n<p>&nbsp;<br \/>\nMat\u00e8ries comunes i de modalitat de 1r de Batxillerat (21 h lectives)<\/p>\n<p>21 hores lectives<br \/>\nMODALITAT DE CI\u00c8NCIES I TECNOLOGIA<br \/>\nMODALITAT D&#8217;HUMANITATS I CI\u00c8NCIES&hellip;  <a href=\"https:\/\/agora.xtec.cat\/iescarlesrahola\/estudis\/batxillerat\/1r-batxillerat\/\" title=\"Read 1r Batxillerat\">Llegeix m\u00e9s\u00bb<\/a><\/p>\n","protected":false},"author":1,"featured_media":0,"parent":1228,"menu_order":10,"comment_status":"closed","ping_status":"closed","template":"page-templates\/side-menu.php","meta":{"_bbp_topic_count":0,"_bbp_reply_count":0,"_bbp_total_topic_count":0,"_bbp_total_reply_count":0,"_bbp_voice_count":0,"_bbp_anonymous_reply_count":0,"_bbp_topic_count_hidden":0,"_bbp_reply_count_hidden":0,"_bbp_forum_subforum_count":0,"footnotes":""},"class_list":["post-5829","page","type-page","status-publish","hentry"],"post_mailing_queue_ids":[],"_links":{"self":[{"href":"https:\/\/agora.xtec.cat\/iescarlesrahola\/wp-json\/wp\/v2\/pages\/5829","targetHints":{"allow":["GET"]}}],"collection":[{"href":"https:\/\/agora.xtec.cat\/iescarlesrahola\/wp-json\/wp\/v2\/pages"}],"about":[{"href":"https:\/\/agora.xtec.cat\/iescarlesrahola\/wp-json\/wp\/v2\/types\/page"}],"author":[{"embeddable":true,"href":"https:\/\/agora.xtec.cat\/iescarlesrahola\/wp-json\/wp\/v2\/users\/1"}],"replies":[{"embeddable":true,"href":"https:\/\/agora.xtec.cat\/iescarlesrahola\/wp-json\/wp\/v2\/comments?post=5829"}],"version-history":[{"count":6,"href":"https:\/\/agora.xtec.cat\/iescarlesrahola\/wp-json\/wp\/v2\/pages\/5829\/revisions"}],"predecessor-version":[{"id":8913,"href":"https:\/\/agora.xtec.cat\/iescarlesrahola\/wp-json\/wp\/v2\/pages\/5829\/revisions\/8913"}],"up":[{"embeddable":true,"href":"https:\/\/agora.xtec.cat\/iescarlesrahola\/wp-json\/wp\/v2\/pages\/1228"}],"wp:attachment":[{"href":"https:\/\/agora.xtec.cat\/iescarlesrahola\/wp-json\/wp\/v2\/media?parent=5829"}],"curies":[{"name":"wp","href":"https:\/\/api.w.org\/{rel}","templated":true}]}}