{"id":562,"date":"2017-10-15T11:06:27","date_gmt":"2017-10-15T09:06:27","guid":{"rendered":"http:\/\/agora.xtec.cat\/iescarlesrahola\/?page_id=562"},"modified":"2026-04-08T17:42:47","modified_gmt":"2026-04-08T15:42:47","slug":"pfi","status":"publish","type":"page","link":"https:\/\/agora.xtec.cat\/iescarlesrahola\/estudis\/pfi\/","title":{"rendered":"PFI"},"content":{"rendered":"<h2><span style=\"color: #808080;\">CURS 2026-2027<br \/>\n<\/span><\/h2>\n<p>&nbsp;<\/p>\n<p><span style=\"color: #808080;\"><strong>Informaci\u00f3 sobre la preinscripci\u00f3 i matr\u00edcula a PFI: fes clic <a href=\"https:\/\/preinscripcio.gencat.cat\/ca\/estudis\/pfi\/inici\/index.html\" target=\"_blank\" rel=\"noopener\">AQU\u00cd<\/a><\/strong><\/span><\/p>\n<p>&nbsp;<\/p>\n<h4 style=\"text-align: center;\"><span style=\"color: #808080;\"><strong>Auxiliar de comer\u00e7 i atenci\u00f3 al p\u00fablic<\/strong><\/span><\/h4>\n<p>&nbsp;<\/p>\n<p><a href=\"https:\/\/view.genial.ly\/604fcf1b773ce80da33e3e08\/presentation-info-pfi-ptt-girona-24-25\" target=\"_blank\" rel=\"noopener\"><img loading=\"lazy\" decoding=\"async\" class=\"aligncenter wp-image-8040 \" src=\"https:\/\/agora.xtec.cat\/iescarlesrahola\/wp-content\/uploads\/usu1066\/2024\/04\/Portada_Genially_PFIs-300x156.png\" alt=\"\" width=\"945\" height=\"492\" srcset=\"https:\/\/agora.xtec.cat\/iescarlesrahola\/wp-content\/uploads\/usu1066\/2024\/04\/Portada_Genially_PFIs-300x156.png 300w, https:\/\/agora.xtec.cat\/iescarlesrahola\/wp-content\/uploads\/usu1066\/2024\/04\/Portada_Genially_PFIs-1024x532.png 1024w, https:\/\/agora.xtec.cat\/iescarlesrahola\/wp-content\/uploads\/usu1066\/2024\/04\/Portada_Genially_PFIs-768x399.png 768w, https:\/\/agora.xtec.cat\/iescarlesrahola\/wp-content\/uploads\/usu1066\/2024\/04\/Portada_Genially_PFIs.png 1279w\" sizes=\"auto, (max-width: 945px) 100vw, 945px\" \/><\/a><\/p>\n<p><span style=\"color: #808080;\">Clica sobre la imatge i coneix en profunditat aquests estudis i les especialitats que hi ha a Girona<\/span><\/p>\n<p><span style=\"color: #808080;\">Clica a sobre les imatges per obtenir informaci\u00f3 dels estudis.<\/span><\/p>\n<table style=\"width: 82.6766%; height: 355px;\">\n<tbody>\n<tr>\n<td style=\"width: 300px; height: 300px; text-align: center; border: none;\"><img loading=\"lazy\" decoding=\"async\" class=\"aligncenter wp-image-1622\" src=\"http:\/\/agora.xtec.cat\/iescarlesrahola\/wp-content\/uploads\/usu1066\/2018\/07\/IMG_87A55294E87D-1-300x300.jpeg\" alt=\"\" width=\"200\" height=\"200\" srcset=\"https:\/\/agora.xtec.cat\/iescarlesrahola\/wp-content\/uploads\/usu1066\/2018\/07\/IMG_87A55294E87D-1-300x300.jpeg 300w, https:\/\/agora.xtec.cat\/iescarlesrahola\/wp-content\/uploads\/usu1066\/2018\/07\/IMG_87A55294E87D-1-150x150.jpeg 150w, https:\/\/agora.xtec.cat\/iescarlesrahola\/wp-content\/uploads\/usu1066\/2018\/07\/IMG_87A55294E87D-1-768x768.jpeg 768w, https:\/\/agora.xtec.cat\/iescarlesrahola\/wp-content\/uploads\/usu1066\/2018\/07\/IMG_87A55294E87D-1-1024x1024.jpeg 1024w, https:\/\/agora.xtec.cat\/iescarlesrahola\/wp-content\/uploads\/usu1066\/2018\/07\/IMG_87A55294E87D-1.jpeg 1047w\" sizes=\"auto, (max-width: 200px) 100vw, 200px\" \/><\/td>\n<td style=\"width: 300px; height: 300px; text-align: center; border: none;\"><a href=\"https:\/\/triaeducativa.gencat.cat\/ca\/estudis\/?auxiliar-comerc-atencio-public&amp;p_id=2772\" target=\"_blank\" rel=\"noopener noreferrer\"><img loading=\"lazy\" decoding=\"async\" class=\"aligncenter wp-image-8066\" src=\"https:\/\/agora.xtec.cat\/iescarlesrahola\/wp-content\/uploads\/usu1066\/2024\/04\/auxiliar.jpg\" alt=\"\" width=\"198\" height=\"198\" srcset=\"https:\/\/agora.xtec.cat\/iescarlesrahola\/wp-content\/uploads\/usu1066\/2024\/04\/auxiliar.jpg 300w, https:\/\/agora.xtec.cat\/iescarlesrahola\/wp-content\/uploads\/usu1066\/2024\/04\/auxiliar-150x150.jpg 150w\" sizes=\"auto, (max-width: 198px) 100vw, 198px\" \/><\/a><\/td>\n<\/tr>\n<\/tbody>\n<\/table>\n<p>&nbsp;<\/p>\n<p>&nbsp;<\/p>\n","protected":false},"excerpt":{"rendered":"<p>CURS 2026-2027<\/p>\n<p>&nbsp;<br \/>\nInformaci\u00f3 sobre la preinscripci\u00f3 i matr\u00edcula a PFI: fes clic <a href=\"https:\/\/preinscripcio.gencat.cat\/ca\/estudis\/pfi\/inici\/index.html\" target=\"_blank\" rel=\"noopener\">AQU\u00cd<\/a><br \/>\n&nbsp;<br \/>\nAuxiliar de comer\u00e7 i atenci\u00f3 al p\u00fablic<br \/>\n&nbsp;<br \/>\n<a href=\"https:\/\/view.genial.ly\/604fcf1b773ce80da33e3e08\/presentation-info-pfi-ptt-girona-24-25\" target=\"_blank\" rel=\"noopener\"><\/a><br \/>\nClica sobre la imatge i coneix en profunditat aquests estudis i les especialitats que hi ha a Girona<br \/>\nClica a sobre les imatges&hellip;  <a href=\"https:\/\/agora.xtec.cat\/iescarlesrahola\/estudis\/pfi\/\" title=\"Read PFI\">Llegeix m\u00e9s\u00bb<\/a><\/p>\n","protected":false},"author":1,"featured_media":0,"parent":195,"menu_order":30,"comment_status":"closed","ping_status":"closed","template":"page-templates\/side-menu.php","meta":{"_bbp_topic_count":0,"_bbp_reply_count":0,"_bbp_total_topic_count":0,"_bbp_total_reply_count":0,"_bbp_voice_count":0,"_bbp_anonymous_reply_count":0,"_bbp_topic_count_hidden":0,"_bbp_reply_count_hidden":0,"_bbp_forum_subforum_count":0,"footnotes":""},"class_list":["post-562","page","type-page","status-publish","hentry"],"post_mailing_queue_ids":[],"_links":{"self":[{"href":"https:\/\/agora.xtec.cat\/iescarlesrahola\/wp-json\/wp\/v2\/pages\/562","targetHints":{"allow":["GET"]}}],"collection":[{"href":"https:\/\/agora.xtec.cat\/iescarlesrahola\/wp-json\/wp\/v2\/pages"}],"about":[{"href":"https:\/\/agora.xtec.cat\/iescarlesrahola\/wp-json\/wp\/v2\/types\/page"}],"author":[{"embeddable":true,"href":"https:\/\/agora.xtec.cat\/iescarlesrahola\/wp-json\/wp\/v2\/users\/1"}],"replies":[{"embeddable":true,"href":"https:\/\/agora.xtec.cat\/iescarlesrahola\/wp-json\/wp\/v2\/comments?post=562"}],"version-history":[{"count":7,"href":"https:\/\/agora.xtec.cat\/iescarlesrahola\/wp-json\/wp\/v2\/pages\/562\/revisions"}],"predecessor-version":[{"id":9262,"href":"https:\/\/agora.xtec.cat\/iescarlesrahola\/wp-json\/wp\/v2\/pages\/562\/revisions\/9262"}],"up":[{"embeddable":true,"href":"https:\/\/agora.xtec.cat\/iescarlesrahola\/wp-json\/wp\/v2\/pages\/195"}],"wp:attachment":[{"href":"https:\/\/agora.xtec.cat\/iescarlesrahola\/wp-json\/wp\/v2\/media?parent=562"}],"curies":[{"name":"wp","href":"https:\/\/api.w.org\/{rel}","templated":true}]}}