{"id":5499,"date":"2021-07-24T19:03:18","date_gmt":"2021-07-24T17:03:18","guid":{"rendered":"https:\/\/agora.xtec.cat\/iescarlesrahola\/?page_id=5499"},"modified":"2021-08-17T17:08:49","modified_gmt":"2021-08-17T15:08:49","slug":"erasmus","status":"publish","type":"page","link":"https:\/\/agora.xtec.cat\/iescarlesrahola\/erasmus\/","title":{"rendered":"Erasmus +"},"content":{"rendered":"<p><a href=\"http:\/\/erasmusplus.gob.es\/\" target=\"_blank\" rel=\"noopener\"><img loading=\"lazy\" decoding=\"async\" class=\"aligncenter wp-image-5503 size-medium\" src=\"https:\/\/agora.xtec.cat\/iescarlesrahola\/wp-content\/uploads\/usu1066\/2021\/07\/Logo-E-300x86.jpg\" alt=\"http:\/\/erasmusplus.gob.es\/\" width=\"300\" height=\"86\" srcset=\"https:\/\/agora.xtec.cat\/iescarlesrahola\/wp-content\/uploads\/usu1066\/2021\/07\/Logo-E-300x86.jpg 300w, https:\/\/agora.xtec.cat\/iescarlesrahola\/wp-content\/uploads\/usu1066\/2021\/07\/Logo-E-1024x292.jpg 1024w, https:\/\/agora.xtec.cat\/iescarlesrahola\/wp-content\/uploads\/usu1066\/2021\/07\/Logo-E-768x219.jpg 768w, https:\/\/agora.xtec.cat\/iescarlesrahola\/wp-content\/uploads\/usu1066\/2021\/07\/Logo-E-1536x439.jpg 1536w, https:\/\/agora.xtec.cat\/iescarlesrahola\/wp-content\/uploads\/usu1066\/2021\/07\/Logo-E.jpg 1964w\" sizes=\"auto, (max-width: 300px) 100vw, 300px\" \/><\/a><\/p>\n<p>&nbsp;<\/p>\n<p style=\"text-align: justify;\"><span style=\"color: #808080;\">L\u2019institut Carles Rahola i Llorens t\u00e9 com a objectius generals la millora dels resultats acad\u00e8mics dels alumnes i la millora de la cohesi\u00f3 social i la conviv\u00e8ncia. Aquests objectius s\u2019assoleixen mitjan\u00e7ant diverses actuacions estrat\u00e8giques recollides en el Projecte de Direcci\u00f3 (2016-2020) i el Projecte Educatiu de Centre (PEC).<\/span><\/p>\n<p style=\"text-align: justify;\"><span style=\"color: #808080;\">S\u00f3n rellevants per aquest programa Erasmus+ les seg\u00fcents accions estrat\u00e8giques:<\/span><\/p>\n<ul style=\"text-align: justify;\">\n<li aria-level=\"1\"><span style=\"color: #808080;\">Augmentar l\u2019exposici\u00f3 a la llengua anglesa. Per tal de fer l\u2019alumnat m\u00e9s competent en l\u2019\u00fas de l\u2019angl\u00e8s, l\u2019institut realitza 2 activitats:<\/span>\n<ul>\n<li aria-level=\"2\"><span style=\"color: #808080;\">Utilitzaci\u00f3 de metodologia AICLE: metodologia que consisteix en utilitzar l\u2019angl\u00e8s com a llengua vehicular d\u2019una mat\u00e8ria no ling\u00fc\u00edstica amb continguts concrets.<\/span><\/li>\n<li aria-level=\"2\"><span style=\"color: #808080;\">Participaci\u00f3 en projectes acad\u00e8mics i mobilitats i intercanvis internacionals en qu\u00e8 la llengua vehicular sigui l\u2019angl\u00e8s.<\/span><\/li>\n<\/ul>\n<\/li>\n<li aria-level=\"1\"><span style=\"color: #808080;\">Vetllar per la implementaci\u00f3 de metodologies que millorin el rendiment dels alumnes.<\/span><\/li>\n<li aria-level=\"1\"><span style=\"color: #808080;\">Impuls d\u2019activitats que fomentin la millora del clima escolar.<\/span><\/li>\n<\/ul>\n<p style=\"text-align: justify;\"><span style=\"color: #808080;\">Per assolir aquests objectius, l\u2019institut participa de manera sistem\u00e0tica en les convocat\u00f2ries d\u2019ajudes de la Uni\u00f3 Europea Erasmus+, tant per la formaci\u00f3 de professorat com per la mobilitat d\u2019alumnes. A m\u00e9s, aquest programa fomenta la pertinen\u00e7a a la Uni\u00f3 Europea entre els seus participants, i incrementa la internacionalitzaci\u00f3 de l\u2019institut.<\/span><\/p>\n<p style=\"text-align: justify;\"><span style=\"color: #808080;\">Erasmus+ \u00e9s el programa europeu en els \u00e0mbits de l\u2019educaci\u00f3, la formaci\u00f3, la joventut i l\u2019esport. L\u2019ag\u00e8ncia nacional que gestiona aquest programa per l\u2019\u00e0mbit de l\u2019educaci\u00f3 i la formaci\u00f3 \u00e9s el Servicio Espa\u00f1ol para la internacionalizaci\u00f3n de la Educaci\u00f3n (SEPIE).<\/span><\/p>\n<p style=\"text-align: justify;\"><span style=\"color: #808080;\">Hem participat en els seg\u00fcents tipus de projectes Erasmus+:<\/span><\/p>\n<ul>\n<li style=\"text-align: justify;\" aria-level=\"1\"><span style=\"color: #808080;\">KA101: Mobilitat de professorat. Respon a l\u2019objectiu de desenvolupar la internacionalitzaci\u00f3 del centre i la millora professional del seu personal. Durada 1-2 anys. Els professorat pot fer activitats de formaci\u00f3 en altres pa\u00efsos europeus (cursos estructurats, job shadowing en un centre escolar) i activitats de doc\u00e8ncia en una escola d\u2019un altre pa\u00eds.<\/span><\/li>\n<li style=\"text-align: justify;\" aria-level=\"1\"><span style=\"color: #808080;\">KA229: Mobilitats de professorat i alumnes entre centres europeus. Durada 1-3 anys. Els alumnes fan intercanvis curts (1 setmana) en grup amb altres centres docents europeus amb qui treballen en un projecte conjunt.<\/span><\/li>\n<li style=\"text-align: justify;\" aria-level=\"1\"><span style=\"color: #808080;\">KA122-SCH: Projectes de curta durada per la mobilitat de l\u2019alumnat i personal de l\u2019educaci\u00f3 escolar per organitzacions no acreditades. Durada 6-18 mesos. Inclou activitats pel professorat (jobshadowing, estades de formaci\u00f3 o doc\u00e8ncia, cursos) i pels alumnes (mobilitat d\u2019uns dies en grups d\u2019alumnes, estada individual curta de fins a 1 mes o llarga de fins a 1 any en altres centres europeus).<\/span><\/li>\n<\/ul>\n<p>&nbsp;<\/p>\n<p><span style=\"color: #808080;\"><strong>Projectes realitzats<\/strong><\/span><\/p>\n<ul>\n<li style=\"text-align: justify;\"><a href=\"https:\/\/agora.xtec.cat\/iescarlesrahola\/?page_id=5506&amp;preview=true\"><span style=\"color: #808080;\"><span style=\"color: #f35a19;\">KA101 Carles Rahola i Llorens High School: Innovative Teaching tor the Future European citizens (2017-2018)<\/span><\/span><\/a><\/li>\n<li style=\"text-align: justify;\"><span style=\"color: #f35a19;\"><a style=\"color: #f35a19;\" href=\"https:\/\/agora.xtec.cat\/iescarlesrahola\/?page_id=5514&amp;preview=true\">KA101 Integrative methodologies for inclusive education (2018-2021)<\/a><\/span><\/li>\n<li style=\"text-align: justify;\"><span style=\"color: #f35a19;\"><a style=\"color: #f35a19;\" href=\"https:\/\/agora.xtec.cat\/iescarlesrahola\/erasmus\/ka229-storytelling-for-cultural-and-language-development-2018-2021\/\" target=\"_blank\" rel=\"noopener\">KA229 Storytelling for cultural and Language development (2018-2021)<\/a><\/span><\/li>\n<li style=\"text-align: justify;\"><span style=\"color: #f35a19;\"><a style=\"color: #f35a19;\" href=\"https:\/\/agora.xtec.cat\/iescarlesrahola\/erasmus\/ka229-math-and-art-walk-together-2019-2022\/\">KA229 Math and Art walk together (2019-2022)<\/a><\/span><\/li>\n<li style=\"text-align: justify;\"><span style=\"color: #808080;\">KA122-SCH Sustainability and circular economy (2021-2023)<\/span><\/li>\n<\/ul>\n<p style=\"text-align: justify;\">\n","protected":false},"excerpt":{"rendered":"<p><a href=\"http:\/\/erasmusplus.gob.es\/\" target=\"_blank\" rel=\"noopener\"><\/a><br \/>\n&nbsp;<br \/>\nL\u2019institut Carles Rahola i Llorens t\u00e9 com a objectius generals la millora dels resultats acad\u00e8mics dels alumnes i la millora de la cohesi\u00f3 social i la conviv\u00e8ncia. Aquests objectius s\u2019assoleixen mitjan\u00e7ant diverses actuacions estrat\u00e8giques recollides en el Projecte de Direcci\u00f3 (2016-2020) i&hellip;  <a href=\"https:\/\/agora.xtec.cat\/iescarlesrahola\/erasmus\/\" title=\"Read Erasmus +\">Llegeix m\u00e9s\u00bb<\/a><\/p>\n","protected":false},"author":1,"featured_media":0,"parent":0,"menu_order":0,"comment_status":"closed","ping_status":"closed","template":"page-templates\/side-menu.php","meta":{"_bbp_topic_count":0,"_bbp_reply_count":0,"_bbp_total_topic_count":0,"_bbp_total_reply_count":0,"_bbp_voice_count":0,"_bbp_anonymous_reply_count":0,"_bbp_topic_count_hidden":0,"_bbp_reply_count_hidden":0,"_bbp_forum_subforum_count":0,"footnotes":""},"class_list":["post-5499","page","type-page","status-publish","hentry"],"post_mailing_queue_ids":[],"_links":{"self":[{"href":"https:\/\/agora.xtec.cat\/iescarlesrahola\/wp-json\/wp\/v2\/pages\/5499","targetHints":{"allow":["GET"]}}],"collection":[{"href":"https:\/\/agora.xtec.cat\/iescarlesrahola\/wp-json\/wp\/v2\/pages"}],"about":[{"href":"https:\/\/agora.xtec.cat\/iescarlesrahola\/wp-json\/wp\/v2\/types\/page"}],"author":[{"embeddable":true,"href":"https:\/\/agora.xtec.cat\/iescarlesrahola\/wp-json\/wp\/v2\/users\/1"}],"replies":[{"embeddable":true,"href":"https:\/\/agora.xtec.cat\/iescarlesrahola\/wp-json\/wp\/v2\/comments?post=5499"}],"version-history":[{"count":4,"href":"https:\/\/agora.xtec.cat\/iescarlesrahola\/wp-json\/wp\/v2\/pages\/5499\/revisions"}],"predecessor-version":[{"id":5661,"href":"https:\/\/agora.xtec.cat\/iescarlesrahola\/wp-json\/wp\/v2\/pages\/5499\/revisions\/5661"}],"wp:attachment":[{"href":"https:\/\/agora.xtec.cat\/iescarlesrahola\/wp-json\/wp\/v2\/media?parent=5499"}],"curies":[{"name":"wp","href":"https:\/\/api.w.org\/{rel}","templated":true}]}}