{"id":4663,"date":"2020-12-10T14:39:54","date_gmt":"2020-12-10T13:39:54","guid":{"rendered":"http:\/\/agora.xtec.cat\/iescarlesrahola\/?page_id=4663"},"modified":"2025-02-11T12:02:12","modified_gmt":"2025-02-11T11:02:12","slug":"equitat-digital","status":"publish","type":"page","link":"https:\/\/agora.xtec.cat\/iescarlesrahola\/equitat-digital\/","title":{"rendered":"Equitat digital"},"content":{"rendered":"<p>&nbsp;<\/p>\n<p><a href=\"https:\/\/docs.google.com\/forms\/d\/e\/1FAIpQLSf6w1QDy2REE2PcwiXsPapnhXDKkYpGINDl3eXQcJxEkQh5DQ\/viewform\" target=\"_blank\" rel=\"noopener\">T&#8217;hem canviat l&#8217;ordinador? Demana la teva etiqueta!<\/a> (cal tenir el correu @iescarlesrahola.net obert)<\/p>\n<p><a href=\"https:\/\/drive.google.com\/file\/d\/1ZGJQbsMEIvZF5R0bNsHOm_0f5A7KuOco\/view\" target=\"_blank\" rel=\"noopener noreferrer\">Guia r\u00e0pida del dispositiu de connectivitat MiFi<\/a><\/p>\n<p><a href=\"http:\/\/educacio.gencat.cat\/ca\/departament\/linies-estrategiques\/pla-educacio-digital\/centres\/\" target=\"_blank\" rel=\"noopener noreferrer\">Projecte d&#8217;acceleraci\u00f3 de la transformaci\u00f3 digital dels centres<\/a><\/p>\n<p><a href=\"https:\/\/drive.google.com\/file\/d\/1TzMFMEJPrvxraQ3LalgfqFGuEmutqrVv\/view?usp=sharing\" target=\"_blank\" rel=\"noopener noreferrer\">Dec\u00e0leg d&#8217;\u00fas dels port\u00e0tils de l\u2019alumnat de l\u2019INS Carles Rahola i Llorens<\/a><\/p>\n","protected":false},"excerpt":{"rendered":"<p>&nbsp;<br \/>\n<a href=\"https:\/\/docs.google.com\/forms\/d\/e\/1FAIpQLSf6w1QDy2REE2PcwiXsPapnhXDKkYpGINDl3eXQcJxEkQh5DQ\/viewform\" target=\"_blank\" rel=\"noopener\">T&#8217;hem canviat l&#8217;ordinador? Demana la teva etiqueta!<\/a> (cal tenir el correu @iescarlesrahola.net obert)<br \/>\n<a href=\"https:\/\/drive.google.com\/file\/d\/1ZGJQbsMEIvZF5R0bNsHOm_0f5A7KuOco\/view\" target=\"_blank\" rel=\"noopener noreferrer\">Guia r\u00e0pida del dispositiu de connectivitat MiFi<\/a><br \/>\n<a href=\"http:\/\/educacio.gencat.cat\/ca\/departament\/linies-estrategiques\/pla-educacio-digital\/centres\/\" target=\"_blank\" rel=\"noopener noreferrer\">Projecte d&#8217;acceleraci\u00f3 de la transformaci\u00f3 digital dels centres<\/a><br \/>\n<a href=\"https:\/\/drive.google.com\/file\/d\/1TzMFMEJPrvxraQ3LalgfqFGuEmutqrVv\/view?usp=sharing\" target=\"_blank\" rel=\"noopener noreferrer\">Dec\u00e0leg d&#8217;\u00fas dels port\u00e0tils de&hellip;  <a href=\"https:\/\/agora.xtec.cat\/iescarlesrahola\/equitat-digital\/\" title=\"Read Equitat digital\">Llegeix m\u00e9s\u00bb<\/a><\/p>\n","protected":false},"author":1,"featured_media":0,"parent":0,"menu_order":0,"comment_status":"closed","ping_status":"closed","template":"page-templates\/side-menu.php","meta":{"_bbp_topic_count":0,"_bbp_reply_count":0,"_bbp_total_topic_count":0,"_bbp_total_reply_count":0,"_bbp_voice_count":0,"_bbp_anonymous_reply_count":0,"_bbp_topic_count_hidden":0,"_bbp_reply_count_hidden":0,"_bbp_forum_subforum_count":0,"footnotes":""},"class_list":["post-4663","page","type-page","status-publish","hentry"],"post_mailing_queue_ids":[],"_links":{"self":[{"href":"https:\/\/agora.xtec.cat\/iescarlesrahola\/wp-json\/wp\/v2\/pages\/4663","targetHints":{"allow":["GET"]}}],"collection":[{"href":"https:\/\/agora.xtec.cat\/iescarlesrahola\/wp-json\/wp\/v2\/pages"}],"about":[{"href":"https:\/\/agora.xtec.cat\/iescarlesrahola\/wp-json\/wp\/v2\/types\/page"}],"author":[{"embeddable":true,"href":"https:\/\/agora.xtec.cat\/iescarlesrahola\/wp-json\/wp\/v2\/users\/1"}],"replies":[{"embeddable":true,"href":"https:\/\/agora.xtec.cat\/iescarlesrahola\/wp-json\/wp\/v2\/comments?post=4663"}],"version-history":[{"count":5,"href":"https:\/\/agora.xtec.cat\/iescarlesrahola\/wp-json\/wp\/v2\/pages\/4663\/revisions"}],"predecessor-version":[{"id":8573,"href":"https:\/\/agora.xtec.cat\/iescarlesrahola\/wp-json\/wp\/v2\/pages\/4663\/revisions\/8573"}],"wp:attachment":[{"href":"https:\/\/agora.xtec.cat\/iescarlesrahola\/wp-json\/wp\/v2\/media?parent=4663"}],"curies":[{"name":"wp","href":"https:\/\/api.w.org\/{rel}","templated":true}]}}