{"id":4415,"date":"2020-08-31T21:16:42","date_gmt":"2020-08-31T19:16:42","guid":{"rendered":"http:\/\/agora.xtec.cat\/iescarlesrahola\/?page_id=4415"},"modified":"2024-09-23T17:02:45","modified_gmt":"2024-09-23T15:02:45","slug":"video-tutorials","status":"publish","type":"page","link":"https:\/\/agora.xtec.cat\/iescarlesrahola\/estudis\/video-tutorials\/","title":{"rendered":"V\u00eddeo tutorials"},"content":{"rendered":"<p><strong>CONSELLS D&#8217;UTILITZACI\u00d3 DE L&#8217;ORDINADOR<\/strong><\/p>\n<p><a href=\"https:\/\/www.youtube.com\/watch?v=bYiWW8yu3kQ\" target=\"_blank\" rel=\"noopener\">Bon \u00fas de l&#8217;ordinador<\/a><\/p>\n<p><strong>QU\u00c8 FAREM SERVIR AQUEST CURS?<\/strong><\/p>\n<p><a href=\"https:\/\/docs.google.com\/presentation\/d\/1VZ2OxTTzGPUiQjarHYwi3QNvFG6yE17b4GPoIA_o8oc\/edit?usp=sharing\" target=\"_blank\" rel=\"noopener noreferrer\">Qu\u00e8 farem servir aquest curs<\/a> (versi\u00f3 presentaci\u00f3)<\/p>\n<hr \/>\n<p>&nbsp;<\/p>\n<p><strong>REGLAMENT GSUITE<br \/>\n<\/strong><\/p>\n<hr \/>\n<p><a href=\"https:\/\/docs.google.com\/document\/d\/1VtaA9KUPZxqLu7OyaZUk1E-Uf14W38mi_jDSIhdY294\/edit\" target=\"_blank\" rel=\"noopener noreferrer\">Reglament GSUITE<\/a><\/p>\n<p><a href=\"https:\/\/docs.google.com\/document\/d\/102p4AUIUVoJRpbqTJdGuwxounu4IvSfyALhq7xbm-3o\/edit\" target=\"_blank\" rel=\"noopener noreferrer\">Dec\u00e0leg dels dispositius dels alumnes<\/a><\/p>\n<p>&nbsp;<\/p>\n<p><strong>INTRANET<\/strong><\/p>\n<hr \/>\n<p><a href=\"https:\/\/drive.google.com\/file\/d\/1tKQxNaF49YSSFJGEgvpYTcEhn68bChyO\/view?usp=sharing\" target=\"_blank\" rel=\"noopener noreferrer\">Com entrar a Intranet i qu\u00e8 s&#8217;hi pot fer?<\/a><\/p>\n<p><a href=\"https:\/\/youtu.be\/xwMkHkcBlNs\" target=\"_blank\" rel=\"noopener noreferrer\">Funcions b\u00e0siques de la Intranet de pares<\/a><\/p>\n<p><strong>GOOGLE<\/strong><\/p>\n<hr \/>\n<p>Com entrar a Google i qu\u00e8 s&#8217;hi pot fer?<\/p>\n<p><a href=\"https:\/\/drive.google.com\/file\/d\/1nlheQB-5VRmv3EA7C26BK2QK_OzzpCI0\/view?usp=sharing\" target=\"_blank\" rel=\"noopener\">Entrar al Drive. Crear i ordenar capetes<\/a><\/p>\n<p><a href=\"https:\/\/drive.google.com\/file\/d\/1fxL2x9DVTefsLQduWxqLN87uT8TG5ZrP\/view?usp=sharing\" target=\"_blank\" rel=\"noopener\">Compartir arxius del DRIVE<\/a><\/p>\n<p><a href=\"https:\/\/drive.google.com\/file\/d\/1wmUlHAa4fbwAN3KCYbeQVjU6Pu-s9k-Z\/view?usp=sharing\" target=\"_blank\" rel=\"noopener\">Google DOCS. Afegir i editar imatges<\/a><\/p>\n<p><a href=\"https:\/\/drive.google.com\/file\/d\/19zgeXPJwIu6OyudWS_IVIwjKIvBix0Yp\/view?usp=sharing\" target=\"_blank\" rel=\"noopener\">Chat a documents Google<\/a><\/p>\n<p><a href=\"https:\/\/drive.google.com\/file\/d\/1iLV9c12MHHin_o5kCOWmpD6IRPB3ZcWt\/view?usp=sharing\" target=\"_blank\" rel=\"noopener\">Google MEET<\/a><\/p>\n<p><a href=\"https:\/\/drive.google.com\/file\/d\/1TYhM9VFtgpWRd1GZHK1McU44qNVh5Mdd\/view?usp=sharing\" target=\"_blank\" rel=\"noopener\">Entrar en la Classroom per primera vegada<\/a><\/p>\n<p><a href=\"https:\/\/drive.google.com\/file\/d\/1ohmXvXj2aToc7UFL0kEb6N7kiSYtknoc\/view?usp=sharing\" target=\"_blank\" rel=\"noopener\">Entrar per primera vegada amb el CODI a la Classroom<\/a><\/p>\n<p><a href=\"https:\/\/drive.google.com\/file\/d\/1PLeQUGpb0gUbaYQkttI-zo5uAR_C-kXM\/view?usp=sharing\" target=\"_blank\" rel=\"noopener\">Guia de la Classroom<\/a><\/p>\n<p><a href=\"https:\/\/drive.google.com\/file\/d\/18EVMvgGzcmsTIy3y2kdRPE7eFqhnFDSe\/view?usp=sharing\" target=\"_blank\" rel=\"noopener\">Com entregar tasques al Classroom<\/a><\/p>\n<p><a href=\"https:\/\/youtu.be\/VgDv6EvLZ2s\" target=\"_blank\" rel=\"noopener\">El portafoli<\/a><\/p>\n<p>El teu espai al n\u00favol. Com funciona el DRIVE?<\/p>\n<p><strong>MOODLE<\/strong><\/p>\n<hr \/>\n<p><a href=\"https:\/\/drive.google.com\/file\/d\/1uKkTFKQPnOtkXESYP2smvDvElztwgYcD\/view?usp=sharing\" target=\"_blank\" rel=\"noopener noreferrer\">Qu\u00e8 \u00e9s Moodle i qu\u00e8 hi trobarem?<\/a><\/p>\n<ul>\n<li><a href=\"https:\/\/drive.google.com\/file\/d\/1TcEeK-7mcrVpMEBw9D-IQZcoNWYhsAnI\/view?usp=sharing\" target=\"_blank\" rel=\"noopener noreferrer\">Lliurar una tasca a Moodle<\/a><\/li>\n<li><a href=\"https:\/\/drive.google.com\/file\/d\/1QeruvzFKH3Q0l4REsAFwqoMLp13dwXIt\/view?usp=sharing\" target=\"_blank\" rel=\"noopener noreferrer\">Modificar el perfil de Moodle i canviar les prefer\u00e8ncies dels f\u00f2rums<\/a>.<\/li>\n<li><a href=\"https:\/\/drive.google.com\/file\/d\/1Cpw-m9Y2c6UzioWeSPzAbw8rl3Lp6PgE\/view?usp=sharing\" target=\"_blank\" rel=\"noopener\">\u00das de la missatgeria a Moodle<\/a><\/li>\n<li><a href=\"https:\/\/drive.google.com\/file\/d\/12ypQqTj_SNTFFhK_2j-5he65WIHIS8Nc\/view?usp=sharing\" target=\"_blank\" rel=\"noopener noreferrer\">Com fer una c\u00f2pia d&#8217;un document del Drive, editar-la i penjar-la a Moodle.<\/a><\/li>\n<\/ul>\n<p><strong>IDDINK<\/strong><\/p>\n<hr \/>\n<p><a href=\"https:\/\/support.iddink.es\/ca\/support\/solutions\/articles\/5000817052-qu%C3%A8-%C3%A9s-iddink-digital-\" target=\"_blank\" rel=\"noopener noreferrer\">Qu\u00e8 \u00e9s?<\/a><\/p>\n<p><a href=\"https:\/\/vimeo.com\/427321499\" target=\"_blank\" rel=\"noopener noreferrer\">Qu\u00e8 \u00e9s iddink digital?<\/a><\/p>\n<p><a href=\"https:\/\/vimeo.com\/427321666\" target=\"_blank\" rel=\"noopener noreferrer\">Com accedir a les meves llic\u00e8ncies digitals?<\/a><\/p>\n<p><a href=\"https:\/\/youtu.be\/VXz3y634Iko\" target=\"_blank\" rel=\"noopener noreferrer\">Com accedir?<\/a><\/p>\n<p><a href=\"https:\/\/drive.google.com\/file\/d\/1I5h-cADnGPNy7xqMTWqMSgnwHQRE63dR\/view?usp=sharing\" target=\"_blank\" rel=\"noopener noreferrer\">Manual de l&#8217;alumne<\/a> (versi\u00f3 .pdf)<\/p>\n<p>&nbsp;<\/p>\n<p><strong>UTILITATS<\/strong><\/p>\n<hr \/>\n<p><a href=\"https:\/\/drive.google.com\/file\/d\/18YZUKc3i61Arjn19Ob8LGwOD6Y2gR-4q\/view?usp=sharing\" target=\"_blank\" rel=\"noopener noreferrer\">Escanejar documents amb el m\u00f2bil i convertir-los en .pdf<\/a><\/p>\n<p>&nbsp;<\/p>\n<p>&nbsp;<\/p>\n","protected":false},"excerpt":{"rendered":"<p>CONSELLS D&#8217;UTILITZACI\u00d3 DE L&#8217;ORDINADOR<br \/>\n<a href=\"https:\/\/www.youtube.com\/watch?v=bYiWW8yu3kQ\" target=\"_blank\" rel=\"noopener\">Bon \u00fas de l&#8217;ordinador<\/a><br \/>\nQU\u00c8 FAREM SERVIR AQUEST CURS?<br \/>\n<a href=\"https:\/\/docs.google.com\/presentation\/d\/1VZ2OxTTzGPUiQjarHYwi3QNvFG6yE17b4GPoIA_o8oc\/edit?usp=sharing\" target=\"_blank\" rel=\"noopener noreferrer\">Qu\u00e8 farem servir aquest curs<\/a> (versi\u00f3 presentaci\u00f3)<\/p>\n<p>&nbsp;<br \/>\nREGLAMENT GSUITE<\/p>\n<p><a href=\"https:\/\/docs.google.com\/document\/d\/1VtaA9KUPZxqLu7OyaZUk1E-Uf14W38mi_jDSIhdY294\/edit\" target=\"_blank\" rel=\"noopener noreferrer\">Reglament GSUITE<\/a><br \/>\n<a href=\"https:\/\/docs.google.com\/document\/d\/102p4AUIUVoJRpbqTJdGuwxounu4IvSfyALhq7xbm-3o\/edit\" target=\"_blank\" rel=\"noopener noreferrer\">Dec\u00e0leg dels dispositius dels alumnes<\/a><br \/>\n&nbsp;<br \/>\nINTRANET<\/p>\n<p><a href=\"https:\/\/drive.google.com\/file\/d\/1tKQxNaF49YSSFJGEgvpYTcEhn68bChyO\/view?usp=sharing\" target=\"_blank\" rel=\"noopener noreferrer\">Com entrar a Intranet&hellip;  <a href=\"https:\/\/agora.xtec.cat\/iescarlesrahola\/estudis\/video-tutorials\/\" title=\"Read V\u00eddeo tutorials\">Llegeix m\u00e9s\u00bb<\/a><\/p>\n","protected":false},"author":1,"featured_media":0,"parent":195,"menu_order":4,"comment_status":"closed","ping_status":"closed","template":"page-templates\/side-menu.php","meta":{"_bbp_topic_count":0,"_bbp_reply_count":0,"_bbp_total_topic_count":0,"_bbp_total_reply_count":0,"_bbp_voice_count":0,"_bbp_anonymous_reply_count":0,"_bbp_topic_count_hidden":0,"_bbp_reply_count_hidden":0,"_bbp_forum_subforum_count":0,"footnotes":""},"class_list":["post-4415","page","type-page","status-publish","hentry"],"post_mailing_queue_ids":[],"_links":{"self":[{"href":"https:\/\/agora.xtec.cat\/iescarlesrahola\/wp-json\/wp\/v2\/pages\/4415","targetHints":{"allow":["GET"]}}],"collection":[{"href":"https:\/\/agora.xtec.cat\/iescarlesrahola\/wp-json\/wp\/v2\/pages"}],"about":[{"href":"https:\/\/agora.xtec.cat\/iescarlesrahola\/wp-json\/wp\/v2\/types\/page"}],"author":[{"embeddable":true,"href":"https:\/\/agora.xtec.cat\/iescarlesrahola\/wp-json\/wp\/v2\/users\/1"}],"replies":[{"embeddable":true,"href":"https:\/\/agora.xtec.cat\/iescarlesrahola\/wp-json\/wp\/v2\/comments?post=4415"}],"version-history":[{"count":6,"href":"https:\/\/agora.xtec.cat\/iescarlesrahola\/wp-json\/wp\/v2\/pages\/4415\/revisions"}],"predecessor-version":[{"id":8323,"href":"https:\/\/agora.xtec.cat\/iescarlesrahola\/wp-json\/wp\/v2\/pages\/4415\/revisions\/8323"}],"up":[{"embeddable":true,"href":"https:\/\/agora.xtec.cat\/iescarlesrahola\/wp-json\/wp\/v2\/pages\/195"}],"wp:attachment":[{"href":"https:\/\/agora.xtec.cat\/iescarlesrahola\/wp-json\/wp\/v2\/media?parent=4415"}],"curies":[{"name":"wp","href":"https:\/\/api.w.org\/{rel}","templated":true}]}}