{"id":3677,"date":"2020-01-07T15:20:55","date_gmt":"2020-01-07T14:20:55","guid":{"rendered":"http:\/\/agora.xtec.cat\/iescarlesrahola\/?page_id=3677"},"modified":"2026-02-04T09:42:41","modified_gmt":"2026-02-04T08:42:41","slug":"documents-de-centre","status":"publish","type":"page","link":"https:\/\/agora.xtec.cat\/iescarlesrahola\/documents-de-centre\/","title":{"rendered":"Documents de centre"},"content":{"rendered":"<h6><span style=\"color: #808080;\">\u00a0<\/span><\/h6>\n<h6><span style=\"color: #808080;\">Documents Departament d&#8217;Educaci\u00f3<\/span><\/h6>\n<table style=\"width: 639px;\">\n<tbody>\n<tr>\n<td style=\"width: 335.617px;\"><a href=\"https:\/\/portaldogc.gencat.cat\/utilsEADOP\/PDF\/5641\/1814781.pdf\" target=\"_blank\" rel=\"noopener\">Decret de drets i deures<\/a><\/td>\n<td style=\"width: 295.55px;\"><\/td>\n<\/tr>\n<\/tbody>\n<\/table>\n<h6><span style=\"color: #808080;\">Documents institucionals<br \/>\n<\/span><\/h6>\n<table style=\"width: 82.8195%; height: 231px;\">\n<tbody>\n<tr style=\"height: 33px;\">\n<td style=\"width: 51.5936%; height: 33px;\"><a href=\"https:\/\/drive.google.com\/file\/d\/1-yiouQKMqVLCXWsYkG-obj3b-IJVNFgB\/view?usp=drive_link\" target=\"_blank\" rel=\"noopener\">Normes d&#8217;organitzaci\u00f3 i funcionament (NOFC)<\/a><\/td>\n<td style=\"width: 71.7132%; height: 33px;\"><a href=\"https:\/\/drive.google.com\/file\/d\/10-03quu6gZ2GaiOOOHUvsqhO_QkVqo3L\/view\" target=\"_blank\" rel=\"noopener noreferrer\">Projecte educatiu de centre (PEC)<\/a><\/td>\n<\/tr>\n<tr style=\"height: 33px;\">\n<td style=\"width: 51.5936%; height: 33px;\"><a href=\"https:\/\/drive.google.com\/file\/d\/1Tg8HV695yyPzyqiU8p0uZSbahd-HCJop\/view?usp=sharing\" target=\"_blank\" rel=\"noopener\">Projecte de conviv\u00e8ncia<\/a><\/td>\n<td style=\"width: 71.7132%; height: 33px;\"><a href=\"https:\/\/drive.google.com\/file\/d\/1HlQ0ExW9Q6v_qJKdnNNxjCGbsdWAayqd\/view?usp=sharing\" target=\"_blank\" rel=\"noopener\">Projecte ling\u00fc\u00edstic<\/a><\/td>\n<\/tr>\n<tr style=\"height: 33px;\">\n<td style=\"width: 51.5936%; height: 33px;\"><a href=\"https:\/\/drive.google.com\/file\/d\/1FMN-TK5XxrGOnaOnHBqBfCw-pG6nDXsV\/view?usp=sharing\" target=\"_blank\" rel=\"noopener\">Projecte SIAL<\/a><\/td>\n<td style=\"width: 71.7132%; height: 33px;\"><a href=\"https:\/\/drive.google.com\/file\/d\/1fHY4ugLj__2ATzT_xOKEufd3uDtf-5X2\/view\" target=\"_blank\" rel=\"noopener noreferrer\">Pla d&#8217;emerg\u00e8ncia<\/a><\/td>\n<\/tr>\n<tr style=\"height: 33px;\">\n<td style=\"width: 51.5936%; height: 33px;\"><a href=\"https:\/\/drive.google.com\/file\/d\/1dPIpd5MP_AA8BRK9mh8_Zka_FGWcDae7\/view?usp=sharing\" target=\"_blank\" rel=\"noopener noreferrer\">Taxes<\/a><\/td>\n<td style=\"width: 71.7132%; height: 33px;\"><a href=\"https:\/\/drive.google.com\/file\/d\/1oOHTP9jmyXGllxG3pCWwrfj02bfScseb\/view\" target=\"_blank\" rel=\"noopener noreferrer\">Pla TAC<\/a><\/td>\n<\/tr>\n<tr style=\"height: 33px;\">\n<td style=\"width: 51.5936%; height: 33px;\"><a href=\"https:\/\/drive.google.com\/file\/d\/1OTjMl_zlCfOarNq3qOnV-xRCEhbfmsny\/view\" target=\"_blank\" rel=\"noopener noreferrer\">Carta de comprom\u00eds educatiu<\/a><\/td>\n<td style=\"width: 71.7132%; height: 33px;\"><a href=\"https:\/\/drive.google.com\/file\/d\/1vkvJY-BK-xLoRITL0ikwR2_CZJSwQhue\/view?usp=share_link\" target=\"_blank\" rel=\"noopener\">Traject\u00f2ria professional de l&#8217;equip directiu<\/a><\/td>\n<\/tr>\n<tr style=\"height: 33px;\">\n<td style=\"width: 51.5936%; height: 33px;\"><a href=\"https:\/\/drive.google.com\/open?id=1ztnSXg2fkUEMgIHfvpWeYQZmePD7DkIt\" target=\"_blank\" rel=\"noopener noreferrer\">Sol\u00b7licitud de queixa<\/a><\/td>\n<td style=\"width: 71.7132%; height: 33px;\"><a href=\"https:\/\/agora.xtec.cat\/iescarlesrahola\/documents-de-centre\/estrategia-digital-de-centre\/\">Estrat\u00e8gia digital de centre<\/a><\/td>\n<\/tr>\n<tr style=\"height: 33px;\">\n<td style=\"width: 51.5936%; height: 33px;\"><\/td>\n<td style=\"width: 71.7132%; height: 33px;\"><\/td>\n<\/tr>\n<\/tbody>\n<\/table>\n<h6><span style=\"color: #808080;\">Documentaci\u00f3 per a alumnes i fam\u00edlies<\/span><\/h6>\n<table style=\"width: 83.1821%; height: 204px;\">\n<tbody>\n<tr style=\"height: 33px;\">\n<td style=\"width: 52.6971%; height: 33px;\"><a href=\"https:\/\/drive.google.com\/file\/d\/0BwvL_-lxK2naTmpkaVJhd0NsZk0\/view\" target=\"_blank\" rel=\"noopener noreferrer\">Autoritzaci\u00f3 de recollida a un familiar<\/a><\/td>\n<td style=\"width: 76.3486%; height: 33px;\"><a href=\"https:\/\/drive.google.com\/file\/d\/1pizQkZt4SNqCNhanHTqBY8P2SCtnPMOL\/view\" target=\"_blank\" rel=\"noopener noreferrer\">Autoritzaci\u00f3 de vaga<\/a><\/td>\n<\/tr>\n<tr style=\"height: 33px;\">\n<td style=\"width: 52.6971%; height: 33px;\"><a href=\"https:\/\/drive.google.com\/file\/d\/1ccSRzeYnREHOY9x3bOFGbmR8Hdh4RCY5\/view?usp=sharing\" target=\"_blank\" rel=\"noopener noreferrer\">Sol\u00b7licitud d&#8217;orientaci\u00f3 psicopedag\u00f2gica<\/a><\/td>\n<td style=\"width: 76.3486%; height: 33px;\"><a href=\"https:\/\/drive.google.com\/file\/d\/1_DW0f9CusQJgPVq5iS32iR_YBSSokQcm\/view\" target=\"_blank\" rel=\"noopener noreferrer\">Sol\u00b7licitud de canvi de grup o mat\u00e8ria<\/a><\/td>\n<\/tr>\n<tr style=\"height: 33px;\">\n<td style=\"width: 52.6971%; height: 33px;\"><a href=\"https:\/\/drive.google.com\/open?id=193mpQ3qDFcXtlZqLCrc66WLwWOVEQ8mr\" target=\"_blank\" rel=\"noopener noreferrer\">Perm\u00eds de viatge a l&#8217;estranger per menors<\/a><\/td>\n<td style=\"width: 76.3486%; height: 33px;\"><a href=\"https:\/\/drive.google.com\/file\/d\/0BwvL_-lxK2naY3g1MTAxMm1mVDA\/view\" target=\"_blank\" rel=\"noopener noreferrer\">Sol\u00b7licitud d&#8217;entrevista amb la psic\u00f2loga AFA<\/a><\/td>\n<\/tr>\n<tr style=\"height: 33px;\">\n<td style=\"width: 52.6971%; height: 33px;\"><a href=\"https:\/\/drive.google.com\/file\/d\/1x09NCALwMz_rLSrcxtI0grR-X9sKZdua\/view\" target=\"_blank\" rel=\"noopener noreferrer\">Comunicaci\u00f3 d&#8217;abs\u00e8ncia prevista<\/a><\/td>\n<td style=\"width: 76.3486%; height: 33px;\"><a href=\"https:\/\/drive.google.com\/file\/d\/0BwvL_-lxK2nabHNiMlJNeE5HVms\/view\" target=\"_blank\" rel=\"noopener noreferrer\">Sol\u00b7licitud general<\/a><\/td>\n<\/tr>\n<tr style=\"height: 33px;\">\n<td style=\"width: 52.6971%; height: 33px;\"><a href=\"https:\/\/drive.google.com\/file\/d\/0BwvL_-lxK2naemQ3elNHZ3FTOUk\/view\" target=\"_blank\" rel=\"noopener noreferrer\">Justificaci\u00f3 d&#8217;abs\u00e8ncia alumne<\/a><\/td>\n<td style=\"width: 76.3486%; height: 33px;\"><a href=\"https:\/\/drive.google.com\/file\/d\/1UCOcwU4irQ5u4avSXIGIN5-xBrPfY6Ai\/view?usp=sharing\" target=\"_blank\" rel=\"noopener\">Guia del Treball de Recerca de batxillerat<\/a><\/td>\n<\/tr>\n<tr style=\"height: 39px;\">\n<td style=\"width: 52.6971%; height: 39px;\"><a href=\"https:\/\/drive.google.com\/file\/d\/1tH1TrHZfXtKZvoUHqqmz0lzeW8QhkrMx\/view?usp=drive_link\" target=\"_blank\" rel=\"noopener\">Autoritzaci\u00f3 de sortida alumnes de batxillerat amb mat\u00e8ries soltes, convalidacions i IOC<\/a><\/td>\n<td style=\"width: 76.3486%; height: 39px;\"><\/td>\n<\/tr>\n<\/tbody>\n<\/table>\n<h6><\/h6>\n<h6><span style=\"color: #808080;\">Protocols de centre<\/span><\/h6>\n<table style=\"height: 230px; width: 634px;\">\n<tbody>\n<tr style=\"height: 33px;\">\n<td style=\"height: 33px; width: 332.433px;\"><a href=\"https:\/\/drive.google.com\/file\/d\/1FfOALyEbeaT1xq7pThgSSd1BwbIy6rpw\/view\" target=\"_blank\" rel=\"noopener noreferrer\">Protocol de beques de viatges<\/a><\/td>\n<td style=\"height: 33px; width: 293.333px;\"><a href=\"https:\/\/drive.google.com\/file\/d\/1eXezKJMMmSeP07OgVLGeSYq54JmFnOOp\/view\" target=\"_blank\" rel=\"noopener noreferrer\">Entrada d&#8217;alumnes al centre<\/a><\/td>\n<\/tr>\n<tr style=\"height: 33px;\">\n<td style=\"height: 33px; width: 332.433px;\"><a href=\"https:\/\/drive.google.com\/file\/d\/1B4bbsfb_8lGi607ifzlkPpDIivS3C_Ci\/view\" target=\"_blank\" rel=\"noopener noreferrer\">Gesti\u00f3 de faltes greus<\/a><\/td>\n<td style=\"height: 33px; width: 293.333px;\"><a href=\"https:\/\/drive.google.com\/file\/d\/1BiLhDstZZZGragtwQAFIzN9scCQyKxOj\/view\" target=\"_blank\" rel=\"noopener noreferrer\">Gesti\u00f3 de faltes molt greus<\/a><\/td>\n<\/tr>\n<tr style=\"height: 33px;\">\n<td style=\"height: 33px; width: 332.433px;\"><a href=\"https:\/\/drive.google.com\/file\/d\/1q3Q-3xwRQrUBpxcetfatJ8wt-wbBI5q0\/view\" target=\"_blank\" rel=\"noopener noreferrer\">Canvi de grup o mat\u00e8ria<\/a><\/td>\n<td style=\"height: 33px; width: 293.333px;\">Admissi\u00f3 d&#8217;alumnes durant el curs<\/td>\n<\/tr>\n<tr style=\"height: 33px;\">\n<td style=\"height: 33px; width: 332.433px;\"><a href=\"https:\/\/drive.google.com\/file\/d\/1FfOALyEbeaT1xq7pThgSSd1BwbIy6rpw\/view\" target=\"_blank\" rel=\"noopener noreferrer\">Protocol de beques de viatges<\/a><\/td>\n<td style=\"height: 33px; width: 293.333px;\"><\/td>\n<\/tr>\n<\/tbody>\n<\/table>\n<p>&nbsp;<\/p>\n<h6><span style=\"color: #808080;\">Protocols de digitals de centre<\/span><\/h6>\n<table style=\"height: 230px; width: 634px;\">\n<tbody>\n<tr style=\"height: 33px;\">\n<td style=\"height: 33px; width: 332.433px;\"><a href=\"https:\/\/drive.google.com\/file\/d\/1CpDCwWMA4o0ag-xRsG9s-qaEoYPj4LlN\/view?usp=sharing\" target=\"_blank\" rel=\"noopener\">Utilitzaci\u00f3 d&#8217;aparells electr\u00f2nics personals<\/a><\/td>\n<td style=\"height: 33px; width: 293.333px;\"><a href=\"https:\/\/drive.google.com\/file\/d\/1TzMFMEJPrvxraQ3LalgfqFGuEmutqrVv\/view?usp=sharing\" target=\"_blank\" rel=\"noopener\">Dec\u00e0leg d&#8217;\u00fas dels port\u00e0tils<\/a><\/td>\n<\/tr>\n<tr style=\"height: 33px;\">\n<td style=\"height: 33px; width: 332.433px;\"><a href=\"https:\/\/drive.google.com\/file\/d\/1ZGJQbsMEIvZF5R0bNsHOm_0f5A7KuOco\/view\" target=\"_blank\" rel=\"noopener noreferrer\">Guia r\u00e0pida del dispositiu de connectivitat MiFi<\/a><\/td>\n<td style=\"height: 33px; width: 293.333px;\"><\/td>\n<\/tr>\n<\/tbody>\n<\/table>\n<h6><span style=\"color: #808080;\"><span style=\"color: #f99035;\">Documentaci\u00f3 per professorat (Consulteu la intranet a gesti\u00f3 d&#8217;enlla\u00e7os)<\/span><\/span><\/h6>\n<p>&nbsp;<\/p>\n<p>&nbsp;<\/p>\n","protected":false},"excerpt":{"rendered":"<p>\u00a0<br \/>\nDocuments Departament d&#8217;Educaci\u00f3<\/p>\n<p><a href=\"https:\/\/portaldogc.gencat.cat\/utilsEADOP\/PDF\/5641\/1814781.pdf\" target=\"_blank\" rel=\"noopener\">Decret de drets i deures<\/a><\/p>\n<p>Documents institucionals<\/p>\n<p><a href=\"https:\/\/drive.google.com\/file\/d\/1-yiouQKMqVLCXWsYkG-obj3b-IJVNFgB\/view?usp=drive_link\" target=\"_blank\" rel=\"noopener\">Normes d&#8217;organitzaci\u00f3 i funcionament (NOFC)<\/a><br \/>\n<a href=\"https:\/\/drive.google.com\/file\/d\/10-03quu6gZ2GaiOOOHUvsqhO_QkVqo3L\/view\" target=\"_blank\" rel=\"noopener noreferrer\">Projecte educatiu de centre (PEC)<\/a><\/p>\n<p><a href=\"https:\/\/drive.google.com\/file\/d\/1Tg8HV695yyPzyqiU8p0uZSbahd-HCJop\/view?usp=sharing\" target=\"_blank\" rel=\"noopener\">Projecte de conviv\u00e8ncia<\/a><br \/>\n<a href=\"https:\/\/drive.google.com\/file\/d\/1HlQ0ExW9Q6v_qJKdnNNxjCGbsdWAayqd\/view?usp=sharing\" target=\"_blank\" rel=\"noopener\">Projecte ling\u00fc\u00edstic<\/a><\/p>\n<p><a href=\"https:\/\/drive.google.com\/file\/d\/1FMN-TK5XxrGOnaOnHBqBfCw-pG6nDXsV\/view?usp=sharing\" target=\"_blank\" rel=\"noopener\">Projecte SIAL<\/a><br \/>\n<a href=\"https:\/\/drive.google.com\/file\/d\/1fHY4ugLj__2ATzT_xOKEufd3uDtf-5X2\/view\" target=\"_blank\" rel=\"noopener noreferrer\">Pla d&#8217;emerg\u00e8ncia<\/a><\/p>\n<p><a href=\"https:\/\/drive.google.com\/file\/d\/1dPIpd5MP_AA8BRK9mh8_Zka_FGWcDae7\/view?usp=sharing\"&hellip;  <a href=\"https:\/\/agora.xtec.cat\/iescarlesrahola\/documents-de-centre\/\" title=\"Read Documents de centre\">Llegeix m\u00e9s\u00bb<\/a><\/p>\n","protected":false},"author":1,"featured_media":0,"parent":0,"menu_order":0,"comment_status":"closed","ping_status":"closed","template":"page-templates\/side-menu.php","meta":{"_bbp_topic_count":0,"_bbp_reply_count":0,"_bbp_total_topic_count":0,"_bbp_total_reply_count":0,"_bbp_voice_count":0,"_bbp_anonymous_reply_count":0,"_bbp_topic_count_hidden":0,"_bbp_reply_count_hidden":0,"_bbp_forum_subforum_count":0,"footnotes":""},"class_list":["post-3677","page","type-page","status-publish","hentry"],"post_mailing_queue_ids":[],"_links":{"self":[{"href":"https:\/\/agora.xtec.cat\/iescarlesrahola\/wp-json\/wp\/v2\/pages\/3677","targetHints":{"allow":["GET"]}}],"collection":[{"href":"https:\/\/agora.xtec.cat\/iescarlesrahola\/wp-json\/wp\/v2\/pages"}],"about":[{"href":"https:\/\/agora.xtec.cat\/iescarlesrahola\/wp-json\/wp\/v2\/types\/page"}],"author":[{"embeddable":true,"href":"https:\/\/agora.xtec.cat\/iescarlesrahola\/wp-json\/wp\/v2\/users\/1"}],"replies":[{"embeddable":true,"href":"https:\/\/agora.xtec.cat\/iescarlesrahola\/wp-json\/wp\/v2\/comments?post=3677"}],"version-history":[{"count":7,"href":"https:\/\/agora.xtec.cat\/iescarlesrahola\/wp-json\/wp\/v2\/pages\/3677\/revisions"}],"predecessor-version":[{"id":9075,"href":"https:\/\/agora.xtec.cat\/iescarlesrahola\/wp-json\/wp\/v2\/pages\/3677\/revisions\/9075"}],"wp:attachment":[{"href":"https:\/\/agora.xtec.cat\/iescarlesrahola\/wp-json\/wp\/v2\/media?parent=3677"}],"curies":[{"name":"wp","href":"https:\/\/api.w.org\/{rel}","templated":true}]}}