{"id":568,"date":"2020-01-10T16:15:04","date_gmt":"2020-01-10T15:15:04","guid":{"rendered":"https:\/\/agora.xtec.cat\/iescapnorfeu\/?page_id=568"},"modified":"2023-11-06T14:47:35","modified_gmt":"2023-11-06T13:47:35","slug":"ampa","status":"publish","type":"page","link":"https:\/\/agora.xtec.cat\/iescapnorfeu\/linstitut\/ampa\/","title":{"rendered":"AMPA"},"content":{"rendered":"<p><span style=\"font-size: medium;\"><strong>QUI SOM?<\/strong><\/span><\/p>\n<p>\u00c9s un organisme de car\u00e0cter voluntari. Poden ser-ne socis els pares, mares i tutor legals dels alumnes matriculats al Centre. La finalitat de l\u2019Associaci\u00f3 \u00e9s col\u00b7laborar amb la Direcci\u00f3 i el Professorat del Centre, aportant iniciatives i suggeriments per a la millor formaci\u00f3 de l\u2019alumnat, sempre amb el vist-i-plau del Centre i sense interferir en la marxa de les tasques escolars ni en les decisions del Claustre de professors.<\/p>\n<p><span style=\"font-size: medium;\"><strong>QU\u00c8\u00a0\u00a0FEM?<\/strong><\/span><\/p>\n<p>L\u2019AMPA de l\u2019Institut Cap Norfeu col\u00b7labora en els aspectes seg\u00fcents:<\/p>\n<p style=\"text-align: justify;\">1. Gesti\u00f3 de venda de llibres.<br \/>\n2. Gesti\u00f3 de conveni amb l\u2019Ajuntament per a l\u2019ajuda a les fam\u00edlies amb les compres de llibres pels alumnes d\u2019ESO.<br \/>\n3. Gesti\u00f3 de conveni amb l\u2019Ajuntament per ampliar el banc de llibres del Centre, la qual cosa suposa un important estalvi econ\u00f2mic per als alumnes d\u2019ESO.<br \/>\n4. Gesti\u00f3 dels Tallers TEA (Tallers d\u2019estudi assistit), amb la contractaci\u00f3 de personal per dur a terme aquestes tasques.<br \/>\n5. Organitzar i contractar el servei d&#8217;una monitora per a la Mediateca de l&#8217;Institut per tal d&#8217;oferir aquest servei als alumnes durant les estones d&#8217;esbarjo. Aquesta activitat est\u00e0 subvencionada, en part, per l&#8217;Ajuntament de Roses, en el seu programa d&#8217;ajuda a les associacions de mares i pares per a la realitzaci\u00f3 d&#8217;activitats.<br \/>\n6. Gesti\u00f3 de la demanda de subvenci\u00f3 de l\u2019AJuntament per cobrir part de les despeses de la Mediateca.<br \/>\n7. Participaci\u00f3 activa en els Consells Escolars del Centre.<br \/>\n8. Col\u00b7laboraci\u00f3 en festes i activitats que proposa el Claustre de professors i que poden variar segons el curs: Castanyada, Quina de Nadal pro-viatge de 4t d\u2019ESO, Sant Jordi, etc.<br \/>\n9. Col\u00b7laboraci\u00f3 en la Cantarella, que cada curs organitzen professors de m\u00fasica per alumnes de prim\u00e0ria i ESO.<br \/>\n10. Compra de material did\u00e0ctic, segons demanda dels diferents departaments de l\u2019Institut, si el fons econ\u00f2mic de l\u2019associaci\u00f3 ho permet (pantalles digitals, ordinadors, material esportiu, etc.).<br \/>\n11. Altres propostes que puguin sorgir al llarg del curs com, per exemple, la col\u00b7laboraci\u00f3 en els premis a l\u2019excel\u00b7l\u00e8ncia, l\u2019ajuda pel projecte de l\u2019hort en el centre, etc.).<br \/>\n12. Regal de l\u2019agenda escolar del curs pel socis.<\/p>\n<p><strong><span style=\"font-size: medium;\">MEMBRES DE LA JUNTA ACTUAL<\/span><\/strong><\/p>\n<p>Podeu fer-nos arribar un correu electr\u00f2nic a:\u00a0<em>apacapnorfeu@gmail.com<\/em><\/p>\n<p style=\"text-align: justify;\"><strong><span style=\"font-size: medium;\">IMPORT\u00c0NCIA DE PERT\u00c0NYER A LA JUNTA<\/span><\/strong><\/p>\n<p style=\"text-align: justify;\">Participar-hi suposa accedir a una valuosa visi\u00f3 interna de l\u2019Institut i de la comunitat educativa on els nostres fills i filles passen moltes hores cada dia.<br \/>\nAquesta visi\u00f3 permet comprendre millor el seu funcionament. Tanmateix, permet incidir en la millora de les condicions i les experi\u00e8ncies educatives.<br \/>\nActualment necessitem m\u00e9s persones que puguin col\u00b7laborar. Si esteu interessats\/des a col\u00b7laborar-hi, poseu-vos en contacte amb nosaltres a trav\u00e9s del nostre correu.<\/p>\n<p style=\"text-align: justify;\">I, ELS QUE NO SOU SOCIS, SEMPRE SOU A TEMPS DE FER-VOS-EN JA SIGUI DIRECTAMENT A SECRETARIA DE L\u2019INSTITUT O DEMANANT-NOS EL N\u00daM. DE COMPTE BANCARI A TRAV\u00c9S DEL NOSTRE CORREU.<\/p>\n","protected":false},"excerpt":{"rendered":"<p>QUI SOM?<br \/>\n\u00c9s un organisme de car\u00e0cter voluntari. Poden ser-ne socis els pares, mares i tutor legals dels alumnes matriculats al Centre. La finalitat de l\u2019Associaci\u00f3 \u00e9s col\u00b7laborar amb la Direcci\u00f3 i el Professorat del Centre, aportant iniciatives i suggeriments per a la millor formaci\u00f3 de&hellip;  <a href=\"https:\/\/agora.xtec.cat\/iescapnorfeu\/linstitut\/ampa\/\" title=\"Read AMPA\">Llegeix m\u00e9s\u00bb<\/a><\/p>\n","protected":false},"author":1,"featured_media":0,"parent":19,"menu_order":0,"comment_status":"closed","ping_status":"closed","template":"page-templates\/side-menu.php","meta":{"_bbp_topic_count":0,"_bbp_reply_count":0,"_bbp_total_topic_count":0,"_bbp_total_reply_count":0,"_bbp_voice_count":0,"_bbp_anonymous_reply_count":0,"_bbp_topic_count_hidden":0,"_bbp_reply_count_hidden":0,"_bbp_forum_subforum_count":0,"footnotes":""},"class_list":["post-568","page","type-page","status-publish","hentry"],"post_mailing_queue_ids":[],"_links":{"self":[{"href":"https:\/\/agora.xtec.cat\/iescapnorfeu\/wp-json\/wp\/v2\/pages\/568","targetHints":{"allow":["GET"]}}],"collection":[{"href":"https:\/\/agora.xtec.cat\/iescapnorfeu\/wp-json\/wp\/v2\/pages"}],"about":[{"href":"https:\/\/agora.xtec.cat\/iescapnorfeu\/wp-json\/wp\/v2\/types\/page"}],"author":[{"embeddable":true,"href":"https:\/\/agora.xtec.cat\/iescapnorfeu\/wp-json\/wp\/v2\/users\/1"}],"replies":[{"embeddable":true,"href":"https:\/\/agora.xtec.cat\/iescapnorfeu\/wp-json\/wp\/v2\/comments?post=568"}],"version-history":[{"count":6,"href":"https:\/\/agora.xtec.cat\/iescapnorfeu\/wp-json\/wp\/v2\/pages\/568\/revisions"}],"predecessor-version":[{"id":3509,"href":"https:\/\/agora.xtec.cat\/iescapnorfeu\/wp-json\/wp\/v2\/pages\/568\/revisions\/3509"}],"up":[{"embeddable":true,"href":"https:\/\/agora.xtec.cat\/iescapnorfeu\/wp-json\/wp\/v2\/pages\/19"}],"wp:attachment":[{"href":"https:\/\/agora.xtec.cat\/iescapnorfeu\/wp-json\/wp\/v2\/media?parent=568"}],"curies":[{"name":"wp","href":"https:\/\/api.w.org\/{rel}","templated":true}]}}