{"id":526,"date":"2020-01-10T13:30:25","date_gmt":"2020-01-10T12:30:25","guid":{"rendered":"https:\/\/agora.xtec.cat\/iescapnorfeu\/?page_id=526"},"modified":"2020-01-14T13:08:57","modified_gmt":"2020-01-14T12:08:57","slug":"presentacio","status":"publish","type":"page","link":"https:\/\/agora.xtec.cat\/iescapnorfeu\/linstitut\/presentacio\/","title":{"rendered":"Presentaci\u00f3"},"content":{"rendered":"<p align=\"justify\">L&#8217; Institut Cap Norfeu va iniciar la seva activitat acad\u00e8mica l&#8217;any 1990. Durant anys ha estat l&#8217;\u00fanic Centre p\u00fablic de Secund\u00e0ria de la Vila de Roses i del seu entorn m\u00e9s proper (Palau, Pau, Vilaju\u00efga, Garriguella, etc.).<\/p>\n<p style=\"direction: ltr;\" align=\"justify\">Actualment<strong> s&#8217;ofereixen en el centre<\/strong> els estudis d&#8217;Ensenyament Secundari Obligatori (ESO), dues modalitats de Batxillerat (ci\u00e8ncies i tecnologia, humanitats i ci\u00e8ncies socials), un Cicle Formatiu de Grau Mitj\u00e0 (CFGM) de Gesti\u00f3 Administrativa i un Cicle Formatiu de Grau Superior (CFGS) d&#8217;Administraci\u00f3 i Finances.<\/p>\n<p align=\"justify\">La <strong>Comunitat Educativa<\/strong> del nostre Institut est\u00e0 formada, entre d&#8217;altres, per les 500 fam\u00edlies dels alumnes que hi assiteixen juntament amb un col\u00b7lectiu de 65 professors\/es.<\/p>\n<p align=\"justify\">L&#8217;eix central del nostre <strong>Projecte Educatiu <\/strong>gira a l&#8217;entorn d&#8217;un objectiu prioritari:<\/p>\n<p align=\"justify\"><em>&#8221; Proporcionar als nostres alumnes una educaci\u00f3 de qualitat que potenci\u00ef el seu desenvolupament personal, acad\u00e8mic i social, fomentant el seu esfor\u00e7, autonomia, responsabilitat i sentit cr\u00edtic &#8220;.<\/em><\/p>\n<p>&nbsp;<\/p>\n<p>Agust\u00ed Brunyol<br \/>\nDirector INS Cap Norfeu<\/p>\n<p align=\"justify\">\n","protected":false},"excerpt":{"rendered":"<p>L&#8217; Institut Cap Norfeu va iniciar la seva activitat acad\u00e8mica l&#8217;any 1990. Durant anys ha estat l&#8217;\u00fanic Centre p\u00fablic de Secund\u00e0ria de la Vila de Roses i del seu entorn m\u00e9s proper (Palau, Pau, Vilaju\u00efga, Garriguella, etc.).<br \/>\nActualment s&#8217;ofereixen en el centre els estudis d&#8217;Ensenyament Secundari&hellip;  <a href=\"https:\/\/agora.xtec.cat\/iescapnorfeu\/linstitut\/presentacio\/\" title=\"Read Presentaci\u00f3\">Llegeix m\u00e9s\u00bb<\/a><\/p>\n","protected":false},"author":1,"featured_media":0,"parent":19,"menu_order":0,"comment_status":"closed","ping_status":"closed","template":"page-templates\/side-menu.php","meta":{"_bbp_topic_count":0,"_bbp_reply_count":0,"_bbp_total_topic_count":0,"_bbp_total_reply_count":0,"_bbp_voice_count":0,"_bbp_anonymous_reply_count":0,"_bbp_topic_count_hidden":0,"_bbp_reply_count_hidden":0,"_bbp_forum_subforum_count":0,"footnotes":""},"class_list":["post-526","page","type-page","status-publish","hentry"],"post_mailing_queue_ids":[],"_links":{"self":[{"href":"https:\/\/agora.xtec.cat\/iescapnorfeu\/wp-json\/wp\/v2\/pages\/526","targetHints":{"allow":["GET"]}}],"collection":[{"href":"https:\/\/agora.xtec.cat\/iescapnorfeu\/wp-json\/wp\/v2\/pages"}],"about":[{"href":"https:\/\/agora.xtec.cat\/iescapnorfeu\/wp-json\/wp\/v2\/types\/page"}],"author":[{"embeddable":true,"href":"https:\/\/agora.xtec.cat\/iescapnorfeu\/wp-json\/wp\/v2\/users\/1"}],"replies":[{"embeddable":true,"href":"https:\/\/agora.xtec.cat\/iescapnorfeu\/wp-json\/wp\/v2\/comments?post=526"}],"version-history":[{"count":1,"href":"https:\/\/agora.xtec.cat\/iescapnorfeu\/wp-json\/wp\/v2\/pages\/526\/revisions"}],"predecessor-version":[{"id":527,"href":"https:\/\/agora.xtec.cat\/iescapnorfeu\/wp-json\/wp\/v2\/pages\/526\/revisions\/527"}],"up":[{"embeddable":true,"href":"https:\/\/agora.xtec.cat\/iescapnorfeu\/wp-json\/wp\/v2\/pages\/19"}],"wp:attachment":[{"href":"https:\/\/agora.xtec.cat\/iescapnorfeu\/wp-json\/wp\/v2\/media?parent=526"}],"curies":[{"name":"wp","href":"https:\/\/api.w.org\/{rel}","templated":true}]}}