{"id":3444,"date":"2023-09-12T18:08:47","date_gmt":"2023-09-12T16:08:47","guid":{"rendered":"https:\/\/agora.xtec.cat\/iescapnorfeu\/?page_id=3444"},"modified":"2024-06-17T22:51:03","modified_gmt":"2024-06-17T20:51:03","slug":"annex","status":"publish","type":"page","link":"https:\/\/agora.xtec.cat\/iescapnorfeu\/secretaria\/annex\/","title":{"rendered":"Annex: Subvenci\u00f3 AMPA i Ajuntament de Roses (LLibres 24-25)"},"content":{"rendered":"<p>Properament publicarem l&#8217;annex per a rebre la subvenci\u00f3 de l&#8217;Ajuntament de Roses per a la compra dels llibres 2024-2025.<\/p>\n<p>Us recomanem que feu la subscripci\u00f3 a la nostra web (part inferior esquerre de la p\u00e0gina principal de la web) i rebreu l&#8217;av\u00eds de les novetats. Gr\u00e0cies.<\/p>\n","protected":false},"excerpt":{"rendered":"<p>Properament publicarem l&#8217;annex per a rebre la subvenci\u00f3 de l&#8217;Ajuntament de Roses per a la compra dels llibres 2024-2025.<br \/>\nUs recomanem que feu la subscripci\u00f3 a la nostra web (part inferior esquerre de la p\u00e0gina principal de la web) i rebreu l&#8217;av\u00eds de les novetats. Gr\u00e0cies.<\/p>\n","protected":false},"author":1,"featured_media":0,"parent":81,"menu_order":0,"comment_status":"closed","ping_status":"closed","template":"","meta":{"_bbp_topic_count":0,"_bbp_reply_count":0,"_bbp_total_topic_count":0,"_bbp_total_reply_count":0,"_bbp_voice_count":0,"_bbp_anonymous_reply_count":0,"_bbp_topic_count_hidden":0,"_bbp_reply_count_hidden":0,"_bbp_forum_subforum_count":0,"footnotes":""},"class_list":["post-3444","page","type-page","status-publish","hentry"],"post_mailing_queue_ids":[],"_links":{"self":[{"href":"https:\/\/agora.xtec.cat\/iescapnorfeu\/wp-json\/wp\/v2\/pages\/3444","targetHints":{"allow":["GET"]}}],"collection":[{"href":"https:\/\/agora.xtec.cat\/iescapnorfeu\/wp-json\/wp\/v2\/pages"}],"about":[{"href":"https:\/\/agora.xtec.cat\/iescapnorfeu\/wp-json\/wp\/v2\/types\/page"}],"author":[{"embeddable":true,"href":"https:\/\/agora.xtec.cat\/iescapnorfeu\/wp-json\/wp\/v2\/users\/1"}],"replies":[{"embeddable":true,"href":"https:\/\/agora.xtec.cat\/iescapnorfeu\/wp-json\/wp\/v2\/comments?post=3444"}],"version-history":[{"count":4,"href":"https:\/\/agora.xtec.cat\/iescapnorfeu\/wp-json\/wp\/v2\/pages\/3444\/revisions"}],"predecessor-version":[{"id":3834,"href":"https:\/\/agora.xtec.cat\/iescapnorfeu\/wp-json\/wp\/v2\/pages\/3444\/revisions\/3834"}],"up":[{"embeddable":true,"href":"https:\/\/agora.xtec.cat\/iescapnorfeu\/wp-json\/wp\/v2\/pages\/81"}],"wp:attachment":[{"href":"https:\/\/agora.xtec.cat\/iescapnorfeu\/wp-json\/wp\/v2\/media?parent=3444"}],"curies":[{"name":"wp","href":"https:\/\/api.w.org\/{rel}","templated":true}]}}