{"id":3320,"date":"2023-07-04T15:05:18","date_gmt":"2023-07-04T13:05:18","guid":{"rendered":"https:\/\/agora.xtec.cat\/iescapnorfeu\/?page_id=3320"},"modified":"2025-07-08T10:18:38","modified_gmt":"2025-07-08T08:18:38","slug":"deures-destiu-2023-2","status":"publish","type":"page","link":"https:\/\/agora.xtec.cat\/iescapnorfeu\/deures-destiu-2023-2\/","title":{"rendered":"Deures d&#8217;estiu 2025"},"content":{"rendered":"<p>Seguint aquest <a href=\"https:\/\/drive.google.com\/drive\/folders\/1ip56PKHiODj9iptBn1i_5U0Q1cHZ2Z1P?usp=sharing\" target=\"_blank\" rel=\"noopener\">enlla\u00e7<\/a> podeu accedir a les carpetes amb els deures d&#8217;estiu d&#8217;Angl\u00e8s, Castell\u00e0, Catal\u00e0 i Matem\u00e0tiques.<\/p>\n","protected":false},"excerpt":{"rendered":"<p>Seguint aquest <a href=\"https:\/\/drive.google.com\/drive\/folders\/1ip56PKHiODj9iptBn1i_5U0Q1cHZ2Z1P?usp=sharing\" target=\"_blank\" rel=\"noopener\">enlla\u00e7<\/a> podeu accedir a les carpetes amb els deures d&#8217;estiu d&#8217;Angl\u00e8s, Castell\u00e0, Catal\u00e0 i Matem\u00e0tiques.<\/p>\n","protected":false},"author":1,"featured_media":0,"parent":0,"menu_order":0,"comment_status":"closed","ping_status":"closed","template":"","meta":{"_bbp_topic_count":0,"_bbp_reply_count":0,"_bbp_total_topic_count":0,"_bbp_total_reply_count":0,"_bbp_voice_count":0,"_bbp_anonymous_reply_count":0,"_bbp_topic_count_hidden":0,"_bbp_reply_count_hidden":0,"_bbp_forum_subforum_count":0,"footnotes":""},"class_list":["post-3320","page","type-page","status-publish","hentry"],"post_mailing_queue_ids":[],"_links":{"self":[{"href":"https:\/\/agora.xtec.cat\/iescapnorfeu\/wp-json\/wp\/v2\/pages\/3320","targetHints":{"allow":["GET"]}}],"collection":[{"href":"https:\/\/agora.xtec.cat\/iescapnorfeu\/wp-json\/wp\/v2\/pages"}],"about":[{"href":"https:\/\/agora.xtec.cat\/iescapnorfeu\/wp-json\/wp\/v2\/types\/page"}],"author":[{"embeddable":true,"href":"https:\/\/agora.xtec.cat\/iescapnorfeu\/wp-json\/wp\/v2\/users\/1"}],"replies":[{"embeddable":true,"href":"https:\/\/agora.xtec.cat\/iescapnorfeu\/wp-json\/wp\/v2\/comments?post=3320"}],"version-history":[{"count":5,"href":"https:\/\/agora.xtec.cat\/iescapnorfeu\/wp-json\/wp\/v2\/pages\/3320\/revisions"}],"predecessor-version":[{"id":4413,"href":"https:\/\/agora.xtec.cat\/iescapnorfeu\/wp-json\/wp\/v2\/pages\/3320\/revisions\/4413"}],"wp:attachment":[{"href":"https:\/\/agora.xtec.cat\/iescapnorfeu\/wp-json\/wp\/v2\/media?parent=3320"}],"curies":[{"name":"wp","href":"https:\/\/api.w.org\/{rel}","templated":true}]}}