{"id":1501,"date":"2020-10-30T18:26:43","date_gmt":"2020-10-30T17:26:43","guid":{"rendered":"https:\/\/agora.xtec.cat\/iescapnorfeu\/?page_id=1501"},"modified":"2025-09-25T09:17:58","modified_gmt":"2025-09-25T07:17:58","slug":"semipresencialitat","status":"publish","type":"page","link":"https:\/\/agora.xtec.cat\/iescapnorfeu\/semipresencialitat\/","title":{"rendered":"Semipresencialitat"},"content":{"rendered":"<p style=\"text-align: justify;\"><span style=\"font-family: Times New Roman, serif;\"><span style=\"font-size: medium;\"><span style=\"color: #000000;\"><span style=\"font-family: Calibri, sans-serif;\">Des del passat 14 de desembre de 2018, el nostre Institut ofereix una nova mesura flexibilitzadora:<strong> la matr\u00edcula semipresencial<\/strong>.<\/span><\/span><\/span><\/span><\/p>\n<p style=\"text-align: justify;\"><span style=\"font-family: Times New Roman, serif;\"><span style=\"font-size: medium;\"><span style=\"color: #000000;\"><span style=\"font-family: Calibri, sans-serif;\">\u00c9s de car\u00e0cter individual i t\u00e9 com a finalitat facilitar l\u2019acc\u00e9s als ensenyaments de formaci\u00f3 professional de les persones que acrediten documentalment la <strong>incompatibilitat de l\u2019horari lectiu<\/strong> amb:<\/span><\/span><\/span><\/span><\/p>\n<ul style=\"text-align: justify;\">\n<li><span style=\"font-family: Times New Roman, serif;\"><span style=\"font-size: medium;\"><span style=\"color: #000000;\"><span style=\"font-family: Calibri, sans-serif;\">el treball,<\/span><\/span><\/span><\/span><\/li>\n<li><span style=\"font-family: Times New Roman, serif;\"><span style=\"font-size: medium;\"><span style=\"color: #000000;\"><span style=\"font-family: Calibri, sans-serif;\">tenir cura d\u2019altres persones, o<\/span><\/span><\/span><\/span><\/li>\n<li><span style=\"font-family: Times New Roman, serif;\"><span style=\"font-size: medium;\"><span style=\"color: #000000;\"><span style=\"font-family: Calibri, sans-serif;\">qualsevol altra circumst\u00e0ncia excepcional que impedeixi o dificulti d\u2019assistir a totes les hores lectives.<\/span><\/span><\/span><\/span><\/li>\n<\/ul>\n<p style=\"text-align: justify;\"><span style=\"font-family: Times New Roman, serif;\"><span style=\"font-size: medium;\"><span style=\"color: #000000;\"><span style=\"font-family: Calibri, sans-serif;\">La matr\u00edcula semipresencial combina les activitats presencials amb aquelles que no impliquen la pres\u00e8ncia dels alumnes en el centre, per\u00f2 que s\u00f3n dirigides pels professors per tal que es cursin \u00edntegrament totes les activitats d\u2019aprenentatge programades per al cr\u00e8dit o unitat formativa. Cal assistir presencialment almenys a la meitat de les hores previstes per al cr\u00e8dit o unitat formativa.<\/span><\/span><\/span><\/span><\/p>\n<p style=\"text-align: justify;\"><span style=\"font-family: Times New Roman, serif;\"><span style=\"font-size: medium;\"><span style=\"color: #000000;\"><span style=\"font-family: Calibri, sans-serif;\">La matr\u00edcula semipresencial pot aplicar-se a tots o a part dels m\u00f2duls, cr\u00e8dits o unitats formatives que cursi l\u2019alumne o l\u2019alumna.<\/span><\/span><\/span><\/span><\/p>\n<p style=\"text-align: justify;\"><span style=\"font-family: Times New Roman, serif;\"><span style=\"font-size: medium;\"><span style=\"color: #000000;\"><span style=\"font-family: Calibri, sans-serif;\">El canvi de la matr\u00edcula semipresencial a la modalitat presencial, o a l\u2019inrev\u00e9s, l\u2019autoritza el director o la directora del centre.<\/span><\/span><\/span><\/span><\/p>\n<p style=\"text-align: justify;\"><span style=\"font-family: Times New Roman, serif;\"><span style=\"font-size: medium;\"><span style=\"color: #000000;\"><span style=\"font-family: Calibri, sans-serif;\">Us adjunto tant la <a href=\"https:\/\/agora.xtec.cat\/iescapnorfeu\/wp-content\/uploads\/usu2070\/2025\/09\/Sol-semipresencialitat-ICN.pdf\" target=\"_blank\" rel=\"noopener\">sol\u00b7licitud<\/a> com la <a href=\"https:\/\/agora.xtec.cat\/iescapnorfeu\/wp-content\/uploads\/usu2070\/2020\/10\/Matri\u0301cula-semipresencial.pdf\" target=\"_blank\" rel=\"noopener\">informaci\u00f3<\/a> sobre la mesura.<\/span><\/span><\/span><\/span><\/p>\n","protected":false},"excerpt":{"rendered":"<p>Des del passat 14 de desembre de 2018, el nostre Institut ofereix una nova mesura flexibilitzadora: la matr\u00edcula semipresencial.<br \/>\n\u00c9s de car\u00e0cter individual i t\u00e9 com a finalitat facilitar l\u2019acc\u00e9s als ensenyaments de formaci\u00f3 professional de les persones que acrediten documentalment la incompatibilitat de l\u2019horari lectiu&hellip;  <a href=\"https:\/\/agora.xtec.cat\/iescapnorfeu\/semipresencialitat\/\" title=\"Read Semipresencialitat\">Llegeix m\u00e9s\u00bb<\/a><\/p>\n","protected":false},"author":1,"featured_media":0,"parent":0,"menu_order":0,"comment_status":"closed","ping_status":"closed","template":"","meta":{"_bbp_topic_count":0,"_bbp_reply_count":0,"_bbp_total_topic_count":0,"_bbp_total_reply_count":0,"_bbp_voice_count":0,"_bbp_anonymous_reply_count":0,"_bbp_topic_count_hidden":0,"_bbp_reply_count_hidden":0,"_bbp_forum_subforum_count":0,"footnotes":""},"class_list":["post-1501","page","type-page","status-publish","hentry"],"post_mailing_queue_ids":[],"_links":{"self":[{"href":"https:\/\/agora.xtec.cat\/iescapnorfeu\/wp-json\/wp\/v2\/pages\/1501","targetHints":{"allow":["GET"]}}],"collection":[{"href":"https:\/\/agora.xtec.cat\/iescapnorfeu\/wp-json\/wp\/v2\/pages"}],"about":[{"href":"https:\/\/agora.xtec.cat\/iescapnorfeu\/wp-json\/wp\/v2\/types\/page"}],"author":[{"embeddable":true,"href":"https:\/\/agora.xtec.cat\/iescapnorfeu\/wp-json\/wp\/v2\/users\/1"}],"replies":[{"embeddable":true,"href":"https:\/\/agora.xtec.cat\/iescapnorfeu\/wp-json\/wp\/v2\/comments?post=1501"}],"version-history":[{"count":5,"href":"https:\/\/agora.xtec.cat\/iescapnorfeu\/wp-json\/wp\/v2\/pages\/1501\/revisions"}],"predecessor-version":[{"id":4509,"href":"https:\/\/agora.xtec.cat\/iescapnorfeu\/wp-json\/wp\/v2\/pages\/1501\/revisions\/4509"}],"wp:attachment":[{"href":"https:\/\/agora.xtec.cat\/iescapnorfeu\/wp-json\/wp\/v2\/media?parent=1501"}],"curies":[{"name":"wp","href":"https:\/\/api.w.org\/{rel}","templated":true}]}}