{"id":8295,"date":"2024-12-13T22:19:00","date_gmt":"2024-12-13T21:19:00","guid":{"rendered":"https:\/\/agora.xtec.cat\/iescapmany\/?page_id=8295"},"modified":"2025-08-29T22:38:31","modified_gmt":"2025-08-29T20:38:31","slug":"8295-2","status":"publish","type":"page","link":"https:\/\/agora.xtec.cat\/iescapmany\/8295-2\/","title":{"rendered":"El MAC amb les ci\u00e8ncies"},"content":{"rendered":"\n<div>\n<p><span style=\"color: #000000; font-family: arial, sans-serif;\"><b>ENS ADHERIM AL MANIFEST I DEFENSEM LES CI\u00c8NCIES<\/b><\/span><\/p>\n<p><span style=\"color: #000000; font-family: arial, sans-serif;\">El 13 de desembre del 2024 la Direcci\u00f3 General d\u2019Innovaci\u00f3, Digitalitzaci\u00f3 i Curr\u00edculum publicava un document anunciant canvis en el Batxillerat de cara al curs 25\/26, a causa d\u2019un requeriment estatal respecte del compliment de la LOMLOE.<\/span><\/p>\n<p><span style=\"color: #000000; font-family: arial, sans-serif;\">Aquest document recull canvis que afecten diferents aspectes del batxillerat, per\u00f2 un dels canvis m\u00e9s rellevants, \u00e9s el que afecta les mat\u00e8ries de ci\u00e8ncies de 1r de batxillerat. Quedant fusionades les\u00a0<\/span>\u00a0mat\u00e8ries de F\u00edsica i Qu\u00edmica, i Biologia, Geologia i Ci\u00e8ncies Ambientals.<\/p>\n<p>Tot seguit adjuntem un manifest on expressa una posici\u00f3 cr\u00edtica davant d\u2019aquesta decisi\u00f3. <strong>El claustre del centre s&#8217;adhereix a dit manistest<\/strong><\/p>\n<figure><a href=\"https:\/\/agora.xtec.cat\/iescapmany\/wp-content\/uploads\/usu234\/2025\/01\/Manifest-i-suports-.pdf\"><img loading=\"lazy\" decoding=\"async\" class=\"wp-image-7994 aligncenter\" src=\"https:\/\/agora.xtec.cat\/iescapmany\/wp-content\/uploads\/usu234\/2025\/01\/Manifest-i-suports-FQ-1024x688.jpg\" alt=\"\" width=\"429\" height=\"288\" srcset=\"https:\/\/agora.xtec.cat\/iescapmany\/wp-content\/uploads\/usu234\/2025\/01\/Manifest-i-suports-FQ-1024x688.jpg 1024w, https:\/\/agora.xtec.cat\/iescapmany\/wp-content\/uploads\/usu234\/2025\/01\/Manifest-i-suports-FQ-300x201.jpg 300w, https:\/\/agora.xtec.cat\/iescapmany\/wp-content\/uploads\/usu234\/2025\/01\/Manifest-i-suports-FQ-768x516.jpg 768w, https:\/\/agora.xtec.cat\/iescapmany\/wp-content\/uploads\/usu234\/2025\/01\/Manifest-i-suports-FQ-1536x1031.jpg 1536w, https:\/\/agora.xtec.cat\/iescapmany\/wp-content\/uploads\/usu234\/2025\/01\/Manifest-i-suports-FQ.jpg 1835w\" sizes=\"auto, (max-width: 429px) 100vw, 429px\" \/><\/a><\/figure>\n<p>\u00a0<\/p>\n<\/div>\n","protected":false},"excerpt":{"rendered":"<p>ENS ADHERIM AL MANIFEST I DEFENSEM LES CI\u00c8NCIES El 13 de desembre del 2024 la Direcci\u00f3 General d\u2019Innovaci\u00f3, Digitalitzaci\u00f3 i Curr\u00edculum publicava un document anunciant canvis en el Batxillerat de cara al curs 25\/26, a causa d\u2019un requeriment estatal respecte del compliment de la LOMLOE. Aquest document recull canvis que afecten diferents aspectes del batxillerat, [&hellip;]<\/p>\n","protected":false},"author":62,"featured_media":0,"parent":0,"menu_order":0,"comment_status":"closed","ping_status":"close","template":"","meta":{"_bbp_topic_count":0,"_bbp_reply_count":0,"_bbp_total_topic_count":0,"_bbp_total_reply_count":0,"_bbp_voice_count":0,"_bbp_anonymous_reply_count":0,"_bbp_topic_count_hidden":0,"_bbp_reply_count_hidden":0,"_bbp_forum_subforum_count":0,"site-sidebar-layout":"default","site-content-layout":"","ast-site-content-layout":"default","site-content-style":"default","site-sidebar-style":"default","ast-global-header-display":"","ast-banner-title-visibility":"","ast-main-header-display":"","ast-hfb-above-header-display":"","ast-hfb-below-header-display":"","ast-hfb-mobile-header-display":"","site-post-title":"","ast-breadcrumbs-content":"","ast-featured-img":"","footer-sml-layout":"","theme-transparent-header-meta":"","adv-header-id-meta":"","stick-header-meta":"","header-above-stick-meta":"","header-main-stick-meta":"","header-below-stick-meta":"","astra-migrate-meta-layouts":"set","ast-page-background-enabled":"default","ast-page-background-meta":{"desktop":{"background-color":"var(--ast-global-color-4)","background-image":"","background-repeat":"repeat","background-position":"center center","background-size":"auto","background-attachment":"scroll","background-type":"","background-media":"","overlay-type":"","overlay-color":"","overlay-opacity":"","overlay-gradient":""},"tablet":{"background-color":"","background-image":"","background-repeat":"repeat","background-position":"center center","background-size":"auto","background-attachment":"scroll","background-type":"","background-media":"","overlay-type":"","overlay-color":"","overlay-opacity":"","overlay-gradient":""},"mobile":{"background-color":"","background-image":"","background-repeat":"repeat","background-position":"center center","background-size":"auto","background-attachment":"scroll","background-type":"","background-media":"","overlay-type":"","overlay-color":"","overlay-opacity":"","overlay-gradient":""}},"ast-content-background-meta":{"desktop":{"background-color":"var(--ast-global-color-5)","background-image":"","background-repeat":"repeat","background-position":"center center","background-size":"auto","background-attachment":"scroll","background-type":"","background-media":"","overlay-type":"","overlay-color":"","overlay-opacity":"","overlay-gradient":""},"tablet":{"background-color":"var(--ast-global-color-5)","background-image":"","background-repeat":"repeat","background-position":"center center","background-size":"auto","background-attachment":"scroll","background-type":"","background-media":"","overlay-type":"","overlay-color":"","overlay-opacity":"","overlay-gradient":""},"mobile":{"background-color":"var(--ast-global-color-5)","background-image":"","background-repeat":"repeat","background-position":"center center","background-size":"auto","background-attachment":"scroll","background-type":"","background-media":"","overlay-type":"","overlay-color":"","overlay-opacity":"","overlay-gradient":""}},"footnotes":""},"class_list":["post-8295","page","type-page","status-publish","hentry"],"post_mailing_queue_ids":[],"_links":{"self":[{"href":"https:\/\/agora.xtec.cat\/iescapmany\/wp-json\/wp\/v2\/pages\/8295","targetHints":{"allow":["GET"]}}],"collection":[{"href":"https:\/\/agora.xtec.cat\/iescapmany\/wp-json\/wp\/v2\/pages"}],"about":[{"href":"https:\/\/agora.xtec.cat\/iescapmany\/wp-json\/wp\/v2\/types\/page"}],"author":[{"embeddable":true,"href":"https:\/\/agora.xtec.cat\/iescapmany\/wp-json\/wp\/v2\/users\/62"}],"replies":[{"embeddable":true,"href":"https:\/\/agora.xtec.cat\/iescapmany\/wp-json\/wp\/v2\/comments?post=8295"}],"version-history":[{"count":2,"href":"https:\/\/agora.xtec.cat\/iescapmany\/wp-json\/wp\/v2\/pages\/8295\/revisions"}],"predecessor-version":[{"id":8326,"href":"https:\/\/agora.xtec.cat\/iescapmany\/wp-json\/wp\/v2\/pages\/8295\/revisions\/8326"}],"wp:attachment":[{"href":"https:\/\/agora.xtec.cat\/iescapmany\/wp-json\/wp\/v2\/media?parent=8295"}],"curies":[{"name":"wp","href":"https:\/\/api.w.org\/{rel}","templated":true}]}}