{"id":8162,"date":"2025-04-03T10:37:28","date_gmt":"2025-04-03T08:37:28","guid":{"rendered":"https:\/\/agora.xtec.cat\/iescapmany\/?page_id=8162"},"modified":"2025-04-03T10:37:28","modified_gmt":"2025-04-03T08:37:28","slug":"tecniques-dexpressio-graficoplastica","status":"publish","type":"page","link":"https:\/\/agora.xtec.cat\/iescapmany\/tecniques-dexpressio-graficoplastica\/","title":{"rendered":"T\u00c8CNIQUES D&#8217;EXPRESSI\u00d3 GRAFICOPL\u00c0STICA"},"content":{"rendered":"<p><a href=\"https:\/\/agora.xtec.cat\/iescapmany\/wp-content\/uploads\/usu234\/2025\/02\/cropped-cropped-apaisat.jpg\"><img loading=\"lazy\" decoding=\"async\" class=\"alignnone size-large wp-image-8009\" src=\"https:\/\/agora.xtec.cat\/iescapmany\/wp-content\/uploads\/usu234\/2025\/02\/cropped-cropped-apaisat-1024x230.jpg\" alt=\"\" width=\"1024\" height=\"230\" srcset=\"https:\/\/agora.xtec.cat\/iescapmany\/wp-content\/uploads\/usu234\/2025\/02\/cropped-cropped-apaisat-1024x230.jpg 1024w, https:\/\/agora.xtec.cat\/iescapmany\/wp-content\/uploads\/usu234\/2025\/02\/cropped-cropped-apaisat-300x68.jpg 300w, https:\/\/agora.xtec.cat\/iescapmany\/wp-content\/uploads\/usu234\/2025\/02\/cropped-cropped-apaisat-768x173.jpg 768w, https:\/\/agora.xtec.cat\/iescapmany\/wp-content\/uploads\/usu234\/2025\/02\/cropped-cropped-apaisat.jpg 1120w\" sizes=\"auto, (max-width: 1024px) 100vw, 1024px\" \/><\/a><\/p>\n<p><strong>T\u00c8CNIQUES D&#8217;EXPRESSI\u00d3 GRAFICOPL\u00c0STICA<\/strong><\/p>\n<p><img loading=\"lazy\" decoding=\"async\" class=\"wp-image-8163 aligncenter\" src=\"https:\/\/agora.xtec.cat\/iescapmany\/wp-content\/uploads\/usu234\/2025\/04\/tec.jpeg\" alt=\"\" width=\"624\" height=\"396\" srcset=\"https:\/\/agora.xtec.cat\/iescapmany\/wp-content\/uploads\/usu234\/2025\/04\/tec.jpeg 930w, https:\/\/agora.xtec.cat\/iescapmany\/wp-content\/uploads\/usu234\/2025\/04\/tec-300x191.jpeg 300w, https:\/\/agora.xtec.cat\/iescapmany\/wp-content\/uploads\/usu234\/2025\/04\/tec-768x488.jpeg 768w\" sizes=\"auto, (max-width: 624px) 100vw, 624px\" \/><\/p>\n<p>La mat\u00e8ria de t\u00e8cniques d\u2019expressi\u00f3 graficopl\u00e0stica pret\u00e9n estimular l\u2019alumnat en la descoberta del m\u00f3n gr\u00e0fic pl\u00e0stic i visual i amb aquesta finalitat el dota, durant el proc\u00e9s d\u2019ensenyament i aprenentatge, d\u2019eines, recursos, estrat\u00e8gies i metodologies. Pret\u00e9n tamb\u00e9 despertar la creativitat, trencar esquemes i estereotips i convidar l\u2019alumnat a renovar l\u2019entorn o fer una nova mirada envers l\u2019entorn, amb esperit cr\u00edtic, positiu i reflexiu, obrint noves possibilitats d\u2019interacci\u00f3 i comunicaci\u00f3.<\/p>\n<p><img loading=\"lazy\" decoding=\"async\" class=\"wp-image-8164 aligncenter\" src=\"https:\/\/agora.xtec.cat\/iescapmany\/wp-content\/uploads\/usu234\/2025\/04\/AnimTecGraf.gif\" alt=\"\" width=\"264\" height=\"388\" \/><\/p>\n","protected":false},"excerpt":{"rendered":"<p>T\u00c8CNIQUES D&#8217;EXPRESSI\u00d3 GRAFICOPL\u00c0STICA La mat\u00e8ria de t\u00e8cniques d\u2019expressi\u00f3 graficopl\u00e0stica pret\u00e9n estimular l\u2019alumnat en la descoberta del m\u00f3n gr\u00e0fic pl\u00e0stic i visual i amb aquesta finalitat el dota, durant el proc\u00e9s d\u2019ensenyament i aprenentatge, d\u2019eines, recursos, estrat\u00e8gies i metodologies. Pret\u00e9n tamb\u00e9 despertar la creativitat, trencar esquemes i estereotips i convidar l\u2019alumnat a renovar l\u2019entorn o fer [&hellip;]<\/p>\n","protected":false},"author":32,"featured_media":0,"parent":0,"menu_order":0,"comment_status":"closed","ping_status":"closed","template":"","meta":{"_bbp_topic_count":0,"_bbp_reply_count":0,"_bbp_total_topic_count":0,"_bbp_total_reply_count":0,"_bbp_voice_count":0,"_bbp_anonymous_reply_count":0,"_bbp_topic_count_hidden":0,"_bbp_reply_count_hidden":0,"_bbp_forum_subforum_count":0,"site-sidebar-layout":"default","site-content-layout":"","ast-site-content-layout":"","site-content-style":"default","site-sidebar-style":"default","ast-global-header-display":"","ast-banner-title-visibility":"","ast-main-header-display":"","ast-hfb-above-header-display":"","ast-hfb-below-header-display":"","ast-hfb-mobile-header-display":"","site-post-title":"","ast-breadcrumbs-content":"","ast-featured-img":"","footer-sml-layout":"","theme-transparent-header-meta":"","adv-header-id-meta":"","stick-header-meta":"","header-above-stick-meta":"","header-main-stick-meta":"","header-below-stick-meta":"","astra-migrate-meta-layouts":"default","ast-page-background-enabled":"default","ast-page-background-meta":{"desktop":{"background-color":"var(--ast-global-color-4)","background-image":"","background-repeat":"repeat","background-position":"center center","background-size":"auto","background-attachment":"scroll","background-type":"","background-media":"","overlay-type":"","overlay-color":"","overlay-opacity":"","overlay-gradient":""},"tablet":{"background-color":"","background-image":"","background-repeat":"repeat","background-position":"center center","background-size":"auto","background-attachment":"scroll","background-type":"","background-media":"","overlay-type":"","overlay-color":"","overlay-opacity":"","overlay-gradient":""},"mobile":{"background-color":"","background-image":"","background-repeat":"repeat","background-position":"center center","background-size":"auto","background-attachment":"scroll","background-type":"","background-media":"","overlay-type":"","overlay-color":"","overlay-opacity":"","overlay-gradient":""}},"ast-content-background-meta":{"desktop":{"background-color":"var(--ast-global-color-5)","background-image":"","background-repeat":"repeat","background-position":"center center","background-size":"auto","background-attachment":"scroll","background-type":"","background-media":"","overlay-type":"","overlay-color":"","overlay-opacity":"","overlay-gradient":""},"tablet":{"background-color":"var(--ast-global-color-5)","background-image":"","background-repeat":"repeat","background-position":"center center","background-size":"auto","background-attachment":"scroll","background-type":"","background-media":"","overlay-type":"","overlay-color":"","overlay-opacity":"","overlay-gradient":""},"mobile":{"background-color":"var(--ast-global-color-5)","background-image":"","background-repeat":"repeat","background-position":"center center","background-size":"auto","background-attachment":"scroll","background-type":"","background-media":"","overlay-type":"","overlay-color":"","overlay-opacity":"","overlay-gradient":""}},"footnotes":""},"class_list":["post-8162","page","type-page","status-publish","hentry"],"post_mailing_queue_ids":[],"_links":{"self":[{"href":"https:\/\/agora.xtec.cat\/iescapmany\/wp-json\/wp\/v2\/pages\/8162","targetHints":{"allow":["GET"]}}],"collection":[{"href":"https:\/\/agora.xtec.cat\/iescapmany\/wp-json\/wp\/v2\/pages"}],"about":[{"href":"https:\/\/agora.xtec.cat\/iescapmany\/wp-json\/wp\/v2\/types\/page"}],"author":[{"embeddable":true,"href":"https:\/\/agora.xtec.cat\/iescapmany\/wp-json\/wp\/v2\/users\/32"}],"replies":[{"embeddable":true,"href":"https:\/\/agora.xtec.cat\/iescapmany\/wp-json\/wp\/v2\/comments?post=8162"}],"version-history":[{"count":1,"href":"https:\/\/agora.xtec.cat\/iescapmany\/wp-json\/wp\/v2\/pages\/8162\/revisions"}],"predecessor-version":[{"id":8166,"href":"https:\/\/agora.xtec.cat\/iescapmany\/wp-json\/wp\/v2\/pages\/8162\/revisions\/8166"}],"wp:attachment":[{"href":"https:\/\/agora.xtec.cat\/iescapmany\/wp-json\/wp\/v2\/media?parent=8162"}],"curies":[{"name":"wp","href":"https:\/\/api.w.org\/{rel}","templated":true}]}}