{"id":8155,"date":"2025-04-03T10:23:26","date_gmt":"2025-04-03T08:23:26","guid":{"rendered":"https:\/\/agora.xtec.cat\/iescapmany\/?page_id=8155"},"modified":"2025-04-03T10:23:52","modified_gmt":"2025-04-03T08:23:52","slug":"disseny","status":"publish","type":"page","link":"https:\/\/agora.xtec.cat\/iescapmany\/disseny\/","title":{"rendered":"DISSENY"},"content":{"rendered":"<p><img loading=\"lazy\" decoding=\"async\" class=\"alignnone size-large wp-image-8009\" src=\"https:\/\/agora.xtec.cat\/iescapmany\/wp-content\/uploads\/usu234\/2025\/02\/cropped-cropped-apaisat-1024x230.jpg\" alt=\"\" width=\"1024\" height=\"230\" srcset=\"https:\/\/agora.xtec.cat\/iescapmany\/wp-content\/uploads\/usu234\/2025\/02\/cropped-cropped-apaisat-1024x230.jpg 1024w, https:\/\/agora.xtec.cat\/iescapmany\/wp-content\/uploads\/usu234\/2025\/02\/cropped-cropped-apaisat-300x68.jpg 300w, https:\/\/agora.xtec.cat\/iescapmany\/wp-content\/uploads\/usu234\/2025\/02\/cropped-cropped-apaisat-768x173.jpg 768w, https:\/\/agora.xtec.cat\/iescapmany\/wp-content\/uploads\/usu234\/2025\/02\/cropped-cropped-apaisat.jpg 1120w\" sizes=\"auto, (max-width: 1024px) 100vw, 1024px\" \/><\/p>\n<p><strong>DISSENY<\/strong><\/p>\n<p>La mat\u00e8ria de disseny pret\u00e9n donar a con\u00e8ixer els mecanismes i les condicions del disseny dels espais, dels objectes i de les imatges gr\u00e0fiques que ens envolten, i aportar a l\u2019alumnat les eines necess\u00e0ries per a la seva comprensi\u00f3 i per abordar la seva concepci\u00f3 i pr\u00e0ctica de manera introduct\u00f2ria. Tanmateix, aquesta pretensi\u00f3 mai no ser\u00e0 de formar especialistes, per\u00f2 s\u00ed d\u2019iniciar l\u2019alumnat en el proc\u00e9s i la realitzaci\u00f3 d\u2019un projecte de disseny, aix\u00ed com en la reflexi\u00f3 i l\u2019an\u00e0lisi d\u2019aquesta pr\u00e0ctica, sempre establint un pont de connexi\u00f3 amb els coneixements adquirits anteriorment i principalment els referits a les arts pl\u00e0stiques de dibuix i a la tecnologia.<\/p>\n<p><img loading=\"lazy\" decoding=\"async\" class=\"wp-image-8157 aligncenter\" src=\"https:\/\/agora.xtec.cat\/iescapmany\/wp-content\/uploads\/usu234\/2025\/04\/Anim-DISSENY.gif\" alt=\"\" width=\"500\" height=\"366\" \/><\/p>\n<p>&nbsp;<\/p>\n<div class=\"slideshow_container slideshow_container_style-light\" data-slideshow-id=\"281\" data-style-name=\"style-light\" data-style-version=\"2.3.1\" data-slideshow-active=\"1\">\n<div class=\"slideshow_content\">\n<div class=\"slideshow_view slideshow_currentView\">\n<div class=\"slideshow_slide slideshow_slide_image\"><\/div>\n<\/div>\n<\/div>\n<\/div>\n","protected":false},"excerpt":{"rendered":"<p>DISSENY La mat\u00e8ria de disseny pret\u00e9n donar a con\u00e8ixer els mecanismes i les condicions del disseny dels espais, dels objectes i de les imatges gr\u00e0fiques que ens envolten, i aportar a l\u2019alumnat les eines necess\u00e0ries per a la seva comprensi\u00f3 i per abordar la seva concepci\u00f3 i pr\u00e0ctica de manera introduct\u00f2ria. Tanmateix, aquesta pretensi\u00f3 mai [&hellip;]<\/p>\n","protected":false},"author":32,"featured_media":0,"parent":0,"menu_order":0,"comment_status":"closed","ping_status":"closed","template":"","meta":{"_bbp_topic_count":0,"_bbp_reply_count":0,"_bbp_total_topic_count":0,"_bbp_total_reply_count":0,"_bbp_voice_count":0,"_bbp_anonymous_reply_count":0,"_bbp_topic_count_hidden":0,"_bbp_reply_count_hidden":0,"_bbp_forum_subforum_count":0,"site-sidebar-layout":"default","site-content-layout":"","ast-site-content-layout":"","site-content-style":"default","site-sidebar-style":"default","ast-global-header-display":"","ast-banner-title-visibility":"","ast-main-header-display":"","ast-hfb-above-header-display":"","ast-hfb-below-header-display":"","ast-hfb-mobile-header-display":"","site-post-title":"","ast-breadcrumbs-content":"","ast-featured-img":"","footer-sml-layout":"","theme-transparent-header-meta":"","adv-header-id-meta":"","stick-header-meta":"","header-above-stick-meta":"","header-main-stick-meta":"","header-below-stick-meta":"","astra-migrate-meta-layouts":"default","ast-page-background-enabled":"default","ast-page-background-meta":{"desktop":{"background-color":"var(--ast-global-color-4)","background-image":"","background-repeat":"repeat","background-position":"center center","background-size":"auto","background-attachment":"scroll","background-type":"","background-media":"","overlay-type":"","overlay-color":"","overlay-opacity":"","overlay-gradient":""},"tablet":{"background-color":"","background-image":"","background-repeat":"repeat","background-position":"center center","background-size":"auto","background-attachment":"scroll","background-type":"","background-media":"","overlay-type":"","overlay-color":"","overlay-opacity":"","overlay-gradient":""},"mobile":{"background-color":"","background-image":"","background-repeat":"repeat","background-position":"center center","background-size":"auto","background-attachment":"scroll","background-type":"","background-media":"","overlay-type":"","overlay-color":"","overlay-opacity":"","overlay-gradient":""}},"ast-content-background-meta":{"desktop":{"background-color":"var(--ast-global-color-5)","background-image":"","background-repeat":"repeat","background-position":"center center","background-size":"auto","background-attachment":"scroll","background-type":"","background-media":"","overlay-type":"","overlay-color":"","overlay-opacity":"","overlay-gradient":""},"tablet":{"background-color":"var(--ast-global-color-5)","background-image":"","background-repeat":"repeat","background-position":"center center","background-size":"auto","background-attachment":"scroll","background-type":"","background-media":"","overlay-type":"","overlay-color":"","overlay-opacity":"","overlay-gradient":""},"mobile":{"background-color":"var(--ast-global-color-5)","background-image":"","background-repeat":"repeat","background-position":"center center","background-size":"auto","background-attachment":"scroll","background-type":"","background-media":"","overlay-type":"","overlay-color":"","overlay-opacity":"","overlay-gradient":""}},"footnotes":""},"class_list":["post-8155","page","type-page","status-publish","hentry"],"post_mailing_queue_ids":[],"_links":{"self":[{"href":"https:\/\/agora.xtec.cat\/iescapmany\/wp-json\/wp\/v2\/pages\/8155","targetHints":{"allow":["GET"]}}],"collection":[{"href":"https:\/\/agora.xtec.cat\/iescapmany\/wp-json\/wp\/v2\/pages"}],"about":[{"href":"https:\/\/agora.xtec.cat\/iescapmany\/wp-json\/wp\/v2\/types\/page"}],"author":[{"embeddable":true,"href":"https:\/\/agora.xtec.cat\/iescapmany\/wp-json\/wp\/v2\/users\/32"}],"replies":[{"embeddable":true,"href":"https:\/\/agora.xtec.cat\/iescapmany\/wp-json\/wp\/v2\/comments?post=8155"}],"version-history":[{"count":2,"href":"https:\/\/agora.xtec.cat\/iescapmany\/wp-json\/wp\/v2\/pages\/8155\/revisions"}],"predecessor-version":[{"id":8160,"href":"https:\/\/agora.xtec.cat\/iescapmany\/wp-json\/wp\/v2\/pages\/8155\/revisions\/8160"}],"wp:attachment":[{"href":"https:\/\/agora.xtec.cat\/iescapmany\/wp-json\/wp\/v2\/media?parent=8155"}],"curies":[{"name":"wp","href":"https:\/\/api.w.org\/{rel}","templated":true}]}}