{"id":8133,"date":"2025-03-31T10:54:16","date_gmt":"2025-03-31T08:54:16","guid":{"rendered":"https:\/\/agora.xtec.cat\/iescapmany\/?page_id=8133"},"modified":"2025-04-03T10:08:15","modified_gmt":"2025-04-03T08:08:15","slug":"fonaments-de-les-arts","status":"publish","type":"page","link":"https:\/\/agora.xtec.cat\/iescapmany\/fonaments-de-les-arts\/","title":{"rendered":"FONAMENTS DE LES ARTS"},"content":{"rendered":"<p><img loading=\"lazy\" decoding=\"async\" class=\"alignnone size-large wp-image-8009\" src=\"https:\/\/agora.xtec.cat\/iescapmany\/wp-content\/uploads\/usu234\/2025\/02\/cropped-cropped-apaisat-1024x230.jpg\" alt=\"\" width=\"1024\" height=\"230\" srcset=\"https:\/\/agora.xtec.cat\/iescapmany\/wp-content\/uploads\/usu234\/2025\/02\/cropped-cropped-apaisat-1024x230.jpg 1024w, https:\/\/agora.xtec.cat\/iescapmany\/wp-content\/uploads\/usu234\/2025\/02\/cropped-cropped-apaisat-300x68.jpg 300w, https:\/\/agora.xtec.cat\/iescapmany\/wp-content\/uploads\/usu234\/2025\/02\/cropped-cropped-apaisat-768x173.jpg 768w, https:\/\/agora.xtec.cat\/iescapmany\/wp-content\/uploads\/usu234\/2025\/02\/cropped-cropped-apaisat.jpg 1120w\" sizes=\"auto, (max-width: 1024px) 100vw, 1024px\" \/><\/p>\n<p><strong>FONAMENTS DE LES ARTS<\/strong><\/p>\n<p>Fonaments de les Arts \u00e9s una mat\u00e8ria on estudiem les obres i les produccions art\u00edstiques, incloent-hi les manifestacions de la cultura visual, les arts esc\u00e8niques i la m\u00fasica, enteses com a produccions resultants de la creativitat.<\/p>\n<p>Compr\u00e8n diferents per\u00edodes hist\u00f2rics i diferents civilitzacions perqu\u00e8 es pret\u00e9n donar una visi\u00f3 global dels canvis i continu\u00eftats de les arts, centrant l\u2019atenci\u00f3 especialment en les manifestacions art\u00edstiques dels per\u00edodes m\u00e9s recents.<\/p>\n<p>Aquesta mat\u00e8ria est\u00e0 directament vinculada amb Hist\u00f2ria de l\u2019Art i comparteix amb ella la finalitat d\u2019identificar, analitzar i interpretar les obres d\u2019art, tot i que el camp d\u2019estudi de Fonaments de les Arts va m\u00e9s enll\u00e0 de l\u2019estudi de la pintura, l\u2019escultura i l\u2019arquitectura propis de la Hist\u00f2ria de l\u2019Art per ampliar la visi\u00f3 a altres formes de creaci\u00f3 art\u00edstica.<\/p>\n<p>Compr\u00e8n manifestacions creatives contempor\u00e0nies com el disseny, la fotografia, el cinema, el c\u00f2mic, la televisi\u00f3 i els nous mitjans digitals.<\/p>\n<p>A m\u00e9s a m\u00e9s estimula el desenvolupament de la sensibilitat art\u00edstica i intel\u00b7lectual vers les manifestacions art\u00edstiques i culturals i promou en l\u2019alumnat, la capacitat creativa tot posant en pr\u00e0ctica els coneixements i conceptes adquirits en projectes variats de creaci\u00f3 art\u00edstica.<\/p>\n<p>Veiem alguns exemples:<\/p>\n<p><img loading=\"lazy\" decoding=\"async\" class=\"wp-image-8138 aligncenter\" src=\"https:\/\/agora.xtec.cat\/iescapmany\/wp-content\/uploads\/usu234\/2025\/03\/Fonam_Anim.gif\" alt=\"\" width=\"390\" height=\"394\" \/><\/p>\n<p><strong>El Barroc continua sent una font d\u2019inspiraci\u00f3 a l\u2019actualitat<\/strong>\u00a0per a molts artistes de molts camps diferents. Des de la mateixa Rosalia, passant per l\u2019ic\u00f2nic C Tangana, fins a pintors i escultors consagrats com Lita Cabellut, Urs Fisher, Juan Mu\u00f1oz i Katsuyo Aoki s\u2019han inspirat en l\u2019imaginari o en les estrat\u00e8gies visuals d\u2019aquesta etapa. Els fot\u00f2grafs tampoc han estat indiferents a la for\u00e7a dram\u00e0tica i als contrastos violents propis del Barroc, que veiem que nodreixen l\u2019obra de Christy Lee Rogers, Zderek Sindelar i Boris Mikhailov.<\/p>\n<p>La proposta de la que veieu alguns dels resultats d\u2019alumnes de 2n de batxillerat art\u00edstic, girava entorn a produir una fotografia des de la contemporane\u00eftat emprant el llenguatge de la pintura barroca, els seus temes capgirar-los al present i la seva simbologia emprar-la per l\u2019expressi\u00f3 de les inquietuds i interessos dels alumnes.<\/p>\n<p>&nbsp;<\/p>\n<p><strong>C\u00f2mic inspirat en l\u2019Impressionisme:<\/strong><\/p>\n<p>La llum, la fugacitat del temps, les primeres experi\u00e8ncies fotogr\u00e0fiques o el color captat davant del mateix paisatge que es pinta s\u00f3n alguns dels fonaments dels artistes impressionistes, que a finals del segle XIX van obrir-se a experi\u00e8ncies m\u00e9s honestes de la representaci\u00f3 de la realitat portant el taller de l\u2019artista a la mateixa natura i volent captar l\u2019instant fugisser de les llums canviants.<\/p>\n<p>La proposta vol convidar a l\u2019alumnat a cercar en els fonaments de l\u2019impressionisme els codis gr\u00e0fics i els interessos propis d\u2019aquesta recerca finisecular i portar-la al c\u00f2mic, on els alumnes a m\u00e9s de generar imatges amb un llenguatge gr\u00e0fico-pl\u00e0stic impressionista, tamb\u00e9 ens hauran de traslladar amb les seves imatges, a la fugacitat del moment.<\/p>\n<p>Aqu\u00ed teniu un exemple:<\/p>\n<p><img loading=\"lazy\" decoding=\"async\" class=\"wp-image-8134 aligncenter\" src=\"https:\/\/agora.xtec.cat\/iescapmany\/wp-content\/uploads\/usu234\/2025\/03\/1222_001.jpeg\" alt=\"\" width=\"550\" height=\"387\" srcset=\"https:\/\/agora.xtec.cat\/iescapmany\/wp-content\/uploads\/usu234\/2025\/03\/1222_001.jpeg 840w, https:\/\/agora.xtec.cat\/iescapmany\/wp-content\/uploads\/usu234\/2025\/03\/1222_001-300x211.jpeg 300w, https:\/\/agora.xtec.cat\/iescapmany\/wp-content\/uploads\/usu234\/2025\/03\/1222_001-768x540.jpeg 768w\" sizes=\"auto, (max-width: 550px) 100vw, 550px\" \/><\/p>\n","protected":false},"excerpt":{"rendered":"<p>FONAMENTS DE LES ARTS Fonaments de les Arts \u00e9s una mat\u00e8ria on estudiem les obres i les produccions art\u00edstiques, incloent-hi les manifestacions de la cultura visual, les arts esc\u00e8niques i la m\u00fasica, enteses com a produccions resultants de la creativitat. Compr\u00e8n diferents per\u00edodes hist\u00f2rics i diferents civilitzacions perqu\u00e8 es pret\u00e9n donar una visi\u00f3 global dels [&hellip;]<\/p>\n","protected":false},"author":32,"featured_media":0,"parent":0,"menu_order":0,"comment_status":"closed","ping_status":"closed","template":"","meta":{"_bbp_topic_count":0,"_bbp_reply_count":0,"_bbp_total_topic_count":0,"_bbp_total_reply_count":0,"_bbp_voice_count":0,"_bbp_anonymous_reply_count":0,"_bbp_topic_count_hidden":0,"_bbp_reply_count_hidden":0,"_bbp_forum_subforum_count":0,"site-sidebar-layout":"default","site-content-layout":"","ast-site-content-layout":"","site-content-style":"default","site-sidebar-style":"default","ast-global-header-display":"","ast-banner-title-visibility":"","ast-main-header-display":"","ast-hfb-above-header-display":"","ast-hfb-below-header-display":"","ast-hfb-mobile-header-display":"","site-post-title":"","ast-breadcrumbs-content":"","ast-featured-img":"","footer-sml-layout":"","theme-transparent-header-meta":"","adv-header-id-meta":"","stick-header-meta":"","header-above-stick-meta":"","header-main-stick-meta":"","header-below-stick-meta":"","astra-migrate-meta-layouts":"default","ast-page-background-enabled":"default","ast-page-background-meta":{"desktop":{"background-color":"var(--ast-global-color-4)","background-image":"","background-repeat":"repeat","background-position":"center center","background-size":"auto","background-attachment":"scroll","background-type":"","background-media":"","overlay-type":"","overlay-color":"","overlay-opacity":"","overlay-gradient":""},"tablet":{"background-color":"","background-image":"","background-repeat":"repeat","background-position":"center center","background-size":"auto","background-attachment":"scroll","background-type":"","background-media":"","overlay-type":"","overlay-color":"","overlay-opacity":"","overlay-gradient":""},"mobile":{"background-color":"","background-image":"","background-repeat":"repeat","background-position":"center center","background-size":"auto","background-attachment":"scroll","background-type":"","background-media":"","overlay-type":"","overlay-color":"","overlay-opacity":"","overlay-gradient":""}},"ast-content-background-meta":{"desktop":{"background-color":"var(--ast-global-color-5)","background-image":"","background-repeat":"repeat","background-position":"center center","background-size":"auto","background-attachment":"scroll","background-type":"","background-media":"","overlay-type":"","overlay-color":"","overlay-opacity":"","overlay-gradient":""},"tablet":{"background-color":"var(--ast-global-color-5)","background-image":"","background-repeat":"repeat","background-position":"center center","background-size":"auto","background-attachment":"scroll","background-type":"","background-media":"","overlay-type":"","overlay-color":"","overlay-opacity":"","overlay-gradient":""},"mobile":{"background-color":"var(--ast-global-color-5)","background-image":"","background-repeat":"repeat","background-position":"center center","background-size":"auto","background-attachment":"scroll","background-type":"","background-media":"","overlay-type":"","overlay-color":"","overlay-opacity":"","overlay-gradient":""}},"footnotes":""},"class_list":["post-8133","page","type-page","status-publish","hentry"],"post_mailing_queue_ids":[],"_links":{"self":[{"href":"https:\/\/agora.xtec.cat\/iescapmany\/wp-json\/wp\/v2\/pages\/8133","targetHints":{"allow":["GET"]}}],"collection":[{"href":"https:\/\/agora.xtec.cat\/iescapmany\/wp-json\/wp\/v2\/pages"}],"about":[{"href":"https:\/\/agora.xtec.cat\/iescapmany\/wp-json\/wp\/v2\/types\/page"}],"author":[{"embeddable":true,"href":"https:\/\/agora.xtec.cat\/iescapmany\/wp-json\/wp\/v2\/users\/32"}],"replies":[{"embeddable":true,"href":"https:\/\/agora.xtec.cat\/iescapmany\/wp-json\/wp\/v2\/comments?post=8133"}],"version-history":[{"count":5,"href":"https:\/\/agora.xtec.cat\/iescapmany\/wp-json\/wp\/v2\/pages\/8133\/revisions"}],"predecessor-version":[{"id":8146,"href":"https:\/\/agora.xtec.cat\/iescapmany\/wp-json\/wp\/v2\/pages\/8133\/revisions\/8146"}],"wp:attachment":[{"href":"https:\/\/agora.xtec.cat\/iescapmany\/wp-json\/wp\/v2\/media?parent=8133"}],"curies":[{"name":"wp","href":"https:\/\/api.w.org\/{rel}","templated":true}]}}