{"id":8130,"date":"2025-03-31T10:46:07","date_gmt":"2025-03-31T08:46:07","guid":{"rendered":"https:\/\/agora.xtec.cat\/iescapmany\/?page_id=8130"},"modified":"2025-04-03T10:09:03","modified_gmt":"2025-04-03T08:09:03","slug":"dibuix-tecnic-i-i-ii","status":"publish","type":"page","link":"https:\/\/agora.xtec.cat\/iescapmany\/dibuix-tecnic-i-i-ii\/","title":{"rendered":"DIBUIX T\u00c8CNIC I i II"},"content":{"rendered":"<p><a href=\"https:\/\/agora.xtec.cat\/iescapmany\/wp-content\/uploads\/usu234\/2025\/02\/cropped-cropped-apaisat.jpg\"><img loading=\"lazy\" decoding=\"async\" class=\"alignnone size-large wp-image-8009\" src=\"https:\/\/agora.xtec.cat\/iescapmany\/wp-content\/uploads\/usu234\/2025\/02\/cropped-cropped-apaisat-1024x230.jpg\" alt=\"\" width=\"1024\" height=\"230\" srcset=\"https:\/\/agora.xtec.cat\/iescapmany\/wp-content\/uploads\/usu234\/2025\/02\/cropped-cropped-apaisat-1024x230.jpg 1024w, https:\/\/agora.xtec.cat\/iescapmany\/wp-content\/uploads\/usu234\/2025\/02\/cropped-cropped-apaisat-300x68.jpg 300w, https:\/\/agora.xtec.cat\/iescapmany\/wp-content\/uploads\/usu234\/2025\/02\/cropped-cropped-apaisat-768x173.jpg 768w, https:\/\/agora.xtec.cat\/iescapmany\/wp-content\/uploads\/usu234\/2025\/02\/cropped-cropped-apaisat.jpg 1120w\" sizes=\"auto, (max-width: 1024px) 100vw, 1024px\" \/><\/a><\/p>\n<p><strong>DIBUIX T\u00c8CNIC I i II<\/strong><\/p>\n<p>La mat\u00e8ria desenvolupa la visi\u00f3 espacial, mitjan\u00e7ant l\u2019estudi de les propietats geom\u00e8triques de les formes i les relacions que es produeixen sobre el pla i a l\u2019espai. El seu ensenyament ha de contemplar el desenvolupament d\u2019aquesta visi\u00f3 espacial i de les capacitats d\u2019abstracci\u00f3 com a aspecte fonamental per a un assoliment posterior dels conceptes.<\/p>\n","protected":false},"excerpt":{"rendered":"<p>DIBUIX T\u00c8CNIC I i II La mat\u00e8ria desenvolupa la visi\u00f3 espacial, mitjan\u00e7ant l\u2019estudi de les propietats geom\u00e8triques de les formes i les relacions que es produeixen sobre el pla i a l\u2019espai. El seu ensenyament ha de contemplar el desenvolupament d\u2019aquesta visi\u00f3 espacial i de les capacitats d\u2019abstracci\u00f3 com a aspecte fonamental per a un [&hellip;]<\/p>\n","protected":false},"author":32,"featured_media":0,"parent":0,"menu_order":0,"comment_status":"closed","ping_status":"closed","template":"","meta":{"_bbp_topic_count":0,"_bbp_reply_count":0,"_bbp_total_topic_count":0,"_bbp_total_reply_count":0,"_bbp_voice_count":0,"_bbp_anonymous_reply_count":0,"_bbp_topic_count_hidden":0,"_bbp_reply_count_hidden":0,"_bbp_forum_subforum_count":0,"site-sidebar-layout":"default","site-content-layout":"","ast-site-content-layout":"","site-content-style":"default","site-sidebar-style":"default","ast-global-header-display":"","ast-banner-title-visibility":"","ast-main-header-display":"","ast-hfb-above-header-display":"","ast-hfb-below-header-display":"","ast-hfb-mobile-header-display":"","site-post-title":"","ast-breadcrumbs-content":"","ast-featured-img":"","footer-sml-layout":"","theme-transparent-header-meta":"","adv-header-id-meta":"","stick-header-meta":"","header-above-stick-meta":"","header-main-stick-meta":"","header-below-stick-meta":"","astra-migrate-meta-layouts":"default","ast-page-background-enabled":"default","ast-page-background-meta":{"desktop":{"background-color":"var(--ast-global-color-4)","background-image":"","background-repeat":"repeat","background-position":"center center","background-size":"auto","background-attachment":"scroll","background-type":"","background-media":"","overlay-type":"","overlay-color":"","overlay-opacity":"","overlay-gradient":""},"tablet":{"background-color":"","background-image":"","background-repeat":"repeat","background-position":"center center","background-size":"auto","background-attachment":"scroll","background-type":"","background-media":"","overlay-type":"","overlay-color":"","overlay-opacity":"","overlay-gradient":""},"mobile":{"background-color":"","background-image":"","background-repeat":"repeat","background-position":"center center","background-size":"auto","background-attachment":"scroll","background-type":"","background-media":"","overlay-type":"","overlay-color":"","overlay-opacity":"","overlay-gradient":""}},"ast-content-background-meta":{"desktop":{"background-color":"var(--ast-global-color-5)","background-image":"","background-repeat":"repeat","background-position":"center center","background-size":"auto","background-attachment":"scroll","background-type":"","background-media":"","overlay-type":"","overlay-color":"","overlay-opacity":"","overlay-gradient":""},"tablet":{"background-color":"var(--ast-global-color-5)","background-image":"","background-repeat":"repeat","background-position":"center center","background-size":"auto","background-attachment":"scroll","background-type":"","background-media":"","overlay-type":"","overlay-color":"","overlay-opacity":"","overlay-gradient":""},"mobile":{"background-color":"var(--ast-global-color-5)","background-image":"","background-repeat":"repeat","background-position":"center center","background-size":"auto","background-attachment":"scroll","background-type":"","background-media":"","overlay-type":"","overlay-color":"","overlay-opacity":"","overlay-gradient":""}},"footnotes":""},"class_list":["post-8130","page","type-page","status-publish","hentry"],"post_mailing_queue_ids":[],"_links":{"self":[{"href":"https:\/\/agora.xtec.cat\/iescapmany\/wp-json\/wp\/v2\/pages\/8130","targetHints":{"allow":["GET"]}}],"collection":[{"href":"https:\/\/agora.xtec.cat\/iescapmany\/wp-json\/wp\/v2\/pages"}],"about":[{"href":"https:\/\/agora.xtec.cat\/iescapmany\/wp-json\/wp\/v2\/types\/page"}],"author":[{"embeddable":true,"href":"https:\/\/agora.xtec.cat\/iescapmany\/wp-json\/wp\/v2\/users\/32"}],"replies":[{"embeddable":true,"href":"https:\/\/agora.xtec.cat\/iescapmany\/wp-json\/wp\/v2\/comments?post=8130"}],"version-history":[{"count":3,"href":"https:\/\/agora.xtec.cat\/iescapmany\/wp-json\/wp\/v2\/pages\/8130\/revisions"}],"predecessor-version":[{"id":8148,"href":"https:\/\/agora.xtec.cat\/iescapmany\/wp-json\/wp\/v2\/pages\/8130\/revisions\/8148"}],"wp:attachment":[{"href":"https:\/\/agora.xtec.cat\/iescapmany\/wp-json\/wp\/v2\/media?parent=8130"}],"curies":[{"name":"wp","href":"https:\/\/api.w.org\/{rel}","templated":true}]}}