{"id":8065,"date":"2025-03-13T10:36:21","date_gmt":"2025-03-13T09:36:21","guid":{"rendered":"https:\/\/agora.xtec.cat\/iescapmany\/?page_id=8065"},"modified":"2025-04-07T10:41:20","modified_gmt":"2025-04-07T08:41:20","slug":"assignatures-de-modalitat","status":"publish","type":"page","link":"https:\/\/agora.xtec.cat\/iescapmany\/assignatures-de-modalitat\/","title":{"rendered":"ASSIGNATURES ART\u00cdSTIC"},"content":{"rendered":"<p style=\"color: #ff0000; text-align: center;\">Batxillerat Art\u00edstic a Cornell\u00e0: Institut Maria Aur\u00e8lia Capmany<\/p>\n<p><img loading=\"lazy\" decoding=\"async\" class=\"alignnone size-large wp-image-8009\" src=\"https:\/\/agora.xtec.cat\/iescapmany\/wp-content\/uploads\/usu234\/2025\/02\/cropped-cropped-apaisat-1024x230.jpg\" alt=\"\" width=\"1024\" height=\"230\" srcset=\"https:\/\/agora.xtec.cat\/iescapmany\/wp-content\/uploads\/usu234\/2025\/02\/cropped-cropped-apaisat-1024x230.jpg 1024w, https:\/\/agora.xtec.cat\/iescapmany\/wp-content\/uploads\/usu234\/2025\/02\/cropped-cropped-apaisat-300x68.jpg 300w, https:\/\/agora.xtec.cat\/iescapmany\/wp-content\/uploads\/usu234\/2025\/02\/cropped-cropped-apaisat-768x173.jpg 768w, https:\/\/agora.xtec.cat\/iescapmany\/wp-content\/uploads\/usu234\/2025\/02\/cropped-cropped-apaisat.jpg 1120w\" sizes=\"auto, (max-width: 1024px) 100vw, 1024px\" \/><\/p>\n<table style=\"border-collapse: collapse; width: 100%;\">\n<tbody>\n<tr>\n<td style=\"width: 16.3397%; border-color: #000000; background-color: #000000;\">\n<p style=\"color: #fafafa; text-align: center;\"><a href=\"https:\/\/agora.xtec.cat\/iescapmany\/artisticmac\/\">SOM ART<\/a><\/p>\n<\/td>\n<td style=\"width: 29.0595%; border-color: #000000; background-color: #000000;\">\n<p style=\"color: #fafafa; text-align: center;\"><a href=\"https:\/\/agora.xtec.cat\/iescapmany\/pagines-dinici\/informacio-general\/\">INFORMACI\u00d3 GENERAL<\/a><\/p>\n<\/td>\n<td style=\"width: 36.6373%; border-color: #000000; background-color: #000000;\">\n<p style=\"color: #fafafa; text-align: center;\"><a href=\"https:\/\/agora.xtec.cat\/iescapmany\/assignatures-de-modalitat\/\">ASSIGNATURES<\/a><\/p>\n<\/td>\n<td style=\"width: 17.9635%; border-color: #000000; background-color: #000000;\"><\/td>\n<\/tr>\n<\/tbody>\n<\/table>\n<header class=\"entry-header\">\n<h1 class=\"entry-title\">ASSIGNATURES<\/h1>\n<\/header>\n<table style=\"border-collapse: collapse; width: 68.3761%; height: 679px;\">\n<tbody>\n<tr style=\"height: 32px;\">\n<td style=\"width: 68.376%; height: 32px; border-color: #000000; background-color: #b8aeeb; text-align: center;\" colspan=\"3\"><strong>MODALITAT ARTS 1r BATXILLERAT<\/strong><\/td>\n<\/tr>\n<tr style=\"height: 32px;\">\n<td style=\"width: 26.862%; height: 224px; border-color: #000000; text-align: center;\" rowspan=\"7\"><strong>MAT\u00c8RIES COMUNES<\/strong><\/td>\n<td style=\"width: 33.2112%; height: 32px; border-color: #000000;\">Llengua Catalana i Literatura<\/td>\n<td style=\"width: 8.30277%; height: 32px; text-align: center; border-color: #000000;\">2h<\/td>\n<\/tr>\n<tr style=\"height: 32px;\">\n<td style=\"width: 33.2112%; height: 32px; border-color: #000000;\">Llengua Castellana i Literatura<\/td>\n<td style=\"width: 8.30277%; height: 32px; text-align: center; border-color: #000000;\">2h<\/td>\n<\/tr>\n<tr style=\"height: 32px;\">\n<td style=\"width: 33.2112%; height: 32px; border-color: #000000;\">Llengua estrangera (Angl\u00e8s)<\/td>\n<td style=\"width: 8.30277%; height: 32px; text-align: center; border-color: #000000;\">3h<\/td>\n<\/tr>\n<tr style=\"height: 32px;\">\n<td style=\"width: 33.2112%; height: 32px; border-color: #000000;\">Filosofia<\/td>\n<td style=\"width: 8.30277%; height: 32px; text-align: center; border-color: #000000;\">2h<\/td>\n<\/tr>\n<tr style=\"height: 32px;\">\n<td style=\"width: 33.2112%; height: 32px; border-color: #000000;\">Educaci\u00f3 F\u00edsica<\/td>\n<td style=\"width: 8.30277%; height: 32px; text-align: center; border-color: #000000;\">1h<\/td>\n<\/tr>\n<tr style=\"height: 32px;\">\n<td style=\"width: 33.2112%; height: 32px; border-color: #000000;\">Tutoria<\/td>\n<td style=\"width: 8.30277%; height: 32px; text-align: center; border-color: #000000;\">2h<\/td>\n<\/tr>\n<tr style=\"height: 32px;\">\n<td style=\"width: 33.2112%; height: 32px; border-color: #000000;\">Treball de recerca<\/td>\n<td style=\"width: 8.30277%; height: 32px; text-align: center; border-color: #000000;\">&#8211;<\/td>\n<\/tr>\n<tr style=\"height: 32px;\">\n<td style=\"width: 26.862%; height: 32px; text-align: center; border-color: #000000;\"><strong>MAT\u00c8RIA OBLIGAT\u00d2RIA<\/strong><br \/>\n<strong>\u00a0DE MODALITAT<\/strong><\/td>\n<td style=\"width: 33.2112%; height: 32px; border-color: #000000;\"><a href=\"https:\/\/agora.xtec.cat\/iescapmany\/dibuix-artistic-i-i-ii\/\">Dibuix Art\u00edstic I<\/a><\/td>\n<td style=\"width: 8.30277%; height: 32px; text-align: center; border-color: #000000;\">3h<\/td>\n<\/tr>\n<tr style=\"height: 32px;\">\n<td style=\"width: 26.862%; border-color: #000000; text-align: center; height: 144px;\" rowspan=\"4\"><strong>MAT\u00c8RIES DE MODALITAT<\/strong><br \/>\n<strong>(A triar-ne una de<\/strong><br \/>\n<strong>\u00a0cada franja)<\/strong><\/td>\n<td style=\"width: 33.2112%; border-color: #000000; height: 32px; background-color: #ebad4b; text-align: center;\"><a href=\"https:\/\/agora.xtec.cat\/iescapmany\/?page_id=8149&amp;preview=true\">Volum<\/a><\/td>\n<td style=\"width: 8.30277%; text-align: center; border-color: #000000; height: 32px;\">3h<\/td>\n<\/tr>\n<tr style=\"height: 48px;\">\n<td style=\"width: 33.2112%; border-color: #000000; height: 48px; background-color: #ebad4b; text-align: center;\"><a href=\"https:\/\/agora.xtec.cat\/iescapmany\/dibuix-tecnic-i-i-ii\/\">Dibuix T\u00e8cnic aplicat a les Arts<\/a><br \/>\n<a href=\"https:\/\/agora.xtec.cat\/iescapmany\/dibuix-tecnic-i-i-ii\/\">Pl\u00e0stiques i al Disseny I<\/a><\/td>\n<td style=\"width: 8.30277%; text-align: center; border-color: #000000; height: 48px;\">3h<\/td>\n<\/tr>\n<tr style=\"height: 32px;\">\n<td style=\"width: 33.2112%; border-color: #000000; height: 32px; background-color: #e3c762; text-align: center;\"><a href=\"https:\/\/agora.xtec.cat\/iescapmany\/cultura-audiovisual\/\">Cultura Audiovisual<\/a><\/td>\n<td style=\"width: 8.30277%; text-align: center; border-color: #000000; height: 32px;\">3h<\/td>\n<\/tr>\n<tr style=\"height: 32px;\">\n<td style=\"width: 33.2112%; border-color: #000000; height: 32px; background-color: #e3c762; text-align: center;\">Projectes Art\u00edsitics<\/td>\n<td style=\"width: 8.30277%; text-align: center; border-color: #000000; height: 32px;\">3h<\/td>\n<\/tr>\n<tr style=\"height: 33px;\">\n<td style=\"width: 26.862%; height: 115px; border-color: #000000; text-align: center;\" rowspan=\"3\"><strong>OPTATIVA FRANJA 2<\/strong><br \/>\n<strong>(A triar-ne una)<\/strong><\/td>\n<td style=\"width: 33.2112%; height: 33px; border-color: #000000; text-align: center; background-color: #e07070;\" width=\"291\">Creaci\u00f3 Fotogr\u00e0fica i Cinema<\/td>\n<td style=\"width: 8.30277%; height: 33px; text-align: center; border-color: #000000;\">3h<\/td>\n<\/tr>\n<tr style=\"height: 49px;\">\n<td style=\"width: 33.2112%; height: 49px; border-color: #000000; text-align: center; background-color: #e07070;\" width=\"291\">Llenguatges Art\u00edstics contemporanis<\/td>\n<td style=\"width: 8.30277%; text-align: center; border-color: #000000; height: 49px;\">3h<\/td>\n<\/tr>\n<tr style=\"height: 33px;\">\n<td style=\"width: 33.2112%; height: 33px; border-color: #000000; text-align: center; background-color: #e07070;\" width=\"291\">Franc\u00e8s<\/td>\n<td style=\"width: 8.30277%; text-align: center; border-color: #000000; height: 33px;\">3h<\/td>\n<\/tr>\n<tr style=\"height: 33px;\">\n<td style=\"width: 26.862%; height: 66px; border-color: #000000; text-align: center;\" rowspan=\"2\"><strong>OPTATIVA FRANJA 2<\/strong><br \/>\n<strong>(A triar-ne una)<\/strong><\/td>\n<td style=\"width: 33.2112%; height: 33px; border-color: #000000; text-align: center; background-color: #e067a8;\" width=\"291\">Creaci\u00f3 Liter\u00e0ria<\/td>\n<td style=\"width: 8.30277%; text-align: center; border-color: #000000; height: 33px;\">3h<\/td>\n<\/tr>\n<tr style=\"height: 33px;\">\n<td style=\"width: 33.2112%; height: 33px; border-color: #000000; text-align: center; background-color: #e067a8;\" width=\"291\">Publicitat<\/td>\n<td style=\"width: 8.30277%; text-align: center; border-color: #000000; height: 33px;\">3h<\/td>\n<\/tr>\n<tr style=\"height: 33px;\">\n<td style=\"width: 26.862%; height: 66px; border-color: #000000; text-align: center;\" rowspan=\"2\"><strong>OPTATIVA FRANJA 3<\/strong><br \/>\n<strong>(A triar-ne una)<\/strong><\/td>\n<td style=\"width: 33.2112%; height: 33px; border-color: #000000; text-align: center; background-color: #a295c7;\" width=\"291\">Disseny 2D i 3D<\/td>\n<td style=\"width: 8.30277%; text-align: center; border-color: #000000; height: 33px;\">3h<\/td>\n<\/tr>\n<tr style=\"height: 33px;\">\n<td style=\"width: 33.2112%; height: 33px; border-color: #000000; text-align: center; background-color: #a295c7;\" width=\"291\">Taller de Creaci\u00f3<\/td>\n<td style=\"width: 8.30277%; text-align: center; border-color: #000000; height: 33px;\">3h<\/td>\n<\/tr>\n<\/tbody>\n<\/table>\n<table style=\"border-collapse: collapse; width: 68.3761%; height: 560px;\">\n<tbody>\n<tr style=\"height: 32px;\">\n<td style=\"width: 87.7788%; height: 32px; border-color: #000000; background-color: #b8aeeb; text-align: center;\" colspan=\"3\"><strong>MODALITAT ARTS 2n BATXILLERAT<\/strong><\/td>\n<\/tr>\n<tr style=\"height: 32px;\">\n<td style=\"width: 34.4276%; height: 224px; border-color: #000000; text-align: center;\" rowspan=\"7\"><strong>MAT\u00c8RIES COMUNES<\/strong><\/td>\n<td style=\"width: 42.8541%; height: 32px; border-color: #000000;\" width=\"291\">Llengua Catalana i Literatura<\/td>\n<td style=\"width: 10.497%; text-align: center; height: 32px; border-color: #000000;\" width=\"89\">2h<\/td>\n<\/tr>\n<tr style=\"height: 32px;\">\n<td style=\"width: 42.8541%; height: 32px; border-color: #000000;\" width=\"291\">Llengua Castellana i Literatura<\/td>\n<td style=\"width: 10.497%; text-align: center; height: 32px; border-color: #000000;\" width=\"89\">2h<\/td>\n<\/tr>\n<tr style=\"height: 32px;\">\n<td style=\"width: 42.8541%; height: 32px; border-color: #000000;\" width=\"291\">Llengua estrangera (Angl\u00e8s)<\/td>\n<td style=\"width: 10.497%; text-align: center; height: 32px; border-color: #000000;\" width=\"89\">3h<\/td>\n<\/tr>\n<tr style=\"height: 32px;\">\n<td style=\"width: 42.8541%; height: 32px; border-color: #000000;\" width=\"291\">Hist\u00f2ria de la filosofia<\/td>\n<td style=\"width: 10.497%; text-align: center; height: 32px; border-color: #000000;\" width=\"89\">3h<\/td>\n<\/tr>\n<tr style=\"height: 32px;\">\n<td style=\"width: 42.8541%; height: 32px; border-color: #000000;\" width=\"291\">Hist\u00f2ria<\/td>\n<td style=\"width: 10.497%; text-align: center; height: 32px; border-color: #000000;\" width=\"89\">3h<\/td>\n<\/tr>\n<tr style=\"height: 32px;\">\n<td style=\"width: 42.8541%; height: 32px; border-color: #000000;\" width=\"291\">Tutoria<\/td>\n<td style=\"width: 10.497%; text-align: center; height: 32px; border-color: #000000;\" width=\"89\">1h<\/td>\n<\/tr>\n<tr style=\"height: 32px;\">\n<td style=\"width: 42.8541%; height: 32px; border-color: #000000;\" width=\"291\">Treball de recerca<\/td>\n<td style=\"width: 10.497%; text-align: center; height: 32px; border-color: #000000;\" width=\"89\">\u2013<\/td>\n<\/tr>\n<tr style=\"height: 48px;\">\n<td style=\"width: 34.4276%; text-align: center; height: 48px; border-color: #000000;\"><strong>MAT\u00c8RIA OBLIGAT\u00d2RIA<\/strong><br \/>\n<strong>\u00a0DE MODALITAT<\/strong><\/td>\n<td style=\"width: 42.8541%; height: 48px; border-color: #000000;\"><a href=\"https:\/\/agora.xtec.cat\/iescapmany\/dibuix-artistic-i-i-ii\/\">Dibuix Art\u00edstic II<\/a><\/td>\n<td style=\"width: 10.497%; text-align: center; height: 48px; border-color: #000000;\">4h<\/td>\n<\/tr>\n<tr style=\"height: 48px;\">\n<td style=\"width: 34.4276%; height: 160px; border-color: #000000; text-align: center;\" rowspan=\"4\"><strong>MAT\u00c8RIES DE MODALITAT<\/strong><\/td>\n<td style=\"width: 42.8541%; height: 48px; border-color: #000000;\">T\u00e8cniques d&#8217;Expressi\u00f3 Graficopl\u00e0stica<\/td>\n<td style=\"width: 10.497%; text-align: center; height: 48px; border-color: #000000;\">4h<\/td>\n<\/tr>\n<tr style=\"height: 48px;\">\n<td style=\"width: 42.8541%; height: 48px; border-color: #000000;\"><a href=\"https:\/\/agora.xtec.cat\/iescapmany\/dibuix-tecnic-i-i-ii\/\">Dibuix T\u00e8cnic aplicat a les Arts Pl\u00e0stiques i al Disseny II<\/a><\/td>\n<td style=\"width: 10.497%; text-align: center; height: 48px; border-color: #000000;\">4h<\/td>\n<\/tr>\n<tr style=\"height: 32px;\">\n<td style=\"width: 42.8541%; height: 32px; border-color: #000000;\" width=\"291\"><a href=\"https:\/\/agora.xtec.cat\/iescapmany\/?page_id=8155&amp;preview=true\">Disseny<\/a><\/td>\n<td style=\"width: 10.497%; text-align: center; height: 32px; border-color: #000000;\">4h<\/td>\n<\/tr>\n<tr style=\"height: 32px;\">\n<td style=\"width: 42.8541%; height: 32px; border-color: #000000;\" width=\"291\"><a href=\"https:\/\/agora.xtec.cat\/iescapmany\/fonaments-de-les-arts\/\">Fonaments Art\u00edsitics<\/a><\/td>\n<td style=\"width: 10.497%; text-align: center; height: 32px; border-color: #000000;\">4h<\/td>\n<\/tr>\n<tr style=\"height: 32px;\">\n<td style=\"width: 34.4276%; text-align: center; height: 96px; border-color: #000000;\" rowspan=\"3\"><strong>OPTATIVA ANUAL<\/strong><\/td>\n<td style=\"width: 42.8541%; height: 32px; border-color: #000000;\" width=\"291\">Franc\u00e8s II<\/td>\n<td style=\"width: 10.497%; text-align: center; height: 32px; border-color: #000000;\">4h<\/td>\n<\/tr>\n<tr style=\"height: 32px;\">\n<td style=\"width: 42.8541%; height: 32px; border-color: #000000;\" width=\"291\">Entorn Sostenible<\/td>\n<td style=\"width: 10.497%; text-align: center; height: 32px; border-color: #000000;\">4h<\/td>\n<\/tr>\n<tr style=\"height: 32px;\">\n<td style=\"width: 42.8541%; height: 32px; border-color: #000000;\" width=\"291\">Pau, Just\u00edcia i Corresponsabilitat<\/td>\n<td style=\"width: 10.497%; text-align: center; height: 32px; border-color: #000000;\">4h<\/td>\n<\/tr>\n<\/tbody>\n<\/table>\n<p>&nbsp;<\/p>\n","protected":false},"excerpt":{"rendered":"<p>Batxillerat Art\u00edstic a Cornell\u00e0: Institut Maria Aur\u00e8lia Capmany SOM ART INFORMACI\u00d3 GENERAL ASSIGNATURES ASSIGNATURES MODALITAT ARTS 1r BATXILLERAT MAT\u00c8RIES COMUNES Llengua Catalana i Literatura 2h Llengua Castellana i Literatura 2h Llengua estrangera (Angl\u00e8s) 3h Filosofia 2h Educaci\u00f3 F\u00edsica 1h Tutoria 2h Treball de recerca &#8211; MAT\u00c8RIA OBLIGAT\u00d2RIA \u00a0DE MODALITAT Dibuix Art\u00edstic I 3h MAT\u00c8RIES DE [&hellip;]<\/p>\n","protected":false},"author":32,"featured_media":0,"parent":0,"menu_order":0,"comment_status":"closed","ping_status":"closed","template":"","meta":{"_bbp_topic_count":0,"_bbp_reply_count":0,"_bbp_total_topic_count":0,"_bbp_total_reply_count":0,"_bbp_voice_count":0,"_bbp_anonymous_reply_count":0,"_bbp_topic_count_hidden":0,"_bbp_reply_count_hidden":0,"_bbp_forum_subforum_count":0,"site-sidebar-layout":"default","site-content-layout":"","ast-site-content-layout":"","site-content-style":"default","site-sidebar-style":"default","ast-global-header-display":"","ast-banner-title-visibility":"","ast-main-header-display":"","ast-hfb-above-header-display":"","ast-hfb-below-header-display":"","ast-hfb-mobile-header-display":"","site-post-title":"","ast-breadcrumbs-content":"","ast-featured-img":"","footer-sml-layout":"","theme-transparent-header-meta":"","adv-header-id-meta":"","stick-header-meta":"","header-above-stick-meta":"","header-main-stick-meta":"","header-below-stick-meta":"","astra-migrate-meta-layouts":"default","ast-page-background-enabled":"default","ast-page-background-meta":{"desktop":{"background-color":"var(--ast-global-color-4)","background-image":"","background-repeat":"repeat","background-position":"center center","background-size":"auto","background-attachment":"scroll","background-type":"","background-media":"","overlay-type":"","overlay-color":"","overlay-opacity":"","overlay-gradient":""},"tablet":{"background-color":"","background-image":"","background-repeat":"repeat","background-position":"center center","background-size":"auto","background-attachment":"scroll","background-type":"","background-media":"","overlay-type":"","overlay-color":"","overlay-opacity":"","overlay-gradient":""},"mobile":{"background-color":"","background-image":"","background-repeat":"repeat","background-position":"center center","background-size":"auto","background-attachment":"scroll","background-type":"","background-media":"","overlay-type":"","overlay-color":"","overlay-opacity":"","overlay-gradient":""}},"ast-content-background-meta":{"desktop":{"background-color":"var(--ast-global-color-5)","background-image":"","background-repeat":"repeat","background-position":"center center","background-size":"auto","background-attachment":"scroll","background-type":"","background-media":"","overlay-type":"","overlay-color":"","overlay-opacity":"","overlay-gradient":""},"tablet":{"background-color":"var(--ast-global-color-5)","background-image":"","background-repeat":"repeat","background-position":"center center","background-size":"auto","background-attachment":"scroll","background-type":"","background-media":"","overlay-type":"","overlay-color":"","overlay-opacity":"","overlay-gradient":""},"mobile":{"background-color":"var(--ast-global-color-5)","background-image":"","background-repeat":"repeat","background-position":"center center","background-size":"auto","background-attachment":"scroll","background-type":"","background-media":"","overlay-type":"","overlay-color":"","overlay-opacity":"","overlay-gradient":""}},"footnotes":""},"class_list":["post-8065","page","type-page","status-publish","hentry"],"post_mailing_queue_ids":[],"_links":{"self":[{"href":"https:\/\/agora.xtec.cat\/iescapmany\/wp-json\/wp\/v2\/pages\/8065","targetHints":{"allow":["GET"]}}],"collection":[{"href":"https:\/\/agora.xtec.cat\/iescapmany\/wp-json\/wp\/v2\/pages"}],"about":[{"href":"https:\/\/agora.xtec.cat\/iescapmany\/wp-json\/wp\/v2\/types\/page"}],"author":[{"embeddable":true,"href":"https:\/\/agora.xtec.cat\/iescapmany\/wp-json\/wp\/v2\/users\/32"}],"replies":[{"embeddable":true,"href":"https:\/\/agora.xtec.cat\/iescapmany\/wp-json\/wp\/v2\/comments?post=8065"}],"version-history":[{"count":6,"href":"https:\/\/agora.xtec.cat\/iescapmany\/wp-json\/wp\/v2\/pages\/8065\/revisions"}],"predecessor-version":[{"id":8182,"href":"https:\/\/agora.xtec.cat\/iescapmany\/wp-json\/wp\/v2\/pages\/8065\/revisions\/8182"}],"wp:attachment":[{"href":"https:\/\/agora.xtec.cat\/iescapmany\/wp-json\/wp\/v2\/media?parent=8065"}],"curies":[{"name":"wp","href":"https:\/\/api.w.org\/{rel}","templated":true}]}}