{"id":7728,"date":"2023-11-16T14:00:15","date_gmt":"2023-11-16T13:00:15","guid":{"rendered":"https:\/\/agora.xtec.cat\/iescapmany\/?page_id=7728"},"modified":"2023-11-16T14:09:43","modified_gmt":"2023-11-16T13:09:43","slug":"protocol-violencia","status":"publish","type":"page","link":"https:\/\/agora.xtec.cat\/iescapmany\/protocol-violencia\/","title":{"rendered":"Protocol viol\u00e8ncia"},"content":{"rendered":"<div><span style=\"font-family: tahoma, sans-serif;\">Avui pengem el\u00a0protocol d&#8217;actuaci\u00f3 davant de qualsevol tipus de viol\u00e8ncia en l&#8217;\u00e0mbit educatiu.\u00a0Vetllem per fer del MAC un espai segur.\u00a0<\/span><\/div>\n<div><\/div>\n<div><a href=\"https:\/\/www.youtube.com\/watch?v=Bn8oLvkA_NY&amp;t=9s\"><img loading=\"lazy\" decoding=\"async\" class=\"alignnone size-full wp-image-7738\" src=\"https:\/\/agora.xtec.cat\/iescapmany\/wp-content\/uploads\/usu234\/2023\/11\/videoImg.jpg\" alt=\"\" width=\"180\" height=\"124\" \/><\/a><\/div>\n<div><\/div>\n<div><\/div>\n<div><\/div>\n<div><a href=\"https:\/\/agora.xtec.cat\/iescapmany\/wp-content\/uploads\/usu234\/2023\/11\/protocol-violencia-masclista-unificat_.pdf\"><img loading=\"lazy\" decoding=\"async\" class=\"wp-image-7731 aligncenter\" src=\"https:\/\/agora.xtec.cat\/iescapmany\/wp-content\/uploads\/usu234\/2023\/11\/ProtVio-1024x603.png\" alt=\"\" width=\"439\" height=\"258\" srcset=\"https:\/\/agora.xtec.cat\/iescapmany\/wp-content\/uploads\/usu234\/2023\/11\/ProtVio-1024x603.png 1024w, https:\/\/agora.xtec.cat\/iescapmany\/wp-content\/uploads\/usu234\/2023\/11\/ProtVio-300x177.png 300w, https:\/\/agora.xtec.cat\/iescapmany\/wp-content\/uploads\/usu234\/2023\/11\/ProtVio-768x452.png 768w, https:\/\/agora.xtec.cat\/iescapmany\/wp-content\/uploads\/usu234\/2023\/11\/ProtVio.png 1083w\" sizes=\"auto, (max-width: 439px) 100vw, 439px\" \/><\/a><\/div>\n","protected":false},"excerpt":{"rendered":"<p>Avui pengem el\u00a0protocol d&#8217;actuaci\u00f3 davant de qualsevol tipus de viol\u00e8ncia en l&#8217;\u00e0mbit educatiu.\u00a0Vetllem per fer del MAC un espai segur.\u00a0<\/p>\n","protected":false},"author":32,"featured_media":0,"parent":0,"menu_order":0,"comment_status":"closed","ping_status":"closed","template":"","meta":{"_bbp_topic_count":0,"_bbp_reply_count":0,"_bbp_total_topic_count":0,"_bbp_total_reply_count":0,"_bbp_voice_count":0,"_bbp_anonymous_reply_count":0,"_bbp_topic_count_hidden":0,"_bbp_reply_count_hidden":0,"_bbp_forum_subforum_count":0,"site-sidebar-layout":"default","site-content-layout":"","ast-site-content-layout":"","site-content-style":"default","site-sidebar-style":"default","ast-global-header-display":"","ast-banner-title-visibility":"","ast-main-header-display":"","ast-hfb-above-header-display":"","ast-hfb-below-header-display":"","ast-hfb-mobile-header-display":"","site-post-title":"","ast-breadcrumbs-content":"","ast-featured-img":"","footer-sml-layout":"","theme-transparent-header-meta":"","adv-header-id-meta":"","stick-header-meta":"","header-above-stick-meta":"","header-main-stick-meta":"","header-below-stick-meta":"","astra-migrate-meta-layouts":"default","ast-page-background-enabled":"default","ast-page-background-meta":{"desktop":{"background-color":"var(--ast-global-color-4)","background-image":"","background-repeat":"repeat","background-position":"center center","background-size":"auto","background-attachment":"scroll","background-type":"","background-media":"","overlay-type":"","overlay-color":"","overlay-opacity":"","overlay-gradient":""},"tablet":{"background-color":"","background-image":"","background-repeat":"repeat","background-position":"center center","background-size":"auto","background-attachment":"scroll","background-type":"","background-media":"","overlay-type":"","overlay-color":"","overlay-opacity":"","overlay-gradient":""},"mobile":{"background-color":"","background-image":"","background-repeat":"repeat","background-position":"center center","background-size":"auto","background-attachment":"scroll","background-type":"","background-media":"","overlay-type":"","overlay-color":"","overlay-opacity":"","overlay-gradient":""}},"ast-content-background-meta":{"desktop":{"background-color":"var(--ast-global-color-5)","background-image":"","background-repeat":"repeat","background-position":"center center","background-size":"auto","background-attachment":"scroll","background-type":"","background-media":"","overlay-type":"","overlay-color":"","overlay-opacity":"","overlay-gradient":""},"tablet":{"background-color":"var(--ast-global-color-5)","background-image":"","background-repeat":"repeat","background-position":"center center","background-size":"auto","background-attachment":"scroll","background-type":"","background-media":"","overlay-type":"","overlay-color":"","overlay-opacity":"","overlay-gradient":""},"mobile":{"background-color":"var(--ast-global-color-5)","background-image":"","background-repeat":"repeat","background-position":"center center","background-size":"auto","background-attachment":"scroll","background-type":"","background-media":"","overlay-type":"","overlay-color":"","overlay-opacity":"","overlay-gradient":""}},"footnotes":""},"class_list":["post-7728","page","type-page","status-publish","hentry"],"post_mailing_queue_ids":[],"_links":{"self":[{"href":"https:\/\/agora.xtec.cat\/iescapmany\/wp-json\/wp\/v2\/pages\/7728","targetHints":{"allow":["GET"]}}],"collection":[{"href":"https:\/\/agora.xtec.cat\/iescapmany\/wp-json\/wp\/v2\/pages"}],"about":[{"href":"https:\/\/agora.xtec.cat\/iescapmany\/wp-json\/wp\/v2\/types\/page"}],"author":[{"embeddable":true,"href":"https:\/\/agora.xtec.cat\/iescapmany\/wp-json\/wp\/v2\/users\/32"}],"replies":[{"embeddable":true,"href":"https:\/\/agora.xtec.cat\/iescapmany\/wp-json\/wp\/v2\/comments?post=7728"}],"version-history":[{"count":5,"href":"https:\/\/agora.xtec.cat\/iescapmany\/wp-json\/wp\/v2\/pages\/7728\/revisions"}],"predecessor-version":[{"id":7739,"href":"https:\/\/agora.xtec.cat\/iescapmany\/wp-json\/wp\/v2\/pages\/7728\/revisions\/7739"}],"wp:attachment":[{"href":"https:\/\/agora.xtec.cat\/iescapmany\/wp-json\/wp\/v2\/media?parent=7728"}],"curies":[{"name":"wp","href":"https:\/\/api.w.org\/{rel}","templated":true}]}}