{"id":7714,"date":"2023-11-15T12:26:14","date_gmt":"2023-11-15T11:26:14","guid":{"rendered":"https:\/\/agora.xtec.cat\/iescapmany\/?page_id=7714"},"modified":"2024-02-24T20:08:42","modified_gmt":"2024-02-24T19:08:42","slug":"normes-us-mobil","status":"publish","type":"page","link":"https:\/\/agora.xtec.cat\/iescapmany\/normes-us-mobil\/","title":{"rendered":"Normes \u00fas m\u00f2bil"},"content":{"rendered":"<p dir=\"ltr\">Des del centre estem iniciant una campanya de sensibilitzaci\u00f3 sobre l\u2019\u00fas del m\u00f2bil.<\/p>\n<p><img loading=\"lazy\" decoding=\"async\" class=\"wp-image-7722 aligncenter\" src=\"https:\/\/agora.xtec.cat\/iescapmany\/wp-content\/uploads\/usu234\/2023\/11\/zona-lliure-mobil-725x1024.jpg\" alt=\"\" width=\"247\" height=\"349\" srcset=\"https:\/\/agora.xtec.cat\/iescapmany\/wp-content\/uploads\/usu234\/2023\/11\/zona-lliure-mobil-725x1024.jpg 725w, https:\/\/agora.xtec.cat\/iescapmany\/wp-content\/uploads\/usu234\/2023\/11\/zona-lliure-mobil-212x300.jpg 212w, https:\/\/agora.xtec.cat\/iescapmany\/wp-content\/uploads\/usu234\/2023\/11\/zona-lliure-mobil-768x1085.jpg 768w, https:\/\/agora.xtec.cat\/iescapmany\/wp-content\/uploads\/usu234\/2023\/11\/zona-lliure-mobil-1087x1536.jpg 1087w, https:\/\/agora.xtec.cat\/iescapmany\/wp-content\/uploads\/usu234\/2023\/11\/zona-lliure-mobil-1449x2048.jpg 1449w, https:\/\/agora.xtec.cat\/iescapmany\/wp-content\/uploads\/usu234\/2023\/11\/zona-lliure-mobil-scaled.jpg 1811w\" sizes=\"auto, (max-width: 247px) 100vw, 247px\" \/><\/p>\n<p dir=\"ltr\">Diversos estudis recents demostren que els i les adolescents cada vegada passen m\u00e9s temps amb pantalles i que aquest fet \u00e9s perjudicial per al seu desenvolupament acad\u00e8mic i personal.<\/p>\n<p>&nbsp;<\/p>\n<p dir=\"ltr\">Per aix\u00f2, com a centre educatiu, ens sentim amb la responsabilitat d\u2019educar el nostre alumnat en l\u2019aspecte digital i, en conseq\u00fc\u00e8ncia, hem engegat dues accions dirigides a aquesta finalitat.<\/p>\n<p>&nbsp;<\/p>\n<p dir=\"ltr\">En primer lloc, estem fent difusi\u00f3 per totes les tutories de la normativa relacionada amb l\u2019\u00fas dels dispositius m\u00f2bils i els auriculars. En aquest sentit, cal recordar que\u00a0el m\u00f2bil i auriculars no estan permesos dintre al centre\u00a0sempre que el professorat no ho demani amb finalitats did\u00e0ctiques.<\/p>\n<p><img loading=\"lazy\" decoding=\"async\" class=\"wp-image-7720 aligncenter\" src=\"https:\/\/agora.xtec.cat\/iescapmany\/wp-content\/uploads\/usu234\/2023\/11\/Normes-us-mobil-1-4-725x1024.jpg\" alt=\"\" width=\"411\" height=\"580\" srcset=\"https:\/\/agora.xtec.cat\/iescapmany\/wp-content\/uploads\/usu234\/2023\/11\/Normes-us-mobil-1-4-725x1024.jpg 725w, https:\/\/agora.xtec.cat\/iescapmany\/wp-content\/uploads\/usu234\/2023\/11\/Normes-us-mobil-1-4-212x300.jpg 212w, https:\/\/agora.xtec.cat\/iescapmany\/wp-content\/uploads\/usu234\/2023\/11\/Normes-us-mobil-1-4-768x1085.jpg 768w, https:\/\/agora.xtec.cat\/iescapmany\/wp-content\/uploads\/usu234\/2023\/11\/Normes-us-mobil-1-4-1087x1536.jpg 1087w, https:\/\/agora.xtec.cat\/iescapmany\/wp-content\/uploads\/usu234\/2023\/11\/Normes-us-mobil-1-4-1449x2048.jpg 1449w, https:\/\/agora.xtec.cat\/iescapmany\/wp-content\/uploads\/usu234\/2023\/11\/Normes-us-mobil-1-4-scaled.jpg 1812w\" sizes=\"auto, (max-width: 411px) 100vw, 411px\" \/><\/p>\n<p dir=\"ltr\">En segon lloc, hem engegat un projecte de\u00a0dinamitzaci\u00f3 de patis\u00a0en el\u00a0primer cicle\u00a0de l&#8217;ESO. Aix\u00ed, cada dos divendres, una tutoria ser\u00e0 l\u2019encarregada d\u2019aportar idees, jocs i altres propostes de lleure que es desenvoluparan a l\u2019hora del pati.\u00a0Durant aquests patis el m\u00f2bil no estar\u00e0 perm\u00e8s\u00a0i es convidar\u00e0 tot l\u2019alumnat que hi participi. L\u2019objectiu \u00e9s que s&#8217;adonin que es pot viure sense m\u00f2bil, que les interaccions socials sense el seu \u00fas s\u00f3n possibles i que el joc i la distracci\u00f3 poden donar-se sense el m\u00f2bil.<\/p>\n<table style=\"border-collapse: collapse; width: 100%;\">\n<tbody>\n<tr>\n<td style=\"width: 50%;\"><img loading=\"lazy\" decoding=\"async\" class=\"wp-image-7721 aligncenter\" src=\"https:\/\/agora.xtec.cat\/iescapmany\/wp-content\/uploads\/usu234\/2023\/11\/Sessions-El-nostre-pati-410x1024.jpg\" alt=\"\" width=\"195\" height=\"487\" srcset=\"https:\/\/agora.xtec.cat\/iescapmany\/wp-content\/uploads\/usu234\/2023\/11\/Sessions-El-nostre-pati-410x1024.jpg 410w, https:\/\/agora.xtec.cat\/iescapmany\/wp-content\/uploads\/usu234\/2023\/11\/Sessions-El-nostre-pati-120x300.jpg 120w, https:\/\/agora.xtec.cat\/iescapmany\/wp-content\/uploads\/usu234\/2023\/11\/Sessions-El-nostre-pati-768x1920.jpg 768w, https:\/\/agora.xtec.cat\/iescapmany\/wp-content\/uploads\/usu234\/2023\/11\/Sessions-El-nostre-pati-614x1536.jpg 614w, https:\/\/agora.xtec.cat\/iescapmany\/wp-content\/uploads\/usu234\/2023\/11\/Sessions-El-nostre-pati-819x2048.jpg 819w, https:\/\/agora.xtec.cat\/iescapmany\/wp-content\/uploads\/usu234\/2023\/11\/Sessions-El-nostre-pati-scaled.jpg 1024w\" sizes=\"auto, (max-width: 195px) 100vw, 195px\" \/><\/td>\n<td style=\"width: 50%;\">\n<table style=\"border-collapse: collapse; width: 100%;\">\n<tbody>\n<tr>\n<td style=\"width: 100%;\"><img loading=\"lazy\" decoding=\"async\" class=\"alignnone size-large wp-image-7718\" src=\"https:\/\/agora.xtec.cat\/iescapmany\/wp-content\/uploads\/usu234\/2023\/11\/20231110_101141-1024x576.jpg\" alt=\"\" width=\"1024\" height=\"576\" srcset=\"https:\/\/agora.xtec.cat\/iescapmany\/wp-content\/uploads\/usu234\/2023\/11\/20231110_101141-1024x576.jpg 1024w, https:\/\/agora.xtec.cat\/iescapmany\/wp-content\/uploads\/usu234\/2023\/11\/20231110_101141-300x169.jpg 300w, https:\/\/agora.xtec.cat\/iescapmany\/wp-content\/uploads\/usu234\/2023\/11\/20231110_101141-768x432.jpg 768w, https:\/\/agora.xtec.cat\/iescapmany\/wp-content\/uploads\/usu234\/2023\/11\/20231110_101141-1536x864.jpg 1536w, https:\/\/agora.xtec.cat\/iescapmany\/wp-content\/uploads\/usu234\/2023\/11\/20231110_101141-2048x1152.jpg 2048w\" sizes=\"auto, (max-width: 1024px) 100vw, 1024px\" \/><\/td>\n<\/tr>\n<tr>\n<td style=\"width: 100%;\"><a href=\"https:\/\/agora.xtec.cat\/iescapmany\/wp-content\/uploads\/usu234\/2023\/11\/20231110_101029-scaled.jpg\"><img loading=\"lazy\" decoding=\"async\" class=\"alignnone size-large wp-image-7717\" src=\"https:\/\/agora.xtec.cat\/iescapmany\/wp-content\/uploads\/usu234\/2023\/11\/20231110_101029-1024x576.jpg\" alt=\"\" width=\"1024\" height=\"576\" srcset=\"https:\/\/agora.xtec.cat\/iescapmany\/wp-content\/uploads\/usu234\/2023\/11\/20231110_101029-1024x576.jpg 1024w, https:\/\/agora.xtec.cat\/iescapmany\/wp-content\/uploads\/usu234\/2023\/11\/20231110_101029-300x169.jpg 300w, https:\/\/agora.xtec.cat\/iescapmany\/wp-content\/uploads\/usu234\/2023\/11\/20231110_101029-768x432.jpg 768w, https:\/\/agora.xtec.cat\/iescapmany\/wp-content\/uploads\/usu234\/2023\/11\/20231110_101029-1536x864.jpg 1536w, https:\/\/agora.xtec.cat\/iescapmany\/wp-content\/uploads\/usu234\/2023\/11\/20231110_101029-2048x1152.jpg 2048w\" sizes=\"auto, (max-width: 1024px) 100vw, 1024px\" \/><\/a><\/td>\n<\/tr>\n<\/tbody>\n<\/table>\n<\/td>\n<\/tr>\n<\/tbody>\n<\/table>\n","protected":false},"excerpt":{"rendered":"<p>Des del centre estem iniciant una campanya de sensibilitzaci\u00f3 sobre l\u2019\u00fas del m\u00f2bil. Diversos estudis recents demostren que els i les adolescents cada vegada passen m\u00e9s temps amb pantalles i que aquest fet \u00e9s perjudicial per al seu desenvolupament acad\u00e8mic i personal. &nbsp; Per aix\u00f2, com a centre educatiu, ens sentim amb la responsabilitat d\u2019educar [&hellip;]<\/p>\n","protected":false},"author":32,"featured_media":0,"parent":0,"menu_order":0,"comment_status":"closed","ping_status":"closed","template":"","meta":{"_bbp_topic_count":0,"_bbp_reply_count":0,"_bbp_total_topic_count":0,"_bbp_total_reply_count":0,"_bbp_voice_count":0,"_bbp_anonymous_reply_count":0,"_bbp_topic_count_hidden":0,"_bbp_reply_count_hidden":0,"_bbp_forum_subforum_count":0,"site-sidebar-layout":"default","site-content-layout":"","ast-site-content-layout":"","site-content-style":"default","site-sidebar-style":"default","ast-global-header-display":"","ast-banner-title-visibility":"","ast-main-header-display":"","ast-hfb-above-header-display":"","ast-hfb-below-header-display":"","ast-hfb-mobile-header-display":"","site-post-title":"","ast-breadcrumbs-content":"","ast-featured-img":"","footer-sml-layout":"","theme-transparent-header-meta":"","adv-header-id-meta":"","stick-header-meta":"","header-above-stick-meta":"","header-main-stick-meta":"","header-below-stick-meta":"","astra-migrate-meta-layouts":"default","ast-page-background-enabled":"default","ast-page-background-meta":{"desktop":{"background-color":"var(--ast-global-color-4)","background-image":"","background-repeat":"repeat","background-position":"center center","background-size":"auto","background-attachment":"scroll","background-type":"","background-media":"","overlay-type":"","overlay-color":"","overlay-opacity":"","overlay-gradient":""},"tablet":{"background-color":"","background-image":"","background-repeat":"repeat","background-position":"center center","background-size":"auto","background-attachment":"scroll","background-type":"","background-media":"","overlay-type":"","overlay-color":"","overlay-opacity":"","overlay-gradient":""},"mobile":{"background-color":"","background-image":"","background-repeat":"repeat","background-position":"center center","background-size":"auto","background-attachment":"scroll","background-type":"","background-media":"","overlay-type":"","overlay-color":"","overlay-opacity":"","overlay-gradient":""}},"ast-content-background-meta":{"desktop":{"background-color":"var(--ast-global-color-5)","background-image":"","background-repeat":"repeat","background-position":"center center","background-size":"auto","background-attachment":"scroll","background-type":"","background-media":"","overlay-type":"","overlay-color":"","overlay-opacity":"","overlay-gradient":""},"tablet":{"background-color":"var(--ast-global-color-5)","background-image":"","background-repeat":"repeat","background-position":"center center","background-size":"auto","background-attachment":"scroll","background-type":"","background-media":"","overlay-type":"","overlay-color":"","overlay-opacity":"","overlay-gradient":""},"mobile":{"background-color":"var(--ast-global-color-5)","background-image":"","background-repeat":"repeat","background-position":"center center","background-size":"auto","background-attachment":"scroll","background-type":"","background-media":"","overlay-type":"","overlay-color":"","overlay-opacity":"","overlay-gradient":""}},"footnotes":""},"class_list":["post-7714","page","type-page","status-publish","hentry"],"post_mailing_queue_ids":[],"_links":{"self":[{"href":"https:\/\/agora.xtec.cat\/iescapmany\/wp-json\/wp\/v2\/pages\/7714","targetHints":{"allow":["GET"]}}],"collection":[{"href":"https:\/\/agora.xtec.cat\/iescapmany\/wp-json\/wp\/v2\/pages"}],"about":[{"href":"https:\/\/agora.xtec.cat\/iescapmany\/wp-json\/wp\/v2\/types\/page"}],"author":[{"embeddable":true,"href":"https:\/\/agora.xtec.cat\/iescapmany\/wp-json\/wp\/v2\/users\/32"}],"replies":[{"embeddable":true,"href":"https:\/\/agora.xtec.cat\/iescapmany\/wp-json\/wp\/v2\/comments?post=7714"}],"version-history":[{"count":4,"href":"https:\/\/agora.xtec.cat\/iescapmany\/wp-json\/wp\/v2\/pages\/7714\/revisions"}],"predecessor-version":[{"id":7727,"href":"https:\/\/agora.xtec.cat\/iescapmany\/wp-json\/wp\/v2\/pages\/7714\/revisions\/7727"}],"wp:attachment":[{"href":"https:\/\/agora.xtec.cat\/iescapmany\/wp-json\/wp\/v2\/media?parent=7714"}],"curies":[{"name":"wp","href":"https:\/\/api.w.org\/{rel}","templated":true}]}}