{"id":5899,"date":"2020-07-06T20:52:30","date_gmt":"2020-07-06T18:52:30","guid":{"rendered":"http:\/\/agora.xtec.cat\/iescapmany\/?page_id=5899"},"modified":"2024-06-20T11:03:11","modified_gmt":"2024-06-20T09:03:11","slug":"matricula-batxillerat-curs-2024-25","status":"publish","type":"page","link":"https:\/\/agora.xtec.cat\/iescapmany\/matricula-batxillerat-curs-2024-25\/","title":{"rendered":"MATR\u00cdCULA BATXILLERAT, CURS 2024-25"},"content":{"rendered":"<p>&nbsp;<\/p>\n<p>Li recordem que ha seleccionat l&#8217;etapa de BATXILLERAT.<\/p>\n<h4><strong>INFORMACI\u00d3 DE LA MATR\u00cdCULA\u00a0 CURS 2024\/2025 &#8211; BATX<\/strong><\/h4>\n<h5>Dies de matr\u00edcula: del 21 de juny a l&#8217;1 de juliol<\/h5>\n<h5>Horari mat\u00ed: <span style=\"color: #ff0000;\">de 8:00 A 10:20 i de 11.00 a 13.30 hores<\/span><\/h5>\n<p>INFORMACI\u00d3 DE LA MATR\u00cdCULA<\/p>\n<ul>\n<li><a href=\"https:\/\/drive.google.com\/file\/d\/1RTroH0Hv9s-3VT0qjrAKKV5KuS8a-lW5\/view?usp=drive_link\">Veure\/descarregar document informatiu sobre la matr\u00edcula al BATXILLERAT (fer clic aqu\u00ed)<\/a><\/li>\n<\/ul>\n<table style=\"border-collapse: collapse; width: 100%;\">\n<tbody>\n<tr>\n<td style=\"width: 33.3333%;\"><strong>PRIMER BATXILLERAT<\/strong><\/td>\n<td style=\"width: 21.1847%; text-align: center;\"><strong>FULLS MATR\u00cdCULA<\/strong><\/td>\n<td style=\"width: 45.4819%; text-align: center;\"><strong>INSTRUCCIONS PAGAMENT MATERIAL ESCOLAR 24\/25<\/strong><\/td>\n<\/tr>\n<tr>\n<td style=\"width: 33.3333%;\">1r Art\u00edstic<\/td>\n<td style=\"width: 21.1847%; text-align: center;\"><a href=\"https:\/\/drive.google.com\/file\/d\/1F6ppENtKUJQRmWyWLSkpj0pIzzyc-Z47\/view?usp=drive_link\">Impr\u00e8s<\/a><\/td>\n<td style=\"width: 45.4819%; text-align: center;\"><a href=\"https:\/\/drive.google.com\/file\/d\/1AnL27A_YhA0cS___dHepRvEW2DNRlz-v\/view?usp=drive_link\">Impr\u00e8s<\/a><\/td>\n<\/tr>\n<tr>\n<td style=\"width: 33.3333%;\">1r Ci\u00e8ncies i Tecnologia<\/td>\n<td style=\"width: 21.1847%; text-align: center;\"><a href=\"https:\/\/drive.google.com\/file\/d\/1mjVf8OzVbxQYEXFGcG1GrxrEtjpRxomG\/view?usp=drive_link\">Impr\u00e8s<\/a><\/td>\n<td style=\"width: 45.4819%; text-align: center;\"><a href=\"https:\/\/drive.google.com\/file\/d\/1Hmnacj8dm8TVp-uEtBndfrgRbXR21cnZ\/view?usp=drive_link\">Impr\u00e8s<\/a><\/td>\n<\/tr>\n<tr>\n<td style=\"width: 33.3333%;\">1r Humanitats i Ci\u00e8ncies Socials<\/td>\n<td style=\"width: 21.1847%; text-align: center;\"><a href=\"https:\/\/drive.google.com\/file\/d\/1QTh8U1gwzLzIeqmoLZOYbA4eI-wlTFh0\/view?usp=drive_link\">Impr\u00e8s<\/a><\/td>\n<td style=\"width: 45.4819%; text-align: center;\"><a href=\"https:\/\/drive.google.com\/file\/d\/18qVhxneUtysj0Z40XFsRHqRNbbueDl5U\/view?usp=drive_link\">Impr\u00e8s<\/a><\/td>\n<\/tr>\n<tr>\n<td style=\"width: 33.3333%;\"><\/td>\n<td style=\"width: 21.1847%; text-align: center;\"><\/td>\n<td style=\"width: 45.4819%; text-align: center;\"><\/td>\n<\/tr>\n<tr>\n<td style=\"width: 33.3333%;\"><strong>SEGON BATXILLERAT<\/strong><\/td>\n<td style=\"width: 21.1847%; text-align: center;\"><\/td>\n<td style=\"width: 45.4819%; text-align: center;\"><\/td>\n<\/tr>\n<tr>\n<td style=\"width: 33.3333%;\">2n Art\u00edstic<\/td>\n<td style=\"width: 21.1847%; text-align: center;\"><a href=\"https:\/\/drive.google.com\/file\/d\/1edlddQpahfFP-pmvuXdL99GtXMUiggqz\/view?usp=drive_link\">Impr\u00e8s<\/a><\/td>\n<td style=\"width: 45.4819%; text-align: center;\"><a href=\"https:\/\/drive.google.com\/file\/d\/1vcVsk9cAvXcKNgOksBLls40IAO9GVhAX\/view?usp=drive_link\">Impr\u00e8s<\/a><\/td>\n<\/tr>\n<tr>\n<td style=\"width: 33.3333%;\">2n Ci\u00e8ncies i Tecnologia<\/td>\n<td style=\"width: 21.1847%; text-align: center;\"><a href=\"https:\/\/drive.google.com\/file\/d\/1cHlQeYJyXA519FBojYnZ5UTy64mnvJv1\/view?usp=drive_link\">Impr\u00e8s<\/a><\/td>\n<td style=\"width: 45.4819%; text-align: center;\"><a href=\"https:\/\/drive.google.com\/file\/d\/1mrrPi_TsbvDRJHuM7tWAVE8WwCQEh79b\/view?usp=drive_link\">Impr\u00e8s<\/a><\/td>\n<\/tr>\n<tr>\n<td style=\"width: 33.3333%;\">2n Humanitats i Ci\u00e8ncies Socials<\/td>\n<td style=\"width: 21.1847%; text-align: center;\"><a href=\"https:\/\/drive.google.com\/file\/d\/1ZI69p-9RJu1ExEpitO7G1_cbtQiz_5GV\/view?usp=drive_link\">Impr\u00e8s<\/a><\/td>\n<td style=\"width: 45.4819%; text-align: center;\"><a href=\"https:\/\/drive.google.com\/file\/d\/1eYY-hv3BiGDyKEdiZzTe109jbqrEmS3I\/view?usp=drive_link\">Impr\u00e8s<\/a><\/td>\n<\/tr>\n<tr>\n<td style=\"width: 33.3333%;\"><\/td>\n<td style=\"width: 21.1847%; text-align: center;\"><\/td>\n<td style=\"width: 45.4819%; text-align: center;\"><\/td>\n<\/tr>\n<tr>\n<td style=\"width: 33.3333%;\"><strong>FULL INSCRIPCI\u00d3 AFA<\/strong><\/td>\n<td style=\"width: 21.1847%; text-align: center;\" colspan=\"2\"><a href=\"https:\/\/drive.google.com\/file\/d\/1UhFXuHY1FOlIE6Y20qSmLA4mhH8TI9_y\/view?usp=drive_link\">Impr\u00e8s<\/a><\/td>\n<\/tr>\n<\/tbody>\n<\/table>\n<ul>\n<li style=\"list-style-type: none;\"><\/li>\n<\/ul>\n","protected":false},"excerpt":{"rendered":"<p>&nbsp; Li recordem que ha seleccionat l&#8217;etapa de BATXILLERAT. INFORMACI\u00d3 DE LA MATR\u00cdCULA\u00a0 CURS 2024\/2025 &#8211; BATX Dies de matr\u00edcula: del 21 de juny a l&#8217;1 de juliol Horari mat\u00ed: de 8:00 A 10:20 i de 11.00 a 13.30 hores INFORMACI\u00d3 DE LA MATR\u00cdCULA Veure\/descarregar document informatiu sobre la matr\u00edcula al BATXILLERAT (fer clic aqu\u00ed) [&hellip;]<\/p>\n","protected":false},"author":56,"featured_media":0,"parent":0,"menu_order":0,"comment_status":"closed","ping_status":"closed","template":"","meta":{"_bbp_topic_count":0,"_bbp_reply_count":0,"_bbp_total_topic_count":0,"_bbp_total_reply_count":0,"_bbp_voice_count":0,"_bbp_anonymous_reply_count":0,"_bbp_topic_count_hidden":0,"_bbp_reply_count_hidden":0,"_bbp_forum_subforum_count":0,"site-sidebar-layout":"default","site-content-layout":"","ast-site-content-layout":"","site-content-style":"default","site-sidebar-style":"default","ast-global-header-display":"","ast-banner-title-visibility":"","ast-main-header-display":"","ast-hfb-above-header-display":"","ast-hfb-below-header-display":"","ast-hfb-mobile-header-display":"","site-post-title":"","ast-breadcrumbs-content":"","ast-featured-img":"","footer-sml-layout":"","theme-transparent-header-meta":"","adv-header-id-meta":"","stick-header-meta":"","header-above-stick-meta":"","header-main-stick-meta":"","header-below-stick-meta":"","astra-migrate-meta-layouts":"default","ast-page-background-enabled":"default","ast-page-background-meta":{"desktop":{"background-color":"var(--ast-global-color-4)","background-image":"","background-repeat":"repeat","background-position":"center center","background-size":"auto","background-attachment":"scroll","background-type":"","background-media":"","overlay-type":"","overlay-color":"","overlay-opacity":"","overlay-gradient":""},"tablet":{"background-color":"","background-image":"","background-repeat":"repeat","background-position":"center center","background-size":"auto","background-attachment":"scroll","background-type":"","background-media":"","overlay-type":"","overlay-color":"","overlay-opacity":"","overlay-gradient":""},"mobile":{"background-color":"","background-image":"","background-repeat":"repeat","background-position":"center center","background-size":"auto","background-attachment":"scroll","background-type":"","background-media":"","overlay-type":"","overlay-color":"","overlay-opacity":"","overlay-gradient":""}},"ast-content-background-meta":{"desktop":{"background-color":"var(--ast-global-color-5)","background-image":"","background-repeat":"repeat","background-position":"center center","background-size":"auto","background-attachment":"scroll","background-type":"","background-media":"","overlay-type":"","overlay-color":"","overlay-opacity":"","overlay-gradient":""},"tablet":{"background-color":"var(--ast-global-color-5)","background-image":"","background-repeat":"repeat","background-position":"center center","background-size":"auto","background-attachment":"scroll","background-type":"","background-media":"","overlay-type":"","overlay-color":"","overlay-opacity":"","overlay-gradient":""},"mobile":{"background-color":"var(--ast-global-color-5)","background-image":"","background-repeat":"repeat","background-position":"center center","background-size":"auto","background-attachment":"scroll","background-type":"","background-media":"","overlay-type":"","overlay-color":"","overlay-opacity":"","overlay-gradient":""}},"footnotes":""},"class_list":["post-5899","page","type-page","status-publish","hentry"],"post_mailing_queue_ids":[],"_links":{"self":[{"href":"https:\/\/agora.xtec.cat\/iescapmany\/wp-json\/wp\/v2\/pages\/5899","targetHints":{"allow":["GET"]}}],"collection":[{"href":"https:\/\/agora.xtec.cat\/iescapmany\/wp-json\/wp\/v2\/pages"}],"about":[{"href":"https:\/\/agora.xtec.cat\/iescapmany\/wp-json\/wp\/v2\/types\/page"}],"author":[{"embeddable":true,"href":"https:\/\/agora.xtec.cat\/iescapmany\/wp-json\/wp\/v2\/users\/56"}],"replies":[{"embeddable":true,"href":"https:\/\/agora.xtec.cat\/iescapmany\/wp-json\/wp\/v2\/comments?post=5899"}],"version-history":[{"count":7,"href":"https:\/\/agora.xtec.cat\/iescapmany\/wp-json\/wp\/v2\/pages\/5899\/revisions"}],"predecessor-version":[{"id":7954,"href":"https:\/\/agora.xtec.cat\/iescapmany\/wp-json\/wp\/v2\/pages\/5899\/revisions\/7954"}],"wp:attachment":[{"href":"https:\/\/agora.xtec.cat\/iescapmany\/wp-json\/wp\/v2\/media?parent=5899"}],"curies":[{"name":"wp","href":"https:\/\/api.w.org\/{rel}","templated":true}]}}