{"id":46,"date":"2014-09-17T16:53:45","date_gmt":"2014-09-17T15:53:45","guid":{"rendered":"http:\/\/agora.xtec.cat\/iescapmany\/?page_id=46"},"modified":"2026-02-06T13:28:36","modified_gmt":"2026-02-06T12:28:36","slug":"equip-huma","status":"publish","type":"page","link":"https:\/\/agora.xtec.cat\/iescapmany\/linstitut\/equip-huma\/","title":{"rendered":"Equip Hum\u00e0"},"content":{"rendered":"\n<figure class=\"wp-block-table\"><table class=\"has-border-color has-white-border-color has-fixed-layout\"><tbody><tr><td colspan=\"2\"><span style=\"color: #ff6600;\">Equip Directiu<\/span><\/td><\/tr><tr><td><strong>Direcci\u00f3 <\/strong><\/td><td>Jos\u00e9 M. Calaza<\/td><\/tr><tr><td><strong>Cap d&#8217;Estudis<\/strong><\/td><td>Marta Llop<\/td><\/tr><tr><td><strong>Coordinaci\u00f3 Pedag\u00f2gica<\/strong><\/td><td>\u00c0ngels Freixas<\/td><\/tr><tr><td><strong>Secretaria<\/strong><\/td><td>Pilar Cabezuelo<\/td><\/tr><\/tbody><\/table><\/figure>\n\n\n\n<figure class=\"wp-block-table\"><table class=\"has-border-color has-white-border-color has-fixed-layout\"><tbody><tr><td colspan=\"2\"><span style=\"color: #ff6600;\">PAS<\/span><\/td><\/tr><tr><td><strong>Secretaria<\/strong><\/td><td>\u00d3scar Moreno i Rosa Gaja<\/td><\/tr><tr><td><strong>Consergeria<\/strong><\/td><td>Mar\u00eda Jos\u00e9 Carrera i Rober Farr\u00e9s<\/td><\/tr><\/tbody><\/table><\/figure>\n\n\n\n<figure class=\"wp-block-table\"><table class=\"has-border-color has-white-border-color has-fixed-layout\"><tbody><tr><td colspan=\"2\"><span style=\"color: #ff6600;\">Equip d&#8217;orientaci\u00f3<\/span><\/td><\/tr><tr><td><strong>Orientadores<\/strong><\/td><td>Ana Marcos i L\u00eddia Garz\u00f3n <\/td><\/tr><tr><td><strong>SIEI<\/strong><\/td><td>Cristina S\u00e1nchez i Rosal\u00eda And\u00fajar<\/td><\/tr><tr><td><strong>Integradora social<\/strong><\/td><td>Estela Granados<\/td><\/tr><\/tbody><\/table><\/figure>\n\n\n\n<figure class=\"wp-block-table\"><table class=\"has-border-color has-white-border-color has-fixed-layout\"><tbody><tr><td colspan=\"2\"><span style=\"color: #ff6600;\">Coordinacions i comissions<\/span><\/td><\/tr><tr><td>1r d&#8217;ESO i 2n d&#8217;ESO<\/td><td>Carmen Machi<\/td><\/tr><tr><td>3r d&#8217;ESO i 4t d&#8217;ESO<\/td><td>Vicente Manzanares<\/td><\/tr><tr><td>Batxillerat<\/td><td>Adri\u00e0 Rodr\u00edguez<\/td><\/tr><tr><td>Absentisme<\/td><td>Estela Granados<\/td><\/tr><tr><td>Aula d&#8217;acollida<\/td><td>Rafa M\u00e9ndez<\/td><\/tr><tr><td>Conviv\u00e8ncia, Coeducaci\u00f3 i Benestar Emocional (COCOBE)<\/td><td>Ana Marcos<\/td><\/tr><tr><td>Conviv\u00e8ncia<\/td><td>Jos\u00e9 M. Calaza, \u00c0ngels Freixas, Pilar Cabezuelo, Isabel Ferre, Ana Marcos i Estela Granados<\/td><\/tr><tr><td>LIC<\/td><td>Rafa M\u00e9ndez<\/td><\/tr><tr><td>Medi Ambient<\/td><td>Laura Riera<\/td><\/tr><tr><td>XAJI<\/td><td>L\u00eddia Garz\u00f3n<\/td><\/tr><tr><td>Cultura Digital<\/td><td>Vict\u00f2ria Hern\u00e1ndez<\/td><\/tr><tr><td>Estrat\u00e8gia Digital de Centre<\/td><td>Vict\u00f2ria Hern\u00e1ndez, S\u00edlvia Valls, Roger Ribas i Helena Bayarri<\/td><\/tr><tr><td>Xarxes<\/td><td>Maria S\u00e1nchez i Helena Ma\u00f1\u00e9<\/td><\/tr><tr><td>Web<\/td><td>Roger Ribas i Helena Bayarri<\/td><\/tr><tr><td>Inform\u00e0tica<\/td><td>Vict\u00f2ria Hern\u00e1ndez<\/td><\/tr><tr><td>Plaraforma Educativa: iEduca<\/td><td>Marta Llop<\/td><\/tr><tr><td>Biblioteca<\/td><td>Salut Farr\u00e9<\/td><\/tr><\/tbody><\/table><\/figure>\n","protected":false},"excerpt":{"rendered":"<p>Equip Directiu Direcci\u00f3 Jos\u00e9 M. Calaza Cap d&#8217;Estudis Marta Llop Coordinaci\u00f3 Pedag\u00f2gica \u00c0ngels Freixas Secretaria Pilar Cabezuelo PAS Secretaria \u00d3scar Moreno i Rosa Gaja Consergeria Mar\u00eda Jos\u00e9 Carrera i Rober Farr\u00e9s Equip d&#8217;orientaci\u00f3 Orientadores Ana Marcos i L\u00eddia Garz\u00f3n SIEI Cristina S\u00e1nchez i Rosal\u00eda And\u00fajar Integradora social Estela Granados Coordinacions i comissions 1r d&#8217;ESO i [&hellip;]<\/p>\n","protected":false},"author":1,"featured_media":0,"parent":19,"menu_order":5,"comment_status":"closed","ping_status":"closed","template":"","meta":{"_bbp_topic_count":0,"_bbp_reply_count":0,"_bbp_total_topic_count":0,"_bbp_total_reply_count":0,"_bbp_voice_count":0,"_bbp_anonymous_reply_count":0,"_bbp_topic_count_hidden":0,"_bbp_reply_count_hidden":0,"_bbp_forum_subforum_count":0,"site-sidebar-layout":"default","site-content-layout":"","ast-site-content-layout":"default","site-content-style":"default","site-sidebar-style":"default","ast-global-header-display":"","ast-banner-title-visibility":"","ast-main-header-display":"","ast-hfb-above-header-display":"","ast-hfb-below-header-display":"","ast-hfb-mobile-header-display":"","site-post-title":"","ast-breadcrumbs-content":"","ast-featured-img":"","footer-sml-layout":"","theme-transparent-header-meta":"","adv-header-id-meta":"","stick-header-meta":"","header-above-stick-meta":"","header-main-stick-meta":"","header-below-stick-meta":"","astra-migrate-meta-layouts":"set","ast-page-background-enabled":"default","ast-page-background-meta":{"desktop":{"background-color":"var(--ast-global-color-4)","background-image":"","background-repeat":"repeat","background-position":"center center","background-size":"auto","background-attachment":"scroll","background-type":"","background-media":"","overlay-type":"","overlay-color":"","overlay-opacity":"","overlay-gradient":""},"tablet":{"background-color":"","background-image":"","background-repeat":"repeat","background-position":"center center","background-size":"auto","background-attachment":"scroll","background-type":"","background-media":"","overlay-type":"","overlay-color":"","overlay-opacity":"","overlay-gradient":""},"mobile":{"background-color":"","background-image":"","background-repeat":"repeat","background-position":"center center","background-size":"auto","background-attachment":"scroll","background-type":"","background-media":"","overlay-type":"","overlay-color":"","overlay-opacity":"","overlay-gradient":""}},"ast-content-background-meta":{"desktop":{"background-color":"var(--ast-global-color-5)","background-image":"","background-repeat":"repeat","background-position":"center center","background-size":"auto","background-attachment":"scroll","background-type":"","background-media":"","overlay-type":"","overlay-color":"","overlay-opacity":"","overlay-gradient":""},"tablet":{"background-color":"var(--ast-global-color-5)","background-image":"","background-repeat":"repeat","background-position":"center center","background-size":"auto","background-attachment":"scroll","background-type":"","background-media":"","overlay-type":"","overlay-color":"","overlay-opacity":"","overlay-gradient":""},"mobile":{"background-color":"var(--ast-global-color-5)","background-image":"","background-repeat":"repeat","background-position":"center center","background-size":"auto","background-attachment":"scroll","background-type":"","background-media":"","overlay-type":"","overlay-color":"","overlay-opacity":"","overlay-gradient":""}},"footnotes":""},"class_list":["post-46","page","type-page","status-publish","hentry"],"post_mailing_queue_ids":[],"_links":{"self":[{"href":"https:\/\/agora.xtec.cat\/iescapmany\/wp-json\/wp\/v2\/pages\/46","targetHints":{"allow":["GET"]}}],"collection":[{"href":"https:\/\/agora.xtec.cat\/iescapmany\/wp-json\/wp\/v2\/pages"}],"about":[{"href":"https:\/\/agora.xtec.cat\/iescapmany\/wp-json\/wp\/v2\/types\/page"}],"author":[{"embeddable":true,"href":"https:\/\/agora.xtec.cat\/iescapmany\/wp-json\/wp\/v2\/users\/1"}],"replies":[{"embeddable":true,"href":"https:\/\/agora.xtec.cat\/iescapmany\/wp-json\/wp\/v2\/comments?post=46"}],"version-history":[{"count":6,"href":"https:\/\/agora.xtec.cat\/iescapmany\/wp-json\/wp\/v2\/pages\/46\/revisions"}],"predecessor-version":[{"id":8408,"href":"https:\/\/agora.xtec.cat\/iescapmany\/wp-json\/wp\/v2\/pages\/46\/revisions\/8408"}],"up":[{"embeddable":true,"href":"https:\/\/agora.xtec.cat\/iescapmany\/wp-json\/wp\/v2\/pages\/19"}],"wp:attachment":[{"href":"https:\/\/agora.xtec.cat\/iescapmany\/wp-json\/wp\/v2\/media?parent=46"}],"curies":[{"name":"wp","href":"https:\/\/api.w.org\/{rel}","templated":true}]}}