{"id":43,"date":"2014-09-17T16:45:07","date_gmt":"2014-09-17T15:45:07","guid":{"rendered":"http:\/\/agora.xtec.cat\/iescapmany\/?page_id=43"},"modified":"2024-02-24T19:26:10","modified_gmt":"2024-02-24T18:26:10","slug":"consell-escolar","status":"publish","type":"page","link":"https:\/\/agora.xtec.cat\/iescapmany\/linstitut\/consell-escolar\/","title":{"rendered":"Consell Escolar"},"content":{"rendered":"<table style=\"height: 194px; border-color: #0b0d6e; width: 361px;\" width=\"348\">\n<tbody>\n<tr>\n<td style=\"border-color: #214cdb; text-align: center; width: 355px;\" colspan=\"2\">\n<h4><strong>COMPOSICI\u00d3 DEL CONSELL ESCOLAR<\/strong><\/h4>\n<\/td>\n<\/tr>\n<tr>\n<td style=\"border-color: #214cdb; text-align: center; width: 203px;\"><strong>\u00a0 \u00a0Presidenta<\/strong><\/td>\n<td style=\"border-color: #214cdb; text-align: center; width: 150px;\">Gemma Coll<\/td>\n<\/tr>\n<tr>\n<td style=\"border-color: #214cdb; text-align: center; width: 203px;\"><strong>\u00a0 Cap d\u2019Estudis<\/strong><\/td>\n<td style=\"border-color: #214cdb; text-align: center; width: 150px;\">Jos\u00e9 Calaza<\/td>\n<\/tr>\n<tr>\n<td style=\"border-color: #214cdb; text-align: center; width: 203px;\"><strong>\u00a0 Secret\u00e0ria<\/strong><\/td>\n<td style=\"border-color: #214cdb; text-align: center; width: 150px;\">S\u00edlvia Valls<\/td>\n<\/tr>\n<tr>\n<td style=\"border-color: #214cdb; text-align: center; width: 203px;\"><strong>Representant Professorat<\/strong><\/td>\n<td style=\"border-color: #214cdb; text-align: center; width: 150px;\">Ana Mar\u00eda Marcos<\/td>\n<\/tr>\n<tr>\n<td style=\"border-color: #214cdb; text-align: center; width: 203px;\"><strong>Representant Professorat<\/strong><\/td>\n<td style=\"border-color: #214cdb; text-align: center; width: 150px;\">Laura Gracia<\/td>\n<\/tr>\n<tr>\n<td style=\"border-color: #214cdb; text-align: center; width: 203px;\"><strong>Representant Professorat<\/strong><\/td>\n<td style=\"border-color: #214cdb; text-align: center; width: 150px;\">Roberto Pino<\/td>\n<\/tr>\n<tr>\n<td style=\"border-color: #214cdb; text-align: center; width: 203px;\"><strong>Representant Professorat<\/strong><\/td>\n<td style=\"border-color: #214cdb; text-align: center; width: 150px;\">Bernat Barber\u00e0<\/td>\n<\/tr>\n<tr>\n<td style=\"border-color: #214cdb; text-align: center; width: 203px;\"><strong>Representant Professorat \/ Coeducaci\u00f3<\/strong><\/td>\n<td style=\"border-color: #214cdb; text-align: center; width: 150px;\">Marta Llop<\/td>\n<\/tr>\n<tr>\n<td style=\"border-color: #214cdb; text-align: center; width: 203px;\"><strong>Representant Professorat<\/strong><\/td>\n<td style=\"border-color: #214cdb; text-align: center; width: 150px;\">Raquel Cordero<\/td>\n<\/tr>\n<tr>\n<td style=\"border-color: #214cdb; text-align: center; width: 203px;\"><strong>Representant Alumnes<\/strong><\/td>\n<td style=\"border-color: #214cdb; text-align: center; width: 150px;\">Sara Gavilanes<\/td>\n<\/tr>\n<tr>\n<td style=\"border-color: #214cdb; text-align: center; width: 203px;\"><strong>Representant Alumnes<\/strong><\/td>\n<td style=\"border-color: #214cdb; text-align: center; width: 150px;\">Marina Clavero<\/td>\n<\/tr>\n<tr>\n<td style=\"border-color: #214cdb; text-align: center; width: 203px;\"><strong>Representant Alumnes<\/strong><\/td>\n<td style=\"border-color: #214cdb; text-align: center; width: 150px;\">Uche E. Slaughter<\/td>\n<\/tr>\n<tr>\n<td style=\"border-color: #214cdb; text-align: center; width: 203px;\"><strong>Representant Fam\u00edlies i Presidenta de l&#8217;AFA<\/strong><\/td>\n<td style=\"border-color: #214cdb; text-align: center; width: 150px;\">Natalie \u00c0lvarez<\/td>\n<\/tr>\n<tr>\n<td style=\"border-color: #214cdb; text-align: center; width: 203px;\"><strong>Representant Fam\u00edlies<\/strong><\/td>\n<td style=\"border-color: #214cdb; text-align: center; width: 150px;\">M.Carmen Botello<\/td>\n<\/tr>\n<tr>\n<td style=\"border-color: #214cdb; text-align: center; width: 203px;\"><strong>Representant Fam\u00edlies<\/strong><\/td>\n<td style=\"border-color: #214cdb; text-align: center; width: 150px;\">Pilar Casanova<\/td>\n<\/tr>\n<tr>\n<td style=\"border-color: #214cdb; text-align: center; width: 203px;\"><strong>Representant PAS<\/strong><\/td>\n<td style=\"border-color: #214cdb; text-align: center; width: 150px;\">Mar\u00eda Jos\u00e9 Carrera<\/td>\n<\/tr>\n<tr>\n<td style=\"border-color: #214cdb; text-align: center; width: 203px;\"><strong>Representant PAE<\/strong><\/td>\n<td style=\"border-color: #214cdb; text-align: center; width: 150px;\">Susanna Bonshoms<\/td>\n<\/tr>\n<tr>\n<td style=\"border-color: #214cdb; text-align: center; width: 203px;\"><strong>Representant Ajuntament<\/strong><\/td>\n<td style=\"border-color: #214cdb; text-align: center; width: 150px;\">L\u00eddia G\u00f3mez<\/td>\n<\/tr>\n<\/tbody>\n<\/table>\n<p><a title=\"Definici\u00f3 de consell escolar (gencat)\" href=\"http:\/\/www20.gencat.cat\/portal\/site\/ensenyament\/menuitem.75e1c94eb5dd9e184ed22010b0c0e1a0\/?vgnextoid=f6c263fddc7e9310VgnVCM1000008d0c1e0aRCRD&amp;vgnextchannel=f6c263fddc7e9310VgnVCM1000008d0c1e0aRCRD\" target=\"_blank\" rel=\"noopener noreferrer\">Departament d&#8217;Educaci\u00f3<\/a><\/p>\n","protected":false},"excerpt":{"rendered":"<p>COMPOSICI\u00d3 DEL CONSELL ESCOLAR \u00a0 \u00a0Presidenta Gemma Coll \u00a0 Cap d\u2019Estudis Jos\u00e9 Calaza \u00a0 Secret\u00e0ria S\u00edlvia Valls Representant Professorat Ana Mar\u00eda Marcos Representant Professorat Laura Gracia Representant Professorat Roberto Pino Representant Professorat Bernat Barber\u00e0 Representant Professorat \/ Coeducaci\u00f3 Marta Llop Representant Professorat Raquel Cordero Representant Alumnes Sara Gavilanes Representant Alumnes Marina Clavero Representant Alumnes Uche [&hellip;]<\/p>\n","protected":false},"author":1,"featured_media":0,"parent":19,"menu_order":6,"comment_status":"closed","ping_status":"closed","template":"page-templates\/side-menu.php","meta":{"_bbp_topic_count":0,"_bbp_reply_count":0,"_bbp_total_topic_count":0,"_bbp_total_reply_count":0,"_bbp_voice_count":0,"_bbp_anonymous_reply_count":0,"_bbp_topic_count_hidden":0,"_bbp_reply_count_hidden":0,"_bbp_forum_subforum_count":0,"site-sidebar-layout":"default","site-content-layout":"","ast-site-content-layout":"","site-content-style":"default","site-sidebar-style":"default","ast-global-header-display":"","ast-banner-title-visibility":"","ast-main-header-display":"","ast-hfb-above-header-display":"","ast-hfb-below-header-display":"","ast-hfb-mobile-header-display":"","site-post-title":"","ast-breadcrumbs-content":"","ast-featured-img":"","footer-sml-layout":"","theme-transparent-header-meta":"","adv-header-id-meta":"","stick-header-meta":"","header-above-stick-meta":"","header-main-stick-meta":"","header-below-stick-meta":"","astra-migrate-meta-layouts":"default","ast-page-background-enabled":"default","ast-page-background-meta":{"desktop":{"background-color":"var(--ast-global-color-4)","background-image":"","background-repeat":"repeat","background-position":"center center","background-size":"auto","background-attachment":"scroll","background-type":"","background-media":"","overlay-type":"","overlay-color":"","overlay-opacity":"","overlay-gradient":""},"tablet":{"background-color":"","background-image":"","background-repeat":"repeat","background-position":"center center","background-size":"auto","background-attachment":"scroll","background-type":"","background-media":"","overlay-type":"","overlay-color":"","overlay-opacity":"","overlay-gradient":""},"mobile":{"background-color":"","background-image":"","background-repeat":"repeat","background-position":"center center","background-size":"auto","background-attachment":"scroll","background-type":"","background-media":"","overlay-type":"","overlay-color":"","overlay-opacity":"","overlay-gradient":""}},"ast-content-background-meta":{"desktop":{"background-color":"var(--ast-global-color-5)","background-image":"","background-repeat":"repeat","background-position":"center center","background-size":"auto","background-attachment":"scroll","background-type":"","background-media":"","overlay-type":"","overlay-color":"","overlay-opacity":"","overlay-gradient":""},"tablet":{"background-color":"var(--ast-global-color-5)","background-image":"","background-repeat":"repeat","background-position":"center center","background-size":"auto","background-attachment":"scroll","background-type":"","background-media":"","overlay-type":"","overlay-color":"","overlay-opacity":"","overlay-gradient":""},"mobile":{"background-color":"var(--ast-global-color-5)","background-image":"","background-repeat":"repeat","background-position":"center center","background-size":"auto","background-attachment":"scroll","background-type":"","background-media":"","overlay-type":"","overlay-color":"","overlay-opacity":"","overlay-gradient":""}},"footnotes":""},"class_list":["post-43","page","type-page","status-publish","hentry"],"post_mailing_queue_ids":[],"_links":{"self":[{"href":"https:\/\/agora.xtec.cat\/iescapmany\/wp-json\/wp\/v2\/pages\/43","targetHints":{"allow":["GET"]}}],"collection":[{"href":"https:\/\/agora.xtec.cat\/iescapmany\/wp-json\/wp\/v2\/pages"}],"about":[{"href":"https:\/\/agora.xtec.cat\/iescapmany\/wp-json\/wp\/v2\/types\/page"}],"author":[{"embeddable":true,"href":"https:\/\/agora.xtec.cat\/iescapmany\/wp-json\/wp\/v2\/users\/1"}],"replies":[{"embeddable":true,"href":"https:\/\/agora.xtec.cat\/iescapmany\/wp-json\/wp\/v2\/comments?post=43"}],"version-history":[{"count":8,"href":"https:\/\/agora.xtec.cat\/iescapmany\/wp-json\/wp\/v2\/pages\/43\/revisions"}],"predecessor-version":[{"id":7792,"href":"https:\/\/agora.xtec.cat\/iescapmany\/wp-json\/wp\/v2\/pages\/43\/revisions\/7792"}],"up":[{"embeddable":true,"href":"https:\/\/agora.xtec.cat\/iescapmany\/wp-json\/wp\/v2\/pages\/19"}],"wp:attachment":[{"href":"https:\/\/agora.xtec.cat\/iescapmany\/wp-json\/wp\/v2\/media?parent=43"}],"curies":[{"name":"wp","href":"https:\/\/api.w.org\/{rel}","templated":true}]}}