{"id":19,"date":"2014-09-17T14:56:56","date_gmt":"2014-09-17T13:56:56","guid":{"rendered":"http:\/\/agora.xtec.cat\/iescapmany\/?page_id=19"},"modified":"2024-02-24T19:54:08","modified_gmt":"2024-02-24T18:54:08","slug":"linstitut","status":"publish","type":"page","link":"https:\/\/agora.xtec.cat\/iescapmany\/linstitut\/","title":{"rendered":"L&#8217;INSTITUT"},"content":{"rendered":"<h4>Benvinguts i Benvingudes a l&#8217;Institut Maria Aur\u00e8lia Capmany.<\/h4>\n<p>&nbsp;<\/p>\n<p>L&#8217;institut Maria Aur\u00e8lia Capmany, conegut popularment com el MAC, \u00e9s un centre educatiu amb identitat pr\u00f2pia situat al barri de Sant Ildefons, a Cornell\u00e0 de Llobregat.<\/p>\n<p>Els bons resultats educatius i la inserci\u00f3 de l&#8217;alumnat en tots els \u00e0mbits de la societat: educatiu, professional i d&#8217;activisme social, avalen la feina realitzada al llarg d&#8217;una traject\u00f2ria de 26 anys. M\u00e9s d&#8217;un quart de segle formant i preparant joves que han trobat, en el centre, un referent personal i educatiu en teixir-se un vincle emocional durant el seu pas per l&#8217;institut. Les nombroses visites d&#8217;exalumnes ho corroboren demostrant que no nom\u00e9s ells han deixat la seva emprempta a la hist\u00f2ria del centre sin\u00f3 que aquest, tamb\u00e9, els ha deixat la seva.<\/p>\n<p>Tot l&#8217;equip hum\u00e0, al llarg d&#8217;aquests anys, ha fet possible que el MAC esdevingui un referent social i cultural al <span style=\"font-family: inherit; font-size: 1em;\">barri.<\/span><\/p>\n<p>La conviv\u00e8ncia, la formaci\u00f3 i la innovaci\u00f3 educativa i el treball en equip i en xarxa son els pilars del Projecte Educatiu del MAC.<\/p>\n<p>L&#8217;Art constitueix un dels eixos vertebradors de la l\u00ednia pedag\u00f2gica del centre i es desenvolupa des de primer d&#8217;ESO fins a segon de Batxillerat d&#8217;Arts Pl\u00e0stiques, disseny i imatge.<\/p>\n<h5>Innovaci\u00f3&#8230;<\/h5>\n<div class=\"frontpageshowcase black\">\n<p>que possibilita un aprenentatge actiu i vivencial. Amb plans i programes que enriqueixen a les persones, atenen la diversitat i fomenten el respecte i la cohesi\u00f3.<\/p>\n<h5>Formaci\u00f3&#8230;<\/h5>\n<p>que permet el\u00a0desenvolupament de les millors capacitats del nostre alumnat, potenciant\u00a0la cultura de l&#8217;esfor\u00e7 com a creixement personal i fomentant el respecte a les persones, el medi ambient i les tradicions.<\/p>\n<h5>\u00a0Pensant en el futur&#8230;<\/h5>\n<p>Orientem l&#8217;alumnat al m\u00f3n laboral i acad\u00e8mic. Apostant per les tres modalitats de batxillerat. Som l&#8217;\u00fanic centre que ofereix el batxillerat art\u00edstic a tot Cornell\u00e0.<\/p>\n<p>&nbsp;<\/p>\n<\/div>\n<p>&nbsp;<\/p>\n","protected":false},"excerpt":{"rendered":"<p>Benvinguts i Benvingudes a l&#8217;Institut Maria Aur\u00e8lia Capmany. &nbsp; L&#8217;institut Maria Aur\u00e8lia Capmany, conegut popularment com el MAC, \u00e9s un centre educatiu amb identitat pr\u00f2pia situat al barri de Sant Ildefons, a Cornell\u00e0 de Llobregat. Els bons resultats educatius i la inserci\u00f3 de l&#8217;alumnat en tots els \u00e0mbits de la societat: educatiu, professional i d&#8217;activisme [&hellip;]<\/p>\n","protected":false},"author":1,"featured_media":0,"parent":0,"menu_order":0,"comment_status":"closed","ping_status":"closed","template":"page-templates\/side-menu.php","meta":{"_bbp_topic_count":0,"_bbp_reply_count":0,"_bbp_total_topic_count":0,"_bbp_total_reply_count":0,"_bbp_voice_count":0,"_bbp_anonymous_reply_count":0,"_bbp_topic_count_hidden":0,"_bbp_reply_count_hidden":0,"_bbp_forum_subforum_count":0,"site-sidebar-layout":"default","site-content-layout":"","ast-site-content-layout":"","site-content-style":"default","site-sidebar-style":"default","ast-global-header-display":"","ast-banner-title-visibility":"","ast-main-header-display":"","ast-hfb-above-header-display":"","ast-hfb-below-header-display":"","ast-hfb-mobile-header-display":"","site-post-title":"","ast-breadcrumbs-content":"","ast-featured-img":"","footer-sml-layout":"","theme-transparent-header-meta":"","adv-header-id-meta":"","stick-header-meta":"","header-above-stick-meta":"","header-main-stick-meta":"","header-below-stick-meta":"","astra-migrate-meta-layouts":"default","ast-page-background-enabled":"default","ast-page-background-meta":{"desktop":{"background-color":"var(--ast-global-color-4)","background-image":"","background-repeat":"repeat","background-position":"center center","background-size":"auto","background-attachment":"scroll","background-type":"","background-media":"","overlay-type":"","overlay-color":"","overlay-opacity":"","overlay-gradient":""},"tablet":{"background-color":"","background-image":"","background-repeat":"repeat","background-position":"center center","background-size":"auto","background-attachment":"scroll","background-type":"","background-media":"","overlay-type":"","overlay-color":"","overlay-opacity":"","overlay-gradient":""},"mobile":{"background-color":"","background-image":"","background-repeat":"repeat","background-position":"center center","background-size":"auto","background-attachment":"scroll","background-type":"","background-media":"","overlay-type":"","overlay-color":"","overlay-opacity":"","overlay-gradient":""}},"ast-content-background-meta":{"desktop":{"background-color":"var(--ast-global-color-5)","background-image":"","background-repeat":"repeat","background-position":"center center","background-size":"auto","background-attachment":"scroll","background-type":"","background-media":"","overlay-type":"","overlay-color":"","overlay-opacity":"","overlay-gradient":""},"tablet":{"background-color":"var(--ast-global-color-5)","background-image":"","background-repeat":"repeat","background-position":"center center","background-size":"auto","background-attachment":"scroll","background-type":"","background-media":"","overlay-type":"","overlay-color":"","overlay-opacity":"","overlay-gradient":""},"mobile":{"background-color":"var(--ast-global-color-5)","background-image":"","background-repeat":"repeat","background-position":"center center","background-size":"auto","background-attachment":"scroll","background-type":"","background-media":"","overlay-type":"","overlay-color":"","overlay-opacity":"","overlay-gradient":""}},"footnotes":""},"class_list":["post-19","page","type-page","status-publish","hentry"],"post_mailing_queue_ids":[],"_links":{"self":[{"href":"https:\/\/agora.xtec.cat\/iescapmany\/wp-json\/wp\/v2\/pages\/19","targetHints":{"allow":["GET"]}}],"collection":[{"href":"https:\/\/agora.xtec.cat\/iescapmany\/wp-json\/wp\/v2\/pages"}],"about":[{"href":"https:\/\/agora.xtec.cat\/iescapmany\/wp-json\/wp\/v2\/types\/page"}],"author":[{"embeddable":true,"href":"https:\/\/agora.xtec.cat\/iescapmany\/wp-json\/wp\/v2\/users\/1"}],"replies":[{"embeddable":true,"href":"https:\/\/agora.xtec.cat\/iescapmany\/wp-json\/wp\/v2\/comments?post=19"}],"version-history":[{"count":6,"href":"https:\/\/agora.xtec.cat\/iescapmany\/wp-json\/wp\/v2\/pages\/19\/revisions"}],"predecessor-version":[{"id":7799,"href":"https:\/\/agora.xtec.cat\/iescapmany\/wp-json\/wp\/v2\/pages\/19\/revisions\/7799"}],"wp:attachment":[{"href":"https:\/\/agora.xtec.cat\/iescapmany\/wp-json\/wp\/v2\/media?parent=19"}],"curies":[{"name":"wp","href":"https:\/\/api.w.org\/{rel}","templated":true}]}}