{"id":1834,"date":"2015-09-02T11:46:43","date_gmt":"2015-09-02T10:46:43","guid":{"rendered":"http:\/\/agora.xtec.cat\/iescapmany\/?page_id=1834"},"modified":"2020-02-06T13:01:10","modified_gmt":"2020-02-06T12:01:10","slug":"programari-ordinadors","status":"publish","type":"page","link":"https:\/\/agora.xtec.cat\/iescapmany\/el-protagonistes\/programari-ordinadors\/","title":{"rendered":"Programari ordinadors"},"content":{"rendered":"<h3>LLISTAT \u00a0PROGRAMARI NECESSARI<\/h3>\n<p>A l&#8217;Institut Maria Aur\u00e8lia Capmany utilitzem for\u00e7a programari lliure. Tot i aix\u00ed, hi ha algun programari d&#8217;alguna mat\u00e8ria en particular que es fa servir sota la plataforma Microsoft Windows (a partir de Windows 7). En cas de portar un ordinador amb sistema operatiu Linux (en qualsevol de les seves distribucions) se li facilitar\u00e0 a l&#8217;alumne un ordinador amb Windows per fer servir aquell programari espec\u00edfic sota SO Windows.<\/p>\n<p><a href=\"https:\/\/agora.xtec.cat\/iescapmany\/general\/programari-dordinadors-portatils\/\">Progaramari ordinadors port\u00e0tils<\/a><\/p>\n<p>A continuaci\u00f3 trobareu el llistat amb els links per obtenir d&#8217;una manera f\u00e0cil i gratuita els programes que haurien de tenir els ordinadors de l&#8217;alumnat.<\/p>\n<h5><span style=\"color: #000000;\"><strong>NAVEGADORS:<\/strong><\/span><\/h5>\n<p style=\"padding-left: 30px;\"><strong>&gt;&gt; FIREFOX:\u00a0<\/strong><a href=\"http:\/\/www.softcatala.org\/wiki\/Rebost:Firefox\" target=\"_blank\" rel=\"noopener noreferrer\">http:\/\/www.softcatala.org\/wiki\/Rebost:Firefox<\/a><\/p>\n<p style=\"padding-left: 30px;\"><strong>&gt;&gt; CHROME : \u00a0\u00a0<\/strong><a href=\"https:\/\/www.google.com\/intl\/ca\/chrome\/browser\/\" target=\"_blank\" rel=\"noopener noreferrer\">https:\/\/www.google.com\/intl\/ca\/chrome\/browser\/<\/a><\/p>\n<hr \/>\n<h5><span style=\"color: #000000;\"><strong>CONNECTORS:<\/strong><\/span><\/h5>\n<p style=\"padding-left: 30px;\"><strong>&gt;&gt; JAVA:\u00a0<\/strong><a href=\"http:\/\/java.com\/es\/download\/\" target=\"_blank\" rel=\"noopener noreferrer\">http:\/\/java.com\/es\/download\/<\/a><\/p>\n<p style=\"padding-left: 30px;\"><strong>&gt;&gt; ADOBE FLASH PLAYER.\u00a0<\/strong><a href=\"http:\/\/get.adobe.com\/flashplayer\/\" target=\"_blank\" rel=\"noopener noreferrer\">http:\/\/get.adobe.com\/flashplayer\/<\/a><\/p>\n<p style=\"padding-left: 30px;\"><strong>&gt;&gt; SILVERLIGHT:\u00a0<\/strong><a href=\"https:\/\/www.microsoft.com\/silverlight\/\" target=\"_blank\" rel=\"noopener noreferrer\">P\u00e0gina per descarregar-se el connector<\/a><\/p>\n<hr \/>\n<h5><span style=\"color: #000000;\"><strong>OFIM\u00c0TICA: \u00a0<\/strong><\/span><\/h5>\n<p style=\"padding-left: 30px;\"><strong>&gt;&gt;LibreOffice:\u00a0<\/strong><a href=\"http:\/\/www.softcatala.org\/wiki\/Rebost:LibreOffice\" target=\"_blank\" rel=\"noopener noreferrer\">http:\/\/www.softcatala.org\/wiki\/Rebost:LibreOffice<\/a><\/p>\n<p style=\"padding-left: 60px;\">Serveix per escriure text, fer presentacions, fulls de c\u00e0lcul&#8230;<\/p>\n<p style=\"padding-left: 60px;\">Tamb\u00e9 val la pena el <a href=\"http:\/\/www.softcatala.org\/wiki\/Rebost:Corrector_ortogr%C3%A0fic_de_catal%C3%A0_%28general%29_per_al_LibreOffice\" target=\"_blank\" rel=\"noopener noreferrer\">corrector ortogr\u00e0fic de catal\u00e0<\/a><\/p>\n<p style=\"padding-left: 30px;\"><strong>&gt;&gt; Lector arxius PDF (Acrobat Reader): \u00a0<\/strong><a href=\"http:\/\/www.softcatala.org\/wiki\/Rebost:Adobe_Reader\" target=\"_blank\" rel=\"noopener noreferrer\">http:\/\/www.softcatala.org\/wiki\/Rebost:Adobe_Reader<\/a><\/p>\n<p style=\"padding-left: 30px;\"><strong>&gt;&gt; Lector arxius PDF (Foxit Reader): <\/strong><a href=\"https:\/\/www.foxitsoftware.com\/spanish\/downloads\/index.php\" target=\"_blank\" rel=\"noopener noreferrer\">http:\/\/www.foxitsoftware.com\/downloads\/ \u00a0<\/a><\/p>\n<hr \/>\n<h5 style=\"text-align: left;\"><span style=\"color: #000000;\"><strong>MULTIM\u00c8DIA:<\/strong><\/span><\/h5>\n<p style=\"text-align: left; padding-left: 30px;\"><strong>&gt;&gt; El reproductor multim\u00e8dia VLC:\u00a0<\/strong><a href=\"http:\/\/www.softcatala.org\/wiki\/Rebost:VLC_media_player\" target=\"_blank\" rel=\"noopener noreferrer\">http:\/\/www.softcatala.org\/wiki\/Rebost:VLC_media_player<\/a><\/p>\n<p style=\"text-align: left; padding-left: 30px;\"><strong>&gt;&gt; L\u2019editor d\u2019\u00e0udio AUDACITY\u00a0<\/strong><a href=\"http:\/\/www.softcatala.org\/wiki\/Rebost:Audacity\" target=\"_blank\" rel=\"noopener noreferrer\">http:\/\/www.softcatala.org\/wiki\/Rebost:Audacity<\/a><\/p>\n<p style=\"padding-left: 30px;\"><strong>&gt;&gt; Editor de v\u00eddeo VideoPAD: <\/strong><a href=\"https:\/\/www.nchsoftware.com\/videopad\/es\/index.html?ns=true&amp;msclkid=bca1207af81a171831d97d9480fcb194\" target=\"_blank\" rel=\"noopener noreferrer\">descarregar<\/a><\/p>\n<hr \/>\n<h5><span style=\"color: #000000;\"><strong>GR\u00c0FICS:<\/strong><\/span><\/h5>\n<p style=\"padding-left: 30px;\"><strong>&gt;&gt; L\u2019editor d\u2019imatges GIMP: \u00a0<\/strong><a href=\"http:\/\/www.softcatala.org\/wiki\/Rebost:GIMP\" target=\"_blank\" rel=\"noopener noreferrer\">http:\/\/www.softcatala.org\/wiki\/Rebost:GIMP<\/a><\/p>\n<p style=\"padding-left: 30px;\"><strong>&gt;&gt; \u00a0L&#8217;eina de dibuix INKSCAPE:\u00a0<\/strong><a href=\"https:\/\/www.softcatala.org\/wiki\/Rebost:Inkscape\" target=\"_blank\" rel=\"noopener noreferrer\">https:\/\/www.softcatala.org\/wiki\/Rebost:Inkscape<\/a><\/p>\n<hr \/>\n<h5><span style=\"color: #000000;\"><strong>UTILITATS:<\/strong><\/span><\/h5>\n<p style=\"padding-left: 30px;\"><strong>&gt;&gt; Tractament arxius comprimits (Winrar, 7-Zip&#8230;)<\/strong><\/p>\n<p style=\"padding-left: 60px;\"><a href=\"http:\/\/www.softcatala.org\/wiki\/Rebost:WinRAR\" target=\"_blank\" rel=\"noopener noreferrer\">http:\/\/www.softcatala.org\/wiki\/Rebost:WinRAR<\/a><\/p>\n<p style=\"padding-left: 60px;\"><a href=\"http:\/\/www.softcatala.org\/wiki\/Rebost:7-Zip\" target=\"_blank\" rel=\"noopener noreferrer\">http:\/\/www.softcatala.org\/wiki\/Rebost:7-Zip<\/a><\/p>\n<p style=\"padding-left: 30px;\"><strong>&gt;&gt; Geogebra:\u00a0<\/strong><a href=\"https:\/\/www.geogebra.org\/download\" target=\"_blank\" rel=\"noopener noreferrer\">descarregar<\/a><\/p>\n<p style=\"padding-left: 30px;\"><strong>&gt;&gt; Antivirus:<\/strong><\/p>\n<p style=\"padding-left: 60px;\">Tot i que Windows \u00e9s un sistema operatiu completament obert als virus, hem de mirar de protegir l&#8217;ordinador el m\u00e0xim possible (encara que la protecci\u00f3 no \u00e9s mai al 100%).<\/p>\n<p style=\"padding-left: 60px;\"><strong>\u21d2 Microsoft Security Essentials<\/strong>. Segurament, quan s&#8217;instal\u00b7li comprovi que la lic\u00e8ncia de Windows sigui l&#8217;original).<\/p>\n<p style=\"padding-left: 60px;\"><a href=\"http:\/\/windows.microsoft.com\/es-es\/windows\/security-essentials-download\">http:\/\/windows.microsoft.com\/es-es\/windows\/security-essentials-download<\/a><\/p>\n<p style=\"padding-left: 60px;\"><strong>\u21d2 AVAST: <\/strong><a href=\"https:\/\/www.avast.com\/es-es\/index\" target=\"_blank\" rel=\"noopener noreferrer\">descarregar<\/a><\/p>\n<p>&nbsp;<\/p>\n<p>&nbsp;<\/p>\n<p>&nbsp;<\/p>\n<p>&nbsp;<\/p>\n<p>&nbsp;<\/p>\n","protected":false},"excerpt":{"rendered":"<p>LLISTAT \u00a0PROGRAMARI NECESSARI A l&#8217;Institut Maria Aur\u00e8lia Capmany utilitzem for\u00e7a programari lliure. Tot i aix\u00ed, hi ha algun programari d&#8217;alguna mat\u00e8ria en particular que es fa servir sota la plataforma Microsoft Windows (a partir de Windows 7). En cas de portar un ordinador amb sistema operatiu Linux (en qualsevol de les seves distribucions) se li [&hellip;]<\/p>\n","protected":false},"author":3,"featured_media":0,"parent":1058,"menu_order":3,"comment_status":"closed","ping_status":"closed","template":"page-templates\/side-menu.php","meta":{"_bbp_topic_count":0,"_bbp_reply_count":0,"_bbp_total_topic_count":0,"_bbp_total_reply_count":0,"_bbp_voice_count":0,"_bbp_anonymous_reply_count":0,"_bbp_topic_count_hidden":0,"_bbp_reply_count_hidden":0,"_bbp_forum_subforum_count":0,"site-sidebar-layout":"default","site-content-layout":"","ast-site-content-layout":"","site-content-style":"default","site-sidebar-style":"default","ast-global-header-display":"","ast-banner-title-visibility":"","ast-main-header-display":"","ast-hfb-above-header-display":"","ast-hfb-below-header-display":"","ast-hfb-mobile-header-display":"","site-post-title":"","ast-breadcrumbs-content":"","ast-featured-img":"","footer-sml-layout":"","theme-transparent-header-meta":"","adv-header-id-meta":"","stick-header-meta":"","header-above-stick-meta":"","header-main-stick-meta":"","header-below-stick-meta":"","astra-migrate-meta-layouts":"default","ast-page-background-enabled":"default","ast-page-background-meta":{"desktop":{"background-color":"var(--ast-global-color-4)","background-image":"","background-repeat":"repeat","background-position":"center center","background-size":"auto","background-attachment":"scroll","background-type":"","background-media":"","overlay-type":"","overlay-color":"","overlay-opacity":"","overlay-gradient":""},"tablet":{"background-color":"","background-image":"","background-repeat":"repeat","background-position":"center center","background-size":"auto","background-attachment":"scroll","background-type":"","background-media":"","overlay-type":"","overlay-color":"","overlay-opacity":"","overlay-gradient":""},"mobile":{"background-color":"","background-image":"","background-repeat":"repeat","background-position":"center center","background-size":"auto","background-attachment":"scroll","background-type":"","background-media":"","overlay-type":"","overlay-color":"","overlay-opacity":"","overlay-gradient":""}},"ast-content-background-meta":{"desktop":{"background-color":"var(--ast-global-color-5)","background-image":"","background-repeat":"repeat","background-position":"center center","background-size":"auto","background-attachment":"scroll","background-type":"","background-media":"","overlay-type":"","overlay-color":"","overlay-opacity":"","overlay-gradient":""},"tablet":{"background-color":"var(--ast-global-color-5)","background-image":"","background-repeat":"repeat","background-position":"center center","background-size":"auto","background-attachment":"scroll","background-type":"","background-media":"","overlay-type":"","overlay-color":"","overlay-opacity":"","overlay-gradient":""},"mobile":{"background-color":"var(--ast-global-color-5)","background-image":"","background-repeat":"repeat","background-position":"center center","background-size":"auto","background-attachment":"scroll","background-type":"","background-media":"","overlay-type":"","overlay-color":"","overlay-opacity":"","overlay-gradient":""}},"footnotes":""},"class_list":["post-1834","page","type-page","status-publish","hentry"],"post_mailing_queue_ids":[],"_links":{"self":[{"href":"https:\/\/agora.xtec.cat\/iescapmany\/wp-json\/wp\/v2\/pages\/1834","targetHints":{"allow":["GET"]}}],"collection":[{"href":"https:\/\/agora.xtec.cat\/iescapmany\/wp-json\/wp\/v2\/pages"}],"about":[{"href":"https:\/\/agora.xtec.cat\/iescapmany\/wp-json\/wp\/v2\/types\/page"}],"author":[{"embeddable":true,"href":"https:\/\/agora.xtec.cat\/iescapmany\/wp-json\/wp\/v2\/users\/3"}],"replies":[{"embeddable":true,"href":"https:\/\/agora.xtec.cat\/iescapmany\/wp-json\/wp\/v2\/comments?post=1834"}],"version-history":[{"count":5,"href":"https:\/\/agora.xtec.cat\/iescapmany\/wp-json\/wp\/v2\/pages\/1834\/revisions"}],"predecessor-version":[{"id":5416,"href":"https:\/\/agora.xtec.cat\/iescapmany\/wp-json\/wp\/v2\/pages\/1834\/revisions\/5416"}],"up":[{"embeddable":true,"href":"https:\/\/agora.xtec.cat\/iescapmany\/wp-json\/wp\/v2\/pages\/1058"}],"wp:attachment":[{"href":"https:\/\/agora.xtec.cat\/iescapmany\/wp-json\/wp\/v2\/media?parent=1834"}],"curies":[{"name":"wp","href":"https:\/\/api.w.org\/{rel}","templated":true}]}}