{"id":1764,"date":"2015-08-13T14:47:27","date_gmt":"2015-08-13T13:47:27","guid":{"rendered":"http:\/\/agora.xtec.cat\/iescapmany\/?page_id=1764"},"modified":"2019-12-11T08:32:05","modified_gmt":"2019-12-11T07:32:05","slug":"tecnologia","status":"publish","type":"page","link":"https:\/\/agora.xtec.cat\/iescapmany\/linstitut\/departaments-didactics\/tecnologia\/","title":{"rendered":"Tecnologia"},"content":{"rendered":"<h4>PRESENTACI\u00d3<\/h4>\n<p style=\"font-weight: 300;\">El nostre Dept. est\u00e0 format per professors\/es per impartir les diverses mat\u00e8ries referents a la tecnologia (Tecnologia, Rob\u00f2tica, Inform\u00e0tica) tant a l\u2019ESO com al Batxillerat. A m\u00e9s de les nostres mat\u00e8ries estem implicats en el desenvolupament dels diferents projectes que requereixen un caire tecnol\u00f2gic (Pla de Conviv\u00e8ncia, Pla de Lectura, Hort, Projectes Mediambientals, Xarxa Kidlink, Revista digital del centre&#8230;).<\/p>\n<h5><strong>Mat\u00e8ries del Dept. de Tecnologia<\/strong><\/h5>\n<p><strong>Mat\u00e8ries a ESO:<\/strong><\/p>\n<p>\u25cf\u00a0\u00a0\u00a0\u00a0 Tecnologies (Mat\u00e8ria comuna a 1r, 2n i 3r d\u2019ESO)<\/p>\n<p>\u25cf\u00a0\u00a0\u00a0\u00a0 Tecnologia (Optativa espec\u00edfica a 4t d\u2019ESO)<\/p>\n<p>\u25cf\u00a0\u00a0\u00a0\u00a0 Inform\u00e0tica (Optativa de 1r ESO i optativa espec\u00edfica a 4t d\u2019ESO)<\/p>\n<p>\u25cf\u00a0\u00a0\u00a0\u00a0 Rob\u00f2tica (Optativa espec\u00edfica a 2n i 3r d\u2019ESO)<\/p>\n<p><strong>Mat\u00e8ries a Batxillerat:<\/strong><\/p>\n<p>\u25cf\u00a0\u00a0\u00a0\u00a0 Tecnologia Industrial I i II<\/p>\n<h4>CRITERIS D&#8217;AVALUACI\u00d3<\/h4>\n<p><a href=\"https:\/\/drive.google.com\/open?id=0B31XD_JMCUDQMWQ0MUZyOHJ2aWs\">ESO<\/a>, <a href=\"https:\/\/drive.google.com\/open?id=0B31XD_JMCUDQa1gwcnVIMjViOUk\">1r BATX<\/a> \u00a0i <a href=\"https:\/\/drive.google.com\/open?id=0B31XD_JMCUDQeTlCOVczRTNMYWM\">2n BATX<\/a><\/p>\n<p>&nbsp;<\/p>\n<p>&nbsp;<\/p>\n","protected":false},"excerpt":{"rendered":"<p>PRESENTACI\u00d3 El nostre Dept. est\u00e0 format per professors\/es per impartir les diverses mat\u00e8ries referents a la tecnologia (Tecnologia, Rob\u00f2tica, Inform\u00e0tica) tant a l\u2019ESO com al Batxillerat. A m\u00e9s de les nostres mat\u00e8ries estem implicats en el desenvolupament dels diferents projectes que requereixen un caire tecnol\u00f2gic (Pla de Conviv\u00e8ncia, Pla de Lectura, Hort, Projectes Mediambientals, Xarxa [&hellip;]<\/p>\n","protected":false},"author":3,"featured_media":0,"parent":1736,"menu_order":0,"comment_status":"closed","ping_status":"closed","template":"page-templates\/side-menu.php","meta":{"_bbp_topic_count":0,"_bbp_reply_count":0,"_bbp_total_topic_count":0,"_bbp_total_reply_count":0,"_bbp_voice_count":0,"_bbp_anonymous_reply_count":0,"_bbp_topic_count_hidden":0,"_bbp_reply_count_hidden":0,"_bbp_forum_subforum_count":0,"site-sidebar-layout":"default","site-content-layout":"","ast-site-content-layout":"","site-content-style":"default","site-sidebar-style":"default","ast-global-header-display":"","ast-banner-title-visibility":"","ast-main-header-display":"","ast-hfb-above-header-display":"","ast-hfb-below-header-display":"","ast-hfb-mobile-header-display":"","site-post-title":"","ast-breadcrumbs-content":"","ast-featured-img":"","footer-sml-layout":"","theme-transparent-header-meta":"","adv-header-id-meta":"","stick-header-meta":"","header-above-stick-meta":"","header-main-stick-meta":"","header-below-stick-meta":"","astra-migrate-meta-layouts":"default","ast-page-background-enabled":"default","ast-page-background-meta":{"desktop":{"background-color":"var(--ast-global-color-4)","background-image":"","background-repeat":"repeat","background-position":"center center","background-size":"auto","background-attachment":"scroll","background-type":"","background-media":"","overlay-type":"","overlay-color":"","overlay-opacity":"","overlay-gradient":""},"tablet":{"background-color":"","background-image":"","background-repeat":"repeat","background-position":"center center","background-size":"auto","background-attachment":"scroll","background-type":"","background-media":"","overlay-type":"","overlay-color":"","overlay-opacity":"","overlay-gradient":""},"mobile":{"background-color":"","background-image":"","background-repeat":"repeat","background-position":"center center","background-size":"auto","background-attachment":"scroll","background-type":"","background-media":"","overlay-type":"","overlay-color":"","overlay-opacity":"","overlay-gradient":""}},"ast-content-background-meta":{"desktop":{"background-color":"var(--ast-global-color-5)","background-image":"","background-repeat":"repeat","background-position":"center center","background-size":"auto","background-attachment":"scroll","background-type":"","background-media":"","overlay-type":"","overlay-color":"","overlay-opacity":"","overlay-gradient":""},"tablet":{"background-color":"var(--ast-global-color-5)","background-image":"","background-repeat":"repeat","background-position":"center center","background-size":"auto","background-attachment":"scroll","background-type":"","background-media":"","overlay-type":"","overlay-color":"","overlay-opacity":"","overlay-gradient":""},"mobile":{"background-color":"var(--ast-global-color-5)","background-image":"","background-repeat":"repeat","background-position":"center center","background-size":"auto","background-attachment":"scroll","background-type":"","background-media":"","overlay-type":"","overlay-color":"","overlay-opacity":"","overlay-gradient":""}},"footnotes":""},"class_list":["post-1764","page","type-page","status-publish","hentry"],"post_mailing_queue_ids":[],"_links":{"self":[{"href":"https:\/\/agora.xtec.cat\/iescapmany\/wp-json\/wp\/v2\/pages\/1764","targetHints":{"allow":["GET"]}}],"collection":[{"href":"https:\/\/agora.xtec.cat\/iescapmany\/wp-json\/wp\/v2\/pages"}],"about":[{"href":"https:\/\/agora.xtec.cat\/iescapmany\/wp-json\/wp\/v2\/types\/page"}],"author":[{"embeddable":true,"href":"https:\/\/agora.xtec.cat\/iescapmany\/wp-json\/wp\/v2\/users\/3"}],"replies":[{"embeddable":true,"href":"https:\/\/agora.xtec.cat\/iescapmany\/wp-json\/wp\/v2\/comments?post=1764"}],"version-history":[{"count":3,"href":"https:\/\/agora.xtec.cat\/iescapmany\/wp-json\/wp\/v2\/pages\/1764\/revisions"}],"predecessor-version":[{"id":5266,"href":"https:\/\/agora.xtec.cat\/iescapmany\/wp-json\/wp\/v2\/pages\/1764\/revisions\/5266"}],"up":[{"embeddable":true,"href":"https:\/\/agora.xtec.cat\/iescapmany\/wp-json\/wp\/v2\/pages\/1736"}],"wp:attachment":[{"href":"https:\/\/agora.xtec.cat\/iescapmany\/wp-json\/wp\/v2\/media?parent=1764"}],"curies":[{"name":"wp","href":"https:\/\/api.w.org\/{rel}","templated":true}]}}