{"id":1758,"date":"2015-08-13T14:43:29","date_gmt":"2015-08-13T13:43:29","guid":{"rendered":"http:\/\/agora.xtec.cat\/iescapmany\/?page_id=1758"},"modified":"2019-12-11T08:25:54","modified_gmt":"2019-12-11T07:25:54","slug":"musica","status":"publish","type":"page","link":"https:\/\/agora.xtec.cat\/iescapmany\/linstitut\/departaments-didactics\/musica\/","title":{"rendered":"M\u00fasica"},"content":{"rendered":"<h3 style=\"font-weight: 300;\">PRESENTACI\u00d3<\/h3>\n<p style=\"font-weight: 300;\">La nostra intenci\u00f3 \u00e9s que els nostres alumnes aprenguin m\u00fasica mitjan\u00e7ant una experi\u00e8ncia vivencial. Que la sentin i comprenguin quan l\u2019escoltin i que la visquin quan la facin en primera persona.<\/p>\n<p>Les sortides i actuacions en directe ajudaran a complir aquests objectius.<\/p>\n<p><span style=\"font-weight: 400;\">La mat\u00e8ria de m\u00fasica de l&#8217;educaci\u00f3 secund\u00e0ria obligat\u00f2ria t\u00e9 com a objectiu el\u00a0<\/span><span style=\"font-weight: 400;\">desenvolupament de les capacitats seg\u00fcents:<\/span><\/p>\n<ol>\n<li><span style=\"font-weight: 400;\">Utilitzar la veu, els instruments i el cos per a expressar-se musicalment de\u00a0<\/span>forma creativa i personal.<\/li>\n<\/ol>\n<ol start=\"2\">\n<li><span style=\"font-weight: 400;\">Escoltar comprensivament m\u00fasica d&#8217;estils, g\u00e8neres i cultures diverses, amb\u00a0<\/span>inter\u00e8s, respecte i sensibilitat est\u00e8tica.<\/li>\n<\/ol>\n<ol start=\"3\">\n<li><span style=\"font-weight: 400;\">Con\u00e8ixer l&#8217;entorn musical i cultural propi i prendre consci\u00e8ncia de la\u00a0<\/span>universalitat de la pr\u00e0ctica musical, assumint reflexivament la diversitat de\u00a0cultures i identitats musicals.<\/li>\n<\/ol>\n<ol start=\"4\">\n<li><span style=\"font-weight: 400;\">Con\u00e8ixer i aplicar t\u00e8cniques instrumentals i vocals b\u00e0siques per a la\u00a0<\/span>interpretaci\u00f3 i la creaci\u00f3 musical i per a l&#8217;expressi\u00f3 corporal<\/li>\n<\/ol>\n<h4 style=\"font-weight: 300;\">CONTINGUTS<\/h4>\n<p><span style=\"font-weight: 400;\">Els continguts de la mat\u00e8ria de cada curs s&#8217;organitzen en tres apartats: <\/span><span style=\"font-weight: 400;\">escoltar\u00a0<\/span><span style=\"font-weight: 400;\">i comprendre; interpretar i crear, i dimensi\u00f3 social i cultural.<\/span><\/p>\n<p><b>En el primer curs<\/b><span style=\"font-weight: 400;\"> els continguts potencien l&#8217;escolta i la interpretaci\u00f3 musical; el nostre alumnat realitza \u00a0audicions en directe com a objectiu final del treball d\u2019aula i \u00a0estudi a casa. <\/span><b>A segon curs<\/b><span style=\"font-weight: 400;\"> els continguts se centren en la comprensi\u00f3 i la valoraci\u00f3, sense deixar de banda la pr\u00e0ctica musical (creaci\u00f3, interpretaci\u00f3, enregistrament,difusi\u00f3), tenint sempre en compte la dimensi\u00f3 social de la m\u00fasica. <\/span><b>I en el quart curs<\/b><span style=\"font-weight: 400;\">, de car\u00e0cter optatiu, s&#8217;aprofundeix en tots aquests aspectes, tot posant un \u00e8mfasi especial en la dimensi\u00f3 cultural de la m\u00fasica, transcendint l&#8217;entorn m\u00e9s immediat de l&#8217;alumnat.<\/span><\/p>\n<h4>COMPET\u00c8NCIES B\u00c0SIQUES<\/h4>\n<p><b>1 Compet\u00e8ncia d\u2019autonomia i iniciativa personal.<\/b><\/p>\n<p><span style=\"font-weight: 400;\">La m\u00fasica col\u00b7labora en el desenvolupament de la compet\u00e8ncia d&#8217;autonomia i\u00a0<\/span><span style=\"font-weight: 400;\">iniciativa personal, per mitj\u00e0 del treball col\u00b7laboratiu i l&#8217;habilitat per planificar i\u00a0<\/span><span style=\"font-weight: 400;\">gestionar projectes. La interpretaci\u00f3 i la composici\u00f3 s\u00f3n dos clars exemples\u00a0<\/span><span style=\"font-weight: 400;\">d&#8217;activitats que requereixen d&#8217;una planificaci\u00f3 pr\u00e8via i de la presa de decisions\u00a0<\/span><span style=\"font-weight: 400;\">per obtenir els resultats desitjats. En les activitats relacionades especialment\u00a0<\/span><span style=\"font-weight: 400;\">amb la interpretaci\u00f3 musical, es desenvolupen capacitats i habilitats com la\u00a0<\/span><span style=\"font-weight: 400;\">perseveran\u00e7a, la responsabilitat, l&#8217;autocr\u00edtica i l&#8217;autoestima.<\/span><\/p>\n<p><b>2 \u00a0Compet\u00e8ncia social i ciutadana<\/b><\/p>\n<p><span style=\"font-weight: 400;\">La m\u00fasica contribueix tamb\u00e9 a la compet\u00e8ncia social i ciutadana. La\u00a0<\/span><span style=\"font-weight: 400;\">participaci\u00f3 en activitats musicals de distinta \u00edndole, especialment les\u00a0<\/span><span style=\"font-weight: 400;\">relacionades amb la interpretaci\u00f3 i creaci\u00f3 col\u00b7lectiva que requereixen d&#8217;un\u00a0<\/span><span style=\"font-weight: 400;\">treball cooperatiu, col\u00b7labora en l&#8217;adquisici\u00f3 d&#8217;habilitats per relacionar-se amb\u00a0<\/span><span style=\"font-weight: 400;\">els altres. La participaci\u00f3 en experi\u00e8ncies musicals col\u00b7lectives permet\u00a0<\/span><span style=\"font-weight: 400;\">expressar idees pr\u00f2pies, valorar les dels altres i coordinar les pr\u00f2pies accions\u00a0<\/span><span style=\"font-weight: 400;\">amb les dels altres integrants del grup responsabilitzant-se en la consecuci\u00f3\u00a0<\/span><span style=\"font-weight: 400;\">d&#8217;un resultat. El contacte amb una \u00e0mplia varietat de m\u00fasiques, tant del passat\u00a0<\/span><span style=\"font-weight: 400;\">com del present, afavoreix la comprensi\u00f3 de les aportacions de les diferents\u00a0<\/span><span style=\"font-weight: 400;\">cultures i la valoraci\u00f3 dels altres i dels trets de la societat en qu\u00e8 es viu.<\/span><\/p>\n<p><b>3 Compet\u00e8ncia digital<\/b><\/p>\n<p><span style=\"font-weight: 400;\">La m\u00fasica tamb\u00e9 contribueix de manera directa al desenvolupament del\u00a0<\/span><span style=\"font-weight: 400;\">tractament de la informaci\u00f3 i compet\u00e8ncia digital. L&#8217;\u00fas dels recursos tecnol\u00f2gics\u00a0<\/span><span style=\"font-weight: 400;\">en el camp de la m\u00fasica possibilita el coneixement i domini b\u00e0sic del maquinari\u00a0<\/span><span style=\"font-weight: 400;\">i el programari musical, els distints formats de so i d&#8217;audiovisual o les t\u00e8cniques\u00a0<\/span><span style=\"font-weight: 400;\">de tractament i gravaci\u00f3 del so relacionats, entre altres, amb la producci\u00f3 de\u00a0<\/span><span style=\"font-weight: 400;\">missatges musicals, audiovisuals i multim\u00e8dia. Aix\u00ed mateix, afavoreix el seu\u00a0<\/span><span style=\"font-weight: 400;\">aprofitament com a eina per als processos d\u2019auto aprenentatge i la seva\u00a0<\/span><span style=\"font-weight: 400;\">possible integraci\u00f3 en les activitats d&#8217;oci.\u00a0<\/span><span style=\"font-weight: 400;\">A m\u00e9s, l&#8217;obtenci\u00f3 d&#8217;informaci\u00f3 musical requereix de destreses relacionades\u00a0<\/span><span style=\"font-weight: 400;\">amb el tractament de la informaci\u00f3 encara que des d&#8217;aquesta mat\u00e8ria, mereix\u00a0<\/span><span style=\"font-weight: 400;\">especial consideraci\u00f3 l&#8217;\u00fas de productes musicals i la seva relaci\u00f3 amb la\u00a0<\/span><span style=\"font-weight: 400;\">distribuci\u00f3 i els drets d&#8217;autor\/a.<\/span><\/p>\n<p><b>4 Compet\u00e8ncia d\u2019aprendre a aprendre<\/b><\/p>\n<p><span style=\"font-weight: 400;\">La m\u00fasica tamb\u00e9 contribueix al desenvolupament de la compet\u00e8ncia d\u2019aprendre\u00a0<\/span><span style=\"font-weight: 400;\">a aprendre, potenciant capacitats i destreses fonamentals per a l\u2019aprenentatge\u00a0<\/span><span style=\"font-weight: 400;\">guiat i aut\u00f2nom com l&#8217;atenci\u00f3, la concentraci\u00f3 i la mem\u00f2ria, al temps que\u00a0<\/span><span style=\"font-weight: 400;\">desenvolupa el sentit de l&#8217;ordre i de l&#8217;an\u00e0lisi. D&#8217;una banda, l&#8217;audici\u00f3 musical\u00a0<\/span><span style=\"font-weight: 400;\">necessita una escolta reiterada per arribar a con\u00e8ixer una obra, recon\u00e8ixer-la,\u00a0<\/span><span style=\"font-weight: 400;\">identificar els seus elements i apropiar-se\u2019n. D&#8217;una altra, totes aquelles activitats\u00a0<\/span><span style=\"font-weight: 400;\">d&#8217;interpretaci\u00f3 musical i d&#8217;entreteniment auditiu requereixen la presa de\u00a0<\/span><span style=\"font-weight: 400;\">consci\u00e8ncia sobre les pr\u00f2pies possibilitats, la utilitzaci\u00f3 de distintes estrat\u00e8gies\u00a0<\/span><span style=\"font-weight: 400;\">d&#8217;aprenentatge, la gesti\u00f3 i control efica\u00e7 dels propis processos.<\/span><\/p>\n<p><b>5 Compet\u00e8ncia en comunicaci\u00f3 ling\u00fc\u00edstica<\/b><\/p>\n<p><span style=\"font-weight: 400;\">En relaci\u00f3 amb la compet\u00e8ncia en comunicaci\u00f3 ling\u00fc\u00edstica, la m\u00fasica\u00a0<\/span><span style=\"font-weight: 400;\">contribueix, com altres mat\u00e8ries, a enriquir els intercanvis comunicatius i a\u00a0<\/span><span style=\"font-weight: 400;\">l&#8217;adquisici\u00f3 i \u00fas d&#8217;un vocabulari musical b\u00e0sic. Tamb\u00e9 col\u00b7labora en la integraci\u00f3\u00a0<\/span><span style=\"font-weight: 400;\">del llenguatge musical i del llenguatge verbal, i en la valoraci\u00f3 de l&#8217;enriquiment\u00a0<\/span><span style=\"font-weight: 400;\">d&#8217;aquesta interacci\u00f3.<\/span><\/p>\n<p><b>6 Compet\u00e8ncia en el coneixement i la interacci\u00f3 en el m\u00f3n<\/b><\/p>\n<p><span style=\"font-weight: 400;\">Des del punt de vista de la compet\u00e8ncia en el coneixement i la interacci\u00f3 amb\u00a0<\/span><span style=\"font-weight: 400;\">el m\u00f3n, la m\u00fasica realitza la seva aportaci\u00f3 a la millora de la qualitat del medi\u00a0<\/span><span style=\"font-weight: 400;\">ambient, identificant i reflexionant sobre l&#8217;exc\u00e9s de soroll, la contaminaci\u00f3\u00a0<\/span><span style=\"font-weight: 400;\">sonora i l&#8217;\u00fas indiscriminat de la m\u00fasica, amb la finalitat de generar h\u00e0bits\u00a0<\/span><span style=\"font-weight: 400;\">saludables. A m\u00e9s, els continguts relacionats amb l&#8217;\u00fas correcte de la veu i de\u00a0<\/span><span style=\"font-weight: 400;\">l&#8217;aparell respiratori, no tan sols per aconseguir resultats musicals \u00f2ptims, sin\u00f3\u00a0<\/span><span style=\"font-weight: 400;\">tamb\u00e9 per prevenir problemes de salut, incideixen en el desenvolupament\u00a0<\/span><span style=\"font-weight: 400;\">d&#8217;aquesta compet\u00e8ncia.<\/span><\/p>\n<h4>CRITERIS D&#8217;AVALUACI\u00d3<\/h4>\n<p><b>DEPARTAMENT DE M\u00daSICA 1r ESO<\/b><\/p>\n<table>\n<tbody>\n<tr>\n<td><b>\u00a0<\/b><\/p>\n<p><b>\u00a0\u00a0Activitats de s\u00edntesi\u00a0<\/b><\/p>\n<p><b>(Proves avaluables)\u00a0<\/b><\/td>\n<td><span style=\"font-weight: 400;\">Proves Orals i escrites\u00a0<\/span><\/td>\n<td><b>\u00a0<\/b><\/p>\n<p><b>40%\u00a0<\/b><\/td>\n<\/tr>\n<tr>\n<td><b>\u00a0<\/b><\/p>\n<p><b>Activitats desenvolupament<\/b><\/p>\n<p><b>\u00a0<\/b><\/td>\n<td><span style=\"font-weight: 400;\">Proves d\u2019avaluci\u00f3 i coavaluaci\u00f3 de flauta<\/span><\/p>\n<p><span style=\"font-weight: 400;\">Participaci\u00f3 d\u2019activitats fora de l\u2019aula<\/span><\/p>\n<p><span style=\"font-weight: 400;\">(FLAUTEGEM i altres)\u00a0<\/span><\/p>\n<p><span style=\"font-weight: 400;\">Libreta de m\u00fasica<\/span><\/td>\n<td><span style=\"font-weight: 400;\">\u00a0\u00a0\u00a0\u00a0\u00a0\u00a0\u00a0\u00a0\u00a0\u00a0\u00a0\u00a0\u00a0<\/span><\/p>\n<p><span style=\"font-weight: 400;\">\u00a0\u00a0\u00a0\u00a0\u00a0\u00a0\u00a0\u00a0\u00a0\u00a0\u00a0\u00a0\u00a0\u00a04<\/span><b>0%<\/b><\/p>\n<p><b>\u00a0\u00a0\u00a0\u00a0\u00a0\u00a0\u00a0\u00a0\u00a0\u00a0\u00a0\u00a010%\u00a0<\/b><\/td>\n<\/tr>\n<tr>\n<td><b>\u00a0<\/b><\/p>\n<p><b>Actitud\u00a0<\/b><\/td>\n<td><span style=\"font-weight: 400;\">Actitud a l\u2019aula<\/span><\/p>\n<p><span style=\"font-weight: 400;\">Material de m\u00fasica<\/span><\/p>\n<p><span style=\"font-weight: 400;\">Presentaci\u00f3 de treballs\u00a0<\/span><\/td>\n<td><b>\u00a0<\/b><\/p>\n<p><b>10%\u00a0<\/b><\/td>\n<\/tr>\n<\/tbody>\n<\/table>\n<p><span style=\"font-weight: 400;\">\u00a0<\/span><\/p>\n<p><b>DEPARTAMENT DE M\u00daSICA 2n ESO<\/b><\/p>\n<table>\n<tbody>\n<tr>\n<td><b>Activitats de s\u00edntesi\u00a0<\/b><b>(Proves avaluables)\u00a0<\/b><\/td>\n<td><span style=\"font-weight: 400;\">\u00a0<\/span><\/p>\n<p><span style=\"font-weight: 400;\">Proves Orals i escrites\u00a0<\/span><\/td>\n<td><b>40%\u00a0<\/b><\/td>\n<\/tr>\n<tr>\n<td><b>Activitats desenvolupament<\/b><\/p>\n<p><b>\u00a0<\/b><\/p>\n<p><b>\u00a0<\/b><\/td>\n<td><span style=\"font-weight: 400;\">Proves d\u2019avaluci\u00f3 i coavaluaci\u00f3 de flauta<\/span><\/p>\n<p><span style=\"font-weight: 400;\">Participaci\u00f3 d\u2019activitats fora de l\u2019aula<\/span><\/p>\n<p><span style=\"font-weight: 400;\">(FLAUTEGEM i altres)\u00a0<\/span><\/p>\n<p><span style=\"font-weight: 400;\">Libreta de m\u00fasica<\/span><\/td>\n<td><b>\u00a0<\/b><\/p>\n<p><span style=\"font-weight: 400;\">\u00a0\u00a0\u00a0\u00a0\u00a0\u00a0\u00a0\u00a0\u00a0\u00a0\u00a0\u00a0\u00a0\u00a04<\/span><b>0%<\/b><\/p>\n<p><b>\u00a0\u00a0\u00a0\u00a0\u00a0\u00a0\u00a0\u00a0\u00a0\u00a0\u00a0\u00a010%\u00a0<\/b><\/td>\n<\/tr>\n<tr>\n<td><b>\u00a0<\/b><\/p>\n<p><b>Actitud\u00a0<\/b><\/td>\n<td><span style=\"font-weight: 400;\">Actitud a l\u2019aula<\/span><\/p>\n<p><span style=\"font-weight: 400;\">Material de m\u00fasica<\/span><\/p>\n<p><span style=\"font-weight: 400;\">Presentaci\u00f3 de treballs\u00a0<\/span><\/td>\n<td><b>\u00a0<\/b><\/p>\n<p><b>10%\u00a0<\/b><\/td>\n<\/tr>\n<\/tbody>\n<\/table>\n<p>&nbsp;<\/p>\n<p><b>Avaluaci\u00f3<\/b><\/p>\n<ul>\n<li style=\"font-weight: 400;\"><span style=\"font-weight: 400;\">S&#8217;ha d&#8217;aprovar el 3r trimestre. Si es suspenen les dues avaluacions anteriors, s&#8217;ha de treure un 6 com a m\u00ednim a la 3a. avaluaci\u00f3.\u00a0<\/span><\/li>\n<li style=\"font-weight: 400;\"><span style=\"font-weight: 400;\">Per tal d&#8217;assolir qualsevol mat\u00e8ria s&#8217;han de lliurar els treballs a la data fixada.<\/span><\/li>\n<li style=\"font-weight: 400;\"><span style=\"font-weight: 400;\">Es facilitaran graelles d&#8217;autoavaluaci\u00f3 per tal que l\u2019alumne prengui consci\u00e8ncia del proc\u00e9s d\u2019aprenentatge i assoliment<\/span><\/li>\n<\/ul>\n<p>&nbsp;<\/p>\n<p><b>Recuperaci\u00f3 de la mat\u00e8ria<\/b><\/p>\n<ul>\n<li style=\"font-weight: 400;\"><span style=\"font-weight: 400;\">Criteris de recuperaci\u00f3 1r<\/span><span style=\"font-weight: 400;\">: si s&#8217;aprova 2n d\u2019ESO queda aprovat 1r o b\u00e9 aprovant la 1a o 2a avaluaci\u00f3.\u00a0<\/span><\/li>\n<\/ul>\n<p><span style=\"font-weight: 400;\">Criteris de recuperaci\u00f3 2n<\/span><span style=\"font-weight: 400;\">: s&#8217;ha de lliurar un dossier en el per\u00edode establert per a les recuperacions (gener\/febrer).<\/span><\/p>\n<p>&nbsp;<\/p>\n","protected":false},"excerpt":{"rendered":"<p>PRESENTACI\u00d3 La nostra intenci\u00f3 \u00e9s que els nostres alumnes aprenguin m\u00fasica mitjan\u00e7ant una experi\u00e8ncia vivencial. Que la sentin i comprenguin quan l\u2019escoltin i que la visquin quan la facin en primera persona. Les sortides i actuacions en directe ajudaran a complir aquests objectius. La mat\u00e8ria de m\u00fasica de l&#8217;educaci\u00f3 secund\u00e0ria obligat\u00f2ria t\u00e9 com a objectiu [&hellip;]<\/p>\n","protected":false},"author":3,"featured_media":0,"parent":1736,"menu_order":0,"comment_status":"closed","ping_status":"closed","template":"page-templates\/side-menu.php","meta":{"_bbp_topic_count":0,"_bbp_reply_count":0,"_bbp_total_topic_count":0,"_bbp_total_reply_count":0,"_bbp_voice_count":0,"_bbp_anonymous_reply_count":0,"_bbp_topic_count_hidden":0,"_bbp_reply_count_hidden":0,"_bbp_forum_subforum_count":0,"site-sidebar-layout":"default","site-content-layout":"","ast-site-content-layout":"","site-content-style":"default","site-sidebar-style":"default","ast-global-header-display":"","ast-banner-title-visibility":"","ast-main-header-display":"","ast-hfb-above-header-display":"","ast-hfb-below-header-display":"","ast-hfb-mobile-header-display":"","site-post-title":"","ast-breadcrumbs-content":"","ast-featured-img":"","footer-sml-layout":"","theme-transparent-header-meta":"","adv-header-id-meta":"","stick-header-meta":"","header-above-stick-meta":"","header-main-stick-meta":"","header-below-stick-meta":"","astra-migrate-meta-layouts":"default","ast-page-background-enabled":"default","ast-page-background-meta":{"desktop":{"background-color":"var(--ast-global-color-4)","background-image":"","background-repeat":"repeat","background-position":"center center","background-size":"auto","background-attachment":"scroll","background-type":"","background-media":"","overlay-type":"","overlay-color":"","overlay-opacity":"","overlay-gradient":""},"tablet":{"background-color":"","background-image":"","background-repeat":"repeat","background-position":"center center","background-size":"auto","background-attachment":"scroll","background-type":"","background-media":"","overlay-type":"","overlay-color":"","overlay-opacity":"","overlay-gradient":""},"mobile":{"background-color":"","background-image":"","background-repeat":"repeat","background-position":"center center","background-size":"auto","background-attachment":"scroll","background-type":"","background-media":"","overlay-type":"","overlay-color":"","overlay-opacity":"","overlay-gradient":""}},"ast-content-background-meta":{"desktop":{"background-color":"var(--ast-global-color-5)","background-image":"","background-repeat":"repeat","background-position":"center center","background-size":"auto","background-attachment":"scroll","background-type":"","background-media":"","overlay-type":"","overlay-color":"","overlay-opacity":"","overlay-gradient":""},"tablet":{"background-color":"var(--ast-global-color-5)","background-image":"","background-repeat":"repeat","background-position":"center center","background-size":"auto","background-attachment":"scroll","background-type":"","background-media":"","overlay-type":"","overlay-color":"","overlay-opacity":"","overlay-gradient":""},"mobile":{"background-color":"var(--ast-global-color-5)","background-image":"","background-repeat":"repeat","background-position":"center center","background-size":"auto","background-attachment":"scroll","background-type":"","background-media":"","overlay-type":"","overlay-color":"","overlay-opacity":"","overlay-gradient":""}},"footnotes":""},"class_list":["post-1758","page","type-page","status-publish","hentry"],"post_mailing_queue_ids":[],"_links":{"self":[{"href":"https:\/\/agora.xtec.cat\/iescapmany\/wp-json\/wp\/v2\/pages\/1758","targetHints":{"allow":["GET"]}}],"collection":[{"href":"https:\/\/agora.xtec.cat\/iescapmany\/wp-json\/wp\/v2\/pages"}],"about":[{"href":"https:\/\/agora.xtec.cat\/iescapmany\/wp-json\/wp\/v2\/types\/page"}],"author":[{"embeddable":true,"href":"https:\/\/agora.xtec.cat\/iescapmany\/wp-json\/wp\/v2\/users\/3"}],"replies":[{"embeddable":true,"href":"https:\/\/agora.xtec.cat\/iescapmany\/wp-json\/wp\/v2\/comments?post=1758"}],"version-history":[{"count":4,"href":"https:\/\/agora.xtec.cat\/iescapmany\/wp-json\/wp\/v2\/pages\/1758\/revisions"}],"predecessor-version":[{"id":5263,"href":"https:\/\/agora.xtec.cat\/iescapmany\/wp-json\/wp\/v2\/pages\/1758\/revisions\/5263"}],"up":[{"embeddable":true,"href":"https:\/\/agora.xtec.cat\/iescapmany\/wp-json\/wp\/v2\/pages\/1736"}],"wp:attachment":[{"href":"https:\/\/agora.xtec.cat\/iescapmany\/wp-json\/wp\/v2\/media?parent=1758"}],"curies":[{"name":"wp","href":"https:\/\/api.w.org\/{rel}","templated":true}]}}