{"id":1754,"date":"2015-08-13T14:41:23","date_gmt":"2015-08-13T13:41:23","guid":{"rendered":"http:\/\/agora.xtec.cat\/iescapmany\/?page_id=1754"},"modified":"2019-12-11T08:25:05","modified_gmt":"2019-12-11T07:25:05","slug":"idiomes","status":"publish","type":"page","link":"https:\/\/agora.xtec.cat\/iescapmany\/linstitut\/departaments-didactics\/idiomes\/","title":{"rendered":"Idiomes"},"content":{"rendered":"<h4 style=\"font-weight: 300;\">PRESENTACI\u00d3<\/h4>\n<p style=\"font-weight: 300;\">El\u00a0 departament de Lleng\u00fces Estrangeres l\u2019integren el Seminari d\u2019Angl\u00e8s i el de Franc\u00e8s. L\u2019equip de professors del departament de Lleng\u00fces Estrangeres considera fonamental treballar la compet\u00e8ncia comunicativa ling\u00fc\u00edstica del nostre alumnat.<\/p>\n<p>El centre ofereix Angl\u00e8s com a primera llengua estrangera . Tamb\u00e9 ofereix\u00a0 Franc\u00e8s com a segona llengua estrangera, com a optativa als cursos de l\u2019ESO.<\/p>\n<h5><strong>EDUCACI\u00d3 SECUND\u00c0RIA OBLIGAT\u00d2RIA<\/strong><\/h5>\n<p>3 h. Setmanals d\u2019angl\u00e8s a cada curs de l\u2019ESO, a 2n i 4t ESO s&#8217;oferten 4 h setmanals.<\/p>\n<p>Optatives que el departament\u00a0ofereix aquest curs :<\/p>\n<ul>\n<li>Lectura en angl\u00e8s (grup redu\u00eft) (1ESO)<\/li>\n<li>Franc\u00e8s\u00a0 com a segona llengua estrangera (2ESO)<\/li>\n<li>Franc\u00e8s com a segona llengua estrangera (3ESO)<\/li>\n<li>Franc\u00e8s com a segona llengua estrangera\u00a0 (4ESO)<\/li>\n<\/ul>\n<p><strong>BATXILLERAT<\/strong><\/p>\n<p>S\u2019imparteixen 3 hores setmanals d\u2019angl\u00e8s a 1r Batxillerat i\u00a03 hores setmanals d\u2019angl\u00e8s a 2n Batxillerat.<\/p>\n<p>Optatives:<\/p>\n<ul>\n<li>Franc\u00e8s com a segona llengua estrangera (1BTX)<\/li>\n<li>Franc\u00e8s com a segona llengua estrangera (2BTX)<\/li>\n<\/ul>\n<h4>CRITERIS D&#8217;AVALUACI\u00d3<\/h4>\n<table>\n<tbody>\n<tr>\n<td><a href=\"https:\/\/drive.google.com\/open?id=1QDLKYL4PkpTrjUXDiEkEPRqVMi5w3R7S\">Angl\u00e8s ESO<\/a><\/td>\n<td><a href=\"https:\/\/drive.google.com\/file\/d\/1z-JRJxjLVxBgKgr7k1cmxSj9AEHsCQ43\/view?usp=sharing\">1r\u00a0Batxillerat<\/a><\/td>\n<\/tr>\n<tr>\n<td><a href=\"https:\/\/drive.google.com\/file\/d\/1DwT63QY2dvWthW1KSZUtV4jiIv7lKLx3\/view?usp=sharing\" target=\"_blank\" rel=\"noopener noreferrer\">Franc\u00e8s ESO<\/a><\/td>\n<td><a href=\"https:\/\/drive.google.com\/file\/d\/1irwh_Pm5eT9yknyJADdISMJV8aen75GT\/view?usp=sharing\" target=\"_blank\" rel=\"noopener noreferrer\">2n\u00a0Batxillerat<\/a><\/td>\n<\/tr>\n<\/tbody>\n<\/table>\n<p>&nbsp;<\/p>\n<p>&nbsp;<\/p>\n","protected":false},"excerpt":{"rendered":"<p>PRESENTACI\u00d3 El\u00a0 departament de Lleng\u00fces Estrangeres l\u2019integren el Seminari d\u2019Angl\u00e8s i el de Franc\u00e8s. L\u2019equip de professors del departament de Lleng\u00fces Estrangeres considera fonamental treballar la compet\u00e8ncia comunicativa ling\u00fc\u00edstica del nostre alumnat. El centre ofereix Angl\u00e8s com a primera llengua estrangera . Tamb\u00e9 ofereix\u00a0 Franc\u00e8s com a segona llengua estrangera, com a optativa als cursos [&hellip;]<\/p>\n","protected":false},"author":3,"featured_media":0,"parent":1736,"menu_order":0,"comment_status":"closed","ping_status":"closed","template":"page-templates\/side-menu.php","meta":{"_bbp_topic_count":0,"_bbp_reply_count":0,"_bbp_total_topic_count":0,"_bbp_total_reply_count":0,"_bbp_voice_count":0,"_bbp_anonymous_reply_count":0,"_bbp_topic_count_hidden":0,"_bbp_reply_count_hidden":0,"_bbp_forum_subforum_count":0,"site-sidebar-layout":"default","site-content-layout":"","ast-site-content-layout":"","site-content-style":"default","site-sidebar-style":"default","ast-global-header-display":"","ast-banner-title-visibility":"","ast-main-header-display":"","ast-hfb-above-header-display":"","ast-hfb-below-header-display":"","ast-hfb-mobile-header-display":"","site-post-title":"","ast-breadcrumbs-content":"","ast-featured-img":"","footer-sml-layout":"","theme-transparent-header-meta":"","adv-header-id-meta":"","stick-header-meta":"","header-above-stick-meta":"","header-main-stick-meta":"","header-below-stick-meta":"","astra-migrate-meta-layouts":"default","ast-page-background-enabled":"default","ast-page-background-meta":{"desktop":{"background-color":"var(--ast-global-color-4)","background-image":"","background-repeat":"repeat","background-position":"center center","background-size":"auto","background-attachment":"scroll","background-type":"","background-media":"","overlay-type":"","overlay-color":"","overlay-opacity":"","overlay-gradient":""},"tablet":{"background-color":"","background-image":"","background-repeat":"repeat","background-position":"center center","background-size":"auto","background-attachment":"scroll","background-type":"","background-media":"","overlay-type":"","overlay-color":"","overlay-opacity":"","overlay-gradient":""},"mobile":{"background-color":"","background-image":"","background-repeat":"repeat","background-position":"center center","background-size":"auto","background-attachment":"scroll","background-type":"","background-media":"","overlay-type":"","overlay-color":"","overlay-opacity":"","overlay-gradient":""}},"ast-content-background-meta":{"desktop":{"background-color":"var(--ast-global-color-5)","background-image":"","background-repeat":"repeat","background-position":"center center","background-size":"auto","background-attachment":"scroll","background-type":"","background-media":"","overlay-type":"","overlay-color":"","overlay-opacity":"","overlay-gradient":""},"tablet":{"background-color":"var(--ast-global-color-5)","background-image":"","background-repeat":"repeat","background-position":"center center","background-size":"auto","background-attachment":"scroll","background-type":"","background-media":"","overlay-type":"","overlay-color":"","overlay-opacity":"","overlay-gradient":""},"mobile":{"background-color":"var(--ast-global-color-5)","background-image":"","background-repeat":"repeat","background-position":"center center","background-size":"auto","background-attachment":"scroll","background-type":"","background-media":"","overlay-type":"","overlay-color":"","overlay-opacity":"","overlay-gradient":""}},"footnotes":""},"class_list":["post-1754","page","type-page","status-publish","hentry"],"post_mailing_queue_ids":[],"_links":{"self":[{"href":"https:\/\/agora.xtec.cat\/iescapmany\/wp-json\/wp\/v2\/pages\/1754","targetHints":{"allow":["GET"]}}],"collection":[{"href":"https:\/\/agora.xtec.cat\/iescapmany\/wp-json\/wp\/v2\/pages"}],"about":[{"href":"https:\/\/agora.xtec.cat\/iescapmany\/wp-json\/wp\/v2\/types\/page"}],"author":[{"embeddable":true,"href":"https:\/\/agora.xtec.cat\/iescapmany\/wp-json\/wp\/v2\/users\/3"}],"replies":[{"embeddable":true,"href":"https:\/\/agora.xtec.cat\/iescapmany\/wp-json\/wp\/v2\/comments?post=1754"}],"version-history":[{"count":4,"href":"https:\/\/agora.xtec.cat\/iescapmany\/wp-json\/wp\/v2\/pages\/1754\/revisions"}],"predecessor-version":[{"id":5261,"href":"https:\/\/agora.xtec.cat\/iescapmany\/wp-json\/wp\/v2\/pages\/1754\/revisions\/5261"}],"up":[{"embeddable":true,"href":"https:\/\/agora.xtec.cat\/iescapmany\/wp-json\/wp\/v2\/pages\/1736"}],"wp:attachment":[{"href":"https:\/\/agora.xtec.cat\/iescapmany\/wp-json\/wp\/v2\/media?parent=1754"}],"curies":[{"name":"wp","href":"https:\/\/api.w.org\/{rel}","templated":true}]}}