{"id":1752,"date":"2015-08-13T14:40:09","date_gmt":"2015-08-13T13:40:09","guid":{"rendered":"http:\/\/agora.xtec.cat\/iescapmany\/?page_id=1752"},"modified":"2019-12-11T08:24:39","modified_gmt":"2019-12-11T07:24:39","slug":"llengua-castellana","status":"publish","type":"page","link":"https:\/\/agora.xtec.cat\/iescapmany\/linstitut\/departaments-didactics\/llengua-castellana\/","title":{"rendered":"Lengua Castellana y Literatura"},"content":{"rendered":"<h4>CRITERIOS DE EVALUACI\u00d3N<\/h4>\n<p>En la siguente tabla figuran los enlaces para visualizar los criterios de evaluaci\u00f3n del departamento de Castellano.<\/p>\n<table style=\"width: 720px; height: 60px;\">\n<tbody>\n<tr>\n<td style=\"width: 118px; text-align: center;\"><a href=\"https:\/\/drive.google.com\/open?id=1QDLKYL4PkpTrjUXDiEkEPRqVMi5w3R7S\" target=\"_blank\" rel=\"noopener noreferrer\">Castellano ESO<\/a><\/td>\n<td style=\"width: 112px; text-align: center;\"><a href=\"https:\/\/drive.google.com\/open?id=0B9EfUc94YJzlMEw5aFR0TEd4Vm9KTFh4cU13RjNUOGFLamFr\" target=\"_blank\" rel=\"noopener noreferrer\">Castellano 1o Bachillerato<\/a><\/td>\n<td style=\"width: 112px; text-align: center;\"><a href=\"https:\/\/drive.google.com\/open?id=0B9EfUc94YJzlUHl1Y1lMdTV0Tjc5UWR6UGMydkVYaTNLcXF3\" target=\"_blank\" rel=\"noopener noreferrer\">Castellano 2o Bachillerato<\/a><\/td>\n<td style=\"width: 135px; text-align: center;\"><a href=\"https:\/\/drive.google.com\/open?id=0B9EfUc94YJzlOFJRWjItRzVYSFZpMlFpUF84QVluT05BTzJv\" target=\"_blank\" rel=\"noopener noreferrer\">Llat\u00ed 1r Batxillerat<\/a><\/td>\n<td style=\"width: 134px; text-align: center;\"><a href=\"https:\/\/drive.google.com\/open?id=0B9EfUc94YJzlQVdnSF82VFAyLWVyeEZFdVR0RHJUam43R0xj\" target=\"_blank\" rel=\"noopener noreferrer\">Llat\u00ed 2n Batxillerat<\/a><\/td>\n<td style=\"width: 93px; text-align: center;\"><a href=\"https:\/\/drive.google.com\/open?id=0B9EfUc94YJzlQndUN3dKWUtYSTJHR19tZTdVLXdWY2tsMkdV\" target=\"_blank\" rel=\"noopener noreferrer\">Grec<\/a><\/td>\n<\/tr>\n<\/tbody>\n<\/table>\n<p>&nbsp;<\/p>\n<p>&nbsp;<\/p>\n","protected":false},"excerpt":{"rendered":"<p>CRITERIOS DE EVALUACI\u00d3N En la siguente tabla figuran los enlaces para visualizar los criterios de evaluaci\u00f3n del departamento de Castellano. Castellano ESO Castellano 1o Bachillerato Castellano 2o Bachillerato Llat\u00ed 1r Batxillerat Llat\u00ed 2n Batxillerat Grec &nbsp; &nbsp;<\/p>\n","protected":false},"author":3,"featured_media":0,"parent":1736,"menu_order":0,"comment_status":"closed","ping_status":"closed","template":"page-templates\/side-menu.php","meta":{"_bbp_topic_count":0,"_bbp_reply_count":0,"_bbp_total_topic_count":0,"_bbp_total_reply_count":0,"_bbp_voice_count":0,"_bbp_anonymous_reply_count":0,"_bbp_topic_count_hidden":0,"_bbp_reply_count_hidden":0,"_bbp_forum_subforum_count":0,"site-sidebar-layout":"default","site-content-layout":"","ast-site-content-layout":"","site-content-style":"default","site-sidebar-style":"default","ast-global-header-display":"","ast-banner-title-visibility":"","ast-main-header-display":"","ast-hfb-above-header-display":"","ast-hfb-below-header-display":"","ast-hfb-mobile-header-display":"","site-post-title":"","ast-breadcrumbs-content":"","ast-featured-img":"","footer-sml-layout":"","theme-transparent-header-meta":"","adv-header-id-meta":"","stick-header-meta":"","header-above-stick-meta":"","header-main-stick-meta":"","header-below-stick-meta":"","astra-migrate-meta-layouts":"default","ast-page-background-enabled":"default","ast-page-background-meta":{"desktop":{"background-color":"var(--ast-global-color-4)","background-image":"","background-repeat":"repeat","background-position":"center center","background-size":"auto","background-attachment":"scroll","background-type":"","background-media":"","overlay-type":"","overlay-color":"","overlay-opacity":"","overlay-gradient":""},"tablet":{"background-color":"","background-image":"","background-repeat":"repeat","background-position":"center center","background-size":"auto","background-attachment":"scroll","background-type":"","background-media":"","overlay-type":"","overlay-color":"","overlay-opacity":"","overlay-gradient":""},"mobile":{"background-color":"","background-image":"","background-repeat":"repeat","background-position":"center center","background-size":"auto","background-attachment":"scroll","background-type":"","background-media":"","overlay-type":"","overlay-color":"","overlay-opacity":"","overlay-gradient":""}},"ast-content-background-meta":{"desktop":{"background-color":"var(--ast-global-color-5)","background-image":"","background-repeat":"repeat","background-position":"center center","background-size":"auto","background-attachment":"scroll","background-type":"","background-media":"","overlay-type":"","overlay-color":"","overlay-opacity":"","overlay-gradient":""},"tablet":{"background-color":"var(--ast-global-color-5)","background-image":"","background-repeat":"repeat","background-position":"center center","background-size":"auto","background-attachment":"scroll","background-type":"","background-media":"","overlay-type":"","overlay-color":"","overlay-opacity":"","overlay-gradient":""},"mobile":{"background-color":"var(--ast-global-color-5)","background-image":"","background-repeat":"repeat","background-position":"center center","background-size":"auto","background-attachment":"scroll","background-type":"","background-media":"","overlay-type":"","overlay-color":"","overlay-opacity":"","overlay-gradient":""}},"footnotes":""},"class_list":["post-1752","page","type-page","status-publish","hentry"],"post_mailing_queue_ids":[],"_links":{"self":[{"href":"https:\/\/agora.xtec.cat\/iescapmany\/wp-json\/wp\/v2\/pages\/1752","targetHints":{"allow":["GET"]}}],"collection":[{"href":"https:\/\/agora.xtec.cat\/iescapmany\/wp-json\/wp\/v2\/pages"}],"about":[{"href":"https:\/\/agora.xtec.cat\/iescapmany\/wp-json\/wp\/v2\/types\/page"}],"author":[{"embeddable":true,"href":"https:\/\/agora.xtec.cat\/iescapmany\/wp-json\/wp\/v2\/users\/3"}],"replies":[{"embeddable":true,"href":"https:\/\/agora.xtec.cat\/iescapmany\/wp-json\/wp\/v2\/comments?post=1752"}],"version-history":[{"count":5,"href":"https:\/\/agora.xtec.cat\/iescapmany\/wp-json\/wp\/v2\/pages\/1752\/revisions"}],"predecessor-version":[{"id":5260,"href":"https:\/\/agora.xtec.cat\/iescapmany\/wp-json\/wp\/v2\/pages\/1752\/revisions\/5260"}],"up":[{"embeddable":true,"href":"https:\/\/agora.xtec.cat\/iescapmany\/wp-json\/wp\/v2\/pages\/1736"}],"wp:attachment":[{"href":"https:\/\/agora.xtec.cat\/iescapmany\/wp-json\/wp\/v2\/media?parent=1752"}],"curies":[{"name":"wp","href":"https:\/\/api.w.org\/{rel}","templated":true}]}}