{"id":1736,"date":"2015-08-13T14:14:25","date_gmt":"2015-08-13T13:14:25","guid":{"rendered":"http:\/\/agora.xtec.cat\/iescapmany\/?page_id=1736"},"modified":"2019-12-11T08:18:13","modified_gmt":"2019-12-11T07:18:13","slug":"departaments-didactics","status":"publish","type":"page","link":"https:\/\/agora.xtec.cat\/iescapmany\/linstitut\/departaments-didactics\/","title":{"rendered":"DEPARTAMENTS DID\u00c0CTICS"},"content":{"rendered":"<div class=\"textwidget\">\n<p><a href=\"http:\/\/agora.xtec.cat\/iescapmany\/departaments-didactics\/ciencies-experimentals\/\">Ci\u00e8ncies Experimentals<\/a><\/p>\n<\/div>\n<p><a href=\"http:\/\/agora.xtec.cat\/iescapmany\/departaments-didactics\/el-temps\/\">Cultura Cl\u00e0ssica<\/a><\/p>\n<p><a href=\"http:\/\/agora.xtec.cat\/iescapmany\/departaments-didactics\/menjador-escolar\/\">Educaci\u00f3 F\u00edsica<\/a><\/p>\n<p><a href=\"http:\/\/agora.xtec.cat\/iescapmany\/departaments-didactics\/llengua-castellana\/\">Llengua Castellana<\/a><\/p>\n<p><a href=\"http:\/\/agora.xtec.cat\/iescapmany\/departaments-didactics\/llengua-catalana\/\">Llengua Catalana<\/a><\/p>\n<p><a href=\"http:\/\/agora.xtec.cat\/iescapmany\/departaments-didactics\/idiomes\/\">Llengua Estrangera<\/a><\/p>\n<p><a href=\"http:\/\/agora.xtec.cat\/iescapmany\/departaments-didactics\/ciencies-socials\/\">Geografia i Hist\u00f2ria<\/a><\/p>\n<p><a href=\"http:\/\/agora.xtec.cat\/iescapmany\/departaments-didactics\/matematiques\/\">Matem\u00e0tiques<\/a><\/p>\n<p><a href=\"http:\/\/agora.xtec.cat\/iescapmany\/departaments-didactics\/musica\/\">M\u00fasica<\/a><\/p>\n<p><a href=\"http:\/\/agora.xtec.cat\/iescapmany\/departaments-didactics\/orientacio-educativa\/\">Orientaci\u00f3 pedag\u00f2gica<\/a><\/p>\n<p><a href=\"http:\/\/agora.xtec.cat\/iescapmany\/departaments-didactics\/tecnologia\/\">Tecnologies<\/a><\/p>\n<p><a href=\"http:\/\/agora.xtec.cat\/iescapmany\/departaments-didactics\/visual-i-plastica\/\">Visual i Pl\u00e0stica<\/a><\/p>\n<p><a href=\"https:\/\/drive.google.com\/drive\/folders\/16B_6z2OtoXHOqJ3EaA2DXweYMhED0J96?usp=sharing\">Criteris per a la recuperaci\u00f3 de mat\u00e8ries pendents<\/a><\/p>\n<p>&nbsp;<\/p>\n","protected":false},"excerpt":{"rendered":"<p>Ci\u00e8ncies Experimentals Cultura Cl\u00e0ssica Educaci\u00f3 F\u00edsica Llengua Castellana Llengua Catalana Llengua Estrangera Geografia i Hist\u00f2ria Matem\u00e0tiques M\u00fasica Orientaci\u00f3 pedag\u00f2gica Tecnologies Visual i Pl\u00e0stica Criteris per a la recuperaci\u00f3 de mat\u00e8ries pendents &nbsp;<\/p>\n","protected":false},"author":3,"featured_media":0,"parent":19,"menu_order":0,"comment_status":"closed","ping_status":"closed","template":"page-templates\/side-menu.php","meta":{"_bbp_topic_count":0,"_bbp_reply_count":0,"_bbp_total_topic_count":0,"_bbp_total_reply_count":0,"_bbp_voice_count":0,"_bbp_anonymous_reply_count":0,"_bbp_topic_count_hidden":0,"_bbp_reply_count_hidden":0,"_bbp_forum_subforum_count":0,"site-sidebar-layout":"default","site-content-layout":"","ast-site-content-layout":"","site-content-style":"default","site-sidebar-style":"default","ast-global-header-display":"","ast-banner-title-visibility":"","ast-main-header-display":"","ast-hfb-above-header-display":"","ast-hfb-below-header-display":"","ast-hfb-mobile-header-display":"","site-post-title":"","ast-breadcrumbs-content":"","ast-featured-img":"","footer-sml-layout":"","theme-transparent-header-meta":"","adv-header-id-meta":"","stick-header-meta":"","header-above-stick-meta":"","header-main-stick-meta":"","header-below-stick-meta":"","astra-migrate-meta-layouts":"default","ast-page-background-enabled":"default","ast-page-background-meta":{"desktop":{"background-color":"var(--ast-global-color-4)","background-image":"","background-repeat":"repeat","background-position":"center center","background-size":"auto","background-attachment":"scroll","background-type":"","background-media":"","overlay-type":"","overlay-color":"","overlay-opacity":"","overlay-gradient":""},"tablet":{"background-color":"","background-image":"","background-repeat":"repeat","background-position":"center center","background-size":"auto","background-attachment":"scroll","background-type":"","background-media":"","overlay-type":"","overlay-color":"","overlay-opacity":"","overlay-gradient":""},"mobile":{"background-color":"","background-image":"","background-repeat":"repeat","background-position":"center center","background-size":"auto","background-attachment":"scroll","background-type":"","background-media":"","overlay-type":"","overlay-color":"","overlay-opacity":"","overlay-gradient":""}},"ast-content-background-meta":{"desktop":{"background-color":"var(--ast-global-color-5)","background-image":"","background-repeat":"repeat","background-position":"center center","background-size":"auto","background-attachment":"scroll","background-type":"","background-media":"","overlay-type":"","overlay-color":"","overlay-opacity":"","overlay-gradient":""},"tablet":{"background-color":"var(--ast-global-color-5)","background-image":"","background-repeat":"repeat","background-position":"center center","background-size":"auto","background-attachment":"scroll","background-type":"","background-media":"","overlay-type":"","overlay-color":"","overlay-opacity":"","overlay-gradient":""},"mobile":{"background-color":"var(--ast-global-color-5)","background-image":"","background-repeat":"repeat","background-position":"center center","background-size":"auto","background-attachment":"scroll","background-type":"","background-media":"","overlay-type":"","overlay-color":"","overlay-opacity":"","overlay-gradient":""}},"footnotes":""},"class_list":["post-1736","page","type-page","status-publish","hentry"],"post_mailing_queue_ids":[],"_links":{"self":[{"href":"https:\/\/agora.xtec.cat\/iescapmany\/wp-json\/wp\/v2\/pages\/1736","targetHints":{"allow":["GET"]}}],"collection":[{"href":"https:\/\/agora.xtec.cat\/iescapmany\/wp-json\/wp\/v2\/pages"}],"about":[{"href":"https:\/\/agora.xtec.cat\/iescapmany\/wp-json\/wp\/v2\/types\/page"}],"author":[{"embeddable":true,"href":"https:\/\/agora.xtec.cat\/iescapmany\/wp-json\/wp\/v2\/users\/3"}],"replies":[{"embeddable":true,"href":"https:\/\/agora.xtec.cat\/iescapmany\/wp-json\/wp\/v2\/comments?post=1736"}],"version-history":[{"count":4,"href":"https:\/\/agora.xtec.cat\/iescapmany\/wp-json\/wp\/v2\/pages\/1736\/revisions"}],"predecessor-version":[{"id":5255,"href":"https:\/\/agora.xtec.cat\/iescapmany\/wp-json\/wp\/v2\/pages\/1736\/revisions\/5255"}],"up":[{"embeddable":true,"href":"https:\/\/agora.xtec.cat\/iescapmany\/wp-json\/wp\/v2\/pages\/19"}],"wp:attachment":[{"href":"https:\/\/agora.xtec.cat\/iescapmany\/wp-json\/wp\/v2\/media?parent=1736"}],"curies":[{"name":"wp","href":"https:\/\/api.w.org\/{rel}","templated":true}]}}