{"id":1039,"date":"2015-04-29T09:04:40","date_gmt":"2015-04-29T08:04:40","guid":{"rendered":"http:\/\/agora.xtec.cat\/iescapmany\/?page_id=1039"},"modified":"2019-11-28T18:20:13","modified_gmt":"2019-11-28T17:20:13","slug":"convivencia","status":"publish","type":"page","link":"https:\/\/agora.xtec.cat\/iescapmany\/projectes\/convivencia\/","title":{"rendered":"Conviv\u00e8ncia"},"content":{"rendered":"<p style=\"text-align: left;\">Des de la Comissi\u00f3 de Conviv\u00e8ncia desenvolupem diferents accions per capacitar tot l\u2019alumnat i la resta de la comunitat educativa per a la conviv\u00e8ncia i la gesti\u00f3 positiva dels conflictes.<\/p>\n<p style=\"text-align: left;\">Les accions que s\u2019hi proposen poden ser abordades des de tres nivells diferents: valors i actituds, resoluci\u00f3 de conflictes i el marc organitzatiu. Aix\u00ed mateix, aquestes accions han d\u2019anar adre\u00e7ades a la millora de la conviv\u00e8ncia en tres \u00e0mbits diferents, aula, centre i entorn, en el benent\u00e8s que la permeabilitat entre aquests tres \u00e0mbits d&#8217;intervenci\u00f3 afavoreix la transfer\u00e8ncia d&#8217;aprenentatges, valors, actituds i h\u00e0bits relacionals.<\/p>\n<p style=\"text-align: left;\">Objectius<br \/>\n\uf0b7 Assegurar i garantir la participaci\u00f3, la implicaci\u00f3 i el comprom\u00eds de tota la comunitat educativa.<br \/>\n\uf0b7 Ajudar cada alumne a relacionar-se amb si mateix, amb els altres i amb el m\u00f3n.<br \/>\n\uf0b7 Potenciar l\u2019equitat i el respecte a la diversitat de l\u2019alumnat en un marc de valors compartits.<br \/>\n\uf0b7 Fomentar la mediaci\u00f3 escolar i la cultura del di\u00e0leg com a eina b\u00e0sica en la gesti\u00f3 del conflicte.<br \/>\n\uf0b7 Fomentar una cultura de la pau i la no-viol\u00e8ncia, juntament amb els valors que fan possible preservar i enriquir la vida de totes les persones.<\/p>\n<p><span style=\"font-weight: 400;\">A m\u00e9s, al MAC es premia a l&#8217;alumnat que afavoreix l&#8217;assoliment d&#8217;aquests objectius amb sortides l\u00fadiques i amb obsequis exclusius.<\/span><\/p>\n<p><b>GR\u00c0CIES A TOTS I A TOTES<\/b><span style=\"font-weight: 400;\"> \u00a0per prendre consci\u00e8ncia de la <\/span><b>CONVIV\u00c8NCIA al MAC<\/b><span style=\"font-weight: 400;\">!!<\/span><\/p>\n<p><b>SOM MAC, SOM CONVIV\u00c8NCIA!!<\/b><\/p>\n","protected":false},"excerpt":{"rendered":"<p>Des de la Comissi\u00f3 de Conviv\u00e8ncia desenvolupem diferents accions per capacitar tot l\u2019alumnat i la resta de la comunitat educativa per a la conviv\u00e8ncia i la gesti\u00f3 positiva dels conflictes. Les accions que s\u2019hi proposen poden ser abordades des de tres nivells diferents: valors i actituds, resoluci\u00f3 de conflictes i el marc organitzatiu. Aix\u00ed mateix, [&hellip;]<\/p>\n","protected":false},"author":4,"featured_media":0,"parent":1605,"menu_order":1,"comment_status":"closed","ping_status":"closed","template":"","meta":{"_bbp_topic_count":0,"_bbp_reply_count":0,"_bbp_total_topic_count":0,"_bbp_total_reply_count":0,"_bbp_voice_count":0,"_bbp_anonymous_reply_count":0,"_bbp_topic_count_hidden":0,"_bbp_reply_count_hidden":0,"_bbp_forum_subforum_count":0,"site-sidebar-layout":"default","site-content-layout":"","ast-site-content-layout":"","site-content-style":"default","site-sidebar-style":"default","ast-global-header-display":"","ast-banner-title-visibility":"","ast-main-header-display":"","ast-hfb-above-header-display":"","ast-hfb-below-header-display":"","ast-hfb-mobile-header-display":"","site-post-title":"","ast-breadcrumbs-content":"","ast-featured-img":"","footer-sml-layout":"","theme-transparent-header-meta":"","adv-header-id-meta":"","stick-header-meta":"","header-above-stick-meta":"","header-main-stick-meta":"","header-below-stick-meta":"","astra-migrate-meta-layouts":"default","ast-page-background-enabled":"default","ast-page-background-meta":{"desktop":{"background-color":"var(--ast-global-color-4)","background-image":"","background-repeat":"repeat","background-position":"center center","background-size":"auto","background-attachment":"scroll","background-type":"","background-media":"","overlay-type":"","overlay-color":"","overlay-opacity":"","overlay-gradient":""},"tablet":{"background-color":"","background-image":"","background-repeat":"repeat","background-position":"center center","background-size":"auto","background-attachment":"scroll","background-type":"","background-media":"","overlay-type":"","overlay-color":"","overlay-opacity":"","overlay-gradient":""},"mobile":{"background-color":"","background-image":"","background-repeat":"repeat","background-position":"center center","background-size":"auto","background-attachment":"scroll","background-type":"","background-media":"","overlay-type":"","overlay-color":"","overlay-opacity":"","overlay-gradient":""}},"ast-content-background-meta":{"desktop":{"background-color":"var(--ast-global-color-5)","background-image":"","background-repeat":"repeat","background-position":"center center","background-size":"auto","background-attachment":"scroll","background-type":"","background-media":"","overlay-type":"","overlay-color":"","overlay-opacity":"","overlay-gradient":""},"tablet":{"background-color":"var(--ast-global-color-5)","background-image":"","background-repeat":"repeat","background-position":"center center","background-size":"auto","background-attachment":"scroll","background-type":"","background-media":"","overlay-type":"","overlay-color":"","overlay-opacity":"","overlay-gradient":""},"mobile":{"background-color":"var(--ast-global-color-5)","background-image":"","background-repeat":"repeat","background-position":"center center","background-size":"auto","background-attachment":"scroll","background-type":"","background-media":"","overlay-type":"","overlay-color":"","overlay-opacity":"","overlay-gradient":""}},"footnotes":""},"class_list":["post-1039","page","type-page","status-publish","hentry"],"post_mailing_queue_ids":[],"_links":{"self":[{"href":"https:\/\/agora.xtec.cat\/iescapmany\/wp-json\/wp\/v2\/pages\/1039","targetHints":{"allow":["GET"]}}],"collection":[{"href":"https:\/\/agora.xtec.cat\/iescapmany\/wp-json\/wp\/v2\/pages"}],"about":[{"href":"https:\/\/agora.xtec.cat\/iescapmany\/wp-json\/wp\/v2\/types\/page"}],"author":[{"embeddable":true,"href":"https:\/\/agora.xtec.cat\/iescapmany\/wp-json\/wp\/v2\/users\/4"}],"replies":[{"embeddable":true,"href":"https:\/\/agora.xtec.cat\/iescapmany\/wp-json\/wp\/v2\/comments?post=1039"}],"version-history":[{"count":3,"href":"https:\/\/agora.xtec.cat\/iescapmany\/wp-json\/wp\/v2\/pages\/1039\/revisions"}],"predecessor-version":[{"id":5219,"href":"https:\/\/agora.xtec.cat\/iescapmany\/wp-json\/wp\/v2\/pages\/1039\/revisions\/5219"}],"up":[{"embeddable":true,"href":"https:\/\/agora.xtec.cat\/iescapmany\/wp-json\/wp\/v2\/pages\/1605"}],"wp:attachment":[{"href":"https:\/\/agora.xtec.cat\/iescapmany\/wp-json\/wp\/v2\/media?parent=1039"}],"curies":[{"name":"wp","href":"https:\/\/api.w.org\/{rel}","templated":true}]}}