{"id":1036,"date":"2015-04-29T08:45:55","date_gmt":"2015-04-29T07:45:55","guid":{"rendered":"http:\/\/agora.xtec.cat\/iescapmany\/?page_id=1036"},"modified":"2024-02-24T23:29:21","modified_gmt":"2024-02-24T22:29:21","slug":"afa","status":"publish","type":"page","link":"https:\/\/agora.xtec.cat\/iescapmany\/el-protagonistes\/afa\/","title":{"rendered":"AFA"},"content":{"rendered":"<p><strong>AFA. Associaci\u00f3 de Fam\u00edlies d\u2019Alumnes<\/strong><\/p>\n<p>\u00c9s una entitat sense \u00e0nim de lucre que agrupa les fam\u00edlies dels alumnes, mant\u00e9<br \/>\ncomunicaci\u00f3 permanent amb l\u2019Institut, contribueix a les millores del centre i organitza<br \/>\nactivitats participatives.<\/p>\n<p><strong>CONTACTE<\/strong>:\u00a0<em>ampa@institutcapmany.cat\u00a0<\/em><br \/>\nLes vostres opinions i suggeriments seran benvingudes. Us animem a participar en la Junta de<br \/>\nl\u2019AFA i en les activitats que organitzem per a fam\u00edlies; la vostra col\u00b7laboraci\u00f3 i participaci\u00f3 \u00e9s vital<br \/>\nper a la continu\u00eftat de l\u2019associaci\u00f3.<\/p>\n<p><strong>OBJECTIUS DE L\u2019AFA<\/strong><br \/>\n\u2013 Contribuir a la millora de la qualitat de l\u2019ensenyament que reben els nois i les noies,<br \/>\nmitjan\u00e7ant di\u00e0leg i col\u00b7laboraci\u00f3 amb la comunitat educativa.<br \/>\n\u2013 Donar suport i assist\u00e8ncia a les fam\u00edlies, alumnes i tutors\/es del centre en tot all\u00f2 que fa<br \/>\nrefer\u00e8ncia a l\u2019educaci\u00f3 integral dels nois i noies matriculats.<br \/>\n\u2013 Promoure la representaci\u00f3 i la participaci\u00f3 de les fam\u00edlies dels alumnes en el Consell Escolar i<br \/>\naltres \u00f2rgans col\u00b7legiats.<br \/>\n\u2013 Promoure i realitzar activitats fisicoesportives, culturals, l\u00fadiques i divulgatives, tant pels<br \/>\nalumnes com per a les fam\u00edlies.<br \/>\n\u2013 Gestionar els recursos que aporten tant els associats com els procedents de les subvencions i ajuts sol\u00b7licitats i que, l\u00f2gicament, s&#8217;hauran de justificar.<\/p>\n","protected":false},"excerpt":{"rendered":"<p>AFA. Associaci\u00f3 de Fam\u00edlies d\u2019Alumnes \u00c9s una entitat sense \u00e0nim de lucre que agrupa les fam\u00edlies dels alumnes, mant\u00e9 comunicaci\u00f3 permanent amb l\u2019Institut, contribueix a les millores del centre i organitza activitats participatives. CONTACTE:\u00a0ampa@institutcapmany.cat\u00a0 Les vostres opinions i suggeriments seran benvingudes. Us animem a participar en la Junta de l\u2019AFA i en les activitats que [&hellip;]<\/p>\n","protected":false},"author":4,"featured_media":0,"parent":1058,"menu_order":5,"comment_status":"closed","ping_status":"closed","template":"page-templates\/side-menu.php","meta":{"_bbp_topic_count":0,"_bbp_reply_count":0,"_bbp_total_topic_count":0,"_bbp_total_reply_count":0,"_bbp_voice_count":0,"_bbp_anonymous_reply_count":0,"_bbp_topic_count_hidden":0,"_bbp_reply_count_hidden":0,"_bbp_forum_subforum_count":0,"site-sidebar-layout":"default","site-content-layout":"","ast-site-content-layout":"","site-content-style":"default","site-sidebar-style":"default","ast-global-header-display":"","ast-banner-title-visibility":"","ast-main-header-display":"","ast-hfb-above-header-display":"","ast-hfb-below-header-display":"","ast-hfb-mobile-header-display":"","site-post-title":"","ast-breadcrumbs-content":"","ast-featured-img":"","footer-sml-layout":"","theme-transparent-header-meta":"","adv-header-id-meta":"","stick-header-meta":"","header-above-stick-meta":"","header-main-stick-meta":"","header-below-stick-meta":"","astra-migrate-meta-layouts":"default","ast-page-background-enabled":"default","ast-page-background-meta":{"desktop":{"background-color":"var(--ast-global-color-4)","background-image":"","background-repeat":"repeat","background-position":"center center","background-size":"auto","background-attachment":"scroll","background-type":"","background-media":"","overlay-type":"","overlay-color":"","overlay-opacity":"","overlay-gradient":""},"tablet":{"background-color":"","background-image":"","background-repeat":"repeat","background-position":"center center","background-size":"auto","background-attachment":"scroll","background-type":"","background-media":"","overlay-type":"","overlay-color":"","overlay-opacity":"","overlay-gradient":""},"mobile":{"background-color":"","background-image":"","background-repeat":"repeat","background-position":"center center","background-size":"auto","background-attachment":"scroll","background-type":"","background-media":"","overlay-type":"","overlay-color":"","overlay-opacity":"","overlay-gradient":""}},"ast-content-background-meta":{"desktop":{"background-color":"var(--ast-global-color-5)","background-image":"","background-repeat":"repeat","background-position":"center center","background-size":"auto","background-attachment":"scroll","background-type":"","background-media":"","overlay-type":"","overlay-color":"","overlay-opacity":"","overlay-gradient":""},"tablet":{"background-color":"var(--ast-global-color-5)","background-image":"","background-repeat":"repeat","background-position":"center center","background-size":"auto","background-attachment":"scroll","background-type":"","background-media":"","overlay-type":"","overlay-color":"","overlay-opacity":"","overlay-gradient":""},"mobile":{"background-color":"var(--ast-global-color-5)","background-image":"","background-repeat":"repeat","background-position":"center center","background-size":"auto","background-attachment":"scroll","background-type":"","background-media":"","overlay-type":"","overlay-color":"","overlay-opacity":"","overlay-gradient":""}},"footnotes":""},"class_list":["post-1036","page","type-page","status-publish","hentry"],"post_mailing_queue_ids":[],"_links":{"self":[{"href":"https:\/\/agora.xtec.cat\/iescapmany\/wp-json\/wp\/v2\/pages\/1036","targetHints":{"allow":["GET"]}}],"collection":[{"href":"https:\/\/agora.xtec.cat\/iescapmany\/wp-json\/wp\/v2\/pages"}],"about":[{"href":"https:\/\/agora.xtec.cat\/iescapmany\/wp-json\/wp\/v2\/types\/page"}],"author":[{"embeddable":true,"href":"https:\/\/agora.xtec.cat\/iescapmany\/wp-json\/wp\/v2\/users\/4"}],"replies":[{"embeddable":true,"href":"https:\/\/agora.xtec.cat\/iescapmany\/wp-json\/wp\/v2\/comments?post=1036"}],"version-history":[{"count":6,"href":"https:\/\/agora.xtec.cat\/iescapmany\/wp-json\/wp\/v2\/pages\/1036\/revisions"}],"predecessor-version":[{"id":7834,"href":"https:\/\/agora.xtec.cat\/iescapmany\/wp-json\/wp\/v2\/pages\/1036\/revisions\/7834"}],"up":[{"embeddable":true,"href":"https:\/\/agora.xtec.cat\/iescapmany\/wp-json\/wp\/v2\/pages\/1058"}],"wp:attachment":[{"href":"https:\/\/agora.xtec.cat\/iescapmany\/wp-json\/wp\/v2\/media?parent=1036"}],"curies":[{"name":"wp","href":"https:\/\/api.w.org\/{rel}","templated":true}]}}