{"id":1027,"date":"2015-04-28T12:47:55","date_gmt":"2015-04-28T11:47:55","guid":{"rendered":"http:\/\/agora.xtec.cat\/iescapmany\/?page_id=1027"},"modified":"2024-02-24T22:43:06","modified_gmt":"2024-02-24T21:43:06","slug":"oferta-educativa","status":"publish","type":"page","link":"https:\/\/agora.xtec.cat\/iescapmany\/el-protagonistes\/oferta-educativa\/","title":{"rendered":"Orientaci\u00f3"},"content":{"rendered":"<p style=\"text-align: justify;\">Espai on trobareu recursos en xarxa per a poder con\u00e8ixer el sistema educatiu i, tamb\u00e9, per ajudar-vos a prendre les decisions personals m\u00e9s adients a cada etapa.<\/p>\n<table style=\"border-color: #000000; height: 1296px;\" width=\"937\">\n<tbody>\n<tr style=\"height: 110px;\">\n<td style=\"width: 251px; border-color: #f79205; text-align: center; background-color: #f7dcb5; height: 110px;\">\n<h3><strong>TEMES:<\/strong><\/h3>\n<h3><strong>Qu\u00e8 vull saber?<\/strong><\/h3>\n<\/td>\n<td style=\"width: 427px; border-color: #f79205; text-align: center; background-color: #f7dcb5; height: 110px;\">\n<h3><strong>RECURSOS:<\/strong><\/h3>\n<h3><strong>Qu\u00e8 puc trobar a la xarxa?<\/strong><\/h3>\n<\/td>\n<td style=\"width: 249px; border-color: #f79205; text-align: center; background-color: #f7dcb5; height: 110px;\">\n<h3><strong>ENLLA\u00c7<\/strong><\/h3>\n<\/td>\n<\/tr>\n<tr style=\"height: 107px;\">\n<td style=\"height: 192px; width: 251px;\" rowspan=\"2\">\n<h4 style=\"text-align: center;\"><strong>Sistema escolar<\/strong><\/h4>\n<\/td>\n<td style=\"height: 107px; width: 427px;\">\n<blockquote><p><span style=\"color: #000000;\">P\u00e0gina web de la Generalitat de Catalunya on es poden consultar tots els estudis obligatoris i post-obligatoris i els centres on es cursen.<\/span><\/p><\/blockquote>\n<\/td>\n<td style=\"height: 107px; width: 249px;\"><strong><span style=\"color: #0000ff;\"><a style=\"color: #0000ff;\" href=\"http:\/\/www20.gencat.cat\/portal\/site\/queestudiar\/\" target=\"_blank\" rel=\"noopener noreferrer\">Estudiar a Catalunya<\/a><\/span><\/strong><\/td>\n<\/tr>\n<tr style=\"height: 85px;\">\n<td style=\"height: 85px; width: 427px;\">\n<blockquote><p><span style=\"color: #000000;\">Web amb tot el que a la fam\u00edlia i a l\u2019alumne\/a li cal saber sobre el nostre sistema educatiu i molt m\u00e9s&#8230;<\/span><\/p><\/blockquote>\n<\/td>\n<td style=\"height: 85px; width: 249px;\"><strong><span style=\"color: #0000ff;\"><a style=\"color: #0000ff;\" href=\"http:\/\/www20.gencat.cat\/portal\/site\/familiaescola\/menuitem.fd35a3c63db97ad9aacf3010b0c0e1a0\/?vgnextoid=caec2af691690310VgnVCM1000000b0c1e0aRCRD&amp;vgnextchannel=caec2af691690310VgnVCM1000000b0c1e0aRCRD&amp;vgnextfmt=default\" target=\"_blank\" rel=\"noopener noreferrer\">Fam\u00edlia i escola<\/a><\/span><\/strong><\/td>\n<\/tr>\n<tr style=\"height: 139px;\">\n<td style=\"background-color: #d7f3f7; border-color: #050df7; height: 442px; width: 251px;\" rowspan=\"3\">\n<h4 style=\"text-align: center;\"><strong>Batxillerat<\/strong><\/h4>\n<\/td>\n<td style=\"background-color: #d7f3f7; border-color: #050df7; height: 139px; width: 427px;\"><strong>El Batxillerat al nostre institut:\u00a0\u00a0<\/strong>oferim totes les modalitats.<\/p>\n<ul>\n<li>Arts Pl\u00e0stiques, Imatge i Disseny<\/li>\n<li>Ci\u00e8ncies\u00a0 i Tecnologia<\/li>\n<li>Humanitats i Ci\u00e8ncies Socials<\/li>\n<\/ul>\n<\/td>\n<td style=\"background-color: #d7f3f7; border-color: #050df7; height: 139px; width: 249px;\"><\/td>\n<\/tr>\n<tr style=\"height: 46px;\">\n<td style=\"background-color: #d7f3f7; border-color: #050df7; height: 46px; width: 427px;\"><strong>El treball de recerca:\u00a0\u00a0<\/strong>\u00e9s un treball que tot l&#8217;alumnat de batxillerat ha de fer. Representa un 10% de la nota final.<\/td>\n<td style=\"background-color: #d7f3f7; border-color: #050df7; height: 46px; width: 249px;\"><strong><span style=\"color: #0000ff;\"><a style=\"color: #0000ff;\" href=\"https:\/\/sites.google.com\/a\/institutcapmany.cat\/coordinacio-batxillerat\/llistes-de-batxillerat\" target=\"_blank\" rel=\"noopener noreferrer\">El TR al nostre institut<\/a><\/span><\/strong><\/td>\n<\/tr>\n<tr style=\"height: 257px;\">\n<td style=\"background-color: #d7f3f7; border-color: #050df7; height: 257px; width: 427px;\"><strong>Estudis superiors \u00a0<\/strong>un cop finalitzat el batxillerat pots triar entre dues opcions:<\/p>\n<ol>\n<li>La Universitat\u00b7 Acc\u00e9s: la selectivitat (PAU)<\/li>\n<\/ol>\n<p>&nbsp;<\/p>\n<ol start=\"2\">\n<li>CFGS (cicles formatius de grau superior): trobareu m\u00e9s informaci\u00f3 a l\u2019apartat d\u2019ensenyaments professionals.<\/li>\n<\/ol>\n<p>&nbsp;<\/td>\n<td style=\"background-color: #d7f3f7; border-color: #050df7; height: 257px; width: 249px;\"><strong><span style=\"color: #0000ff;\"><a style=\"color: #0000ff;\" href=\"http:\/\/www.unportal.net\/\" target=\"_blank\" rel=\"noopener noreferrer\">Unportal<\/a> \u00a0 \u00a0 \u00a0 \u00a0 <\/span><\/strong><strong><span style=\"color: #0000ff;\"><a style=\"color: #0000ff;\" href=\"http:\/\/www14.gencat.cat\/posat\/AppJava\/frontoffice\/?wicket:bookmarkablePage=:net.gencat.ur.posat.web.frontoffice.tancat.page.Tancat\" target=\"_blank\" rel=\"noopener noreferrer\">Posa\u2019t a prova\u00a0<\/a><\/span><\/strong><\/td>\n<\/tr>\n<tr style=\"height: 31px;\">\n<td style=\"background-color: #d3f7d0; border-color: #0bb50e; height: 258px; width: 251px;\" rowspan=\"2\">\n<h4><\/h4>\n<h4 style=\"text-align: center;\"><strong>Ensenyaments professionals<\/strong><\/h4>\n<\/td>\n<td style=\"background-color: #d3f7d0; border-color: #0bb50e; height: 31px; width: 427px;\"><strong>PFI<\/strong>: programes \u00a0de formaci\u00f3 i inserci\u00f3.<\/td>\n<td style=\"background-color: #d3f7d0; border-color: #0bb50e; height: 31px; width: 249px;\"><strong><span style=\"color: #0000ff;\"><a style=\"color: #0000ff;\" href=\"http:\/\/agora.xtec.cat\/pqpi\/moodle\/\" target=\"_blank\" rel=\"noopener noreferrer\">Espai virtual dels PFI<\/a><\/span><\/strong><\/td>\n<\/tr>\n<tr style=\"height: 227px;\">\n<td style=\"background-color: #d3f7d0; border-color: #0bb50e; height: 227px; width: 427px;\"><strong>Cicles formatius<\/strong>: N\u2019hi ha de\u00a0 Grau\u00a0 Mig (CFGM)\u00a0 i de Grau Superior (CFGS).Estan distribu\u00efts per fam\u00edlies professionals, cal entrar dins de cada fam\u00edlia per saber els cicles que s&#8217;ofereixen en ambd\u00f3s graus. <strong>PROVA D\u2019ACC\u00c9S\u00a0 als cicles formatius<\/strong>.<\/p>\n<ul>\n<li>CFGM: per poder presentar-se a la prova cal haver fet 17 anys o complir-los en l\u2019any de realitzaci\u00f3 de la prova.\u00b7<\/li>\n<li>CFGS: a partir de l\u2019any en qu\u00e8 es compleixen els 19 anys d\u2019edat.<\/li>\n<\/ul>\n<\/td>\n<td style=\"background-color: #d3f7d0; border-color: #0bb50e; height: 227px; width: 249px;\"><strong><span style=\"color: #0000ff;\"><a style=\"color: #0000ff;\" href=\"http:\/\/queestudiar.gencat.cat\/ca\/estudis\/fp\/cicles-families\/\" target=\"_blank\" rel=\"noopener noreferrer\">Fam\u00edlies professionals<\/a><\/span><\/strong><\/p>\n<p><strong><span style=\"color: #0000ff;\"><a style=\"color: #0000ff;\" href=\"http:\/\/www.gencat.cat\/ensenyament\/eac\/pdf\/CFP_CGGM_CA.pdf\" target=\"_blank\" rel=\"noopener noreferrer\">Guia dels CFGM<\/a><\/span><\/strong><\/p>\n<p><strong><span style=\"color: #0000ff;\"><a style=\"color: #0000ff;\" href=\"http:\/\/www.gencat.cat\/ensenyament\/eac\/pdf\/CFP_CGGS_CA.pdf\" target=\"_blank\" rel=\"noopener noreferrer\">Guia dels CFGS<\/a><\/span><\/strong><\/p>\n<p><strong><span style=\"color: #0000ff;\"><a style=\"color: #0000ff;\" href=\"http:\/\/www.unportal.net\/\" target=\"_blank\" rel=\"noopener noreferrer\">Unportal<\/a><\/span><\/strong><\/td>\n<\/tr>\n<tr style=\"height: 76px;\">\n<td style=\"background-color: #f5e2cb; border-color: #f08502; height: 199px; width: 251px;\" rowspan=\"4\">\n<h4 style=\"text-align: center;\"><strong>ORIENTACI\u00d3<\/strong><\/h4>\n<h4 style=\"text-align: center;\"><strong>Qu\u00e8 m\u2019agrada?<\/strong><\/h4>\n<h4 style=\"text-align: center;\"><strong>Eines per con\u00e8ixer les professions i els possibles estudis<\/strong>.<\/h4>\n<\/td>\n<td style=\"background-color: #f5e2cb; border-color: #f08502; height: 76px; width: 427px;\"><strong>ORIENTA&#8217;T<\/strong>\u00a0\u00e9s el portal d&#8217;orientaci\u00f3 acad\u00e8mica i professional desenvolupat pel Departament d&#8217;Educaci\u00f3 amb l&#8217;objectiu d&#8217;estimular la reflexi\u00f3 de l&#8217;alumnat davant l&#8217;elecci\u00f3 d&#8217;estudis i sortides professionals.<\/td>\n<td style=\"background-color: #f5e2cb; border-color: #f08502; height: 76px; width: 249px;\"><strong><span style=\"color: #0000ff;\"><a style=\"color: #0000ff;\" href=\"http:\/\/queestudiar.gencat.cat\/ca\/orientacio\/\" target=\"_blank\" rel=\"noopener noreferrer\">Orientaci\u00f3<\/a><\/span><\/strong> (Estudiar a Catalunya)<\/td>\n<\/tr>\n<tr style=\"height: 31px;\">\n<td style=\"background-color: #f5e2cb; border-color: #f08502; height: 31px; width: 427px;\"><strong>Acabes l\u2019ESO, i ara qu\u00e8? <\/strong>Joc per descobrir que pots fer.<\/td>\n<td style=\"background-color: #f5e2cb; border-color: #f08502; height: 31px; width: 249px;\"><span style=\"color: #0000ff;\"><strong><a style=\"color: #0000ff;\" href=\"http:\/\/www.qestudio.cat\/\" target=\"_blank\" rel=\"noopener noreferrer\">Qu\u00e8 estudio?<\/a><\/strong><\/span><\/td>\n<\/tr>\n<tr style=\"height: 46px;\">\n<td style=\"background-color: #f5e2cb; border-color: #f08502; height: 46px; width: 427px;\"><strong>GR<\/strong>: eina d\u2019auto aplicaci\u00f3 per a l\u2019orientaci\u00f3 acad\u00e8mica i professional (cal registrar-se primer)<\/td>\n<td style=\"background-color: #f5e2cb; border-color: #f08502; height: 46px; width: 249px;\"><span style=\"color: #0000ff;\"><strong><a style=\"color: #0000ff;\" href=\"http:\/\/www.educaweb.cat\/orientacio\/interessos-professionals\/\" target=\"_blank\" rel=\"noopener noreferrer\">Educaweb<\/a><\/strong><\/span><\/td>\n<\/tr>\n<tr style=\"height: 46px;\">\n<td style=\"background-color: #f5e2cb; border-color: #f08502; height: 46px; width: 427px;\">Buscar feina, formar-se&#8230; web amb tota la informaci\u00f3 que necessites &#8230;<\/td>\n<td style=\"background-color: #f5e2cb; border-color: #f08502; height: 46px; width: 249px;\"><span style=\"color: #0000ff;\"><strong><a style=\"color: #0000ff;\" href=\"http:\/\/www.xtec.es\/~jvilaro1\/\" target=\"_blank\" rel=\"noopener noreferrer\">+ de 15 anys<\/a><\/strong><\/span><\/td>\n<\/tr>\n<tr style=\"height: 95px;\">\n<td style=\"border-color: #080707; height: 95px; width: 251px;\">\n<h4 style=\"text-align: center;\"><strong>Aprendre a estudiar<\/strong><\/h4>\n<\/td>\n<td style=\"border-color: #080707; height: 95px; width: 427px;\">Com puc millorar el meu rendiment escolar? Hi ha diverses web amb exercicis i consells.<\/td>\n<td style=\"border-color: #080707; height: 95px; width: 249px;\"><span style=\"color: #0000ff;\"><strong><a style=\"color: #0000ff;\" href=\"http:\/\/www.xtec.es\/~jcruz\/t_estudi\/\" target=\"_blank\" rel=\"noopener noreferrer\">T\u00e8cniques d&#8217;estudi 1<\/a><\/strong><\/span><\/p>\n<p><span style=\"color: #0000ff;\"><strong><a style=\"color: #0000ff;\" href=\"http:\/\/www.xtec.cat\/~ibalague\/aula\/tecniques\/tecniques.html\" target=\"_blank\" rel=\"noopener noreferrer\">T\u00e8cniques d&#8217;estudi 2<\/a><\/strong><\/span><\/td>\n<\/tr>\n<\/tbody>\n<\/table>\n<p>&nbsp;<\/p>\n<p>&nbsp;<\/p>\n<p>&nbsp;<\/p>\n","protected":false},"excerpt":{"rendered":"<p>Espai on trobareu recursos en xarxa per a poder con\u00e8ixer el sistema educatiu i, tamb\u00e9, per ajudar-vos a prendre les decisions personals m\u00e9s adients a cada etapa. TEMES: Qu\u00e8 vull saber? RECURSOS: Qu\u00e8 puc trobar a la xarxa? ENLLA\u00c7 Sistema escolar P\u00e0gina web de la Generalitat de Catalunya on es poden consultar tots els estudis [&hellip;]<\/p>\n","protected":false},"author":4,"featured_media":0,"parent":1058,"menu_order":3,"comment_status":"closed","ping_status":"closed","template":"page-templates\/side-menu.php","meta":{"_bbp_topic_count":0,"_bbp_reply_count":0,"_bbp_total_topic_count":0,"_bbp_total_reply_count":0,"_bbp_voice_count":0,"_bbp_anonymous_reply_count":0,"_bbp_topic_count_hidden":0,"_bbp_reply_count_hidden":0,"_bbp_forum_subforum_count":0,"site-sidebar-layout":"default","site-content-layout":"","ast-site-content-layout":"","site-content-style":"default","site-sidebar-style":"default","ast-global-header-display":"","ast-banner-title-visibility":"","ast-main-header-display":"","ast-hfb-above-header-display":"","ast-hfb-below-header-display":"","ast-hfb-mobile-header-display":"","site-post-title":"","ast-breadcrumbs-content":"","ast-featured-img":"","footer-sml-layout":"","theme-transparent-header-meta":"","adv-header-id-meta":"","stick-header-meta":"","header-above-stick-meta":"","header-main-stick-meta":"","header-below-stick-meta":"","astra-migrate-meta-layouts":"default","ast-page-background-enabled":"default","ast-page-background-meta":{"desktop":{"background-color":"var(--ast-global-color-4)","background-image":"","background-repeat":"repeat","background-position":"center center","background-size":"auto","background-attachment":"scroll","background-type":"","background-media":"","overlay-type":"","overlay-color":"","overlay-opacity":"","overlay-gradient":""},"tablet":{"background-color":"","background-image":"","background-repeat":"repeat","background-position":"center center","background-size":"auto","background-attachment":"scroll","background-type":"","background-media":"","overlay-type":"","overlay-color":"","overlay-opacity":"","overlay-gradient":""},"mobile":{"background-color":"","background-image":"","background-repeat":"repeat","background-position":"center center","background-size":"auto","background-attachment":"scroll","background-type":"","background-media":"","overlay-type":"","overlay-color":"","overlay-opacity":"","overlay-gradient":""}},"ast-content-background-meta":{"desktop":{"background-color":"var(--ast-global-color-5)","background-image":"","background-repeat":"repeat","background-position":"center center","background-size":"auto","background-attachment":"scroll","background-type":"","background-media":"","overlay-type":"","overlay-color":"","overlay-opacity":"","overlay-gradient":""},"tablet":{"background-color":"var(--ast-global-color-5)","background-image":"","background-repeat":"repeat","background-position":"center center","background-size":"auto","background-attachment":"scroll","background-type":"","background-media":"","overlay-type":"","overlay-color":"","overlay-opacity":"","overlay-gradient":""},"mobile":{"background-color":"var(--ast-global-color-5)","background-image":"","background-repeat":"repeat","background-position":"center center","background-size":"auto","background-attachment":"scroll","background-type":"","background-media":"","overlay-type":"","overlay-color":"","overlay-opacity":"","overlay-gradient":""}},"footnotes":""},"class_list":["post-1027","page","type-page","status-publish","hentry"],"post_mailing_queue_ids":[],"_links":{"self":[{"href":"https:\/\/agora.xtec.cat\/iescapmany\/wp-json\/wp\/v2\/pages\/1027","targetHints":{"allow":["GET"]}}],"collection":[{"href":"https:\/\/agora.xtec.cat\/iescapmany\/wp-json\/wp\/v2\/pages"}],"about":[{"href":"https:\/\/agora.xtec.cat\/iescapmany\/wp-json\/wp\/v2\/types\/page"}],"author":[{"embeddable":true,"href":"https:\/\/agora.xtec.cat\/iescapmany\/wp-json\/wp\/v2\/users\/4"}],"replies":[{"embeddable":true,"href":"https:\/\/agora.xtec.cat\/iescapmany\/wp-json\/wp\/v2\/comments?post=1027"}],"version-history":[{"count":7,"href":"https:\/\/agora.xtec.cat\/iescapmany\/wp-json\/wp\/v2\/pages\/1027\/revisions"}],"predecessor-version":[{"id":7823,"href":"https:\/\/agora.xtec.cat\/iescapmany\/wp-json\/wp\/v2\/pages\/1027\/revisions\/7823"}],"up":[{"embeddable":true,"href":"https:\/\/agora.xtec.cat\/iescapmany\/wp-json\/wp\/v2\/pages\/1058"}],"wp:attachment":[{"href":"https:\/\/agora.xtec.cat\/iescapmany\/wp-json\/wp\/v2\/media?parent=1027"}],"curies":[{"name":"wp","href":"https:\/\/api.w.org\/{rel}","templated":true}]}}