{"id":1024,"date":"2015-04-28T12:38:28","date_gmt":"2015-04-28T11:38:28","guid":{"rendered":"http:\/\/agora.xtec.cat\/iescapmany\/?page_id=1024"},"modified":"2025-08-31T19:00:14","modified_gmt":"2025-08-31T17:00:14","slug":"documents-del-centre","status":"publish","type":"page","link":"https:\/\/agora.xtec.cat\/iescapmany\/projecte-educatiu\/documents-del-centre\/","title":{"rendered":"Documents de centre"},"content":{"rendered":"<p><strong>NOFC<\/strong>. Normes d&#8217;organitzaci\u00f3 de funcionament de centre. <span style=\"color: #ff9900;\">(Pendent de publicaci\u00f3).<\/span><\/p>\n<p><strong>EDC<\/strong><\/p>\n<ul>\n<li><a href=\"https:\/\/sites.google.com\/xtec.cat\/edcinstitutmaccornelldellobreg\/el-nostre-centre?authuser=2\"><em>Estrat\u00e8gia digital de centre\u00a0<\/em><\/a><\/li>\n<li><em><a href=\"https:\/\/docs.google.com\/document\/d\/1LC9rwzTMTP96ouXNPK3H6kK8vciy9KtP\/edit?usp=sharing&amp;ouid=106765972850373471709&amp;rtpof=true&amp;sd=true\">NOFC de l&#8217;\u00e0mbit digital<\/a><\/em><\/li>\n<\/ul>\n<p><strong>PEC<\/strong>, Projecte Educatiu de Centre. <span style=\"color: #ff9900;\">(Pendent de publicaci\u00f3).<\/span><\/p>\n<p><strong>PGA<\/strong> (Programaci\u00f3 General Anual).<span style=\"color: #ff9900;\">(Pendent de publicaci\u00f3).<\/span><\/p>\n<p><em><a href=\"https:\/\/docs.google.com\/document\/d\/12uLjXY-7sTFwVWAgKdCRvULyB1XsjZh7\/edit?usp=sharing&amp;ouid=109343343195419282200&amp;rtpof=true&amp;sd=true\">Carta de comprom\u00eds educatiu.<\/a><\/em><\/p>\n<p>Criteris d&#8217;avaluaci\u00f3. <span style=\"color: #ff9900;\">(Pendent de publicaci\u00f3).<\/span><\/p>\n<p>Projecte ling\u00fc\u00edstic. <span style=\"color: #ff9900;\">(Pendent de publicaci\u00f3).<\/span><\/p>\n","protected":false},"excerpt":{"rendered":"<p>NOFC. Normes d&#8217;organitzaci\u00f3 de funcionament de centre. (Pendent de publicaci\u00f3). EDC Estrat\u00e8gia digital de centre\u00a0 NOFC de l&#8217;\u00e0mbit digital PEC, Projecte Educatiu de Centre. (Pendent de publicaci\u00f3). PGA (Programaci\u00f3 General Anual).(Pendent de publicaci\u00f3). Carta de comprom\u00eds educatiu. Criteris d&#8217;avaluaci\u00f3. (Pendent de publicaci\u00f3). Projecte ling\u00fc\u00edstic. (Pendent de publicaci\u00f3).<\/p>\n","protected":false},"author":4,"featured_media":0,"parent":57,"menu_order":1,"comment_status":"closed","ping_status":"closed","template":"","meta":{"_bbp_topic_count":0,"_bbp_reply_count":0,"_bbp_total_topic_count":0,"_bbp_total_reply_count":0,"_bbp_voice_count":0,"_bbp_anonymous_reply_count":0,"_bbp_topic_count_hidden":0,"_bbp_reply_count_hidden":0,"_bbp_forum_subforum_count":0,"site-sidebar-layout":"default","site-content-layout":"","ast-site-content-layout":"default","site-content-style":"default","site-sidebar-style":"default","ast-global-header-display":"","ast-banner-title-visibility":"","ast-main-header-display":"","ast-hfb-above-header-display":"","ast-hfb-below-header-display":"","ast-hfb-mobile-header-display":"","site-post-title":"","ast-breadcrumbs-content":"","ast-featured-img":"","footer-sml-layout":"","theme-transparent-header-meta":"","adv-header-id-meta":"","stick-header-meta":"","header-above-stick-meta":"","header-main-stick-meta":"","header-below-stick-meta":"","astra-migrate-meta-layouts":"set","ast-page-background-enabled":"default","ast-page-background-meta":{"desktop":{"background-color":"var(--ast-global-color-4)","background-image":"","background-repeat":"repeat","background-position":"center center","background-size":"auto","background-attachment":"scroll","background-type":"","background-media":"","overlay-type":"","overlay-color":"","overlay-opacity":"","overlay-gradient":""},"tablet":{"background-color":"","background-image":"","background-repeat":"repeat","background-position":"center center","background-size":"auto","background-attachment":"scroll","background-type":"","background-media":"","overlay-type":"","overlay-color":"","overlay-opacity":"","overlay-gradient":""},"mobile":{"background-color":"","background-image":"","background-repeat":"repeat","background-position":"center center","background-size":"auto","background-attachment":"scroll","background-type":"","background-media":"","overlay-type":"","overlay-color":"","overlay-opacity":"","overlay-gradient":""}},"ast-content-background-meta":{"desktop":{"background-color":"var(--ast-global-color-5)","background-image":"","background-repeat":"repeat","background-position":"center center","background-size":"auto","background-attachment":"scroll","background-type":"","background-media":"","overlay-type":"","overlay-color":"","overlay-opacity":"","overlay-gradient":""},"tablet":{"background-color":"var(--ast-global-color-5)","background-image":"","background-repeat":"repeat","background-position":"center center","background-size":"auto","background-attachment":"scroll","background-type":"","background-media":"","overlay-type":"","overlay-color":"","overlay-opacity":"","overlay-gradient":""},"mobile":{"background-color":"var(--ast-global-color-5)","background-image":"","background-repeat":"repeat","background-position":"center center","background-size":"auto","background-attachment":"scroll","background-type":"","background-media":"","overlay-type":"","overlay-color":"","overlay-opacity":"","overlay-gradient":""}},"footnotes":""},"class_list":["post-1024","page","type-page","status-publish","hentry"],"post_mailing_queue_ids":[],"_links":{"self":[{"href":"https:\/\/agora.xtec.cat\/iescapmany\/wp-json\/wp\/v2\/pages\/1024","targetHints":{"allow":["GET"]}}],"collection":[{"href":"https:\/\/agora.xtec.cat\/iescapmany\/wp-json\/wp\/v2\/pages"}],"about":[{"href":"https:\/\/agora.xtec.cat\/iescapmany\/wp-json\/wp\/v2\/types\/page"}],"author":[{"embeddable":true,"href":"https:\/\/agora.xtec.cat\/iescapmany\/wp-json\/wp\/v2\/users\/4"}],"replies":[{"embeddable":true,"href":"https:\/\/agora.xtec.cat\/iescapmany\/wp-json\/wp\/v2\/comments?post=1024"}],"version-history":[{"count":5,"href":"https:\/\/agora.xtec.cat\/iescapmany\/wp-json\/wp\/v2\/pages\/1024\/revisions"}],"predecessor-version":[{"id":8355,"href":"https:\/\/agora.xtec.cat\/iescapmany\/wp-json\/wp\/v2\/pages\/1024\/revisions\/8355"}],"up":[{"embeddable":true,"href":"https:\/\/agora.xtec.cat\/iescapmany\/wp-json\/wp\/v2\/pages\/57"}],"wp:attachment":[{"href":"https:\/\/agora.xtec.cat\/iescapmany\/wp-json\/wp\/v2\/media?parent=1024"}],"curies":[{"name":"wp","href":"https:\/\/api.w.org\/{rel}","templated":true}]}}