{"id":1015,"date":"2015-04-28T12:27:08","date_gmt":"2015-04-28T11:27:08","guid":{"rendered":"http:\/\/agora.xtec.cat\/iescapmany\/?page_id=1015"},"modified":"2024-02-24T19:42:57","modified_gmt":"2024-02-24T18:42:57","slug":"qui-som","status":"publish","type":"page","link":"https:\/\/agora.xtec.cat\/iescapmany\/linstitut\/qui-som\/","title":{"rendered":"Qui som?"},"content":{"rendered":"<p style=\"text-align: justify;\">L&#8217;institut Maria Aur\u00e8lia Capmany, conegut popularment com el MAC, \u00e9s un centre educatiu amb identitat pr\u00f2pia situat al barri de Sant Ildefons, a Cornell\u00e0 de Llobregat. Els bons resultats educatius i la inserci\u00f3 de l&#8217;alumnat en tots els \u00e0mbits de la societat: educatiu, professional i d&#8217;activisme social, avalen la feina realitzada al llarg d&#8217;una traject\u00f2ria de 26 anys. Un quart de segle formant i preparant joves que han trobat, en el centre, un referent personal i educatiu en teixir-se un vincle emocional durant el seu pas per l&#8217;institut. Les nombroses visites d&#8217;exalumnes ho corroboren demostrant que no nom\u00e9s ells han deixat la seva emprempta a la hist\u00f2ria del centre sin\u00f3 que aquest, tamb\u00e9, els ha deixat la seva.<\/p>\n<p style=\"text-align: justify;\">El Projecte Educatiu del MAC est\u00e0 comprom\u00e8s amb la transformaci\u00f3 de la societat i amb els canvis permanents que la sacseja. Per aix\u00f2, l&#8217;equip hum\u00e0 es forma cont\u00ednuament per <span style=\"font-family: inherit; font-size: 1em;\">donar resposta als grans reptes que el m\u00f3n actual planteja. Per aix\u00f2, fonamenta la seva l\u00ednia pedag\u00f2gica en la formaci\u00f3 integral dels i de les joves per a qu\u00e8 esdevinguin ciutadans capa\u00e7os de viure en una societat canviant, que exigeix habilitats socials, coneixements, sentit cr\u00edtic i valors que possibilitin la conviv\u00e8ncia.<\/span><\/p>\n<p style=\"text-align: left;\">L\u2019equip hum\u00e0, motivat i professional, pret\u00e9n l\u2019\u00e8xit de tot l\u2019alumnat fonamentant l\u2019acci\u00f3 educativa en els quatre eixos del Projecte Educatiu de Centre:<\/p>\n<p style=\"text-align: left;\"><span style=\"color: #324299;\"><strong>LA CONVIV\u00c8NCIA, <\/strong><\/span><span style=\"color: #800000;\"><strong>LA INNOVACI\u00d3 PEDAG\u00d2GICA, <span style=\"color: #4c0030;\">L&#8217;<\/span><\/strong><\/span><span style=\"color: #4c0030;\"><strong>APRENENTATGE ADRE\u00c7AT A DESENVOLUPAR LES COMPET\u00c8NCIES PER A LA VIDA i <\/strong><\/span><span style=\"color: #274e00;\"><strong>EL TREBALL EN XARXA I PARTICIPACI\u00d3 COMUNIT\u00c0RIA<\/strong><\/span><\/p>\n<p style=\"text-align: justify;\">Alguns dels trets identitaris del centre es recullen en aquests dos lemes:<\/p>\n<p style=\"text-align: justify;\"><em><strong>&#8220;Som MAC, som Conviv\u00e8ncia&#8221;<\/strong><\/em>\u00a0i<em><strong> &#8220;Som MAC, som ART i Innovaci\u00f3&#8221;<\/strong><\/em><\/p>\n<p>&nbsp;<\/p>\n<p>&nbsp;<\/p>\n","protected":false},"excerpt":{"rendered":"<p>L&#8217;institut Maria Aur\u00e8lia Capmany, conegut popularment com el MAC, \u00e9s un centre educatiu amb identitat pr\u00f2pia situat al barri de Sant Ildefons, a Cornell\u00e0 de Llobregat. Els bons resultats educatius i la inserci\u00f3 de l&#8217;alumnat en tots els \u00e0mbits de la societat: educatiu, professional i d&#8217;activisme social, avalen la feina realitzada al llarg d&#8217;una traject\u00f2ria [&hellip;]<\/p>\n","protected":false},"author":4,"featured_media":0,"parent":19,"menu_order":0,"comment_status":"closed","ping_status":"closed","template":"page-templates\/side-menu.php","meta":{"_bbp_topic_count":0,"_bbp_reply_count":0,"_bbp_total_topic_count":0,"_bbp_total_reply_count":0,"_bbp_voice_count":0,"_bbp_anonymous_reply_count":0,"_bbp_topic_count_hidden":0,"_bbp_reply_count_hidden":0,"_bbp_forum_subforum_count":0,"site-sidebar-layout":"default","site-content-layout":"","ast-site-content-layout":"","site-content-style":"default","site-sidebar-style":"default","ast-global-header-display":"","ast-banner-title-visibility":"","ast-main-header-display":"","ast-hfb-above-header-display":"","ast-hfb-below-header-display":"","ast-hfb-mobile-header-display":"","site-post-title":"","ast-breadcrumbs-content":"","ast-featured-img":"","footer-sml-layout":"","theme-transparent-header-meta":"","adv-header-id-meta":"","stick-header-meta":"","header-above-stick-meta":"","header-main-stick-meta":"","header-below-stick-meta":"","astra-migrate-meta-layouts":"default","ast-page-background-enabled":"default","ast-page-background-meta":{"desktop":{"background-color":"var(--ast-global-color-4)","background-image":"","background-repeat":"repeat","background-position":"center center","background-size":"auto","background-attachment":"scroll","background-type":"","background-media":"","overlay-type":"","overlay-color":"","overlay-opacity":"","overlay-gradient":""},"tablet":{"background-color":"","background-image":"","background-repeat":"repeat","background-position":"center center","background-size":"auto","background-attachment":"scroll","background-type":"","background-media":"","overlay-type":"","overlay-color":"","overlay-opacity":"","overlay-gradient":""},"mobile":{"background-color":"","background-image":"","background-repeat":"repeat","background-position":"center center","background-size":"auto","background-attachment":"scroll","background-type":"","background-media":"","overlay-type":"","overlay-color":"","overlay-opacity":"","overlay-gradient":""}},"ast-content-background-meta":{"desktop":{"background-color":"var(--ast-global-color-5)","background-image":"","background-repeat":"repeat","background-position":"center center","background-size":"auto","background-attachment":"scroll","background-type":"","background-media":"","overlay-type":"","overlay-color":"","overlay-opacity":"","overlay-gradient":""},"tablet":{"background-color":"var(--ast-global-color-5)","background-image":"","background-repeat":"repeat","background-position":"center center","background-size":"auto","background-attachment":"scroll","background-type":"","background-media":"","overlay-type":"","overlay-color":"","overlay-opacity":"","overlay-gradient":""},"mobile":{"background-color":"var(--ast-global-color-5)","background-image":"","background-repeat":"repeat","background-position":"center center","background-size":"auto","background-attachment":"scroll","background-type":"","background-media":"","overlay-type":"","overlay-color":"","overlay-opacity":"","overlay-gradient":""}},"footnotes":""},"class_list":["post-1015","page","type-page","status-publish","hentry"],"post_mailing_queue_ids":[],"_links":{"self":[{"href":"https:\/\/agora.xtec.cat\/iescapmany\/wp-json\/wp\/v2\/pages\/1015","targetHints":{"allow":["GET"]}}],"collection":[{"href":"https:\/\/agora.xtec.cat\/iescapmany\/wp-json\/wp\/v2\/pages"}],"about":[{"href":"https:\/\/agora.xtec.cat\/iescapmany\/wp-json\/wp\/v2\/types\/page"}],"author":[{"embeddable":true,"href":"https:\/\/agora.xtec.cat\/iescapmany\/wp-json\/wp\/v2\/users\/4"}],"replies":[{"embeddable":true,"href":"https:\/\/agora.xtec.cat\/iescapmany\/wp-json\/wp\/v2\/comments?post=1015"}],"version-history":[{"count":9,"href":"https:\/\/agora.xtec.cat\/iescapmany\/wp-json\/wp\/v2\/pages\/1015\/revisions"}],"predecessor-version":[{"id":7795,"href":"https:\/\/agora.xtec.cat\/iescapmany\/wp-json\/wp\/v2\/pages\/1015\/revisions\/7795"}],"up":[{"embeddable":true,"href":"https:\/\/agora.xtec.cat\/iescapmany\/wp-json\/wp\/v2\/pages\/19"}],"wp:attachment":[{"href":"https:\/\/agora.xtec.cat\/iescapmany\/wp-json\/wp\/v2\/media?parent=1015"}],"curies":[{"name":"wp","href":"https:\/\/api.w.org\/{rel}","templated":true}]}}