{"id":8788,"date":"2023-07-03T10:41:22","date_gmt":"2023-07-03T08:41:22","guid":{"rendered":"https:\/\/agora.xtec.cat\/iescanpeixauet\/?page_id=8788"},"modified":"2023-07-03T12:20:17","modified_gmt":"2023-07-03T10:20:17","slug":"deures-destiu-per-a-lalumnat-deso-i-batxillerat-amb-materies-suspeses-i-aprovades","status":"publish","type":"page","link":"https:\/\/agora.xtec.cat\/iescanpeixauet\/eso\/deures-destiu-per-a-lalumnat-deso-i-batxillerat-amb-materies-suspeses-i-aprovades\/","title":{"rendered":"Deures d\u2019estiu [Per a l\u2019alumnat d&#8217;ESO i Batxillerat amb mat\u00e8ries SUSPESES  i  APROVADES]."},"content":{"rendered":"<p style=\"text-align: justify;\"><span style=\"font-weight: 400;\">L&#8217;enlla\u00e7 i els documents propis de cada mat\u00e8ria s\u00f3n al <\/span><a href=\"https:\/\/educaciodigital.cat\/iescanpeixauet\/moodle\/\"><strong><span style=\"color: #0000ff;\">Moodle del centre <\/span><\/strong><\/a><span style=\"font-weight: 400;\">dins de l\u2019apartat: <\/span><a href=\"https:\/\/educaciodigital.cat\/iescanpeixauet\/moodle\/course\/index.php?categoryid=201\"><strong><span style=\"color: #0000ff;\">DEURES D\u2019ESTIU<\/span><\/strong><\/a><span style=\"font-weight: 400;\">.<\/span> <span style=\"font-weight: 400;\">Per accedir als deures de cada curs cal fer servir l\u2019adre\u00e7a electr\u00f2nica del domini de l&#8217;institut: <\/span><span style=\"color: #800000;\"><b>@inscanpeixauet.cat<\/b><\/span><\/p>\n<ul style=\"text-align: justify;\">\n<li aria-checked=\"false\" aria-level=\"1\"><b>Per a l\u2019alumnat que ha <\/b><span style=\"color: #ff0000;\"><b>susp\u00e8s<\/b><\/span><b> la mat\u00e8ria:<\/b><\/li>\n<\/ul>\n<p style=\"text-align: justify;\"><span style=\"font-weight: 400;\">Per als alumnes amb la mat\u00e8ria pendent d&#8217;assoliment, \u00e9s una feina de <\/span><b><span style=\"color: #ff0000;\">car\u00e0cter obligatori.<\/span>\u00a0<\/b><span style=\"font-weight: 400;\">L&#8217;alumnat ha de fer les tasques de les mat\u00e8ries suspeses i lliurar-les al professorat els primers dies de classe.<\/span><\/p>\n<ul style=\"text-align: justify;\">\n<li aria-checked=\"false\" aria-level=\"1\"><b>Per a l\u2019alumnat que ha <\/b><span style=\"color: #008000;\"><b>aprovat<\/b><\/span><b> la mat\u00e8ria:<\/b><\/li>\n<\/ul>\n<p style=\"text-align: justify;\"><span style=\"font-weight: 400;\">Per als alumnes que hagin aprovat, trobareu activitats de consolidaci\u00f3, que poden ser \u00fatils per aprofundir i mantenir el que heu anat aprenent durant el curs. Aquests deures els lliurareu al professor\/a de la mat\u00e8ria del curs seg\u00fcent.<\/span><\/p>\n<p style=\"text-align: justify;\"><span style=\"color: #ff0000;\"><b>Important!!\u00a0<\/b><\/span><\/p>\n<p style=\"text-align: justify;\"><span style=\"font-weight: 400;\">Aquestes activitats <\/span><b>es tindran en compte en l\u2019avaluaci\u00f3 inicial<\/b><span style=\"font-weight: 400;\">.<\/span><\/p>\n","protected":false},"excerpt":{"rendered":"<p>L&#8217;enlla\u00e7 i els documents propis de cada mat\u00e8ria s\u00f3n al <a href=\"https:\/\/educaciodigital.cat\/iescanpeixauet\/moodle\/\">Moodle del centre <\/a>dins de l\u2019apartat: <a href=\"https:\/\/educaciodigital.cat\/iescanpeixauet\/moodle\/course\/index.php?categoryid=201\">DEURES D\u2019ESTIU<\/a>. Per accedir als deures de cada curs cal fer servir l\u2019adre\u00e7a electr\u00f2nica del domini de l&#8217;institut: @inscanpeixauet.cat<\/p>\n<ul style=\"text-align: justify;\">\n<li aria-checked=\"false\" aria-level=\"1\">Per a l\u2019alumnat que ha&hellip;  <a href=\"https:\/\/agora.xtec.cat\/iescanpeixauet\/eso\/deures-destiu-per-a-lalumnat-deso-i-batxillerat-amb-materies-suspeses-i-aprovades\/\" title=\"Read Deures d\u2019estiu [Per a l\u2019alumnat d&#8217;ESO i Batxillerat amb mat\u00e8ries SUSPESES  i  APROVADES].\">Llegeix m\u00e9s\u00bb<\/a><br \/>\n","protected":false},"author":10,"featured_media":0,"parent":489,"menu_order":0,"comment_status":"closed","ping_status":"closed","template":"","meta":{"_bbp_topic_count":0,"_bbp_reply_count":0,"_bbp_total_topic_count":0,"_bbp_total_reply_count":0,"_bbp_voice_count":0,"_bbp_anonymous_reply_count":0,"_bbp_topic_count_hidden":0,"_bbp_reply_count_hidden":0,"_bbp_forum_subforum_count":0,"footnotes":""},"class_list":["post-8788","page","type-page","status-publish","hentry"],"post_mailing_queue_ids":[],"_links":{"self":[{"href":"https:\/\/agora.xtec.cat\/iescanpeixauet\/wp-json\/wp\/v2\/pages\/8788","targetHints":{"allow":["GET"]}}],"collection":[{"href":"https:\/\/agora.xtec.cat\/iescanpeixauet\/wp-json\/wp\/v2\/pages"}],"about":[{"href":"https:\/\/agora.xtec.cat\/iescanpeixauet\/wp-json\/wp\/v2\/types\/page"}],"author":[{"embeddable":true,"href":"https:\/\/agora.xtec.cat\/iescanpeixauet\/wp-json\/wp\/v2\/users\/10"}],"replies":[{"embeddable":true,"href":"https:\/\/agora.xtec.cat\/iescanpeixauet\/wp-json\/wp\/v2\/comments?post=8788"}],"version-history":[{"count":3,"href":"https:\/\/agora.xtec.cat\/iescanpeixauet\/wp-json\/wp\/v2\/pages\/8788\/revisions"}],"predecessor-version":[{"id":8819,"href":"https:\/\/agora.xtec.cat\/iescanpeixauet\/wp-json\/wp\/v2\/pages\/8788\/revisions\/8819"}],"up":[{"embeddable":true,"href":"https:\/\/agora.xtec.cat\/iescanpeixauet\/wp-json\/wp\/v2\/pages\/489"}],"wp:attachment":[{"href":"https:\/\/agora.xtec.cat\/iescanpeixauet\/wp-json\/wp\/v2\/media?parent=8788"}],"curies":[{"name":"wp","href":"https:\/\/api.w.org\/{rel}","templated":true}]}}