{"id":8784,"date":"2023-07-03T10:36:36","date_gmt":"2023-07-03T08:36:36","guid":{"rendered":"https:\/\/agora.xtec.cat\/iescanpeixauet\/?page_id=8784"},"modified":"2024-07-02T12:37:33","modified_gmt":"2024-07-02T10:37:33","slug":"deures-destiu-2","status":"publish","type":"page","link":"https:\/\/agora.xtec.cat\/iescanpeixauet\/eso\/deures-destiu-2\/","title":{"rendered":"Deures d\u2019estiu"},"content":{"rendered":"<p style=\"text-align: justify;\">Benvolgudes fam\u00edlies:<a href=\"https:\/\/agora.xtec.cat\/iescanpeixauet\/wp-content\/uploads\/usu1366\/2023\/07\/Captura-de-pantalla-2023-07-03-101210.png\"><img loading=\"lazy\" decoding=\"async\" class=\"alignright wp-image-8774\" src=\"https:\/\/agora.xtec.cat\/iescanpeixauet\/wp-content\/uploads\/usu1366\/2023\/07\/Captura-de-pantalla-2023-07-03-101210-300x168.png\" alt=\"\" width=\"401\" height=\"225\" srcset=\"https:\/\/agora.xtec.cat\/iescanpeixauet\/wp-content\/uploads\/usu1366\/2023\/07\/Captura-de-pantalla-2023-07-03-101210-300x168.png 300w, https:\/\/agora.xtec.cat\/iescanpeixauet\/wp-content\/uploads\/usu1366\/2023\/07\/Captura-de-pantalla-2023-07-03-101210-768x431.png 768w, https:\/\/agora.xtec.cat\/iescanpeixauet\/wp-content\/uploads\/usu1366\/2023\/07\/Captura-de-pantalla-2023-07-03-101210.png 965w\" sizes=\"auto, (max-width: 401px) 100vw, 401px\" \/><\/a><\/p>\n<p style=\"text-align: justify;\">Un cop acabat el curs i amb ressaca emocional\u00a0per totes les viv\u00e8ncies viscudes, <b>us volem donar les GR\u00c0CIES!!<\/b><\/p>\n<p style=\"text-align: justify;\">Ara toca<b>\u00a0preparar el curs vinent<\/b>, i tot i que l\u2019estiu \u00e9s un temps per descansar, el m\u00e9s recomanable \u00e9s que els i les alumnes no desconnectin totalment durant les vacances, sin\u00f3 que segueixin <b>fent activitats que potenci\u00efn les seves capacitats intel\u00b7lectuals,\u00a0<\/b>d\u2019una manera molt m\u00e9s\u00a0<b>l\u00fadica i vivencial.<\/b><\/p>\n<p style=\"text-align: justify;\">Sempre es pot trobar un moment per consolidar algunes de les coses que hem fet al llarg del curs. Si voleu fer un rep\u00e0s de tot el que heu apr\u00e8s,<b>\u00a0cliqueu als seg\u00fcents enlla\u00e7os<\/b>\u00a0per accedir a les tasques proposades:<\/p>\n<table style=\"border-collapse: collapse; width: 100%;\">\n<tbody>\n<tr>\n<td style=\"width: 50%;\">\n<h2 style=\"text-align: center;\"><a href=\"https:\/\/agora.xtec.cat\/iescanpeixauet\/eso\/deures-destiu\/\"><strong>Enlla\u00e7 \/ Deures d\u2019estiu<\/strong><\/a><\/h2>\n<\/td>\n<td style=\"width: 50%;\">\n<h2 style=\"text-align: center;\"><a href=\"https:\/\/agora.xtec.cat\/iescanpeixauet\/eso\/deures-destiu-per-a-lalumnat-deso-i-batxillerat-amb-materies-suspeses-i-aprovades\/\"><b>Enlla\u00e7 \/ <\/b><b>Deures d\u2019estiu<\/b><\/a><\/h2>\n<\/td>\n<\/tr>\n<tr>\n<td style=\"width: 50%;\">\n<h4 style=\"text-align: center;\"><span style=\"color: #800000;\">Alumnat de 6\u00e8 que s&#8217;incorpora a 1r d\u2019ESO.<\/span><\/h4>\n<\/td>\n<td style=\"width: 50%;\">\n<h4 style=\"text-align: center;\"><span style=\"color: #3366ff;\">Per a l\u2019alumnat d\u2019ESO i 1r de Batxillerat del centre.<\/span><\/h4>\n<\/td>\n<\/tr>\n<\/tbody>\n<\/table>\n<p style=\"text-align: center;\"><span style=\"color: #000000;\"><a style=\"color: #000000;\" href=\"https:\/\/agora.xtec.cat\/iescanpeixauet\/eso\/deures-destiu-per-a-lalumnat-deso-i-batxillerat-amb-materies-suspeses-i-aprovades\/\">\u00a0<\/a>En qualsevol cas, el m\u00e9s important \u00e9s que aprofiteu el temps per llegir llibres, mirar s\u00e8ries i pel\u00b7l\u00edcules (a ser possible en versi\u00f3 original), escoltar m\u00fasica, fer esport i, sobretot, gaudir del temps a l\u2019aire lliure.<\/span><\/p>\n<h3 style=\"text-align: center;\"><span style=\"color: #000000;\"><em><b>A preparar-se pel curs vinent!<\/b><\/em><\/span><\/h3>\n<p><a href=\"https:\/\/agora.xtec.cat\/iescanpeixauet\/wp-content\/uploads\/usu1366\/2023\/07\/baixa3.jpg\"><img loading=\"lazy\" decoding=\"async\" class=\"wp-image-8775 size-full aligncenter\" src=\"https:\/\/agora.xtec.cat\/iescanpeixauet\/wp-content\/uploads\/usu1366\/2023\/07\/baixa3.jpg\" sizes=\"auto, (max-width: 400px) 100vw, 400px\" srcset=\"https:\/\/agora.xtec.cat\/iescanpeixauet\/wp-content\/uploads\/usu1366\/2023\/07\/baixa3.jpg 400w, https:\/\/agora.xtec.cat\/iescanpeixauet\/wp-content\/uploads\/usu1366\/2023\/07\/baixa3-300x215.jpg 300w\" alt=\"\" width=\"400\" height=\"286\" \/><\/a><\/p>\n","protected":false},"excerpt":{"rendered":"<p>Benvolgudes fam\u00edlies:<a href=\"https:\/\/agora.xtec.cat\/iescanpeixauet\/wp-content\/uploads\/usu1366\/2023\/07\/Captura-de-pantalla-2023-07-03-101210.png\"><\/a><br \/>\nUn cop acabat el curs i amb ressaca emocional\u00a0per totes les viv\u00e8ncies viscudes, us volem donar les GR\u00c0CIES!!<br \/>\nAra toca\u00a0preparar el curs vinent, i tot i que l\u2019estiu \u00e9s un temps per descansar, el m\u00e9s recomanable \u00e9s que els i les alumnes no desconnectin&hellip;  <a href=\"https:\/\/agora.xtec.cat\/iescanpeixauet\/eso\/deures-destiu-2\/\" title=\"Read Deures d\u2019estiu\">Llegeix m\u00e9s\u00bb<\/a><\/p>\n","protected":false},"author":10,"featured_media":0,"parent":489,"menu_order":0,"comment_status":"closed","ping_status":"closed","template":"","meta":{"_bbp_topic_count":0,"_bbp_reply_count":0,"_bbp_total_topic_count":0,"_bbp_total_reply_count":0,"_bbp_voice_count":0,"_bbp_anonymous_reply_count":0,"_bbp_topic_count_hidden":0,"_bbp_reply_count_hidden":0,"_bbp_forum_subforum_count":0,"footnotes":""},"class_list":["post-8784","page","type-page","status-publish","hentry"],"post_mailing_queue_ids":[],"_links":{"self":[{"href":"https:\/\/agora.xtec.cat\/iescanpeixauet\/wp-json\/wp\/v2\/pages\/8784","targetHints":{"allow":["GET"]}}],"collection":[{"href":"https:\/\/agora.xtec.cat\/iescanpeixauet\/wp-json\/wp\/v2\/pages"}],"about":[{"href":"https:\/\/agora.xtec.cat\/iescanpeixauet\/wp-json\/wp\/v2\/types\/page"}],"author":[{"embeddable":true,"href":"https:\/\/agora.xtec.cat\/iescanpeixauet\/wp-json\/wp\/v2\/users\/10"}],"replies":[{"embeddable":true,"href":"https:\/\/agora.xtec.cat\/iescanpeixauet\/wp-json\/wp\/v2\/comments?post=8784"}],"version-history":[{"count":5,"href":"https:\/\/agora.xtec.cat\/iescanpeixauet\/wp-json\/wp\/v2\/pages\/8784\/revisions"}],"predecessor-version":[{"id":9592,"href":"https:\/\/agora.xtec.cat\/iescanpeixauet\/wp-json\/wp\/v2\/pages\/8784\/revisions\/9592"}],"up":[{"embeddable":true,"href":"https:\/\/agora.xtec.cat\/iescanpeixauet\/wp-json\/wp\/v2\/pages\/489"}],"wp:attachment":[{"href":"https:\/\/agora.xtec.cat\/iescanpeixauet\/wp-json\/wp\/v2\/media?parent=8784"}],"curies":[{"name":"wp","href":"https:\/\/api.w.org\/{rel}","templated":true}]}}