{"id":8558,"date":"2023-05-10T08:23:47","date_gmt":"2023-05-10T06:23:47","guid":{"rendered":"https:\/\/agora.xtec.cat\/iescanpeixauet\/?page_id=8558"},"modified":"2023-07-24T10:13:18","modified_gmt":"2023-07-24T08:13:18","slug":"la-desaparicio-del-professor-de-matematiques","status":"publish","type":"page","link":"https:\/\/agora.xtec.cat\/iescanpeixauet\/treball-per-projectes\/projectes-2n-deso\/la-desaparicio-del-professor-de-matematiques\/","title":{"rendered":"La desaparici\u00f3 del professor de matem\u00e0tiques."},"content":{"rendered":"<h3><span style=\"color: #000000;\">PRESENTACI\u00d3<\/span><\/h3>\n<h6 style=\"text-align: justify;\"><span style=\"color: #000000;\">El fam\u00f3s professor de matem\u00e0tiques Louis Burg ha desaparegut del seu despatx. En aquesta aventura ens convertirem en detectius forenses per investigar aquest cas. Ens hi introdu\u00efm seguint les pistes de l&#8217;escenari del crim. Cada pista ens portar\u00e0 a una tasca que haurem de superar per resoldre&#8217;ls. En aquest projecte, els i les alumne treballen per poder esbrinar on est\u00e0 el professor i qui ha estat el culpable de la seva desaparici\u00f3.<\/span><\/h6>\n<hr \/>\n<h6 style=\"text-align: justify;\"><span style=\"color: #000000;\"><span style=\"font-weight: 400;\">\u201c<\/span><a href=\"https:\/\/sites.google.com\/inscanpeixauet.cat\/desaparicioprofessormates?usp=share_link\"><span style=\"font-weight: 400;\">L\u2019assassinat del professor de matem\u00e0tiques<\/span><\/a><span style=\"font-weight: 400;\">\u201d \u00e9s un projecte dissenyat per dur a terme a 2n d\u2019ESO en les mat\u00e8ries de Castell\u00e0, Ci\u00e8ncies Naturals, Matem\u00e0tiques i Tecnologia. <\/span><\/span><\/h6>\n<h6><span style=\"color: #000000;\">A continuaci\u00f3 podeu veure als nostres alumnes durant el desenvolupament del projecte:<\/span><\/h6>\n<p style=\"text-align: center;\">\r\n\t<div class=\"slideshow_container slideshow_container_style-light\" style=\" \" data-slideshow-id=\"8583\" data-style-name=\"style-light\" data-style-version=\"2.3.1\" >\r\n\r\n\t\t\t\t\t<div class=\"slideshow_loading_icon\"><\/div>\r\n\t\t\r\n\t\t<div class=\"slideshow_content\" style=\"display: none;\">\r\n\r\n\t\t\t<div class=\"slideshow_view\">\r\n\t\t\t\t<div class=\"slideshow_slide slideshow_slide_image\">\r\n\t\t\t\t\t\t\t\t\t\t\t<img src=\"https:\/\/agora.xtec.cat\/iescanpeixauet\/wp-content\/uploads\/usu1366\/2023\/05\/Captura-de-pantalla-2023-05-15-092339.png\" alt=\"Captura de pantalla 2023-05-15 092339\" width=\"821\" height=\"395\" \/>\r\n\t\t\t\t\t\t\t\t\t\t<div class=\"slideshow_description_box slideshow_transparent\">\r\n\t\t\t\t\t\t<div class=\"slideshow_title\">Captura de pantalla 2023-05-15 092339<\/div>\t\t\t\t\t\t\t\t\t\t\t<\/div>\r\n\t\t\t\t<\/div>\r\n\r\n\t\t\t\t\t\t<div style=\"clear: both;\"><\/div><\/div><div class=\"slideshow_view\">\r\n\t\t\t\t<div class=\"slideshow_slide slideshow_slide_image\">\r\n\t\t\t\t\t\t\t\t\t\t\t<img src=\"https:\/\/agora.xtec.cat\/iescanpeixauet\/wp-content\/uploads\/usu1366\/2023\/05\/Captura-de-pantalla-2023-05-15-092417.png\" alt=\"Captura de pantalla 2023-05-15 092417\" width=\"823\" height=\"376\" \/>\r\n\t\t\t\t\t\t\t\t\t\t<div class=\"slideshow_description_box slideshow_transparent\">\r\n\t\t\t\t\t\t<div class=\"slideshow_title\">Captura de pantalla 2023-05-15 092417<\/div>\t\t\t\t\t\t\t\t\t\t\t<\/div>\r\n\t\t\t\t<\/div>\r\n\r\n\t\t\t\t\t\t<div style=\"clear: both;\"><\/div><\/div><div class=\"slideshow_view\">\r\n\t\t\t\t<div class=\"slideshow_slide slideshow_slide_image\">\r\n\t\t\t\t\t\t\t\t\t\t\t<img src=\"https:\/\/agora.xtec.cat\/iescanpeixauet\/wp-content\/uploads\/usu1366\/2023\/05\/Captura-de-pantalla-2023-05-15-092503.png\" alt=\"Captura de pantalla 2023-05-15 092503\" width=\"1053\" height=\"460\" \/>\r\n\t\t\t\t\t\t\t\t\t\t<div class=\"slideshow_description_box slideshow_transparent\">\r\n\t\t\t\t\t\t<div class=\"slideshow_title\">Captura de pantalla 2023-05-15 092503<\/div>\t\t\t\t\t\t\t\t\t\t\t<\/div>\r\n\t\t\t\t<\/div>\r\n\r\n\t\t\t\t\t\t<div style=\"clear: both;\"><\/div><\/div><div class=\"slideshow_view\">\r\n\t\t\t\t<div class=\"slideshow_slide slideshow_slide_image\">\r\n\t\t\t\t\t\t\t\t\t\t\t<img src=\"https:\/\/agora.xtec.cat\/iescanpeixauet\/wp-content\/uploads\/usu1366\/2023\/05\/Captura-de-pantalla-2023-05-15-092547.png\" alt=\"Captura de pantalla 2023-05-15 092547\" width=\"461\" height=\"257\" \/>\r\n\t\t\t\t\t\t\t\t\t\t<div class=\"slideshow_description_box slideshow_transparent\">\r\n\t\t\t\t\t\t<div class=\"slideshow_title\">Captura de pantalla 2023-05-15 092547<\/div>\t\t\t\t\t\t\t\t\t\t\t<\/div>\r\n\t\t\t\t<\/div>\r\n\r\n\t\t\t\t\t\t<div style=\"clear: both;\"><\/div><\/div>\r\n\t\t<\/div>\r\n\r\n\t\t<div class=\"slideshow_controlPanel slideshow_transparent\" style=\"display: none;\"><ul><li class=\"slideshow_togglePlay\" data-play-text=\"Visualitza\" data-pause-text=\"Pausa\"><\/li><\/ul><\/div>\r\n\r\n\t\t<div class=\"slideshow_button slideshow_previous slideshow_transparent\" role=\"button\" data-previous-text=\"Anterior\" style=\"display: none;\"><\/div>\r\n\t\t<div class=\"slideshow_button slideshow_next slideshow_transparent\" role=\"button\" data-next-text=\"Seg\u00fcent\" style=\"display: none;\"><\/div>\r\n\r\n\t\t<div class=\"slideshow_pagination\" style=\"display: none;\" data-go-to-text=\"V\u00e9s a la diapositiva\"><div class=\"slideshow_pagination_center\"><\/div><\/div>\r\n\r\n\t\t<!-- WordPress Slideshow Version 2.3.1 -->\r\n\r\n\t\t\t<\/div>\r\n\r\n<\/p>\n","protected":false},"excerpt":{"rendered":"<p>PRESENTACI\u00d3<br \/>\nEl fam\u00f3s professor de matem\u00e0tiques Louis Burg ha desaparegut del seu despatx. En aquesta aventura ens convertirem en detectius forenses per investigar aquest cas. Ens hi introdu\u00efm seguint les pistes de l&#8217;escenari del crim. Cada pista ens portar\u00e0 a una tasca que haurem de superar&hellip;  <a href=\"https:\/\/agora.xtec.cat\/iescanpeixauet\/treball-per-projectes\/projectes-2n-deso\/la-desaparicio-del-professor-de-matematiques\/\" title=\"Read La desaparici\u00f3 del professor de matem\u00e0tiques.\">Llegeix m\u00e9s\u00bb<\/a><\/p>\n","protected":false},"author":10,"featured_media":0,"parent":7739,"menu_order":0,"comment_status":"closed","ping_status":"closed","template":"","meta":{"_bbp_topic_count":0,"_bbp_reply_count":0,"_bbp_total_topic_count":0,"_bbp_total_reply_count":0,"_bbp_voice_count":0,"_bbp_anonymous_reply_count":0,"_bbp_topic_count_hidden":0,"_bbp_reply_count_hidden":0,"_bbp_forum_subforum_count":0,"footnotes":""},"class_list":["post-8558","page","type-page","status-publish","hentry"],"post_mailing_queue_ids":[],"_links":{"self":[{"href":"https:\/\/agora.xtec.cat\/iescanpeixauet\/wp-json\/wp\/v2\/pages\/8558","targetHints":{"allow":["GET"]}}],"collection":[{"href":"https:\/\/agora.xtec.cat\/iescanpeixauet\/wp-json\/wp\/v2\/pages"}],"about":[{"href":"https:\/\/agora.xtec.cat\/iescanpeixauet\/wp-json\/wp\/v2\/types\/page"}],"author":[{"embeddable":true,"href":"https:\/\/agora.xtec.cat\/iescanpeixauet\/wp-json\/wp\/v2\/users\/10"}],"replies":[{"embeddable":true,"href":"https:\/\/agora.xtec.cat\/iescanpeixauet\/wp-json\/wp\/v2\/comments?post=8558"}],"version-history":[{"count":3,"href":"https:\/\/agora.xtec.cat\/iescanpeixauet\/wp-json\/wp\/v2\/pages\/8558\/revisions"}],"predecessor-version":[{"id":8964,"href":"https:\/\/agora.xtec.cat\/iescanpeixauet\/wp-json\/wp\/v2\/pages\/8558\/revisions\/8964"}],"up":[{"embeddable":true,"href":"https:\/\/agora.xtec.cat\/iescanpeixauet\/wp-json\/wp\/v2\/pages\/7739"}],"wp:attachment":[{"href":"https:\/\/agora.xtec.cat\/iescanpeixauet\/wp-json\/wp\/v2\/media?parent=8558"}],"curies":[{"name":"wp","href":"https:\/\/api.w.org\/{rel}","templated":true}]}}